{"id":1606,"date":"2019-04-09T18:36:59","date_gmt":"2019-04-09T21:36:59","guid":{"rendered":"http:\/\/biblio1.mdp.edu.ar\/centro-ventas\/?post_type=product&#038;p=1606"},"modified":"2026-03-30T15:57:31","modified_gmt":"2026-03-30T18:57:31","slug":"la-biologia-en-el-aula","status":"publish","type":"product","link":"https:\/\/biblio1.mdp.edu.ar\/centro-ventas\/producto\/la-biologia-en-el-aula\/","title":{"rendered":"La biolog\u00eda en el aula"},"content":{"rendered":"<blockquote><p>Los contenidos de este libro est\u00e1n elegidos de acuerdo a los dise\u00f1os curriculares para la ense\u00f1anza de la Biolog\u00eda en el nivel secundario. Cada cap\u00edtulo ofrece un resumen actualizado de los conceptos de los conceptos que consideramos que el profesor de Biolog\u00eda necesita tener para fundamentar lo que debe volcar en sus \u00a0clases cotidianamente, y \u00a0un listado bibliogr\u00e1fico para profundizarlos. Adicionalmente, en cada cap\u00edtulo se propone un modo posible y probado en el aula de transferir esos conocimientos a los estudiantes de nivel secundario. Se comparten textos y actividades, materiales secuenciados did\u00e1cticamente, con sugerencias que el profesor podr\u00e1 tomar como gu\u00eda para elaborar lo que finalmente llevar\u00e1 al aula. Esperamos que sea una colaboraci\u00f3n a la construcci\u00f3n de los criterios que los docentes debemos aplicar cuando ense\u00f1amos Biolog\u00eda, elaborados a partir de la disciplina pero ajustados a las problem\u00e1ticas regionales y el entorno sociohist\u00f3rico actual.<\/p>\n<p>&nbsp;<\/p><\/blockquote>\n","protected":false},"excerpt":{"rendered":"<p>Los contenidos de este libro est\u00e1n elegidos de acuerdo a los dise\u00f1os curriculares para la ense\u00f1anza de la Biolog\u00eda en el nivel secundario. Cada cap\u00edtulo ofrece un resumen actualizado de los conceptos de los conceptos que consideramos que el profesor de Biolog\u00eda necesita tener para fundamentar lo que debe volcar en sus \u00a0clases cotidianamente, y [&hellip;]<\/p>\n","protected":false},"featured_media":1607,"template":"","meta":{"_acf_changed":false,"_eb_attr":"","_crdt_document":"","_uag_custom_page_level_css":"","_editorskit_title_hidden":false,"_editorskit_reading_time":0,"_editorskit_is_block_options_detached":false,"_editorskit_block_options_position":"{}","site-sidebar-layout":"default","site-content-layout":"default","ast-site-content-layout":"default","site-content-style":"default","site-sidebar-style":"default","ast-global-header-display":"","ast-banner-title-visibility":"","ast-main-header-display":"","ast-hfb-above-header-display":"","ast-hfb-below-header-display":"","ast-hfb-mobile-header-display":"","site-post-title":"","ast-breadcrumbs-content":"","ast-featured-img":"","footer-sml-layout":"","ast-disable-related-posts":"","theme-transparent-header-meta":"default","adv-header-id-meta":"","stick-header-meta":"","header-above-stick-meta":"","header-main-stick-meta":"","header-below-stick-meta":"","astra-migrate-meta-layouts":"default","ast-page-background-enabled":"default","ast-page-background-meta":{"desktop":{"background-color":"var(--ast-global-color-4)","background-image":"","background-repeat":"repeat","background-position":"center center","background-size":"auto","background-attachment":"scroll","background-type":"","background-media":"","overlay-type":"","overlay-color":"","overlay-opacity":"","overlay-gradient":""},"tablet":{"background-color":"","background-image":"","background-repeat":"repeat","background-position":"center center","background-size":"auto","background-attachment":"scroll","background-type":"","background-media":"","overlay-type":"","overlay-color":"","overlay-opacity":"","overlay-gradient":""},"mobile":{"background-color":"","background-image":"","background-repeat":"repeat","background-position":"center center","background-size":"auto","background-attachment":"scroll","background-type":"","background-media":"","overlay-type":"","overlay-color":"","overlay-opacity":"","overlay-gradient":""}},"ast-content-background-meta":{"desktop":{"background-color":"var(--ast-global-color-5)","background-image":"","background-repeat":"repeat","background-position":"center center","background-size":"auto","background-attachment":"scroll","background-type":"","background-media":"","overlay-type":"","overlay-color":"","overlay-opacity":"","overlay-gradient":""},"tablet":{"background-color":"var(--ast-global-color-5)","background-image":"","background-repeat":"repeat","background-position":"center center","background-size":"auto","background-attachment":"scroll","background-type":"","background-media":"","overlay-type":"","overlay-color":"","overlay-opacity":"","overlay-gradient":""},"mobile":{"background-color":"var(--ast-global-color-5)","background-image":"","background-repeat":"repeat","background-position":"center center","background-size":"auto","background-attachment":"scroll","background-type":"","background-media":"","overlay-type":"","overlay-color":"","overlay-opacity":"","overlay-gradient":""}}},"product_cat":[32,169,28],"product_tag":[103],"class_list":{"0":"post-1606","1":"product","2":"type-product","3":"status-publish","4":"has-post-thumbnail","6":"product_cat-edudem","7":"product_cat-coleccion-libros-de-grado","8":"product_cat-libro","9":"product_tag-ciencias-exactas","10":"desktop-align-left","11":"tablet-align-left","12":"mobile-align-left","14":"first","15":"instock","16":"shipping-taxable","17":"purchasable","18":"product-type-simple"},"acf":[],"uagb_featured_image_src":{"full":["https:\/\/biblio1.mdp.edu.ar\/centro-ventas\/wp-content\/uploads\/sites\/2\/2019\/04\/IMG_20190409_141838.jpg",1728,2376,false],"thumbnail":["https:\/\/biblio1.mdp.edu.ar\/centro-ventas\/wp-content\/uploads\/sites\/2\/2019\/04\/IMG_20190409_141838-150x150.jpg",150,150,true],"medium":["https:\/\/biblio1.mdp.edu.ar\/centro-ventas\/wp-content\/uploads\/sites\/2\/2019\/04\/IMG_20190409_141838-218x300.jpg",218,300,true],"medium_large":["https:\/\/biblio1.mdp.edu.ar\/centro-ventas\/wp-content\/uploads\/sites\/2\/2019\/04\/IMG_20190409_141838-768x1056.jpg",768,1056,true],"large":["https:\/\/biblio1.mdp.edu.ar\/centro-ventas\/wp-content\/uploads\/sites\/2\/2019\/04\/IMG_20190409_141838-745x1024.jpg",745,1024,true],"1536x1536":["https:\/\/biblio1.mdp.edu.ar\/centro-ventas\/wp-content\/uploads\/sites\/2\/2019\/04\/IMG_20190409_141838.jpg",1117,1536,false],"2048x2048":["https:\/\/biblio1.mdp.edu.ar\/centro-ventas\/wp-content\/uploads\/sites\/2\/2019\/04\/IMG_20190409_141838.jpg",1489,2048,false],"woocommerce_thumbnail":["https:\/\/biblio1.mdp.edu.ar\/centro-ventas\/wp-content\/uploads\/sites\/2\/2019\/04\/IMG_20190409_141838-350x481.jpg",300,412,true],"woocommerce_single":["https:\/\/biblio1.mdp.edu.ar\/centro-ventas\/wp-content\/uploads\/sites\/2\/2019\/04\/IMG_20190409_141838-745x1024.jpg",600,825,true],"woocommerce_gallery_thumbnail":["https:\/\/biblio1.mdp.edu.ar\/centro-ventas\/wp-content\/uploads\/sites\/2\/2019\/04\/IMG_20190409_141838-100x100.jpg",100,100,true]},"uagb_author_info":{"display_name":"Cristina Bernabe","author_link":"https:\/\/biblio1.mdp.edu.ar\/centro-ventas\/author\/"},"uagb_comment_info":0,"uagb_excerpt":"Los contenidos de este libro est\u00e1n elegidos de acuerdo a los dise\u00f1os curriculares para la ense\u00f1anza de la Biolog\u00eda en el nivel secundario. Cada cap\u00edtulo ofrece un resumen actualizado de los conceptos de los conceptos que consideramos que el profesor de Biolog\u00eda necesita tener para fundamentar lo que debe volcar en sus \u00a0clases cotidianamente, y&hellip;","_links":{"self":[{"href":"https:\/\/biblio1.mdp.edu.ar\/centro-ventas\/wp-json\/wp\/v2\/product\/1606","targetHints":{"allow":["GET"]}}],"collection":[{"href":"https:\/\/biblio1.mdp.edu.ar\/centro-ventas\/wp-json\/wp\/v2\/product"}],"about":[{"href":"https:\/\/biblio1.mdp.edu.ar\/centro-ventas\/wp-json\/wp\/v2\/types\/product"}],"wp:featuredmedia":[{"embeddable":true,"href":"https:\/\/biblio1.mdp.edu.ar\/centro-ventas\/wp-json\/wp\/v2\/media\/1607"}],"wp:attachment":[{"href":"https:\/\/biblio1.mdp.edu.ar\/centro-ventas\/wp-json\/wp\/v2\/media?parent=1606"}],"wp:term":[{"taxonomy":"product_cat","embeddable":true,"href":"https:\/\/biblio1.mdp.edu.ar\/centro-ventas\/wp-json\/wp\/v2\/product_cat?post=1606"},{"taxonomy":"product_tag","embeddable":true,"href":"https:\/\/biblio1.mdp.edu.ar\/centro-ventas\/wp-json\/wp\/v2\/product_tag?post=1606"}],"curies":[{"name":"wp","href":"https:\/\/api.w.org\/{rel}","templated":true}]}}