{"id":1568,"date":"2019-03-25T20:14:11","date_gmt":"2019-03-25T23:14:11","guid":{"rendered":"http:\/\/biblio1.mdp.edu.ar\/centro-ventas\/?post_type=product&#038;p=1568"},"modified":"2024-02-19T16:13:18","modified_gmt":"2024-02-19T19:13:18","slug":"georgis-parasitologia-para-veterinarios-9-o-edicion","status":"publish","type":"product","link":"https:\/\/biblio1.mdp.edu.ar\/centro-ventas\/producto\/georgis-parasitologia-para-veterinarios-9-o-edicion\/","title":{"rendered":"Georgis Parasitolog\u00eda para veterinarios &#8211; 9 \u00ba Edici\u00f3n"},"content":{"rendered":"La novena edici\u00f3n de \u00abParasitolog\u00eda Veterinaria\u00bb proporciona la informaci\u00f3n m\u00e1s actualizada sobre todos los par\u00e1sitos com\u00fanmente encontrados en la medicina veterinaria, as\u00ed como informaci\u00f3n acerca de par\u00e1sitos menores o raros para ayudar a los veterinarios en el diagn\u00f3stico de los casos dif\u00edciles. La actualizaci\u00f3n de la misma se ha realizado valorando la realidad de nuestros d\u00edas y todos los cambios que se han producido a nivel mundial y que han tenido un impacto sobre las poblaciones parasitarias y las enfermedades parasitarias. Incluye cerca de 600 im\u00e1genes de alta calidad, muchas de ellas a 4 colores e ilustraciones que ayudan a los lectores a identificar f\u00e1cilmente y tratar los par\u00e1sitos de todo tipo. Como novedad, la presente edici\u00f3n incorpora dos nuevos cap\u00edtulos: un cap\u00edtulo de introducci\u00f3n y un cap\u00edtulo dedicado a las enfermedades transmitidas por vectores (la especie que transmite el pat\u00f3geno). Este cap\u00edtulo responde a la modificaci\u00f3n de la epidemiolog\u00eda de algunas importantes enfermedades parasitarias relacionado tanto con el calentamiento global como con los cambios socio-econ\u00f3micos producidos. El texto cuenta adem\u00e1s con cap\u00edtulos sobre artr\u00f3podos, protozoos y helmintos de la medicina veterinaria, incluyendo la taxonom\u00eda y ciclos de vida, as\u00ed como los signos cl\u00ednicos, diagn\u00f3stico y tratamiento de las infecciones de cada par\u00e1sito. Asimismo, incluyen cap\u00edtulos sobre f\u00e1rmacos antiparasitarios. El enfoque principal de la obra se centra en los par\u00e1sitos que infectan a las principales especies dom\u00e9sticas, como los rumiantes, caballos, perros, cerdos y gatos. Sin embargo, tambi\u00e9n cubre algunos organismos que infectan a las aves de corral, animales de laboratorio y especies ex\u00f3ticas.\r\n\r\n&nbsp;<!-- \/wp:post-content -->","protected":false},"excerpt":{"rendered":"<section id=\"description\">\n<div class=\"collapsable text\">\n<ul>\n<li>La novena edici\u00f3n de \u00abParasitolog\u00eda Veterinaria\u00bb proporciona la <strong>informaci\u00f3n m\u00e1s actualizada sobre todos los par\u00e1sitos com\u00fanmente encontrados en la medicina veterinaria<\/strong>, as\u00ed como <strong>informaci\u00f3n acerca de par\u00e1sitos menores o raros<\/strong> para ayudar a los veterinarios en el diagn\u00f3stico de los casos dif\u00edciles. La actualizaci\u00f3n de la misma se ha realizado valorando la realidad de nuestros d\u00edas y todos los cambios que se han producido a nivel mundial y que han tenido un impacto sobre las poblaciones parasitarias y las enfermedades parasitarias.<\/li>\n<li>Incluye cerca de <strong>600 im\u00e1genes de alta calidad<\/strong>, muchas de ellas a <strong>4 colores<\/strong> e ilustraciones que ayudan a los lectores a identificar f\u00e1cilmente y tratar los par\u00e1sitos de todo tipo. Como novedad, la presente edici\u00f3n incorpora <strong>dos nuevos cap\u00edtulos<\/strong>: un cap\u00edtulo de <strong>introducci\u00f3n<\/strong> y un <strong>cap\u00edtulo dedicado a las enfermedades transmitidas por vectores<\/strong> (la especie que transmite el pat\u00f3geno). Este cap\u00edtulo responde a la modificaci\u00f3n de la epidemiolog\u00eda de algunas importantes enfermedades parasitarias relacionado tanto con el calentamiento global como con los cambios socio-econ\u00f3micos producidos.<\/li>\n<li>El texto cuenta adem\u00e1s con <strong>cap\u00edtulos sobre artr\u00f3podos, protozoos y helmintos de la medicina veterinaria, incluyendo la taxonom\u00eda <\/strong>y <strong>ciclos de vida<\/strong>, as\u00ed como los <strong>signos cl\u00ednicos<\/strong>, <strong>diagn\u00f3stico <\/strong>y <strong>tratamiento<\/strong> de las infecciones de cada par\u00e1sito. Asimismo, incluyen cap\u00edtulos sobre <strong>f\u00e1rmacos antiparasitarios<\/strong>.<\/li>\n<li>El enfoque principal de la obra se centra en los <strong>par\u00e1sitos que infectan a las principales especies dom\u00e9sticas, como los rumiantes, caballos, perros, cerdos y gatos<\/strong>. Sin embargo, tambi\u00e9n cubre algunos organismos que infectan a <strong>las aves de corral, animales de laboratorio y especies ex\u00f3ticas. <\/strong><\/li>\n<\/ul>\n<\/div>\n<\/section>\n<section id=\"features\">\n<header><\/header>\n<\/section>\n<section id=\"table-of-contents\">\n<header>\n<h2>Contentenidos<\/h2>\n<\/header>\n<div class=\"collapsable text\">\n<ul>\n<li>Cap\u00edtulo 1 Introducci\u00f3n<\/li>\n<li>Cap\u00edtulo 2 Artr\u00f3podos<\/li>\n<li>Cap\u00edtulo 3 Protozoos<\/li>\n<li>Cap\u00edtulo 4 Helmintos<\/li>\n<li>Cap\u00edtulo 5 Enfermedades transmitidas por vectores<\/li>\n<li>Cap\u00edtulo 6 F\u00e1rmacos antiparasitarios<\/li>\n<li>Cap\u00edtulo 7 Diagn\u00f3stico parasitol\u00f3gico<\/li>\n<li>Cap\u00edtulo 8 Diagn\u00f3stico histopatol\u00f3gico<\/li>\n<\/ul>\n<\/div>\n<\/section>\n","protected":false},"featured_media":1569,"template":"","meta":{"_acf_changed":false,"_eb_attr":"","_crdt_document":"","_uag_custom_page_level_css":"","_editorskit_title_hidden":false,"_editorskit_reading_time":0,"_editorskit_is_block_options_detached":false,"_editorskit_block_options_position":"{}","site-sidebar-layout":"default","site-content-layout":"default","ast-site-content-layout":"default","site-content-style":"default","site-sidebar-style":"default","ast-global-header-display":"","ast-banner-title-visibility":"","ast-main-header-display":"","ast-hfb-above-header-display":"","ast-hfb-below-header-display":"","ast-hfb-mobile-header-display":"","site-post-title":"","ast-breadcrumbs-content":"","ast-featured-img":"","footer-sml-layout":"","ast-disable-related-posts":"","theme-transparent-header-meta":"default","adv-header-id-meta":"","stick-header-meta":"","header-above-stick-meta":"","header-main-stick-meta":"","header-below-stick-meta":"","astra-migrate-meta-layouts":"default","ast-page-background-enabled":"default","ast-page-background-meta":{"desktop":{"background-color":"var(--ast-global-color-4)","background-image":"","background-repeat":"repeat","background-position":"center center","background-size":"auto","background-attachment":"scroll","background-type":"","background-media":"","overlay-type":"","overlay-color":"","overlay-opacity":"","overlay-gradient":""},"tablet":{"background-color":"","background-image":"","background-repeat":"repeat","background-position":"center center","background-size":"auto","background-attachment":"scroll","background-type":"","background-media":"","overlay-type":"","overlay-color":"","overlay-opacity":"","overlay-gradient":""},"mobile":{"background-color":"","background-image":"","background-repeat":"repeat","background-position":"center center","background-size":"auto","background-attachment":"scroll","background-type":"","background-media":"","overlay-type":"","overlay-color":"","overlay-opacity":"","overlay-gradient":""}},"ast-content-background-meta":{"desktop":{"background-color":"var(--ast-global-color-5)","background-image":"","background-repeat":"repeat","background-position":"center center","background-size":"auto","background-attachment":"scroll","background-type":"","background-media":"","overlay-type":"","overlay-color":"","overlay-opacity":"","overlay-gradient":""},"tablet":{"background-color":"var(--ast-global-color-5)","background-image":"","background-repeat":"repeat","background-position":"center center","background-size":"auto","background-attachment":"scroll","background-type":"","background-media":"","overlay-type":"","overlay-color":"","overlay-opacity":"","overlay-gradient":""},"mobile":{"background-color":"var(--ast-global-color-5)","background-image":"","background-repeat":"repeat","background-position":"center center","background-size":"auto","background-attachment":"scroll","background-type":"","background-media":"","overlay-type":"","overlay-color":"","overlay-opacity":"","overlay-gradient":""}}},"product_cat":[28,29,168],"product_tag":[108,106,107],"class_list":{"0":"post-1568","1":"product","2":"type-product","3":"status-publish","4":"has-post-thumbnail","6":"product_cat-libro","7":"product_cat-medicina","8":"product_cat-salud","9":"product_tag-ciencias-biologicas","10":"product_tag-parasitologia","11":"product_tag-verterinaria","12":"desktop-align-left","13":"tablet-align-left","14":"mobile-align-left","16":"first","17":"instock","18":"shipping-taxable","19":"purchasable","20":"product-type-simple"},"acf":[],"uagb_featured_image_src":{"full":["https:\/\/biblio1.mdp.edu.ar\/centro-ventas\/wp-content\/uploads\/sites\/2\/2019\/03\/bowman-georgis-parasitologia-para-veterinarios-9-ed-D_NQ_NP_391121-MLA20705907632_052016-O.jpg",389,500,false],"thumbnail":["https:\/\/biblio1.mdp.edu.ar\/centro-ventas\/wp-content\/uploads\/sites\/2\/2019\/03\/bowman-georgis-parasitologia-para-veterinarios-9-ed-D_NQ_NP_391121-MLA20705907632_052016-O.jpg",117,150,false],"medium":["https:\/\/biblio1.mdp.edu.ar\/centro-ventas\/wp-content\/uploads\/sites\/2\/2019\/03\/bowman-georgis-parasitologia-para-veterinarios-9-ed-D_NQ_NP_391121-MLA20705907632_052016-O.jpg",233,300,false],"medium_large":["https:\/\/biblio1.mdp.edu.ar\/centro-ventas\/wp-content\/uploads\/sites\/2\/2019\/03\/bowman-georgis-parasitologia-para-veterinarios-9-ed-D_NQ_NP_391121-MLA20705907632_052016-O.jpg",389,500,false],"large":["https:\/\/biblio1.mdp.edu.ar\/centro-ventas\/wp-content\/uploads\/sites\/2\/2019\/03\/bowman-georgis-parasitologia-para-veterinarios-9-ed-D_NQ_NP_391121-MLA20705907632_052016-O.jpg",389,500,false],"1536x1536":["https:\/\/biblio1.mdp.edu.ar\/centro-ventas\/wp-content\/uploads\/sites\/2\/2019\/03\/bowman-georgis-parasitologia-para-veterinarios-9-ed-D_NQ_NP_391121-MLA20705907632_052016-O.jpg",389,500,false],"2048x2048":["https:\/\/biblio1.mdp.edu.ar\/centro-ventas\/wp-content\/uploads\/sites\/2\/2019\/03\/bowman-georgis-parasitologia-para-veterinarios-9-ed-D_NQ_NP_391121-MLA20705907632_052016-O.jpg",389,500,false],"woocommerce_thumbnail":["https:\/\/biblio1.mdp.edu.ar\/centro-ventas\/wp-content\/uploads\/sites\/2\/2019\/03\/bowman-georgis-parasitologia-para-veterinarios-9-ed-D_NQ_NP_391121-MLA20705907632_052016-O.jpg",300,386,false],"woocommerce_single":["https:\/\/biblio1.mdp.edu.ar\/centro-ventas\/wp-content\/uploads\/sites\/2\/2019\/03\/bowman-georgis-parasitologia-para-veterinarios-9-ed-D_NQ_NP_391121-MLA20705907632_052016-O.jpg",389,500,false],"woocommerce_gallery_thumbnail":["https:\/\/biblio1.mdp.edu.ar\/centro-ventas\/wp-content\/uploads\/sites\/2\/2019\/03\/bowman-georgis-parasitologia-para-veterinarios-9-ed-D_NQ_NP_391121-MLA20705907632_052016-O-100x100.jpg",100,100,true]},"uagb_author_info":{"display_name":"Cristina Bernabe","author_link":"https:\/\/biblio1.mdp.edu.ar\/centro-ventas\/author\/"},"uagb_comment_info":0,"uagb_excerpt":"La novena edici\u00f3n de \"Parasitolog\u00eda Veterinaria\" proporciona la informaci\u00f3n m\u00e1s actualizada sobre todos los par\u00e1sitos com\u00fanmente encontrados en la medicina veterinaria, as\u00ed como informaci\u00f3n acerca de par\u00e1sitos menores o raros para ayudar a los veterinarios en el diagn\u00f3stico de los casos dif\u00edciles. La actualizaci\u00f3n de la misma se ha realizado valorando la realidad de nuestros&hellip;","_links":{"self":[{"href":"https:\/\/biblio1.mdp.edu.ar\/centro-ventas\/wp-json\/wp\/v2\/product\/1568","targetHints":{"allow":["GET"]}}],"collection":[{"href":"https:\/\/biblio1.mdp.edu.ar\/centro-ventas\/wp-json\/wp\/v2\/product"}],"about":[{"href":"https:\/\/biblio1.mdp.edu.ar\/centro-ventas\/wp-json\/wp\/v2\/types\/product"}],"wp:featuredmedia":[{"embeddable":true,"href":"https:\/\/biblio1.mdp.edu.ar\/centro-ventas\/wp-json\/wp\/v2\/media\/1569"}],"wp:attachment":[{"href":"https:\/\/biblio1.mdp.edu.ar\/centro-ventas\/wp-json\/wp\/v2\/media?parent=1568"}],"wp:term":[{"taxonomy":"product_cat","embeddable":true,"href":"https:\/\/biblio1.mdp.edu.ar\/centro-ventas\/wp-json\/wp\/v2\/product_cat?post=1568"},{"taxonomy":"product_tag","embeddable":true,"href":"https:\/\/biblio1.mdp.edu.ar\/centro-ventas\/wp-json\/wp\/v2\/product_tag?post=1568"}],"curies":[{"name":"wp","href":"https:\/\/api.w.org\/{rel}","templated":true}]}}