{"id":1563,"date":"2019-03-25T19:38:23","date_gmt":"2019-03-25T22:38:23","guid":{"rendered":"http:\/\/biblio1.mdp.edu.ar\/centro-ventas\/?post_type=product&#038;p=1563"},"modified":"2024-02-19T16:19:10","modified_gmt":"2024-02-19T19:19:10","slug":"1563","status":"publish","type":"product","link":"https:\/\/biblio1.mdp.edu.ar\/centro-ventas\/producto\/1563\/","title":{"rendered":"Qu\u00edmica biol\u00f3gica Ed .10\u00b0"},"content":{"rendered":"<p class=\"wp-block-paragraph\">Esta d\u00e9cima edici\u00f3n de Qu\u00edmica biol\u00f3gica presenta una visi\u00f3n actualizada y ampliada de la asignatura y est\u00e1 dirigida a estudiantes de grado y pregrado de carreras relacionadas con la bioqu\u00edmica. Brinda elementos esenciales para comprender los procesos qu\u00edmicos que se producen en los seres vivos y, especialmente, en el organismo humano.<br \/>Puesto que la Bioqu\u00edmica es una ciencia que avanza vertiginosamente tanto en disciplinas tradicionales, por ejemplo, la Biolog\u00eda, la Qu\u00edmica, la Medicina, la Farmacolog\u00eda e, incluso, las Ciencias Agropecuarias y Veterinarias, como en nuevos \u00e1mbitos de la biolog\u00eda molecular y la gen\u00e9tica, esta d\u00e9cima edici\u00f3n presenta las \u00faltimas actualizaciones en la materia e incorpora nuevos temas de estudio e ilustraciones revisadas por los autores.\u00a0<br \/>Una rica bibliograf\u00eda avala los contenidos de cada uno de los treinta cap\u00edtulos de Qu\u00edmica biol\u00f3gica, a la vez que un extenso \u00edndice tem\u00e1tico facilita la consulta detallada de esta obra exhaustiva, did\u00e1ctica e imprescindible.<br \/>En s\u00edntesis, se trata de un texto acad\u00e9mico fundamental para el aprendizaje de la bioqu\u00edmica, que mantiene el criterio did\u00e1ctico de su primera edici\u00f3n, a la vez que proporciona los conocimientos indispensables e incorpora el resultado de recientes investigaciones que cuentan con un s\u00f3lido soporte experimental, han alcanzado amplia aceptaci\u00f3n en la comunidad cient\u00edfica y son relevantes para la formaci\u00f3n del futuro profesional.<br \/>\u00a0Edici\u00f3n Ampliada y Actualizada<br \/><br \/><\/p>","protected":false},"excerpt":{"rendered":"<p>Esta d\u00e9cima edici\u00f3n de Qu\u00edmica biol\u00f3gica presenta una visi\u00f3n actualizada y ampliada de la asignatura y est\u00e1 dirigida a estudiantes de grado y pregrado de carreras relacionadas con la bioqu\u00edmica. Brinda elementos esenciales para comprender los procesos qu\u00edmicos que se producen en los seres vivos y, especialmente, en el organismo humano.Puesto que la Bioqu\u00edmica es [&hellip;]<\/p>\n","protected":false},"featured_media":1564,"template":"","meta":{"_acf_changed":false,"_eb_attr":"","_crdt_document":"","_uag_custom_page_level_css":"","_editorskit_title_hidden":false,"_editorskit_reading_time":0,"_editorskit_is_block_options_detached":false,"_editorskit_block_options_position":"{}","site-sidebar-layout":"default","site-content-layout":"default","ast-site-content-layout":"default","site-content-style":"default","site-sidebar-style":"default","ast-global-header-display":"","ast-banner-title-visibility":"","ast-main-header-display":"","ast-hfb-above-header-display":"","ast-hfb-below-header-display":"","ast-hfb-mobile-header-display":"","site-post-title":"","ast-breadcrumbs-content":"","ast-featured-img":"","footer-sml-layout":"","ast-disable-related-posts":"","theme-transparent-header-meta":"default","adv-header-id-meta":"","stick-header-meta":"","header-above-stick-meta":"","header-main-stick-meta":"","header-below-stick-meta":"","astra-migrate-meta-layouts":"default","ast-page-background-enabled":"default","ast-page-background-meta":{"desktop":{"background-color":"var(--ast-global-color-4)","background-image":"","background-repeat":"repeat","background-position":"center center","background-size":"auto","background-attachment":"scroll","background-type":"","background-media":"","overlay-type":"","overlay-color":"","overlay-opacity":"","overlay-gradient":""},"tablet":{"background-color":"","background-image":"","background-repeat":"repeat","background-position":"center center","background-size":"auto","background-attachment":"scroll","background-type":"","background-media":"","overlay-type":"","overlay-color":"","overlay-opacity":"","overlay-gradient":""},"mobile":{"background-color":"","background-image":"","background-repeat":"repeat","background-position":"center center","background-size":"auto","background-attachment":"scroll","background-type":"","background-media":"","overlay-type":"","overlay-color":"","overlay-opacity":"","overlay-gradient":""}},"ast-content-background-meta":{"desktop":{"background-color":"var(--ast-global-color-5)","background-image":"","background-repeat":"repeat","background-position":"center center","background-size":"auto","background-attachment":"scroll","background-type":"","background-media":"","overlay-type":"","overlay-color":"","overlay-opacity":"","overlay-gradient":""},"tablet":{"background-color":"var(--ast-global-color-5)","background-image":"","background-repeat":"repeat","background-position":"center center","background-size":"auto","background-attachment":"scroll","background-type":"","background-media":"","overlay-type":"","overlay-color":"","overlay-opacity":"","overlay-gradient":""},"mobile":{"background-color":"var(--ast-global-color-5)","background-image":"","background-repeat":"repeat","background-position":"center center","background-size":"auto","background-attachment":"scroll","background-type":"","background-media":"","overlay-type":"","overlay-color":"","overlay-opacity":"","overlay-gradient":""}}},"product_cat":[28,29],"product_tag":[137,108,19],"class_list":{"0":"post-1563","1":"product","2":"type-product","3":"status-publish","4":"has-post-thumbnail","6":"product_cat-libro","7":"product_cat-medicina","8":"product_tag-bioquimica","9":"product_tag-ciencias-biologicas","10":"product_tag-medicina","11":"desktop-align-left","12":"tablet-align-left","13":"mobile-align-left","15":"first","16":"outofstock","17":"shipping-taxable","18":"product-type-simple"},"acf":[],"uagb_featured_image_src":{"full":["https:\/\/biblio1.mdp.edu.ar\/centro-ventas\/wp-content\/uploads\/sites\/2\/2019\/03\/QBE10.jpg",250,333,false],"thumbnail":["https:\/\/biblio1.mdp.edu.ar\/centro-ventas\/wp-content\/uploads\/sites\/2\/2019\/03\/QBE10.jpg",113,150,false],"medium":["https:\/\/biblio1.mdp.edu.ar\/centro-ventas\/wp-content\/uploads\/sites\/2\/2019\/03\/QBE10.jpg",225,300,false],"medium_large":["https:\/\/biblio1.mdp.edu.ar\/centro-ventas\/wp-content\/uploads\/sites\/2\/2019\/03\/QBE10.jpg",250,333,false],"large":["https:\/\/biblio1.mdp.edu.ar\/centro-ventas\/wp-content\/uploads\/sites\/2\/2019\/03\/QBE10.jpg",250,333,false],"1536x1536":["https:\/\/biblio1.mdp.edu.ar\/centro-ventas\/wp-content\/uploads\/sites\/2\/2019\/03\/QBE10.jpg",250,333,false],"2048x2048":["https:\/\/biblio1.mdp.edu.ar\/centro-ventas\/wp-content\/uploads\/sites\/2\/2019\/03\/QBE10.jpg",250,333,false],"woocommerce_thumbnail":["https:\/\/biblio1.mdp.edu.ar\/centro-ventas\/wp-content\/uploads\/sites\/2\/2019\/03\/QBE10.jpg",250,333,false],"woocommerce_single":["https:\/\/biblio1.mdp.edu.ar\/centro-ventas\/wp-content\/uploads\/sites\/2\/2019\/03\/QBE10.jpg",250,333,false],"woocommerce_gallery_thumbnail":["https:\/\/biblio1.mdp.edu.ar\/centro-ventas\/wp-content\/uploads\/sites\/2\/2019\/03\/QBE10-100x100.jpg",100,100,true]},"uagb_author_info":{"display_name":"Cristina Bernabe","author_link":"https:\/\/biblio1.mdp.edu.ar\/centro-ventas\/author\/"},"uagb_comment_info":0,"uagb_excerpt":"Esta d\u00e9cima edici\u00f3n de Qu\u00edmica biol\u00f3gica presenta una visi\u00f3n actualizada y ampliada de la asignatura y est\u00e1 dirigida a estudiantes de grado y pregrado de carreras relacionadas con la bioqu\u00edmica. Brinda elementos esenciales para comprender los procesos qu\u00edmicos que se producen en los seres vivos y, especialmente, en el organismo humano.Puesto que la Bioqu\u00edmica es&hellip;","_links":{"self":[{"href":"https:\/\/biblio1.mdp.edu.ar\/centro-ventas\/wp-json\/wp\/v2\/product\/1563","targetHints":{"allow":["GET"]}}],"collection":[{"href":"https:\/\/biblio1.mdp.edu.ar\/centro-ventas\/wp-json\/wp\/v2\/product"}],"about":[{"href":"https:\/\/biblio1.mdp.edu.ar\/centro-ventas\/wp-json\/wp\/v2\/types\/product"}],"wp:featuredmedia":[{"embeddable":true,"href":"https:\/\/biblio1.mdp.edu.ar\/centro-ventas\/wp-json\/wp\/v2\/media\/1564"}],"wp:attachment":[{"href":"https:\/\/biblio1.mdp.edu.ar\/centro-ventas\/wp-json\/wp\/v2\/media?parent=1563"}],"wp:term":[{"taxonomy":"product_cat","embeddable":true,"href":"https:\/\/biblio1.mdp.edu.ar\/centro-ventas\/wp-json\/wp\/v2\/product_cat?post=1563"},{"taxonomy":"product_tag","embeddable":true,"href":"https:\/\/biblio1.mdp.edu.ar\/centro-ventas\/wp-json\/wp\/v2\/product_tag?post=1563"}],"curies":[{"name":"wp","href":"https:\/\/api.w.org\/{rel}","templated":true}]}}