{"id":1549,"date":"2019-03-21T21:13:40","date_gmt":"2019-03-22T00:13:40","guid":{"rendered":"http:\/\/biblio1.mdp.edu.ar\/centro-ventas\/?post_type=product&#038;p=1549"},"modified":"2025-08-14T13:40:02","modified_gmt":"2025-08-14T16:40:02","slug":"langman-embriologia-medica","status":"publish","type":"product","link":"https:\/\/biblio1.mdp.edu.ar\/centro-ventas\/producto\/langman-embriologia-medica\/","title":{"rendered":"Embriolog\u00eda M\u00e9dica. Langman. Agotado"},"content":{"rendered":"<p>Desde sus primeras ediciones, <b>Embriolog\u00eda m\u00e9dica de Langman<\/b> se ha convertido en un referente cl\u00e1sico para el aprendizaje y la ense\u00f1anza del desarrollo embrionario humano. Su contenido se ha distinguido por ofrecer un texto sucinto que incorpora ideas y conceptos fundamentales y se acompa\u00f1a por excelentes diagramas e ilustraciones con amplia relevancia cl\u00ednica.<br \/>\nLa decimotercera edici\u00f3n conserva las caracter\u00edsticas que le han distinguido: res\u00famenes concisos al inicio de cada cap\u00edtulo, autoevaluaci\u00f3n, recuadros de correlaci\u00f3n cl\u00ednica y un estilo de escritura claro y preciso.<br \/>\n<b>Caracter\u00edsticas Principales:<\/b><\/p>\n<ul>\n<li>M\u00e1s de 400 ilustraciones: figuras de l\u00ednea a todo color, micrograf\u00edas por barrido electr\u00f3nico e im\u00e1genes de relevancia cl\u00ednica<\/li>\n<li>Se han <b>agregado y renovado<\/b> m\u00e1s de 100 ilustraciones e im\u00e1genes cl\u00ednicas sobre las etapas tempranas del desarrollo embrionario<\/li>\n<li><b>Actualizaci\u00f3n y ampliaci\u00f3n<\/b> del cap\u00edtulo sobre el desarrollo del sistema cardiovascular<\/li>\n<li>A lo largo del textos se destacan <b>principios de biolog\u00eda molecular <\/b>a modo de correlaci\u00f3n con otras \u00e1reas de conocimiento<\/li>\n<li>Problemas de <b>autoevaluaci\u00f3n con respuestas<\/b> al final del contenido<\/li>\n<li><b>Expansi\u00f3n del glosario<\/b> con t\u00e9rminos y conceptos importantes<\/li>\n<\/ul>\n<p>Recursos digitales disponibles en thePoint:<\/p>\n<ul>\n<li>Estudiantes:\n<ul>\n<li>Banco interactivo de preguntas<\/li>\n<li>Simbryo 2.0<\/li>\n<li>25 Im\u00e1genes exclusivas para la edici\u00f3n en espa\u00f1ol<\/li>\n<li>Dos cap\u00edtulos adicionales exclusivos para la edici\u00f3n en espa\u00f1ol:\n<ul>\n<li><b>Desarrollo embrionario del sistema endocrino<\/b><\/li>\n<li>Introducci\u00f3n a la medicina de la reproducci\u00f3n humana<\/li>\n<\/ul>\n<\/li>\n<\/ul>\n<p>Profesores:<\/p>\n<ul>\n<li>Recursos para estudiantes<\/li>\n<li>Diapositivas y notas para clase en Espa\u00f1ol<\/li>\n<li>Banco de im\u00e1genes<\/li>\n<\/ul>\n<\/li>\n<\/ul>\n","protected":false},"excerpt":{"rendered":"<p><!-- wp:paragraph --><\/p>\n<p>Desde sus primeras ediciones, Embriolog\u00eda m\u00e9dica de Langman se ha convertido en un referente cl\u00e1sico para el aprendizaje y la ense\u00f1anza del desarrollo embrionario humano. Su contenido se ha distinguido por ofrecer un texto sucinto que incorpora ideas y conceptos fundamentales y se acompa\u00f1a por excelentes diagramas e ilustraciones con amplia relevancia cl\u00ednica. La decimotercera edici\u00f3n conserva las caracter\u00edsticas que le han distinguido: res\u00famenes concisos al inicio de cada cap\u00edtulo, autoevaluaci\u00f3n, recuadros de correlaci\u00f3n cl\u00ednica y un estilo de escritura claro y preciso.<br \/>\nCaracter\u00edsticas Principales:<br \/>\n&#8211; M\u00e1s de 400 ilustraciones: figuras de l\u00ednea a todo color, micrograf\u00edas por barrido electr\u00f3nico e im\u00e1genes de relevancia cl\u00ednica<br \/>\n&#8211; Se han agregado y renovado m\u00e1s de 100 ilustraciones e im\u00e1genes cl\u00ednicas sobre las etapas tempranas del desarrollo embrionario<br \/>\n&#8211; Actualizaci\u00f3n y ampliaci\u00f3n del cap\u00edtulo sobre el desarrollo del sistema cardiovascular<br \/>\n&#8211; A lo largo del textos se destacan principios de biolog\u00eda molecular a modo de correlaci\u00f3n con otras \u00e1reas de conocimientoProblemas de autoevaluaci\u00f3n con respuestas al final del contenido<br \/>\n&#8211; Expansi\u00f3n del glosario con t\u00e9rminos y conceptos importantes<br \/>\n&#8211; Recursos digitales disponibles en thePoint Estudiantes: Banco interactivo de preguntas Simbryo 2.025<br \/>\n&#8211; Im\u00e1genes exclusivas para la edici\u00f3n en espa\u00f1ol<br \/>\n&#8211; Dos cap\u00edtulos adicionales exclusivos para la edici\u00f3n en espa\u00f1ol: Desarrollo embrionario del sistema endocrinoIntroducci\u00f3n a la medicina de la reproducci\u00f3n humana<br \/>\n&#8211; Profesores: Recursos para estudiantesDiapositivas y notas para clase en Espa\u00f1ol<br \/>\n&#8211; Banco de im\u00e1genes<\/p>\n<p><!-- \/wp:paragraph --><\/p>\n","protected":false},"featured_media":1550,"template":"","meta":{"_acf_changed":false,"_eb_attr":"","_crdt_document":"","_uag_custom_page_level_css":"","_editorskit_title_hidden":false,"_editorskit_reading_time":0,"_editorskit_is_block_options_detached":false,"_editorskit_block_options_position":"{}","site-sidebar-layout":"default","site-content-layout":"default","ast-site-content-layout":"default","site-content-style":"default","site-sidebar-style":"default","ast-global-header-display":"","ast-banner-title-visibility":"","ast-main-header-display":"","ast-hfb-above-header-display":"","ast-hfb-below-header-display":"","ast-hfb-mobile-header-display":"","site-post-title":"","ast-breadcrumbs-content":"","ast-featured-img":"","footer-sml-layout":"","ast-disable-related-posts":"","theme-transparent-header-meta":"default","adv-header-id-meta":"","stick-header-meta":"","header-above-stick-meta":"","header-main-stick-meta":"","header-below-stick-meta":"","astra-migrate-meta-layouts":"default","ast-page-background-enabled":"default","ast-page-background-meta":{"desktop":{"background-color":"var(--ast-global-color-4)","background-image":"","background-repeat":"repeat","background-position":"center center","background-size":"auto","background-attachment":"scroll","background-type":"","background-media":"","overlay-type":"","overlay-color":"","overlay-opacity":"","overlay-gradient":""},"tablet":{"background-color":"","background-image":"","background-repeat":"repeat","background-position":"center center","background-size":"auto","background-attachment":"scroll","background-type":"","background-media":"","overlay-type":"","overlay-color":"","overlay-opacity":"","overlay-gradient":""},"mobile":{"background-color":"","background-image":"","background-repeat":"repeat","background-position":"center center","background-size":"auto","background-attachment":"scroll","background-type":"","background-media":"","overlay-type":"","overlay-color":"","overlay-opacity":"","overlay-gradient":""}},"ast-content-background-meta":{"desktop":{"background-color":"var(--ast-global-color-5)","background-image":"","background-repeat":"repeat","background-position":"center center","background-size":"auto","background-attachment":"scroll","background-type":"","background-media":"","overlay-type":"","overlay-color":"","overlay-opacity":"","overlay-gradient":""},"tablet":{"background-color":"var(--ast-global-color-5)","background-image":"","background-repeat":"repeat","background-position":"center center","background-size":"auto","background-attachment":"scroll","background-type":"","background-media":"","overlay-type":"","overlay-color":"","overlay-opacity":"","overlay-gradient":""},"mobile":{"background-color":"var(--ast-global-color-5)","background-image":"","background-repeat":"repeat","background-position":"center center","background-size":"auto","background-attachment":"scroll","background-type":"","background-media":"","overlay-type":"","overlay-color":"","overlay-opacity":"","overlay-gradient":""}}},"product_cat":[28,29,168],"product_tag":[17,101,19,102],"class_list":{"0":"post-1549","1":"product","2":"type-product","3":"status-publish","4":"has-post-thumbnail","6":"product_cat-libro","7":"product_cat-medicina","8":"product_cat-salud","9":"product_tag-ciencias-de-la-salud","10":"product_tag-embriologia","11":"product_tag-medicina","12":"product_tag-obstetricia","13":"desktop-align-left","14":"tablet-align-left","15":"mobile-align-left","17":"first","18":"instock","19":"shipping-taxable","20":"product-type-external"},"acf":[],"uagb_featured_image_src":{"full":["https:\/\/biblio1.mdp.edu.ar\/centro-ventas\/wp-content\/uploads\/sites\/2\/2019\/03\/5c80132814c761f61d8b4568.__RS360x360__.jpg",360,360,false],"thumbnail":["https:\/\/biblio1.mdp.edu.ar\/centro-ventas\/wp-content\/uploads\/sites\/2\/2019\/03\/5c80132814c761f61d8b4568.__RS360x360__-150x150.jpg",150,150,true],"medium":["https:\/\/biblio1.mdp.edu.ar\/centro-ventas\/wp-content\/uploads\/sites\/2\/2019\/03\/5c80132814c761f61d8b4568.__RS360x360__-300x300.jpg",300,300,true],"medium_large":["https:\/\/biblio1.mdp.edu.ar\/centro-ventas\/wp-content\/uploads\/sites\/2\/2019\/03\/5c80132814c761f61d8b4568.__RS360x360__.jpg",360,360,false],"large":["https:\/\/biblio1.mdp.edu.ar\/centro-ventas\/wp-content\/uploads\/sites\/2\/2019\/03\/5c80132814c761f61d8b4568.__RS360x360__.jpg",360,360,false],"1536x1536":["https:\/\/biblio1.mdp.edu.ar\/centro-ventas\/wp-content\/uploads\/sites\/2\/2019\/03\/5c80132814c761f61d8b4568.__RS360x360__.jpg",360,360,false],"2048x2048":["https:\/\/biblio1.mdp.edu.ar\/centro-ventas\/wp-content\/uploads\/sites\/2\/2019\/03\/5c80132814c761f61d8b4568.__RS360x360__.jpg",360,360,false],"woocommerce_thumbnail":["https:\/\/biblio1.mdp.edu.ar\/centro-ventas\/wp-content\/uploads\/sites\/2\/2019\/03\/5c80132814c761f61d8b4568.__RS360x360__-250x250.jpg",250,250,true],"woocommerce_single":["https:\/\/biblio1.mdp.edu.ar\/centro-ventas\/wp-content\/uploads\/sites\/2\/2019\/03\/5c80132814c761f61d8b4568.__RS360x360__.jpg",360,360,false],"woocommerce_gallery_thumbnail":["https:\/\/biblio1.mdp.edu.ar\/centro-ventas\/wp-content\/uploads\/sites\/2\/2019\/03\/5c80132814c761f61d8b4568.__RS360x360__-100x100.jpg",100,100,true]},"uagb_author_info":{"display_name":"Cristina Bernabe","author_link":"https:\/\/biblio1.mdp.edu.ar\/centro-ventas\/author\/"},"uagb_comment_info":0,"uagb_excerpt":"Desde sus primeras ediciones, Embriolog\u00eda m\u00e9dica de Langman se ha convertido en un referente cl\u00e1sico para el aprendizaje y la ense\u00f1anza del desarrollo embrionario humano. Su contenido se ha distinguido por ofrecer un texto sucinto que incorpora ideas y conceptos fundamentales y se acompa\u00f1a por excelentes diagramas e ilustraciones con amplia relevancia cl\u00ednica. La decimotercera&hellip;","_links":{"self":[{"href":"https:\/\/biblio1.mdp.edu.ar\/centro-ventas\/wp-json\/wp\/v2\/product\/1549","targetHints":{"allow":["GET"]}}],"collection":[{"href":"https:\/\/biblio1.mdp.edu.ar\/centro-ventas\/wp-json\/wp\/v2\/product"}],"about":[{"href":"https:\/\/biblio1.mdp.edu.ar\/centro-ventas\/wp-json\/wp\/v2\/types\/product"}],"wp:featuredmedia":[{"embeddable":true,"href":"https:\/\/biblio1.mdp.edu.ar\/centro-ventas\/wp-json\/wp\/v2\/media\/1550"}],"wp:attachment":[{"href":"https:\/\/biblio1.mdp.edu.ar\/centro-ventas\/wp-json\/wp\/v2\/media?parent=1549"}],"wp:term":[{"taxonomy":"product_cat","embeddable":true,"href":"https:\/\/biblio1.mdp.edu.ar\/centro-ventas\/wp-json\/wp\/v2\/product_cat?post=1549"},{"taxonomy":"product_tag","embeddable":true,"href":"https:\/\/biblio1.mdp.edu.ar\/centro-ventas\/wp-json\/wp\/v2\/product_tag?post=1549"}],"curies":[{"name":"wp","href":"https:\/\/api.w.org\/{rel}","templated":true}]}}