{"id":1441,"date":"2018-10-25T20:45:11","date_gmt":"2018-10-25T23:45:11","guid":{"rendered":"http:\/\/biblio1.mdp.edu.ar\/centro-ventas\/?post_type=product&#038;p=1441"},"modified":"2025-09-01T18:27:21","modified_gmt":"2025-09-01T21:27:21","slug":"usuarios-de-la-informacion-formacion-y-desafios","status":"publish","type":"product","link":"https:\/\/biblio1.mdp.edu.ar\/centro-ventas\/producto\/usuarios-de-la-informacion-formacion-y-desafios\/","title":{"rendered":"Usuarios de la informaci\u00f3n &#8211;\u00a0Formaci\u00f3n y desaf\u00edos"},"content":{"rendered":"<div class=\"container\">\n<div class=\"right-detail content-tab col-md-8 col-sm-12 col-xs-12 book-center\">\n<div id=\"over-view\" class=\"book-desc-detail book-tab-show\">\n<p>La formaci\u00f3n de usuarios de la informaci\u00f3n es un h\u00e1bito de las bibliotecas desde que estas se convirtieron en reservorios del saber y la cultura. Desde los comienzos se estuvieron preparando para cumplir un papel protag\u00f3nico en la sociedad y mostrar a qui\u00e9nes llegaban a ellas que documentos ten\u00edan, como pod\u00edan acceder a ellos y qu\u00e9 servicios les pod\u00edan prestar. La producci\u00f3n de informaci\u00f3n fue creciendo aceleradamente y los modelos para organizarla y ponerla a disposici\u00f3n de los usuarios fueron adecu\u00e1ndose a diferentes necesidades. El bibliotecario se dedic\u00f3 a satisfacer las nuevas demandas y confeccion\u00f3 guias en donde los recursos y servicios estaban ampliamente representados. Prepar\u00f3 en forma detallada y paso a paso el camino para que el usuario supiera como ten\u00eda que hacer para encontrar lo que buscaba. Mas adelante aparecieron los servicios virtuales, con una gran variedad de recursos y accesos a otras fuentes de informaci\u00f3n. El usuario no podia completar toda la informaci\u00f3n que necesitaba y el bibliotecario, ante esas circunstancias, tuvo que preparar nuevas formas para formar. Este libro nace con el objeto de que todo tipo de biblioteca, ya sea publica, escolar o universitaria, pueda preparar un plan de formaci\u00f3n de usuarios. Las tres partes en que se divide presentan una continuidad, para que el contenido de cada una pueda utilizarse en forma integral o independiente, de modo de poder crear un nuevo modelo. Se han incluido ejemplos de diversas bibliotecas, que permiten realizar un estudio comparativo o extraer datos de inter\u00e9s, y las experiencias realizadas en la unidad de informacion donde las autoras desarrollan su trabajo habitual.<\/p>\n<p>Rosa Monfasani<\/p>\n<p>Marcela Curzel<\/p>\n<p>9789871305438<\/p>\n<\/div>\n<\/div>\n<\/div>\n<div class=\"container border\"><\/div>\n<div class=\"product_meta\"><\/div>\n<h1 class=\"product_title entry-title\"><\/h1>\n<p>&nbsp;<\/p>\n","protected":false},"excerpt":{"rendered":"<p>La formaci\u00f3n de usuarios de la informaci\u00f3n es un h\u00e1bito de las bibliotecas desde que estas se convirtieron en reservorios del saber y la cultura. Desde los comienzos se estuvieron preparando para cumplir un papel protag\u00f3nico en la sociedad y mostrar a qui\u00e9nes llegaban a ellas que documentos ten\u00edan, como pod\u00edan acceder a ellos y [&hellip;]<\/p>\n","protected":false},"featured_media":1442,"template":"","meta":{"_acf_changed":false,"_eb_attr":"","_crdt_document":"","_uag_custom_page_level_css":"","_editorskit_title_hidden":false,"_editorskit_reading_time":0,"_editorskit_is_block_options_detached":false,"_editorskit_block_options_position":"{}","site-sidebar-layout":"default","site-content-layout":"","ast-site-content-layout":"default","site-content-style":"default","site-sidebar-style":"default","ast-global-header-display":"","ast-banner-title-visibility":"","ast-main-header-display":"","ast-hfb-above-header-display":"","ast-hfb-below-header-display":"","ast-hfb-mobile-header-display":"","site-post-title":"","ast-breadcrumbs-content":"","ast-featured-img":"","footer-sml-layout":"","ast-disable-related-posts":"","theme-transparent-header-meta":"","adv-header-id-meta":"","stick-header-meta":"","header-above-stick-meta":"","header-main-stick-meta":"","header-below-stick-meta":"","astra-migrate-meta-layouts":"default","ast-page-background-enabled":"default","ast-page-background-meta":{"desktop":{"background-color":"var(--ast-global-color-4)","background-image":"","background-repeat":"repeat","background-position":"center center","background-size":"auto","background-attachment":"scroll","background-type":"","background-media":"","overlay-type":"","overlay-color":"","overlay-opacity":"","overlay-gradient":""},"tablet":{"background-color":"","background-image":"","background-repeat":"repeat","background-position":"center center","background-size":"auto","background-attachment":"scroll","background-type":"","background-media":"","overlay-type":"","overlay-color":"","overlay-opacity":"","overlay-gradient":""},"mobile":{"background-color":"","background-image":"","background-repeat":"repeat","background-position":"center center","background-size":"auto","background-attachment":"scroll","background-type":"","background-media":"","overlay-type":"","overlay-color":"","overlay-opacity":"","overlay-gradient":""}},"ast-content-background-meta":{"desktop":{"background-color":"var(--ast-global-color-5)","background-image":"","background-repeat":"repeat","background-position":"center center","background-size":"auto","background-attachment":"scroll","background-type":"","background-media":"","overlay-type":"","overlay-color":"","overlay-opacity":"","overlay-gradient":""},"tablet":{"background-color":"var(--ast-global-color-5)","background-image":"","background-repeat":"repeat","background-position":"center center","background-size":"auto","background-attachment":"scroll","background-type":"","background-media":"","overlay-type":"","overlay-color":"","overlay-opacity":"","overlay-gradient":""},"mobile":{"background-color":"var(--ast-global-color-5)","background-image":"","background-repeat":"repeat","background-position":"center center","background-size":"auto","background-attachment":"scroll","background-type":"","background-media":"","overlay-type":"","overlay-color":"","overlay-opacity":"","overlay-gradient":""}}},"product_cat":[74,28],"product_tag":[84,89],"class_list":{"0":"post-1441","1":"product","2":"type-product","3":"status-publish","4":"has-post-thumbnail","6":"product_cat-alfagrama","7":"product_cat-libro","8":"product_tag-bibliotecologia","9":"product_tag-ciencias-de-la-informacion","10":"desktop-align-left","11":"tablet-align-left","12":"mobile-align-left","14":"first","15":"instock","16":"shipping-taxable","17":"purchasable","18":"product-type-simple"},"acf":[],"uagb_featured_image_src":{"full":["https:\/\/biblio1.mdp.edu.ar\/centro-ventas\/wp-content\/uploads\/sites\/2\/2018\/10\/usuariosDeLa-Info9789871305438_T.jpg",370,537,false],"thumbnail":["https:\/\/biblio1.mdp.edu.ar\/centro-ventas\/wp-content\/uploads\/sites\/2\/2018\/10\/usuariosDeLa-Info9789871305438_T-150x150.jpg",150,150,true],"medium":["https:\/\/biblio1.mdp.edu.ar\/centro-ventas\/wp-content\/uploads\/sites\/2\/2018\/10\/usuariosDeLa-Info9789871305438_T-207x300.jpg",207,300,true],"medium_large":["https:\/\/biblio1.mdp.edu.ar\/centro-ventas\/wp-content\/uploads\/sites\/2\/2018\/10\/usuariosDeLa-Info9789871305438_T.jpg",370,537,false],"large":["https:\/\/biblio1.mdp.edu.ar\/centro-ventas\/wp-content\/uploads\/sites\/2\/2018\/10\/usuariosDeLa-Info9789871305438_T.jpg",370,537,false],"1536x1536":["https:\/\/biblio1.mdp.edu.ar\/centro-ventas\/wp-content\/uploads\/sites\/2\/2018\/10\/usuariosDeLa-Info9789871305438_T.jpg",370,537,false],"2048x2048":["https:\/\/biblio1.mdp.edu.ar\/centro-ventas\/wp-content\/uploads\/sites\/2\/2018\/10\/usuariosDeLa-Info9789871305438_T.jpg",370,537,false],"woocommerce_thumbnail":["https:\/\/biblio1.mdp.edu.ar\/centro-ventas\/wp-content\/uploads\/sites\/2\/2018\/10\/usuariosDeLa-Info9789871305438_T-250x363.jpg",250,363,true],"woocommerce_single":["https:\/\/biblio1.mdp.edu.ar\/centro-ventas\/wp-content\/uploads\/sites\/2\/2018\/10\/usuariosDeLa-Info9789871305438_T.jpg",370,537,false],"woocommerce_gallery_thumbnail":["https:\/\/biblio1.mdp.edu.ar\/centro-ventas\/wp-content\/uploads\/sites\/2\/2018\/10\/usuariosDeLa-Info9789871305438_T-100x100.jpg",100,100,true]},"uagb_author_info":{"display_name":"Cristina Bernabe","author_link":"https:\/\/biblio1.mdp.edu.ar\/centro-ventas\/author\/"},"uagb_comment_info":0,"uagb_excerpt":"La formaci\u00f3n de usuarios de la informaci\u00f3n es un h\u00e1bito de las bibliotecas desde que estas se convirtieron en reservorios del saber y la cultura. Desde los comienzos se estuvieron preparando para cumplir un papel protag\u00f3nico en la sociedad y mostrar a qui\u00e9nes llegaban a ellas que documentos ten\u00edan, como pod\u00edan acceder a ellos y&hellip;","_links":{"self":[{"href":"https:\/\/biblio1.mdp.edu.ar\/centro-ventas\/wp-json\/wp\/v2\/product\/1441","targetHints":{"allow":["GET"]}}],"collection":[{"href":"https:\/\/biblio1.mdp.edu.ar\/centro-ventas\/wp-json\/wp\/v2\/product"}],"about":[{"href":"https:\/\/biblio1.mdp.edu.ar\/centro-ventas\/wp-json\/wp\/v2\/types\/product"}],"wp:featuredmedia":[{"embeddable":true,"href":"https:\/\/biblio1.mdp.edu.ar\/centro-ventas\/wp-json\/wp\/v2\/media\/1442"}],"wp:attachment":[{"href":"https:\/\/biblio1.mdp.edu.ar\/centro-ventas\/wp-json\/wp\/v2\/media?parent=1441"}],"wp:term":[{"taxonomy":"product_cat","embeddable":true,"href":"https:\/\/biblio1.mdp.edu.ar\/centro-ventas\/wp-json\/wp\/v2\/product_cat?post=1441"},{"taxonomy":"product_tag","embeddable":true,"href":"https:\/\/biblio1.mdp.edu.ar\/centro-ventas\/wp-json\/wp\/v2\/product_tag?post=1441"}],"curies":[{"name":"wp","href":"https:\/\/api.w.org\/{rel}","templated":true}]}}