{"id":1439,"date":"2018-10-25T20:39:04","date_gmt":"2018-10-25T23:39:04","guid":{"rendered":"http:\/\/biblio1.mdp.edu.ar\/centro-ventas\/?post_type=product&#038;p=1439"},"modified":"2025-09-01T18:26:41","modified_gmt":"2025-09-01T21:26:41","slug":"uso-de-informacion","status":"publish","type":"product","link":"https:\/\/biblio1.mdp.edu.ar\/centro-ventas\/producto\/uso-de-informacion\/","title":{"rendered":"Uso de informaci\u00f3n para la toma de decisiones"},"content":{"rendered":"<p>El recorrido que abordan los autores, con sabidur\u00eda y experiencia, permite poner en manos del lector un conjunto de miradas, teor\u00edas, concepciones que favorecer\u00e1n el proceso de toma de decisiones. Es una obra pensada no s\u00f3lo para ilustrar, a aquellos que forman parte de la c\u00faspide estrat\u00e9gica, acerca de la complejidad de los procesos que a diario deben enfrentar y que siempre son susceptibles de ser mejores. Es una obra -adem\u00e1s- para los que en otros niveles tambi\u00e9n toman decisiones. De la mano de la toma de decisiones se observan datos, documentos, informaci\u00f3n, conocimiento que la fertilizan y que pueden convertirla en un \u00e9xito o un fracaso. De ah\u00ed la importancia de esta obra donde se mezclan procesos con fuentes, recursos y competencias para lograr elevar la cultura de la responsabilidad en las decisiones a cualquier nivel. Conducir un proceso de innovaci\u00f3n, de cambio, obliga a tomar decisiones informadas, a situar en un primer plano la informaci\u00f3n y el conocimiento; obliga a contar con la asesor\u00eda y el apoyo de los que deben llevar la gesti\u00f3n de informaci\u00f3n y el conocimiento a nivel de una instituci\u00f3n. El uso permanente de informaci\u00f3n, el monitoreo y vigilancia, los procesos de inteligencia organizacional, permitir\u00e1n captar informaci\u00f3n del ambiente a fin de poder nutrir todo el proceso que ocurre dentro del contexto. El tema es sugerente mucho m\u00e1s en estos tiempos en que las decisiones requieren una mayor presencia de los componentes ya mencionados. El lector agradecer\u00e1 la mano diestra y el tiempo que ambos autores han dedicado a esta s\u00edntesis que contribuir\u00e1 a gobernar el cambio. Del pr\u00f3logo de Glor\u00eda Ponjuan Dante Yunier Rodr\u00edguez Cruz; Mar\u00eda Pinto 9789874458025<\/p>\n","protected":false},"excerpt":{"rendered":"<p>El recorrido que abordan los autores, con sabidur\u00eda y experiencia, permite poner en manos del lector un conjunto de miradas, teor\u00edas, concepciones que favorecer\u00e1n el proceso de toma de decisiones. Es una obra pensada no s\u00f3lo para ilustrar, a aquellos que forman parte de la c\u00faspide estrat\u00e9gica, acerca de la complejidad de los procesos que [&hellip;]<\/p>\n","protected":false},"featured_media":1440,"template":"","meta":{"_acf_changed":false,"_eb_attr":"","_crdt_document":"","_uag_custom_page_level_css":"","_editorskit_title_hidden":false,"_editorskit_reading_time":0,"_editorskit_is_block_options_detached":false,"_editorskit_block_options_position":"{}","site-sidebar-layout":"default","site-content-layout":"","ast-site-content-layout":"default","site-content-style":"default","site-sidebar-style":"default","ast-global-header-display":"","ast-banner-title-visibility":"","ast-main-header-display":"","ast-hfb-above-header-display":"","ast-hfb-below-header-display":"","ast-hfb-mobile-header-display":"","site-post-title":"","ast-breadcrumbs-content":"","ast-featured-img":"","footer-sml-layout":"","ast-disable-related-posts":"","theme-transparent-header-meta":"","adv-header-id-meta":"","stick-header-meta":"","header-above-stick-meta":"","header-main-stick-meta":"","header-below-stick-meta":"","astra-migrate-meta-layouts":"default","ast-page-background-enabled":"default","ast-page-background-meta":{"desktop":{"background-color":"var(--ast-global-color-4)","background-image":"","background-repeat":"repeat","background-position":"center center","background-size":"auto","background-attachment":"scroll","background-type":"","background-media":"","overlay-type":"","overlay-color":"","overlay-opacity":"","overlay-gradient":""},"tablet":{"background-color":"","background-image":"","background-repeat":"repeat","background-position":"center center","background-size":"auto","background-attachment":"scroll","background-type":"","background-media":"","overlay-type":"","overlay-color":"","overlay-opacity":"","overlay-gradient":""},"mobile":{"background-color":"","background-image":"","background-repeat":"repeat","background-position":"center center","background-size":"auto","background-attachment":"scroll","background-type":"","background-media":"","overlay-type":"","overlay-color":"","overlay-opacity":"","overlay-gradient":""}},"ast-content-background-meta":{"desktop":{"background-color":"var(--ast-global-color-5)","background-image":"","background-repeat":"repeat","background-position":"center center","background-size":"auto","background-attachment":"scroll","background-type":"","background-media":"","overlay-type":"","overlay-color":"","overlay-opacity":"","overlay-gradient":""},"tablet":{"background-color":"var(--ast-global-color-5)","background-image":"","background-repeat":"repeat","background-position":"center center","background-size":"auto","background-attachment":"scroll","background-type":"","background-media":"","overlay-type":"","overlay-color":"","overlay-opacity":"","overlay-gradient":""},"mobile":{"background-color":"var(--ast-global-color-5)","background-image":"","background-repeat":"repeat","background-position":"center center","background-size":"auto","background-attachment":"scroll","background-type":"","background-media":"","overlay-type":"","overlay-color":"","overlay-opacity":"","overlay-gradient":""}}},"product_cat":[74,28],"product_tag":[84,89],"class_list":{"0":"post-1439","1":"product","2":"type-product","3":"status-publish","4":"has-post-thumbnail","6":"product_cat-alfagrama","7":"product_cat-libro","8":"product_tag-bibliotecologia","9":"product_tag-ciencias-de-la-informacion","10":"desktop-align-left","11":"tablet-align-left","12":"mobile-align-left","14":"first","15":"instock","16":"shipping-taxable","17":"purchasable","18":"product-type-simple"},"acf":[],"uagb_featured_image_src":{"full":["https:\/\/biblio1.mdp.edu.ar\/centro-ventas\/wp-content\/uploads\/sites\/2\/2018\/10\/uso-de-la-informacion.png",370,541,false],"thumbnail":["https:\/\/biblio1.mdp.edu.ar\/centro-ventas\/wp-content\/uploads\/sites\/2\/2018\/10\/uso-de-la-informacion-150x150.png",150,150,true],"medium":["https:\/\/biblio1.mdp.edu.ar\/centro-ventas\/wp-content\/uploads\/sites\/2\/2018\/10\/uso-de-la-informacion-205x300.png",205,300,true],"medium_large":["https:\/\/biblio1.mdp.edu.ar\/centro-ventas\/wp-content\/uploads\/sites\/2\/2018\/10\/uso-de-la-informacion.png",370,541,false],"large":["https:\/\/biblio1.mdp.edu.ar\/centro-ventas\/wp-content\/uploads\/sites\/2\/2018\/10\/uso-de-la-informacion.png",370,541,false],"1536x1536":["https:\/\/biblio1.mdp.edu.ar\/centro-ventas\/wp-content\/uploads\/sites\/2\/2018\/10\/uso-de-la-informacion.png",370,541,false],"2048x2048":["https:\/\/biblio1.mdp.edu.ar\/centro-ventas\/wp-content\/uploads\/sites\/2\/2018\/10\/uso-de-la-informacion.png",370,541,false],"woocommerce_thumbnail":["https:\/\/biblio1.mdp.edu.ar\/centro-ventas\/wp-content\/uploads\/sites\/2\/2018\/10\/uso-de-la-informacion-250x366.png",250,366,true],"woocommerce_single":["https:\/\/biblio1.mdp.edu.ar\/centro-ventas\/wp-content\/uploads\/sites\/2\/2018\/10\/uso-de-la-informacion.png",370,541,false],"woocommerce_gallery_thumbnail":["https:\/\/biblio1.mdp.edu.ar\/centro-ventas\/wp-content\/uploads\/sites\/2\/2018\/10\/uso-de-la-informacion-100x100.png",100,100,true]},"uagb_author_info":{"display_name":"Cristina Bernabe","author_link":"https:\/\/biblio1.mdp.edu.ar\/centro-ventas\/author\/"},"uagb_comment_info":0,"uagb_excerpt":"El recorrido que abordan los autores, con sabidur\u00eda y experiencia, permite poner en manos del lector un conjunto de miradas, teor\u00edas, concepciones que favorecer\u00e1n el proceso de toma de decisiones. Es una obra pensada no s\u00f3lo para ilustrar, a aquellos que forman parte de la c\u00faspide estrat\u00e9gica, acerca de la complejidad de los procesos que&hellip;","_links":{"self":[{"href":"https:\/\/biblio1.mdp.edu.ar\/centro-ventas\/wp-json\/wp\/v2\/product\/1439","targetHints":{"allow":["GET"]}}],"collection":[{"href":"https:\/\/biblio1.mdp.edu.ar\/centro-ventas\/wp-json\/wp\/v2\/product"}],"about":[{"href":"https:\/\/biblio1.mdp.edu.ar\/centro-ventas\/wp-json\/wp\/v2\/types\/product"}],"wp:featuredmedia":[{"embeddable":true,"href":"https:\/\/biblio1.mdp.edu.ar\/centro-ventas\/wp-json\/wp\/v2\/media\/1440"}],"wp:attachment":[{"href":"https:\/\/biblio1.mdp.edu.ar\/centro-ventas\/wp-json\/wp\/v2\/media?parent=1439"}],"wp:term":[{"taxonomy":"product_cat","embeddable":true,"href":"https:\/\/biblio1.mdp.edu.ar\/centro-ventas\/wp-json\/wp\/v2\/product_cat?post=1439"},{"taxonomy":"product_tag","embeddable":true,"href":"https:\/\/biblio1.mdp.edu.ar\/centro-ventas\/wp-json\/wp\/v2\/product_tag?post=1439"}],"curies":[{"name":"wp","href":"https:\/\/api.w.org\/{rel}","templated":true}]}}