{"id":1431,"date":"2018-10-25T20:24:45","date_gmt":"2018-10-25T23:24:45","guid":{"rendered":"http:\/\/biblio1.mdp.edu.ar\/centro-ventas\/?post_type=product&#038;p=1431"},"modified":"2025-09-01T18:24:15","modified_gmt":"2025-09-01T21:24:15","slug":"resumenes-documentales-su-evolucion","status":"publish","type":"product","link":"https:\/\/biblio1.mdp.edu.ar\/centro-ventas\/producto\/resumenes-documentales-su-evolucion\/","title":{"rendered":"Res\u00famenes documentales: su evoluci\u00f3n"},"content":{"rendered":"<p>Los cambios cient\u00edfico-tecnol\u00f3gicos de finales del siglo XIX han propiciado el aumento de la producci\u00f3n documental. Para paliar esta situaci\u00f3n se han creado mecanismos para el control bibliogr\u00e1fico. Se necesita que las nuevas formas de organizaci\u00f3n y representaci\u00f3n de la informaci\u00f3n que van surgiendo sean capaces de sintetizar los altos vol\u00famenes informativos que d\u00eda a d\u00eda se producen y cuya tendencia es la integraci\u00f3n de estructuras, formas y formatos, donde se incluyen nuevos aditamentos como voz, imagen, sonido y movimiento. Una de las herramientas m\u00e1s utilizadas como soluci\u00f3n a la incapacidad de procesar manualmente toda la informaci\u00f3n que existe en determinada rama del saber es el resumen. Esta forma de representaci\u00f3n permite obtener informaci\u00f3n abreviada sobre el contenido de los documentos, minimizar el tiempo dedicado a su b\u00fasqueda y recuperar los que realmente sean pertinentes a las necesidades informativas. Esta obra pretende estudiar el comportamiento evolutivo de la producci\u00f3n de res\u00famenes documentales desde sus or\u00edgenes hasta la actualidad; sus tipos (informativos, indicativos, mixtos, de autor, estructurados, autom\u00e1ticos, etc.); y caracterizar la plataforma hipertextual en relaci\u00f3n a los res\u00famenes autom\u00e1ticos y su elaboraci\u00f3n.<\/p>\n<p>Yulennys Mariela Del Castillo Zayas<\/p>\n<p>9789871305490<\/p>\n","protected":false},"excerpt":{"rendered":"<p>Los cambios cient\u00edfico-tecnol\u00f3gicos de finales del siglo XIX han propiciado el aumento de la producci\u00f3n documental. Para paliar esta situaci\u00f3n se han creado mecanismos para el control bibliogr\u00e1fico. Se necesita que las nuevas formas de organizaci\u00f3n y representaci\u00f3n de la informaci\u00f3n que van surgiendo sean capaces de sintetizar los altos vol\u00famenes informativos que d\u00eda a [&hellip;]<\/p>\n","protected":false},"featured_media":1432,"template":"","meta":{"_acf_changed":false,"_eb_attr":"","_crdt_document":"","_uag_custom_page_level_css":"","_editorskit_title_hidden":false,"_editorskit_reading_time":0,"_editorskit_is_block_options_detached":false,"_editorskit_block_options_position":"{}","site-sidebar-layout":"default","site-content-layout":"","ast-site-content-layout":"default","site-content-style":"default","site-sidebar-style":"default","ast-global-header-display":"","ast-banner-title-visibility":"","ast-main-header-display":"","ast-hfb-above-header-display":"","ast-hfb-below-header-display":"","ast-hfb-mobile-header-display":"","site-post-title":"","ast-breadcrumbs-content":"","ast-featured-img":"","footer-sml-layout":"","ast-disable-related-posts":"","theme-transparent-header-meta":"","adv-header-id-meta":"","stick-header-meta":"","header-above-stick-meta":"","header-main-stick-meta":"","header-below-stick-meta":"","astra-migrate-meta-layouts":"default","ast-page-background-enabled":"default","ast-page-background-meta":{"desktop":{"background-color":"var(--ast-global-color-4)","background-image":"","background-repeat":"repeat","background-position":"center center","background-size":"auto","background-attachment":"scroll","background-type":"","background-media":"","overlay-type":"","overlay-color":"","overlay-opacity":"","overlay-gradient":""},"tablet":{"background-color":"","background-image":"","background-repeat":"repeat","background-position":"center center","background-size":"auto","background-attachment":"scroll","background-type":"","background-media":"","overlay-type":"","overlay-color":"","overlay-opacity":"","overlay-gradient":""},"mobile":{"background-color":"","background-image":"","background-repeat":"repeat","background-position":"center center","background-size":"auto","background-attachment":"scroll","background-type":"","background-media":"","overlay-type":"","overlay-color":"","overlay-opacity":"","overlay-gradient":""}},"ast-content-background-meta":{"desktop":{"background-color":"var(--ast-global-color-5)","background-image":"","background-repeat":"repeat","background-position":"center center","background-size":"auto","background-attachment":"scroll","background-type":"","background-media":"","overlay-type":"","overlay-color":"","overlay-opacity":"","overlay-gradient":""},"tablet":{"background-color":"var(--ast-global-color-5)","background-image":"","background-repeat":"repeat","background-position":"center center","background-size":"auto","background-attachment":"scroll","background-type":"","background-media":"","overlay-type":"","overlay-color":"","overlay-opacity":"","overlay-gradient":""},"mobile":{"background-color":"var(--ast-global-color-5)","background-image":"","background-repeat":"repeat","background-position":"center center","background-size":"auto","background-attachment":"scroll","background-type":"","background-media":"","overlay-type":"","overlay-color":"","overlay-opacity":"","overlay-gradient":""}}},"product_cat":[74,28],"product_tag":[97],"class_list":{"0":"post-1431","1":"product","2":"type-product","3":"status-publish","4":"has-post-thumbnail","6":"product_cat-alfagrama","7":"product_cat-libro","8":"product_tag-documentalismo","9":"desktop-align-left","10":"tablet-align-left","11":"mobile-align-left","13":"first","14":"instock","15":"shipping-taxable","16":"purchasable","17":"product-type-simple"},"acf":[],"uagb_featured_image_src":{"full":["https:\/\/biblio1.mdp.edu.ar\/centro-ventas\/wp-content\/uploads\/sites\/2\/2018\/10\/ResuDocu9789871305490_T.jpg",370,533,false],"thumbnail":["https:\/\/biblio1.mdp.edu.ar\/centro-ventas\/wp-content\/uploads\/sites\/2\/2018\/10\/ResuDocu9789871305490_T-150x150.jpg",150,150,true],"medium":["https:\/\/biblio1.mdp.edu.ar\/centro-ventas\/wp-content\/uploads\/sites\/2\/2018\/10\/ResuDocu9789871305490_T-208x300.jpg",208,300,true],"medium_large":["https:\/\/biblio1.mdp.edu.ar\/centro-ventas\/wp-content\/uploads\/sites\/2\/2018\/10\/ResuDocu9789871305490_T.jpg",370,533,false],"large":["https:\/\/biblio1.mdp.edu.ar\/centro-ventas\/wp-content\/uploads\/sites\/2\/2018\/10\/ResuDocu9789871305490_T.jpg",370,533,false],"1536x1536":["https:\/\/biblio1.mdp.edu.ar\/centro-ventas\/wp-content\/uploads\/sites\/2\/2018\/10\/ResuDocu9789871305490_T.jpg",370,533,false],"2048x2048":["https:\/\/biblio1.mdp.edu.ar\/centro-ventas\/wp-content\/uploads\/sites\/2\/2018\/10\/ResuDocu9789871305490_T.jpg",370,533,false],"woocommerce_thumbnail":["https:\/\/biblio1.mdp.edu.ar\/centro-ventas\/wp-content\/uploads\/sites\/2\/2018\/10\/ResuDocu9789871305490_T-250x360.jpg",250,360,true],"woocommerce_single":["https:\/\/biblio1.mdp.edu.ar\/centro-ventas\/wp-content\/uploads\/sites\/2\/2018\/10\/ResuDocu9789871305490_T.jpg",370,533,false],"woocommerce_gallery_thumbnail":["https:\/\/biblio1.mdp.edu.ar\/centro-ventas\/wp-content\/uploads\/sites\/2\/2018\/10\/ResuDocu9789871305490_T-100x100.jpg",100,100,true]},"uagb_author_info":{"display_name":"Cristina Bernabe","author_link":"https:\/\/biblio1.mdp.edu.ar\/centro-ventas\/author\/"},"uagb_comment_info":0,"uagb_excerpt":"Los cambios cient\u00edfico-tecnol\u00f3gicos de finales del siglo XIX han propiciado el aumento de la producci\u00f3n documental. Para paliar esta situaci\u00f3n se han creado mecanismos para el control bibliogr\u00e1fico. Se necesita que las nuevas formas de organizaci\u00f3n y representaci\u00f3n de la informaci\u00f3n que van surgiendo sean capaces de sintetizar los altos vol\u00famenes informativos que d\u00eda a&hellip;","_links":{"self":[{"href":"https:\/\/biblio1.mdp.edu.ar\/centro-ventas\/wp-json\/wp\/v2\/product\/1431","targetHints":{"allow":["GET"]}}],"collection":[{"href":"https:\/\/biblio1.mdp.edu.ar\/centro-ventas\/wp-json\/wp\/v2\/product"}],"about":[{"href":"https:\/\/biblio1.mdp.edu.ar\/centro-ventas\/wp-json\/wp\/v2\/types\/product"}],"wp:featuredmedia":[{"embeddable":true,"href":"https:\/\/biblio1.mdp.edu.ar\/centro-ventas\/wp-json\/wp\/v2\/media\/1432"}],"wp:attachment":[{"href":"https:\/\/biblio1.mdp.edu.ar\/centro-ventas\/wp-json\/wp\/v2\/media?parent=1431"}],"wp:term":[{"taxonomy":"product_cat","embeddable":true,"href":"https:\/\/biblio1.mdp.edu.ar\/centro-ventas\/wp-json\/wp\/v2\/product_cat?post=1431"},{"taxonomy":"product_tag","embeddable":true,"href":"https:\/\/biblio1.mdp.edu.ar\/centro-ventas\/wp-json\/wp\/v2\/product_tag?post=1431"}],"curies":[{"name":"wp","href":"https:\/\/api.w.org\/{rel}","templated":true}]}}