{"id":1415,"date":"2018-10-19T21:58:56","date_gmt":"2018-10-20T00:58:56","guid":{"rendered":"http:\/\/biblio1.mdp.edu.ar\/centro-ventas\/?post_type=product&#038;p=1415"},"modified":"2025-09-01T18:22:47","modified_gmt":"2025-09-01T21:22:47","slug":"nuevas-tecnologias-para-nuevas-bibliotecas-desarrollo-de-servicios-de-informacion-electronica","status":"publish","type":"product","link":"https:\/\/biblio1.mdp.edu.ar\/centro-ventas\/producto\/nuevas-tecnologias-para-nuevas-bibliotecas-desarrollo-de-servicios-de-informacion-electronica\/","title":{"rendered":"Nuevas tecnolog\u00edas para nuevas bibliotecas  &#8211; Desarrollo de servicios de informaci\u00f3n electr\u00f3nica."},"content":{"rendered":"<p>La tecnolog\u00eda ya ha transformado el modo en que las bibliotecas prestan sus servicios, haciendo posible tambi\u00e9n la aparici\u00f3n de otros, inimaginables s\u00f3lo unos pocos a\u00f1os atr\u00e1s. Por tanto, el objetivo de este libro es proporcionar a los responsables de la toma de decisiones y a los profesionales que trabajan en los centros de informaci\u00f3n y documentaci\u00f3n un resumen conciso pero de relevancia sobre el estado de la cuesti\u00f3n en la utilizaci\u00f3n de las nuevas tecnolog\u00edas. Se procura favorecer el desarrollo de servicios digitales que respondan a las necesidades reales de los usuarios-sociales, culturales y econ\u00f3micas. Esta obra transita distintos temas como: las tecnolog\u00edas y procedimientos para el tratamiento de la informaci\u00f3n (infraestructuras y tecnolog\u00edas; tipos de documentos y formatos; software libre y los formatos abiertos, normas, pautas y directrices, etc.); la estructuraci\u00f3n de la informaci\u00f3n (lenguajes de marcado, sistemas de gesti\u00f3n de contenidos web y de documentos electr\u00f3nicos); y el dise\u00f1o y presentaci\u00f3n de la informaci\u00f3n (clasificaci\u00f3n y arquitectura de la informaci\u00f3n; accesibilidad web, interactividad de los servicios e interoperabilidad de los contenidos y canales de distribuci\u00f3n). En definitiva, se trata de un trabajo que brinda una visi\u00f3n panor\u00e1mica de un conjunto de tecnolog\u00edas consolidadas de amplia utilizaci\u00f3n en la generaci\u00f3n de contenidos electr\u00f3nicos y el desarrollo de servicios de informaci\u00f3n y documentaci\u00f3n para la web. Por tanto, puede convertirse en una herramienta \u00fatil para la formaci\u00f3n de los profesionales del \u00e1rea, una gu\u00eda a la hora de conocer las tecnolog\u00edas y metodolog\u00edas necesarias para emprender un proyecto de informaci\u00f3n electr\u00f3nica, o bien, puede ser utilizado como material de consulta o inspiraci\u00f3n. En cualquiera de los casos, la presente obra supone una sistematizaci\u00f3n de los aspectos tecnol\u00f3gicos b\u00e1sicos con los que debe interactuar el profesional de la informaci\u00f3n del siglo XXI.<\/p>\n<p>Jos\u00e9 \u00c1ngel Mart\u00ednez Usero<\/p>\n<p>9789871305278<\/p>\n","protected":false},"excerpt":{"rendered":"<p>La tecnolog\u00eda ya ha transformado el modo en que las bibliotecas prestan sus servicios, haciendo posible tambi\u00e9n la aparici\u00f3n de otros, inimaginables s\u00f3lo unos pocos a\u00f1os atr\u00e1s. Por tanto, el objetivo de este libro es proporcionar a los responsables de la toma de decisiones y a los profesionales que trabajan en los centros de informaci\u00f3n [&hellip;]<\/p>\n","protected":false},"featured_media":1416,"template":"","meta":{"_acf_changed":false,"_eb_attr":"","_crdt_document":"","_uag_custom_page_level_css":"","_editorskit_title_hidden":false,"_editorskit_reading_time":0,"_editorskit_is_block_options_detached":false,"_editorskit_block_options_position":"{}","site-sidebar-layout":"default","site-content-layout":"","ast-site-content-layout":"default","site-content-style":"default","site-sidebar-style":"default","ast-global-header-display":"","ast-banner-title-visibility":"","ast-main-header-display":"","ast-hfb-above-header-display":"","ast-hfb-below-header-display":"","ast-hfb-mobile-header-display":"","site-post-title":"","ast-breadcrumbs-content":"","ast-featured-img":"","footer-sml-layout":"","ast-disable-related-posts":"","theme-transparent-header-meta":"","adv-header-id-meta":"","stick-header-meta":"","header-above-stick-meta":"","header-main-stick-meta":"","header-below-stick-meta":"","astra-migrate-meta-layouts":"default","ast-page-background-enabled":"default","ast-page-background-meta":{"desktop":{"background-color":"var(--ast-global-color-4)","background-image":"","background-repeat":"repeat","background-position":"center center","background-size":"auto","background-attachment":"scroll","background-type":"","background-media":"","overlay-type":"","overlay-color":"","overlay-opacity":"","overlay-gradient":""},"tablet":{"background-color":"","background-image":"","background-repeat":"repeat","background-position":"center center","background-size":"auto","background-attachment":"scroll","background-type":"","background-media":"","overlay-type":"","overlay-color":"","overlay-opacity":"","overlay-gradient":""},"mobile":{"background-color":"","background-image":"","background-repeat":"repeat","background-position":"center center","background-size":"auto","background-attachment":"scroll","background-type":"","background-media":"","overlay-type":"","overlay-color":"","overlay-opacity":"","overlay-gradient":""}},"ast-content-background-meta":{"desktop":{"background-color":"var(--ast-global-color-5)","background-image":"","background-repeat":"repeat","background-position":"center center","background-size":"auto","background-attachment":"scroll","background-type":"","background-media":"","overlay-type":"","overlay-color":"","overlay-opacity":"","overlay-gradient":""},"tablet":{"background-color":"var(--ast-global-color-5)","background-image":"","background-repeat":"repeat","background-position":"center center","background-size":"auto","background-attachment":"scroll","background-type":"","background-media":"","overlay-type":"","overlay-color":"","overlay-opacity":"","overlay-gradient":""},"mobile":{"background-color":"var(--ast-global-color-5)","background-image":"","background-repeat":"repeat","background-position":"center center","background-size":"auto","background-attachment":"scroll","background-type":"","background-media":"","overlay-type":"","overlay-color":"","overlay-opacity":"","overlay-gradient":""}}},"product_cat":[74,28],"product_tag":[84],"class_list":{"0":"post-1415","1":"product","2":"type-product","3":"status-publish","4":"has-post-thumbnail","6":"product_cat-alfagrama","7":"product_cat-libro","8":"product_tag-bibliotecologia","9":"desktop-align-left","10":"tablet-align-left","11":"mobile-align-left","13":"first","14":"instock","15":"shipping-taxable","16":"purchasable","17":"product-type-simple"},"acf":[],"uagb_featured_image_src":{"full":["https:\/\/biblio1.mdp.edu.ar\/centro-ventas\/wp-content\/uploads\/sites\/2\/2018\/10\/NuevasTEc9789871305278_T.jpg",370,528,false],"thumbnail":["https:\/\/biblio1.mdp.edu.ar\/centro-ventas\/wp-content\/uploads\/sites\/2\/2018\/10\/NuevasTEc9789871305278_T-150x150.jpg",150,150,true],"medium":["https:\/\/biblio1.mdp.edu.ar\/centro-ventas\/wp-content\/uploads\/sites\/2\/2018\/10\/NuevasTEc9789871305278_T-210x300.jpg",210,300,true],"medium_large":["https:\/\/biblio1.mdp.edu.ar\/centro-ventas\/wp-content\/uploads\/sites\/2\/2018\/10\/NuevasTEc9789871305278_T.jpg",370,528,false],"large":["https:\/\/biblio1.mdp.edu.ar\/centro-ventas\/wp-content\/uploads\/sites\/2\/2018\/10\/NuevasTEc9789871305278_T.jpg",370,528,false],"1536x1536":["https:\/\/biblio1.mdp.edu.ar\/centro-ventas\/wp-content\/uploads\/sites\/2\/2018\/10\/NuevasTEc9789871305278_T.jpg",370,528,false],"2048x2048":["https:\/\/biblio1.mdp.edu.ar\/centro-ventas\/wp-content\/uploads\/sites\/2\/2018\/10\/NuevasTEc9789871305278_T.jpg",370,528,false],"woocommerce_thumbnail":["https:\/\/biblio1.mdp.edu.ar\/centro-ventas\/wp-content\/uploads\/sites\/2\/2018\/10\/NuevasTEc9789871305278_T-250x357.jpg",250,357,true],"woocommerce_single":["https:\/\/biblio1.mdp.edu.ar\/centro-ventas\/wp-content\/uploads\/sites\/2\/2018\/10\/NuevasTEc9789871305278_T.jpg",370,528,false],"woocommerce_gallery_thumbnail":["https:\/\/biblio1.mdp.edu.ar\/centro-ventas\/wp-content\/uploads\/sites\/2\/2018\/10\/NuevasTEc9789871305278_T-100x100.jpg",100,100,true]},"uagb_author_info":{"display_name":"Cristina Bernabe","author_link":"https:\/\/biblio1.mdp.edu.ar\/centro-ventas\/author\/"},"uagb_comment_info":0,"uagb_excerpt":"La tecnolog\u00eda ya ha transformado el modo en que las bibliotecas prestan sus servicios, haciendo posible tambi\u00e9n la aparici\u00f3n de otros, inimaginables s\u00f3lo unos pocos a\u00f1os atr\u00e1s. Por tanto, el objetivo de este libro es proporcionar a los responsables de la toma de decisiones y a los profesionales que trabajan en los centros de informaci\u00f3n&hellip;","_links":{"self":[{"href":"https:\/\/biblio1.mdp.edu.ar\/centro-ventas\/wp-json\/wp\/v2\/product\/1415","targetHints":{"allow":["GET"]}}],"collection":[{"href":"https:\/\/biblio1.mdp.edu.ar\/centro-ventas\/wp-json\/wp\/v2\/product"}],"about":[{"href":"https:\/\/biblio1.mdp.edu.ar\/centro-ventas\/wp-json\/wp\/v2\/types\/product"}],"wp:featuredmedia":[{"embeddable":true,"href":"https:\/\/biblio1.mdp.edu.ar\/centro-ventas\/wp-json\/wp\/v2\/media\/1416"}],"wp:attachment":[{"href":"https:\/\/biblio1.mdp.edu.ar\/centro-ventas\/wp-json\/wp\/v2\/media?parent=1415"}],"wp:term":[{"taxonomy":"product_cat","embeddable":true,"href":"https:\/\/biblio1.mdp.edu.ar\/centro-ventas\/wp-json\/wp\/v2\/product_cat?post=1415"},{"taxonomy":"product_tag","embeddable":true,"href":"https:\/\/biblio1.mdp.edu.ar\/centro-ventas\/wp-json\/wp\/v2\/product_tag?post=1415"}],"curies":[{"name":"wp","href":"https:\/\/api.w.org\/{rel}","templated":true}]}}