{"id":1413,"date":"2018-10-19T21:54:47","date_gmt":"2018-10-20T00:54:47","guid":{"rendered":"http:\/\/biblio1.mdp.edu.ar\/centro-ventas\/?post_type=product&#038;p=1413"},"modified":"2025-09-01T18:22:30","modified_gmt":"2025-09-01T21:22:30","slug":"metodologia-en-la-bibliotecologia","status":"publish","type":"product","link":"https:\/\/biblio1.mdp.edu.ar\/centro-ventas\/producto\/metodologia-en-la-bibliotecologia\/","title":{"rendered":"Metodolog\u00eda en la bibliotecolog\u00eda"},"content":{"rendered":"<p>Esta investigaci\u00f3n muestra una revisi\u00f3n y propuesta del concepto de metodolog\u00eda en la bibliotecolog\u00eda, con base en propuestas de la filosof\u00eda de la ciencia y la literatura bibliotecol\u00f3gica. La reflexi\u00f3n sobre la metodolog\u00eda es de vital importancia para cualquier disciplina que tenga como fin alcanzar un estatus adecuado dentro del saber. Sin embargo, a pesar de que la tradici\u00f3n cient\u00edfica marca la existencia de un m\u00e9todo cient\u00edfico, cuyas caracter\u00edsticas son universales y \u00fanicas, en fechas recientes tales afirmaciones han sido puestas en entredicho, en la obra de Thomas Kuhn y especialmente en la de Paul Feyerabend. Por lo tanto, antes de aceptar la existencia de la metodolog\u00eda es necesario poner en tela de juicio ese t\u00f3pico, en una disciplina j\u00f3ven como es la bibliotecolog\u00eda. Asunto que es puesto en debate en el presente libro. Valentino Morales Lopez<\/p>\n<p>9872207445<\/p>\n","protected":false},"excerpt":{"rendered":"<p>Esta investigaci\u00f3n muestra una revisi\u00f3n y propuesta del concepto de metodolog\u00eda en la bibliotecolog\u00eda, con base en propuestas de la filosof\u00eda de la ciencia y la literatura bibliotecol\u00f3gica. La reflexi\u00f3n sobre la metodolog\u00eda es de vital importancia para cualquier disciplina que tenga como fin alcanzar un estatus adecuado dentro del saber. Sin embargo, a pesar [&hellip;]<\/p>\n","protected":false},"featured_media":1414,"template":"","meta":{"_acf_changed":false,"_eb_attr":"","_crdt_document":"","_uag_custom_page_level_css":"","_editorskit_title_hidden":false,"_editorskit_reading_time":0,"_editorskit_is_block_options_detached":false,"_editorskit_block_options_position":"{}","site-sidebar-layout":"default","site-content-layout":"","ast-site-content-layout":"default","site-content-style":"default","site-sidebar-style":"default","ast-global-header-display":"","ast-banner-title-visibility":"","ast-main-header-display":"","ast-hfb-above-header-display":"","ast-hfb-below-header-display":"","ast-hfb-mobile-header-display":"","site-post-title":"","ast-breadcrumbs-content":"","ast-featured-img":"","footer-sml-layout":"","ast-disable-related-posts":"","theme-transparent-header-meta":"","adv-header-id-meta":"","stick-header-meta":"","header-above-stick-meta":"","header-main-stick-meta":"","header-below-stick-meta":"","astra-migrate-meta-layouts":"default","ast-page-background-enabled":"default","ast-page-background-meta":{"desktop":{"background-color":"var(--ast-global-color-4)","background-image":"","background-repeat":"repeat","background-position":"center center","background-size":"auto","background-attachment":"scroll","background-type":"","background-media":"","overlay-type":"","overlay-color":"","overlay-opacity":"","overlay-gradient":""},"tablet":{"background-color":"","background-image":"","background-repeat":"repeat","background-position":"center center","background-size":"auto","background-attachment":"scroll","background-type":"","background-media":"","overlay-type":"","overlay-color":"","overlay-opacity":"","overlay-gradient":""},"mobile":{"background-color":"","background-image":"","background-repeat":"repeat","background-position":"center center","background-size":"auto","background-attachment":"scroll","background-type":"","background-media":"","overlay-type":"","overlay-color":"","overlay-opacity":"","overlay-gradient":""}},"ast-content-background-meta":{"desktop":{"background-color":"var(--ast-global-color-5)","background-image":"","background-repeat":"repeat","background-position":"center center","background-size":"auto","background-attachment":"scroll","background-type":"","background-media":"","overlay-type":"","overlay-color":"","overlay-opacity":"","overlay-gradient":""},"tablet":{"background-color":"var(--ast-global-color-5)","background-image":"","background-repeat":"repeat","background-position":"center center","background-size":"auto","background-attachment":"scroll","background-type":"","background-media":"","overlay-type":"","overlay-color":"","overlay-opacity":"","overlay-gradient":""},"mobile":{"background-color":"var(--ast-global-color-5)","background-image":"","background-repeat":"repeat","background-position":"center center","background-size":"auto","background-attachment":"scroll","background-type":"","background-media":"","overlay-type":"","overlay-color":"","overlay-opacity":"","overlay-gradient":""}}},"product_cat":[74,28],"product_tag":[84],"class_list":{"0":"post-1413","1":"product","2":"type-product","3":"status-publish","4":"has-post-thumbnail","6":"product_cat-alfagrama","7":"product_cat-libro","8":"product_tag-bibliotecologia","9":"desktop-align-left","10":"tablet-align-left","11":"mobile-align-left","13":"first","14":"instock","15":"shipping-taxable","16":"purchasable","17":"product-type-simple"},"acf":[],"uagb_featured_image_src":{"full":["https:\/\/biblio1.mdp.edu.ar\/centro-ventas\/wp-content\/uploads\/sites\/2\/2018\/10\/metodologia9872207445_T.jpg",370,539,false],"thumbnail":["https:\/\/biblio1.mdp.edu.ar\/centro-ventas\/wp-content\/uploads\/sites\/2\/2018\/10\/metodologia9872207445_T-150x150.jpg",150,150,true],"medium":["https:\/\/biblio1.mdp.edu.ar\/centro-ventas\/wp-content\/uploads\/sites\/2\/2018\/10\/metodologia9872207445_T-206x300.jpg",206,300,true],"medium_large":["https:\/\/biblio1.mdp.edu.ar\/centro-ventas\/wp-content\/uploads\/sites\/2\/2018\/10\/metodologia9872207445_T.jpg",370,539,false],"large":["https:\/\/biblio1.mdp.edu.ar\/centro-ventas\/wp-content\/uploads\/sites\/2\/2018\/10\/metodologia9872207445_T.jpg",370,539,false],"1536x1536":["https:\/\/biblio1.mdp.edu.ar\/centro-ventas\/wp-content\/uploads\/sites\/2\/2018\/10\/metodologia9872207445_T.jpg",370,539,false],"2048x2048":["https:\/\/biblio1.mdp.edu.ar\/centro-ventas\/wp-content\/uploads\/sites\/2\/2018\/10\/metodologia9872207445_T.jpg",370,539,false],"woocommerce_thumbnail":["https:\/\/biblio1.mdp.edu.ar\/centro-ventas\/wp-content\/uploads\/sites\/2\/2018\/10\/metodologia9872207445_T-250x364.jpg",250,364,true],"woocommerce_single":["https:\/\/biblio1.mdp.edu.ar\/centro-ventas\/wp-content\/uploads\/sites\/2\/2018\/10\/metodologia9872207445_T.jpg",370,539,false],"woocommerce_gallery_thumbnail":["https:\/\/biblio1.mdp.edu.ar\/centro-ventas\/wp-content\/uploads\/sites\/2\/2018\/10\/metodologia9872207445_T-100x100.jpg",100,100,true]},"uagb_author_info":{"display_name":"Cristina Bernabe","author_link":"https:\/\/biblio1.mdp.edu.ar\/centro-ventas\/author\/"},"uagb_comment_info":0,"uagb_excerpt":"Esta investigaci\u00f3n muestra una revisi\u00f3n y propuesta del concepto de metodolog\u00eda en la bibliotecolog\u00eda, con base en propuestas de la filosof\u00eda de la ciencia y la literatura bibliotecol\u00f3gica. La reflexi\u00f3n sobre la metodolog\u00eda es de vital importancia para cualquier disciplina que tenga como fin alcanzar un estatus adecuado dentro del saber. Sin embargo, a pesar&hellip;","_links":{"self":[{"href":"https:\/\/biblio1.mdp.edu.ar\/centro-ventas\/wp-json\/wp\/v2\/product\/1413","targetHints":{"allow":["GET"]}}],"collection":[{"href":"https:\/\/biblio1.mdp.edu.ar\/centro-ventas\/wp-json\/wp\/v2\/product"}],"about":[{"href":"https:\/\/biblio1.mdp.edu.ar\/centro-ventas\/wp-json\/wp\/v2\/types\/product"}],"wp:featuredmedia":[{"embeddable":true,"href":"https:\/\/biblio1.mdp.edu.ar\/centro-ventas\/wp-json\/wp\/v2\/media\/1414"}],"wp:attachment":[{"href":"https:\/\/biblio1.mdp.edu.ar\/centro-ventas\/wp-json\/wp\/v2\/media?parent=1413"}],"wp:term":[{"taxonomy":"product_cat","embeddable":true,"href":"https:\/\/biblio1.mdp.edu.ar\/centro-ventas\/wp-json\/wp\/v2\/product_cat?post=1413"},{"taxonomy":"product_tag","embeddable":true,"href":"https:\/\/biblio1.mdp.edu.ar\/centro-ventas\/wp-json\/wp\/v2\/product_tag?post=1413"}],"curies":[{"name":"wp","href":"https:\/\/api.w.org\/{rel}","templated":true}]}}