{"id":1411,"date":"2018-10-19T21:50:33","date_gmt":"2018-10-20T00:50:33","guid":{"rendered":"http:\/\/biblio1.mdp.edu.ar\/centro-ventas\/?post_type=product&#038;p=1411"},"modified":"2025-09-01T18:22:17","modified_gmt":"2025-09-01T21:22:17","slug":"metadatos-para-la-descripcion-de-recursos-electronicos-en-linea-analisis-y-comparacion","status":"publish","type":"product","link":"https:\/\/biblio1.mdp.edu.ar\/centro-ventas\/producto\/metadatos-para-la-descripcion-de-recursos-electronicos-en-linea-analisis-y-comparacion\/","title":{"rendered":"Metadatos &#8211;\u00a0Para la descripci\u00f3n de recursos electr\u00f3nicos en l\u00ednea:\u00a0an\u00e1lisis y comparaci\u00f3n."},"content":{"rendered":"<p>La informaci\u00f3n digital difiere de la documentaci\u00f3n impresa en muchos aspectos, por lo que se ha generado un debate en el \u00e1mbito de los profesionales bibliotecarios con respecto a los m\u00e9todos tradicionales de procesamiento de la informaci\u00f3n. \u00bfQu\u00e9 son realmente los metadatos? \u00bfEs un concepto realmente nuevo? \u00bfCu\u00e1l es la diferencia con la catalogaci\u00f3n tradicional? \u00bfPara qu\u00e9 sirven? \u00bfQu\u00e9 normativas han surgido? \u00bfQu\u00e9 diferencias y similitudes hay entre ellas? Esta obra aborda el tema de los metadatos y las normativas internacionales para la descripci\u00f3n de recursos electr\u00f3nicos de informaci\u00f3n disponibles en l\u00ednea, analizando los problemas que presentan a nivel conceptual y de desarrollo de nuevas formas de estructurar la informaci\u00f3n. Desde una perspectiva bibliotecol\u00f3gica, se da preponderancia a la normalizaci\u00f3n y a las posibilidades de aplicaci\u00f3n de los desarrollos estudiados para organizar la informaci\u00f3n accesible v\u00eda Web. Consiste en un estudio comparativo de metadatos para la descripci\u00f3n de documentos accesibles por Internet. Se analizan las particularidades y dificultades propias de los recursos electr\u00f3nicos en l\u00ednea en cuanto a su catalogaci\u00f3n. Se definen y caracterizan los metadatos, se describen y analizan los diferentes esquemas (Marc 21, Dublin Core, TEI, MODS) y lenguajes (SGML, HTML, XML y RDF). La comparaci\u00f3n se realiza teniendo en cuenta caracter\u00edsticas como origen y prop\u00f3sito, estructura y contenido de la descripci\u00f3n, complejidad, sintaxis, contribuci\u00f3n a la normalizaci\u00f3n internacional, interoperabilidad, extensibilidad, flexibilidad, mantenimiento, documentaci\u00f3n existente, actualizaci\u00f3n y resultados obtenidos hasta el presente. Angelozzi, Silvina; Sandra Martin<\/p>\n<p>9789871305551<\/p>\n<div class=\"product_meta\"><\/div>\n<p>&nbsp;<\/p>\n","protected":false},"excerpt":{"rendered":"<p>La informaci\u00f3n digital difiere de la documentaci\u00f3n impresa en muchos aspectos, por lo que se ha generado un debate en el \u00e1mbito de los profesionales bibliotecarios con respecto a los m\u00e9todos tradicionales de procesamiento de la informaci\u00f3n. \u00bfQu\u00e9 son realmente los metadatos? \u00bfEs un concepto realmente nuevo? \u00bfCu\u00e1l es la diferencia con la catalogaci\u00f3n tradicional? [&hellip;]<\/p>\n","protected":false},"featured_media":1412,"template":"","meta":{"_acf_changed":false,"_eb_attr":"","_crdt_document":"","_uag_custom_page_level_css":"","_editorskit_title_hidden":false,"_editorskit_reading_time":0,"_editorskit_is_block_options_detached":false,"_editorskit_block_options_position":"{}","site-sidebar-layout":"default","site-content-layout":"","ast-site-content-layout":"default","site-content-style":"default","site-sidebar-style":"default","ast-global-header-display":"","ast-banner-title-visibility":"","ast-main-header-display":"","ast-hfb-above-header-display":"","ast-hfb-below-header-display":"","ast-hfb-mobile-header-display":"","site-post-title":"","ast-breadcrumbs-content":"","ast-featured-img":"","footer-sml-layout":"","ast-disable-related-posts":"","theme-transparent-header-meta":"","adv-header-id-meta":"","stick-header-meta":"","header-above-stick-meta":"","header-main-stick-meta":"","header-below-stick-meta":"","astra-migrate-meta-layouts":"default","ast-page-background-enabled":"default","ast-page-background-meta":{"desktop":{"background-color":"var(--ast-global-color-4)","background-image":"","background-repeat":"repeat","background-position":"center center","background-size":"auto","background-attachment":"scroll","background-type":"","background-media":"","overlay-type":"","overlay-color":"","overlay-opacity":"","overlay-gradient":""},"tablet":{"background-color":"","background-image":"","background-repeat":"repeat","background-position":"center center","background-size":"auto","background-attachment":"scroll","background-type":"","background-media":"","overlay-type":"","overlay-color":"","overlay-opacity":"","overlay-gradient":""},"mobile":{"background-color":"","background-image":"","background-repeat":"repeat","background-position":"center center","background-size":"auto","background-attachment":"scroll","background-type":"","background-media":"","overlay-type":"","overlay-color":"","overlay-opacity":"","overlay-gradient":""}},"ast-content-background-meta":{"desktop":{"background-color":"var(--ast-global-color-5)","background-image":"","background-repeat":"repeat","background-position":"center center","background-size":"auto","background-attachment":"scroll","background-type":"","background-media":"","overlay-type":"","overlay-color":"","overlay-opacity":"","overlay-gradient":""},"tablet":{"background-color":"var(--ast-global-color-5)","background-image":"","background-repeat":"repeat","background-position":"center center","background-size":"auto","background-attachment":"scroll","background-type":"","background-media":"","overlay-type":"","overlay-color":"","overlay-opacity":"","overlay-gradient":""},"mobile":{"background-color":"var(--ast-global-color-5)","background-image":"","background-repeat":"repeat","background-position":"center center","background-size":"auto","background-attachment":"scroll","background-type":"","background-media":"","overlay-type":"","overlay-color":"","overlay-opacity":"","overlay-gradient":""}}},"product_cat":[74,28],"product_tag":[84,89],"class_list":{"0":"post-1411","1":"product","2":"type-product","3":"status-publish","4":"has-post-thumbnail","6":"product_cat-alfagrama","7":"product_cat-libro","8":"product_tag-bibliotecologia","9":"product_tag-ciencias-de-la-informacion","10":"desktop-align-left","11":"tablet-align-left","12":"mobile-align-left","14":"first","15":"instock","16":"shipping-taxable","17":"purchasable","18":"product-type-simple"},"acf":[],"uagb_featured_image_src":{"full":["https:\/\/biblio1.mdp.edu.ar\/centro-ventas\/wp-content\/uploads\/sites\/2\/2018\/10\/metadatos9789871305551_T.jpg",370,539,false],"thumbnail":["https:\/\/biblio1.mdp.edu.ar\/centro-ventas\/wp-content\/uploads\/sites\/2\/2018\/10\/metadatos9789871305551_T-150x150.jpg",150,150,true],"medium":["https:\/\/biblio1.mdp.edu.ar\/centro-ventas\/wp-content\/uploads\/sites\/2\/2018\/10\/metadatos9789871305551_T-206x300.jpg",206,300,true],"medium_large":["https:\/\/biblio1.mdp.edu.ar\/centro-ventas\/wp-content\/uploads\/sites\/2\/2018\/10\/metadatos9789871305551_T.jpg",370,539,false],"large":["https:\/\/biblio1.mdp.edu.ar\/centro-ventas\/wp-content\/uploads\/sites\/2\/2018\/10\/metadatos9789871305551_T.jpg",370,539,false],"1536x1536":["https:\/\/biblio1.mdp.edu.ar\/centro-ventas\/wp-content\/uploads\/sites\/2\/2018\/10\/metadatos9789871305551_T.jpg",370,539,false],"2048x2048":["https:\/\/biblio1.mdp.edu.ar\/centro-ventas\/wp-content\/uploads\/sites\/2\/2018\/10\/metadatos9789871305551_T.jpg",370,539,false],"woocommerce_thumbnail":["https:\/\/biblio1.mdp.edu.ar\/centro-ventas\/wp-content\/uploads\/sites\/2\/2018\/10\/metadatos9789871305551_T-250x364.jpg",250,364,true],"woocommerce_single":["https:\/\/biblio1.mdp.edu.ar\/centro-ventas\/wp-content\/uploads\/sites\/2\/2018\/10\/metadatos9789871305551_T.jpg",370,539,false],"woocommerce_gallery_thumbnail":["https:\/\/biblio1.mdp.edu.ar\/centro-ventas\/wp-content\/uploads\/sites\/2\/2018\/10\/metadatos9789871305551_T-100x100.jpg",100,100,true]},"uagb_author_info":{"display_name":"Cristina Bernabe","author_link":"https:\/\/biblio1.mdp.edu.ar\/centro-ventas\/author\/"},"uagb_comment_info":0,"uagb_excerpt":"La informaci\u00f3n digital difiere de la documentaci\u00f3n impresa en muchos aspectos, por lo que se ha generado un debate en el \u00e1mbito de los profesionales bibliotecarios con respecto a los m\u00e9todos tradicionales de procesamiento de la informaci\u00f3n. \u00bfQu\u00e9 son realmente los metadatos? \u00bfEs un concepto realmente nuevo? \u00bfCu\u00e1l es la diferencia con la catalogaci\u00f3n tradicional?&hellip;","_links":{"self":[{"href":"https:\/\/biblio1.mdp.edu.ar\/centro-ventas\/wp-json\/wp\/v2\/product\/1411","targetHints":{"allow":["GET"]}}],"collection":[{"href":"https:\/\/biblio1.mdp.edu.ar\/centro-ventas\/wp-json\/wp\/v2\/product"}],"about":[{"href":"https:\/\/biblio1.mdp.edu.ar\/centro-ventas\/wp-json\/wp\/v2\/types\/product"}],"wp:featuredmedia":[{"embeddable":true,"href":"https:\/\/biblio1.mdp.edu.ar\/centro-ventas\/wp-json\/wp\/v2\/media\/1412"}],"wp:attachment":[{"href":"https:\/\/biblio1.mdp.edu.ar\/centro-ventas\/wp-json\/wp\/v2\/media?parent=1411"}],"wp:term":[{"taxonomy":"product_cat","embeddable":true,"href":"https:\/\/biblio1.mdp.edu.ar\/centro-ventas\/wp-json\/wp\/v2\/product_cat?post=1411"},{"taxonomy":"product_tag","embeddable":true,"href":"https:\/\/biblio1.mdp.edu.ar\/centro-ventas\/wp-json\/wp\/v2\/product_tag?post=1411"}],"curies":[{"name":"wp","href":"https:\/\/api.w.org\/{rel}","templated":true}]}}