{"id":1407,"date":"2018-10-18T22:15:14","date_gmt":"2018-10-19T01:15:14","guid":{"rendered":"http:\/\/biblio1.mdp.edu.ar\/centro-ventas\/?post_type=product&#038;p=1407"},"modified":"2025-09-01T16:11:28","modified_gmt":"2025-09-01T19:11:28","slug":"manual-para-la-preservacion-del-papel-nueva-era-de-la-conservacion-preventiva-y-su-aplicacion-actualizada","status":"publish","type":"product","link":"https:\/\/biblio1.mdp.edu.ar\/centro-ventas\/producto\/manual-para-la-preservacion-del-papel-nueva-era-de-la-conservacion-preventiva-y-su-aplicacion-actualizada\/","title":{"rendered":"Manual para la preservaci\u00f3n del papel &#8211; Nueva era de la Conservaci\u00f3n Preventiva y su aplicaci\u00f3n actualizada."},"content":{"rendered":"<p>El papel es uno de los materiales con m\u00e1s presencia en museos, bibliotecas y archivos, dado que gran parte de la producci\u00f3n art\u00edstica e hist\u00f3rica ha sido realizada en ese soporte. Curiosamente, para mantener la integridad de estos papeles patrimoniales, los conservadores necesitan recurrir a otros papeles: desde l\u00e1minas muy delgadas para reparaciones casi imperceptibles en libros, documentos y obras de arte, a s\u00f3lidos cartones para la confecci\u00f3n de sus encuademaciones, cajas y enmarcados. El mercado especializado ofrece variedades adecuadas para cada necesidad, pero para su selecci\u00f3n es imprescindible conocer las propiedades que los diferencian, y tambi\u00e9n las caracter\u00edsticas de los papeles a los que se aplicar\u00e1n. El acceso a estos conocimientos no es sencillo en espa\u00f1ol, porque la bibliograf\u00eda escrita en este idioma es escasa y no actualizada y los textos traducidos hacen referencia a condiciones y recursos diferentes de los que se manejan en nuestro contexto. Este libro de Silvio Goren constituye una contribuci\u00f3n significativa, porque condensa la informaci\u00f3n necesaria para comprender la problem\u00e1tica de la conservaci\u00f3n del papel y orienta hacia un mejor manejo de las colecciones, aportando soluciones para su limpieza, almacenamiento y exhibici\u00f3n. Es un completo manual que abarca un amplio abanico de temas: materia prima y formas de producci\u00f3n; tests de laboratorio para identificaci\u00f3n de caracter\u00edsticas y evaluaci\u00f3n de estado; mec\u00e1nica del deterioro y sus causas; tratamientos posibles y recomendables; gesti\u00f3n de riesgos en el marco de un plan de conservaci\u00f3n; e incluye adem\u00e1s un cap\u00edtulo -pr\u00e1cticamente in\u00e9dito en este tipo de publicaciones\u0097 referido al papel como soporte de las t\u00e9cnicas art\u00edsticas cl\u00e1sicas. El autor es un experimentado conservador argentino, que conoce las necesidades y las posibilidades de nuestro medio. En esta obra ha logrado un interesante equilibrio entre el aporte de datos y las reflexiones personales, desarrollando cada tema desde lo b\u00e1sico y en lenguaje coloquial, para posibilitar tambi\u00e9n la comprensi\u00f3n a quienes no son conservadores. Silvio Goren.<\/p>\n","protected":false},"excerpt":{"rendered":"<p>El papel es uno de los materiales con m\u00e1s presencia en museos, bibliotecas y archivos, dado que gran parte de la producci\u00f3n art\u00edstica e hist\u00f3rica ha sido realizada en ese soporte. Curiosamente, para mantener la integridad de estos papeles patrimoniales, los conservadores necesitan recurrir a otros papeles: desde l\u00e1minas muy delgadas para reparaciones casi imperceptibles [&hellip;]<\/p>\n","protected":false},"featured_media":1408,"template":"","meta":{"_acf_changed":false,"_eb_attr":"","_crdt_document":"","_uag_custom_page_level_css":"","_editorskit_title_hidden":false,"_editorskit_reading_time":0,"_editorskit_is_block_options_detached":false,"_editorskit_block_options_position":"{}","site-sidebar-layout":"default","site-content-layout":"","ast-site-content-layout":"default","site-content-style":"default","site-sidebar-style":"default","ast-global-header-display":"","ast-banner-title-visibility":"","ast-main-header-display":"","ast-hfb-above-header-display":"","ast-hfb-below-header-display":"","ast-hfb-mobile-header-display":"","site-post-title":"","ast-breadcrumbs-content":"","ast-featured-img":"","footer-sml-layout":"","ast-disable-related-posts":"","theme-transparent-header-meta":"","adv-header-id-meta":"","stick-header-meta":"","header-above-stick-meta":"","header-main-stick-meta":"","header-below-stick-meta":"","astra-migrate-meta-layouts":"default","ast-page-background-enabled":"default","ast-page-background-meta":{"desktop":{"background-color":"var(--ast-global-color-4)","background-image":"","background-repeat":"repeat","background-position":"center center","background-size":"auto","background-attachment":"scroll","background-type":"","background-media":"","overlay-type":"","overlay-color":"","overlay-opacity":"","overlay-gradient":""},"tablet":{"background-color":"","background-image":"","background-repeat":"repeat","background-position":"center center","background-size":"auto","background-attachment":"scroll","background-type":"","background-media":"","overlay-type":"","overlay-color":"","overlay-opacity":"","overlay-gradient":""},"mobile":{"background-color":"","background-image":"","background-repeat":"repeat","background-position":"center center","background-size":"auto","background-attachment":"scroll","background-type":"","background-media":"","overlay-type":"","overlay-color":"","overlay-opacity":"","overlay-gradient":""}},"ast-content-background-meta":{"desktop":{"background-color":"var(--ast-global-color-5)","background-image":"","background-repeat":"repeat","background-position":"center center","background-size":"auto","background-attachment":"scroll","background-type":"","background-media":"","overlay-type":"","overlay-color":"","overlay-opacity":"","overlay-gradient":""},"tablet":{"background-color":"var(--ast-global-color-5)","background-image":"","background-repeat":"repeat","background-position":"center center","background-size":"auto","background-attachment":"scroll","background-type":"","background-media":"","overlay-type":"","overlay-color":"","overlay-opacity":"","overlay-gradient":""},"mobile":{"background-color":"var(--ast-global-color-5)","background-image":"","background-repeat":"repeat","background-position":"center center","background-size":"auto","background-attachment":"scroll","background-type":"","background-media":"","overlay-type":"","overlay-color":"","overlay-opacity":"","overlay-gradient":""}}},"product_cat":[74,28],"product_tag":[84,94],"class_list":{"0":"post-1407","1":"product","2":"type-product","3":"status-publish","4":"has-post-thumbnail","6":"product_cat-alfagrama","7":"product_cat-libro","8":"product_tag-bibliotecologia","9":"product_tag-conservacion","10":"desktop-align-left","11":"tablet-align-left","12":"mobile-align-left","14":"first","15":"instock","16":"shipping-taxable","17":"purchasable","18":"product-type-simple"},"acf":[],"uagb_featured_image_src":{"full":["https:\/\/biblio1.mdp.edu.ar\/centro-ventas\/wp-content\/uploads\/sites\/2\/2018\/10\/manualpreservacion-9789871305605_T.jpg",370,529,false],"thumbnail":["https:\/\/biblio1.mdp.edu.ar\/centro-ventas\/wp-content\/uploads\/sites\/2\/2018\/10\/manualpreservacion-9789871305605_T-150x150.jpg",150,150,true],"medium":["https:\/\/biblio1.mdp.edu.ar\/centro-ventas\/wp-content\/uploads\/sites\/2\/2018\/10\/manualpreservacion-9789871305605_T-210x300.jpg",210,300,true],"medium_large":["https:\/\/biblio1.mdp.edu.ar\/centro-ventas\/wp-content\/uploads\/sites\/2\/2018\/10\/manualpreservacion-9789871305605_T.jpg",370,529,false],"large":["https:\/\/biblio1.mdp.edu.ar\/centro-ventas\/wp-content\/uploads\/sites\/2\/2018\/10\/manualpreservacion-9789871305605_T.jpg",370,529,false],"1536x1536":["https:\/\/biblio1.mdp.edu.ar\/centro-ventas\/wp-content\/uploads\/sites\/2\/2018\/10\/manualpreservacion-9789871305605_T.jpg",370,529,false],"2048x2048":["https:\/\/biblio1.mdp.edu.ar\/centro-ventas\/wp-content\/uploads\/sites\/2\/2018\/10\/manualpreservacion-9789871305605_T.jpg",370,529,false],"woocommerce_thumbnail":["https:\/\/biblio1.mdp.edu.ar\/centro-ventas\/wp-content\/uploads\/sites\/2\/2018\/10\/manualpreservacion-9789871305605_T-250x357.jpg",250,357,true],"woocommerce_single":["https:\/\/biblio1.mdp.edu.ar\/centro-ventas\/wp-content\/uploads\/sites\/2\/2018\/10\/manualpreservacion-9789871305605_T.jpg",370,529,false],"woocommerce_gallery_thumbnail":["https:\/\/biblio1.mdp.edu.ar\/centro-ventas\/wp-content\/uploads\/sites\/2\/2018\/10\/manualpreservacion-9789871305605_T-100x100.jpg",100,100,true]},"uagb_author_info":{"display_name":"Cristina Bernabe","author_link":"https:\/\/biblio1.mdp.edu.ar\/centro-ventas\/author\/"},"uagb_comment_info":0,"uagb_excerpt":"El papel es uno de los materiales con m\u00e1s presencia en museos, bibliotecas y archivos, dado que gran parte de la producci\u00f3n art\u00edstica e hist\u00f3rica ha sido realizada en ese soporte. Curiosamente, para mantener la integridad de estos papeles patrimoniales, los conservadores necesitan recurrir a otros papeles: desde l\u00e1minas muy delgadas para reparaciones casi imperceptibles&hellip;","_links":{"self":[{"href":"https:\/\/biblio1.mdp.edu.ar\/centro-ventas\/wp-json\/wp\/v2\/product\/1407","targetHints":{"allow":["GET"]}}],"collection":[{"href":"https:\/\/biblio1.mdp.edu.ar\/centro-ventas\/wp-json\/wp\/v2\/product"}],"about":[{"href":"https:\/\/biblio1.mdp.edu.ar\/centro-ventas\/wp-json\/wp\/v2\/types\/product"}],"wp:featuredmedia":[{"embeddable":true,"href":"https:\/\/biblio1.mdp.edu.ar\/centro-ventas\/wp-json\/wp\/v2\/media\/1408"}],"wp:attachment":[{"href":"https:\/\/biblio1.mdp.edu.ar\/centro-ventas\/wp-json\/wp\/v2\/media?parent=1407"}],"wp:term":[{"taxonomy":"product_cat","embeddable":true,"href":"https:\/\/biblio1.mdp.edu.ar\/centro-ventas\/wp-json\/wp\/v2\/product_cat?post=1407"},{"taxonomy":"product_tag","embeddable":true,"href":"https:\/\/biblio1.mdp.edu.ar\/centro-ventas\/wp-json\/wp\/v2\/product_tag?post=1407"}],"curies":[{"name":"wp","href":"https:\/\/api.w.org\/{rel}","templated":true}]}}