{"id":1405,"date":"2018-10-18T22:01:19","date_gmt":"2018-10-19T01:01:19","guid":{"rendered":"http:\/\/biblio1.mdp.edu.ar\/centro-ventas\/?post_type=product&#038;p=1405"},"modified":"2025-09-01T18:12:22","modified_gmt":"2025-09-01T21:12:22","slug":"libro-electronico-en-la-universidad-testimonios-y-reflexiones","status":"publish","type":"product","link":"https:\/\/biblio1.mdp.edu.ar\/centro-ventas\/producto\/libro-electronico-en-la-universidad-testimonios-y-reflexiones\/","title":{"rendered":"El libro electr\u00f3nico en la universidad &#8211;\u00a0Testimonios y reflexiones."},"content":{"rendered":"<p>&nbsp;<\/p>\n<p>Sin duda, el documento que el lector tiene en sus manos, refleja la copiiosa incidencia tecnol\u00f3gica manifiesta en las instituciones de educaci\u00f3n superior del pa\u00eds. Estudiar y hablar del fen\u00f3meno \u00ablibro electr\u00f3nico\u00bb, en nuestra sociedad contempor\u00e1nea, infiere un buen n\u00famero de reflexiones: por un lado, que el soporte que ofrece la tecnolog\u00eda, tambi\u00e9n se hace presente en las bibliotecas con todo lo que ello implique, y por el otro, que m\u00e1s all\u00e1 de ver el soporte electr\u00f3nico que resguarda al libro como un sustituto del libro impreso, se observe como un complemento importante en la conformaci\u00f3n de acervos. Quien comppila y quienes escriben la obra en estos cinco cap\u00edtulos, dan cuenta de la importancia que reviste para las bibliotecas, acercar a sus usuarios la informaci\u00f3n en una alternativa m\u00e1s: el formato electr\u00f3nico. El libro como veh\u00edculo de ciencia, tecnolog\u00eda, cultura y conocimiento, revoluciona su presencia. Permite que el bibliotecario y el estudioso del acontecer en las labores bibliotecarias se ubique en la realidad insoslayable al permitir y convivir en la cotidianidad con documentos, textos, etc., que revitalizan y enriquecen los servicios bibliotecarios de un buen n\u00famero de bibliotecas mexicanas: p\u00fablicas, escolares, especilizadas o universitrias. La obra es consulta obligada para los bibliotecarios, experimientados o iniciados en las artes disciplinarias de la bibliotecolog\u00eda. Gama Ram\u00edrez.\u00a0 9789871305087<\/p>\n<p>&nbsp;<\/p>\n","protected":false},"excerpt":{"rendered":"<p>&nbsp; Sin duda, el documento que el lector tiene en sus manos, refleja la copiiosa incidencia tecnol\u00f3gica manifiesta en las instituciones de educaci\u00f3n superior del pa\u00eds. Estudiar y hablar del fen\u00f3meno \u00ablibro electr\u00f3nico\u00bb, en nuestra sociedad contempor\u00e1nea, infiere un buen n\u00famero de reflexiones: por un lado, que el soporte que ofrece la tecnolog\u00eda, tambi\u00e9n se [&hellip;]<\/p>\n","protected":false},"featured_media":1406,"template":"","meta":{"_acf_changed":false,"_eb_attr":"","_crdt_document":"","_uag_custom_page_level_css":"","_editorskit_title_hidden":false,"_editorskit_reading_time":0,"_editorskit_is_block_options_detached":false,"_editorskit_block_options_position":"{}","site-sidebar-layout":"default","site-content-layout":"","ast-site-content-layout":"default","site-content-style":"default","site-sidebar-style":"default","ast-global-header-display":"","ast-banner-title-visibility":"","ast-main-header-display":"","ast-hfb-above-header-display":"","ast-hfb-below-header-display":"","ast-hfb-mobile-header-display":"","site-post-title":"","ast-breadcrumbs-content":"","ast-featured-img":"","footer-sml-layout":"","ast-disable-related-posts":"","theme-transparent-header-meta":"","adv-header-id-meta":"","stick-header-meta":"","header-above-stick-meta":"","header-main-stick-meta":"","header-below-stick-meta":"","astra-migrate-meta-layouts":"default","ast-page-background-enabled":"default","ast-page-background-meta":{"desktop":{"background-color":"var(--ast-global-color-4)","background-image":"","background-repeat":"repeat","background-position":"center center","background-size":"auto","background-attachment":"scroll","background-type":"","background-media":"","overlay-type":"","overlay-color":"","overlay-opacity":"","overlay-gradient":""},"tablet":{"background-color":"","background-image":"","background-repeat":"repeat","background-position":"center center","background-size":"auto","background-attachment":"scroll","background-type":"","background-media":"","overlay-type":"","overlay-color":"","overlay-opacity":"","overlay-gradient":""},"mobile":{"background-color":"","background-image":"","background-repeat":"repeat","background-position":"center center","background-size":"auto","background-attachment":"scroll","background-type":"","background-media":"","overlay-type":"","overlay-color":"","overlay-opacity":"","overlay-gradient":""}},"ast-content-background-meta":{"desktop":{"background-color":"var(--ast-global-color-5)","background-image":"","background-repeat":"repeat","background-position":"center center","background-size":"auto","background-attachment":"scroll","background-type":"","background-media":"","overlay-type":"","overlay-color":"","overlay-opacity":"","overlay-gradient":""},"tablet":{"background-color":"var(--ast-global-color-5)","background-image":"","background-repeat":"repeat","background-position":"center center","background-size":"auto","background-attachment":"scroll","background-type":"","background-media":"","overlay-type":"","overlay-color":"","overlay-opacity":"","overlay-gradient":""},"mobile":{"background-color":"var(--ast-global-color-5)","background-image":"","background-repeat":"repeat","background-position":"center center","background-size":"auto","background-attachment":"scroll","background-type":"","background-media":"","overlay-type":"","overlay-color":"","overlay-opacity":"","overlay-gradient":""}}},"product_cat":[74,28],"product_tag":[84,89],"class_list":{"0":"post-1405","1":"product","2":"type-product","3":"status-publish","4":"has-post-thumbnail","6":"product_cat-alfagrama","7":"product_cat-libro","8":"product_tag-bibliotecologia","9":"product_tag-ciencias-de-la-informacion","10":"desktop-align-left","11":"tablet-align-left","12":"mobile-align-left","14":"first","15":"instock","16":"shipping-taxable","17":"purchasable","18":"product-type-simple"},"acf":[],"uagb_featured_image_src":{"full":["https:\/\/biblio1.mdp.edu.ar\/centro-ventas\/wp-content\/uploads\/sites\/2\/2018\/10\/libroElecttapa-electronico-new.jpg",370,537,false],"thumbnail":["https:\/\/biblio1.mdp.edu.ar\/centro-ventas\/wp-content\/uploads\/sites\/2\/2018\/10\/libroElecttapa-electronico-new-150x150.jpg",150,150,true],"medium":["https:\/\/biblio1.mdp.edu.ar\/centro-ventas\/wp-content\/uploads\/sites\/2\/2018\/10\/libroElecttapa-electronico-new-207x300.jpg",207,300,true],"medium_large":["https:\/\/biblio1.mdp.edu.ar\/centro-ventas\/wp-content\/uploads\/sites\/2\/2018\/10\/libroElecttapa-electronico-new.jpg",370,537,false],"large":["https:\/\/biblio1.mdp.edu.ar\/centro-ventas\/wp-content\/uploads\/sites\/2\/2018\/10\/libroElecttapa-electronico-new.jpg",370,537,false],"1536x1536":["https:\/\/biblio1.mdp.edu.ar\/centro-ventas\/wp-content\/uploads\/sites\/2\/2018\/10\/libroElecttapa-electronico-new.jpg",370,537,false],"2048x2048":["https:\/\/biblio1.mdp.edu.ar\/centro-ventas\/wp-content\/uploads\/sites\/2\/2018\/10\/libroElecttapa-electronico-new.jpg",370,537,false],"woocommerce_thumbnail":["https:\/\/biblio1.mdp.edu.ar\/centro-ventas\/wp-content\/uploads\/sites\/2\/2018\/10\/libroElecttapa-electronico-new-250x363.jpg",250,363,true],"woocommerce_single":["https:\/\/biblio1.mdp.edu.ar\/centro-ventas\/wp-content\/uploads\/sites\/2\/2018\/10\/libroElecttapa-electronico-new.jpg",370,537,false],"woocommerce_gallery_thumbnail":["https:\/\/biblio1.mdp.edu.ar\/centro-ventas\/wp-content\/uploads\/sites\/2\/2018\/10\/libroElecttapa-electronico-new-100x100.jpg",100,100,true]},"uagb_author_info":{"display_name":"Cristina Bernabe","author_link":"https:\/\/biblio1.mdp.edu.ar\/centro-ventas\/author\/"},"uagb_comment_info":0,"uagb_excerpt":"&nbsp; Sin duda, el documento que el lector tiene en sus manos, refleja la copiiosa incidencia tecnol\u00f3gica manifiesta en las instituciones de educaci\u00f3n superior del pa\u00eds. Estudiar y hablar del fen\u00f3meno \u00ablibro electr\u00f3nico\u00bb, en nuestra sociedad contempor\u00e1nea, infiere un buen n\u00famero de reflexiones: por un lado, que el soporte que ofrece la tecnolog\u00eda, tambi\u00e9n se&hellip;","_links":{"self":[{"href":"https:\/\/biblio1.mdp.edu.ar\/centro-ventas\/wp-json\/wp\/v2\/product\/1405","targetHints":{"allow":["GET"]}}],"collection":[{"href":"https:\/\/biblio1.mdp.edu.ar\/centro-ventas\/wp-json\/wp\/v2\/product"}],"about":[{"href":"https:\/\/biblio1.mdp.edu.ar\/centro-ventas\/wp-json\/wp\/v2\/types\/product"}],"wp:featuredmedia":[{"embeddable":true,"href":"https:\/\/biblio1.mdp.edu.ar\/centro-ventas\/wp-json\/wp\/v2\/media\/1406"}],"wp:attachment":[{"href":"https:\/\/biblio1.mdp.edu.ar\/centro-ventas\/wp-json\/wp\/v2\/media?parent=1405"}],"wp:term":[{"taxonomy":"product_cat","embeddable":true,"href":"https:\/\/biblio1.mdp.edu.ar\/centro-ventas\/wp-json\/wp\/v2\/product_cat?post=1405"},{"taxonomy":"product_tag","embeddable":true,"href":"https:\/\/biblio1.mdp.edu.ar\/centro-ventas\/wp-json\/wp\/v2\/product_tag?post=1405"}],"curies":[{"name":"wp","href":"https:\/\/api.w.org\/{rel}","templated":true}]}}