{"id":1403,"date":"2018-10-18T21:57:23","date_gmt":"2018-10-19T00:57:23","guid":{"rendered":"http:\/\/biblio1.mdp.edu.ar\/centro-ventas\/?post_type=product&#038;p=1403"},"modified":"2025-09-01T18:19:35","modified_gmt":"2025-09-01T21:19:35","slug":"infodiversidad-y-cibercultura-globalizacion-e-informacion-en-america-latina","status":"publish","type":"product","link":"https:\/\/biblio1.mdp.edu.ar\/centro-ventas\/producto\/infodiversidad-y-cibercultura-globalizacion-e-informacion-en-america-latina\/","title":{"rendered":"Infodiversidad y cibercultura &#8211; Globalizaci\u00f3n e informaci\u00f3n en Am\u00e9rica Latina."},"content":{"rendered":"<div class=\"container\">\n<div class=\"right-detail content-tab col-md-8 col-sm-12 col-xs-12 book-center\">\n<div id=\"over-view\" class=\"book-desc-detail book-tab-show\">\n<p>La existencia y el uso de la informaci\u00f3n se relacionan con uno de los fen\u00f3menos caracter\u00edsticos de nuestro tiempo: la globalizaci\u00f3n. En efecto, la informaci\u00f3n, como parte fundamental de todo movimiento cultural y como uno de los productos mas distintivos del ser humano, posibilita conocernos a nosotros mismos y a los otros, permite realizar una relectura del ser y del quehacer. Esta interpretaci\u00f3n se logra gracias a las fuentes informativas creadas y disponibles en la propia regi\u00f3n, las cuales nos brindan elementos para concebir a esta como una comunidad vigorosa, todav\u00eda llena de expectativas, riquezas y fortalezas, que tiene asignado un papel protag\u00f3nico (no solo receptor), en un mundo que, al inicio de un nuevo milenio, afronta la controvertida participaci\u00f3n de pa\u00edses, bloques y regiones. Las sociedades desarrolladas se han nutrido del conocimiento y han evitado la improvisaci\u00f3n con el fin de utilizar informaci\u00f3n para tomar decisiones y generar ciencia, tecnolog\u00eda, arte y cultura en general; de tal modo, sortean las contradicciones y las presiones que imponen los intereses mercantiles de las econom\u00edas globalizadas. Los pa\u00edses en v\u00edas de desarrollo (perif\u00e9ricos y d\u00e9biles), a su vez, presentan un notorio desfase respecto de la infraestructura del mundo del conocimiento, porque su base educativa es d\u00e9bil y su inversi\u00f3n en escuelas, universidades y centros que acopian y ofrecen informaci\u00f3n resultan pobres, y hay que reconocer que los bienes del conocimiento no se adquieren de un d\u00eda para otro: constituyen inversiones a largo plazo e implican un esfuerzo constante durante la vida de una persona, un pueblo o un pa\u00eds. Las contribuciones de este volumen representan una aportaci\u00f3n para conocernos mas a partir de uno de los productos culturales mas importantes de nuestro tiempo: la informaci\u00f3n; a partir de ella, es posible construir las acciones y las fuerzas que permitan la integraci\u00f3n y la convivencia positiva y proactiva de la gran comunidad que forman Am\u00e9rica Latina y el Caribe dentro del concierto mundial. Estela Morales Campos. 9789871305148<\/p>\n<\/div>\n<\/div>\n<\/div>\n<p>&nbsp;<\/p>\n<p>&nbsp;<\/p>\n<p>&nbsp;<\/p>\n","protected":false},"excerpt":{"rendered":"<p>La existencia y el uso de la informaci\u00f3n se relacionan con uno de los fen\u00f3menos caracter\u00edsticos de nuestro tiempo: la globalizaci\u00f3n. En efecto, la informaci\u00f3n, como parte fundamental de todo movimiento cultural y como uno de los productos mas distintivos del ser humano, posibilita conocernos a nosotros mismos y a los otros, permite realizar una [&hellip;]<\/p>\n","protected":false},"featured_media":1404,"template":"","meta":{"_acf_changed":false,"_eb_attr":"","_crdt_document":"","_uag_custom_page_level_css":"","_editorskit_title_hidden":false,"_editorskit_reading_time":0,"_editorskit_is_block_options_detached":false,"_editorskit_block_options_position":"{}","site-sidebar-layout":"default","site-content-layout":"","ast-site-content-layout":"default","site-content-style":"default","site-sidebar-style":"default","ast-global-header-display":"","ast-banner-title-visibility":"","ast-main-header-display":"","ast-hfb-above-header-display":"","ast-hfb-below-header-display":"","ast-hfb-mobile-header-display":"","site-post-title":"","ast-breadcrumbs-content":"","ast-featured-img":"","footer-sml-layout":"","ast-disable-related-posts":"","theme-transparent-header-meta":"","adv-header-id-meta":"","stick-header-meta":"","header-above-stick-meta":"","header-main-stick-meta":"","header-below-stick-meta":"","astra-migrate-meta-layouts":"default","ast-page-background-enabled":"default","ast-page-background-meta":{"desktop":{"background-color":"var(--ast-global-color-4)","background-image":"","background-repeat":"repeat","background-position":"center center","background-size":"auto","background-attachment":"scroll","background-type":"","background-media":"","overlay-type":"","overlay-color":"","overlay-opacity":"","overlay-gradient":""},"tablet":{"background-color":"","background-image":"","background-repeat":"repeat","background-position":"center center","background-size":"auto","background-attachment":"scroll","background-type":"","background-media":"","overlay-type":"","overlay-color":"","overlay-opacity":"","overlay-gradient":""},"mobile":{"background-color":"","background-image":"","background-repeat":"repeat","background-position":"center center","background-size":"auto","background-attachment":"scroll","background-type":"","background-media":"","overlay-type":"","overlay-color":"","overlay-opacity":"","overlay-gradient":""}},"ast-content-background-meta":{"desktop":{"background-color":"var(--ast-global-color-5)","background-image":"","background-repeat":"repeat","background-position":"center center","background-size":"auto","background-attachment":"scroll","background-type":"","background-media":"","overlay-type":"","overlay-color":"","overlay-opacity":"","overlay-gradient":""},"tablet":{"background-color":"var(--ast-global-color-5)","background-image":"","background-repeat":"repeat","background-position":"center center","background-size":"auto","background-attachment":"scroll","background-type":"","background-media":"","overlay-type":"","overlay-color":"","overlay-opacity":"","overlay-gradient":""},"mobile":{"background-color":"var(--ast-global-color-5)","background-image":"","background-repeat":"repeat","background-position":"center center","background-size":"auto","background-attachment":"scroll","background-type":"","background-media":"","overlay-type":"","overlay-color":"","overlay-opacity":"","overlay-gradient":""}}},"product_cat":[74,28],"product_tag":[89],"class_list":{"0":"post-1403","1":"product","2":"type-product","3":"status-publish","4":"has-post-thumbnail","6":"product_cat-alfagrama","7":"product_cat-libro","8":"product_tag-ciencias-de-la-informacion","9":"desktop-align-left","10":"tablet-align-left","11":"mobile-align-left","13":"first","14":"instock","15":"shipping-taxable","16":"purchasable","17":"product-type-simple"},"acf":[],"uagb_featured_image_src":{"full":["https:\/\/biblio1.mdp.edu.ar\/centro-ventas\/wp-content\/uploads\/sites\/2\/2018\/10\/infodiversidad9789871305148_frontcover.jpg",370,531,false],"thumbnail":["https:\/\/biblio1.mdp.edu.ar\/centro-ventas\/wp-content\/uploads\/sites\/2\/2018\/10\/infodiversidad9789871305148_frontcover-150x150.jpg",150,150,true],"medium":["https:\/\/biblio1.mdp.edu.ar\/centro-ventas\/wp-content\/uploads\/sites\/2\/2018\/10\/infodiversidad9789871305148_frontcover-209x300.jpg",209,300,true],"medium_large":["https:\/\/biblio1.mdp.edu.ar\/centro-ventas\/wp-content\/uploads\/sites\/2\/2018\/10\/infodiversidad9789871305148_frontcover.jpg",370,531,false],"large":["https:\/\/biblio1.mdp.edu.ar\/centro-ventas\/wp-content\/uploads\/sites\/2\/2018\/10\/infodiversidad9789871305148_frontcover.jpg",370,531,false],"1536x1536":["https:\/\/biblio1.mdp.edu.ar\/centro-ventas\/wp-content\/uploads\/sites\/2\/2018\/10\/infodiversidad9789871305148_frontcover.jpg",370,531,false],"2048x2048":["https:\/\/biblio1.mdp.edu.ar\/centro-ventas\/wp-content\/uploads\/sites\/2\/2018\/10\/infodiversidad9789871305148_frontcover.jpg",370,531,false],"woocommerce_thumbnail":["https:\/\/biblio1.mdp.edu.ar\/centro-ventas\/wp-content\/uploads\/sites\/2\/2018\/10\/infodiversidad9789871305148_frontcover-250x359.jpg",250,359,true],"woocommerce_single":["https:\/\/biblio1.mdp.edu.ar\/centro-ventas\/wp-content\/uploads\/sites\/2\/2018\/10\/infodiversidad9789871305148_frontcover.jpg",370,531,false],"woocommerce_gallery_thumbnail":["https:\/\/biblio1.mdp.edu.ar\/centro-ventas\/wp-content\/uploads\/sites\/2\/2018\/10\/infodiversidad9789871305148_frontcover-100x100.jpg",100,100,true]},"uagb_author_info":{"display_name":"Cristina Bernabe","author_link":"https:\/\/biblio1.mdp.edu.ar\/centro-ventas\/author\/"},"uagb_comment_info":0,"uagb_excerpt":"La existencia y el uso de la informaci\u00f3n se relacionan con uno de los fen\u00f3menos caracter\u00edsticos de nuestro tiempo: la globalizaci\u00f3n. En efecto, la informaci\u00f3n, como parte fundamental de todo movimiento cultural y como uno de los productos mas distintivos del ser humano, posibilita conocernos a nosotros mismos y a los otros, permite realizar una&hellip;","_links":{"self":[{"href":"https:\/\/biblio1.mdp.edu.ar\/centro-ventas\/wp-json\/wp\/v2\/product\/1403","targetHints":{"allow":["GET"]}}],"collection":[{"href":"https:\/\/biblio1.mdp.edu.ar\/centro-ventas\/wp-json\/wp\/v2\/product"}],"about":[{"href":"https:\/\/biblio1.mdp.edu.ar\/centro-ventas\/wp-json\/wp\/v2\/types\/product"}],"wp:featuredmedia":[{"embeddable":true,"href":"https:\/\/biblio1.mdp.edu.ar\/centro-ventas\/wp-json\/wp\/v2\/media\/1404"}],"wp:attachment":[{"href":"https:\/\/biblio1.mdp.edu.ar\/centro-ventas\/wp-json\/wp\/v2\/media?parent=1403"}],"wp:term":[{"taxonomy":"product_cat","embeddable":true,"href":"https:\/\/biblio1.mdp.edu.ar\/centro-ventas\/wp-json\/wp\/v2\/product_cat?post=1403"},{"taxonomy":"product_tag","embeddable":true,"href":"https:\/\/biblio1.mdp.edu.ar\/centro-ventas\/wp-json\/wp\/v2\/product_tag?post=1403"}],"curies":[{"name":"wp","href":"https:\/\/api.w.org\/{rel}","templated":true}]}}