{"id":1397,"date":"2018-10-18T20:35:25","date_gmt":"2018-10-18T23:35:25","guid":{"rendered":"http:\/\/biblio1.mdp.edu.ar\/centro-ventas\/?post_type=product&#038;p=1397"},"modified":"2025-09-01T18:18:52","modified_gmt":"2025-09-01T21:18:52","slug":"impacto-tecnologico-y-arquitectura-en-bibliotecas","status":"publish","type":"product","link":"https:\/\/biblio1.mdp.edu.ar\/centro-ventas\/producto\/impacto-tecnologico-y-arquitectura-en-bibliotecas\/","title":{"rendered":"Impacto tecnol\u00f3gico y arquitectura en bibliotecas"},"content":{"rendered":"<div class=\"product_meta\"><span style=\"font-size: 1rem;line-height: 1.66\">Las bibliotecas y los centros de documentaci\u00f3n est\u00e1n en evoluci\u00f3n constante, bajo el efecto de las emergentes nuevas tecnolog\u00edas y modalidades de aprendizaje. \u00bfC\u00f3mo concebir la biblioteca del futuro? \u00bfQu\u00e9 papel desempe\u00f1ar\u00e1 en el ambiente escolar, en el sistema educativo y en la sociedad en general? \u00bfC\u00f3mo se est\u00e9 desarrollando la tercerizaci\u00f3n de los servicios y las estructuras de gesti\u00f3n de bibliotecas y centros de informaci\u00f3n? \u00bfQu\u00e9 cambios promueve la tercerizaci\u00f3n de los servicios del bibliotecario en \u00e9l y en el proyecto arquitect\u00f3nico de las bibliotecas? Y \u00bfcu\u00e1les son las contribuciones de la arquitectura moderna adoptadas actualmente en los edificios de las bibliotecas? Esta obra se propone estudiar en sus quince cap\u00edtulos tres aspectos derivados del impacto tecnol\u00f3gico en las bibliotecas: aspectos de naturaleza jur\u00eddica, en relaci\u00f3n con la tercerizaci\u00f3n de los servicios de las bibliotecas y centros de documentaci\u00f3n; de naturaleza tecnol\u00f3gica, por el uso de soluciones, conceptos y materiales nuevos en la b\u00fasqueda de una biblioteca moderna y funcional; y de naturaleza arquitect\u00f3nica, por la modificacion del proyecto arquitect\u00f3nico en concordancia con la desaparici\u00f3n o reducci\u00f3n del sector de procesamiento t\u00e9cnico de la biblioteca automatizada o tercerizada. Guaracy Jos\u00e9 Bueno Viera. 9789871305032<\/span><\/div>\n<div class=\"container border\"><\/div>\n","protected":false},"excerpt":{"rendered":"<p>Las bibliotecas y los centros de documentaci\u00f3n est\u00e1n en evoluci\u00f3n constante, bajo el efecto de las emergentes nuevas tecnolog\u00edas y modalidades de aprendizaje. \u00bfC\u00f3mo concebir la biblioteca del futuro? \u00bfQu\u00e9 papel desempe\u00f1ar\u00e1 en el ambiente escolar, en el sistema educativo y en la sociedad en general? \u00bfC\u00f3mo se est\u00e9 desarrollando la tercerizaci\u00f3n de los servicios [&hellip;]<\/p>\n","protected":false},"featured_media":1398,"template":"","meta":{"_acf_changed":false,"_eb_attr":"","_crdt_document":"","_uag_custom_page_level_css":"","_editorskit_title_hidden":false,"_editorskit_reading_time":0,"_editorskit_is_block_options_detached":false,"_editorskit_block_options_position":"{}","site-sidebar-layout":"default","site-content-layout":"","ast-site-content-layout":"default","site-content-style":"default","site-sidebar-style":"default","ast-global-header-display":"","ast-banner-title-visibility":"","ast-main-header-display":"","ast-hfb-above-header-display":"","ast-hfb-below-header-display":"","ast-hfb-mobile-header-display":"","site-post-title":"","ast-breadcrumbs-content":"","ast-featured-img":"","footer-sml-layout":"","ast-disable-related-posts":"","theme-transparent-header-meta":"","adv-header-id-meta":"","stick-header-meta":"","header-above-stick-meta":"","header-main-stick-meta":"","header-below-stick-meta":"","astra-migrate-meta-layouts":"default","ast-page-background-enabled":"default","ast-page-background-meta":{"desktop":{"background-color":"var(--ast-global-color-4)","background-image":"","background-repeat":"repeat","background-position":"center center","background-size":"auto","background-attachment":"scroll","background-type":"","background-media":"","overlay-type":"","overlay-color":"","overlay-opacity":"","overlay-gradient":""},"tablet":{"background-color":"","background-image":"","background-repeat":"repeat","background-position":"center center","background-size":"auto","background-attachment":"scroll","background-type":"","background-media":"","overlay-type":"","overlay-color":"","overlay-opacity":"","overlay-gradient":""},"mobile":{"background-color":"","background-image":"","background-repeat":"repeat","background-position":"center center","background-size":"auto","background-attachment":"scroll","background-type":"","background-media":"","overlay-type":"","overlay-color":"","overlay-opacity":"","overlay-gradient":""}},"ast-content-background-meta":{"desktop":{"background-color":"var(--ast-global-color-5)","background-image":"","background-repeat":"repeat","background-position":"center center","background-size":"auto","background-attachment":"scroll","background-type":"","background-media":"","overlay-type":"","overlay-color":"","overlay-opacity":"","overlay-gradient":""},"tablet":{"background-color":"var(--ast-global-color-5)","background-image":"","background-repeat":"repeat","background-position":"center center","background-size":"auto","background-attachment":"scroll","background-type":"","background-media":"","overlay-type":"","overlay-color":"","overlay-opacity":"","overlay-gradient":""},"mobile":{"background-color":"var(--ast-global-color-5)","background-image":"","background-repeat":"repeat","background-position":"center center","background-size":"auto","background-attachment":"scroll","background-type":"","background-media":"","overlay-type":"","overlay-color":"","overlay-opacity":"","overlay-gradient":""}}},"product_cat":[74,28],"product_tag":[84,89],"class_list":{"0":"post-1397","1":"product","2":"type-product","3":"status-publish","4":"has-post-thumbnail","6":"product_cat-alfagrama","7":"product_cat-libro","8":"product_tag-bibliotecologia","9":"product_tag-ciencias-de-la-informacion","10":"desktop-align-left","11":"tablet-align-left","12":"mobile-align-left","14":"first","15":"instock","16":"shipping-taxable","17":"purchasable","18":"product-type-simple"},"acf":[],"uagb_featured_image_src":{"full":["https:\/\/biblio1.mdp.edu.ar\/centro-ventas\/wp-content\/uploads\/sites\/2\/2018\/10\/impactoTEc9789871305032_frontcover.jpg",367,560,false],"thumbnail":["https:\/\/biblio1.mdp.edu.ar\/centro-ventas\/wp-content\/uploads\/sites\/2\/2018\/10\/impactoTEc9789871305032_frontcover-150x150.jpg",150,150,true],"medium":["https:\/\/biblio1.mdp.edu.ar\/centro-ventas\/wp-content\/uploads\/sites\/2\/2018\/10\/impactoTEc9789871305032_frontcover-197x300.jpg",197,300,true],"medium_large":["https:\/\/biblio1.mdp.edu.ar\/centro-ventas\/wp-content\/uploads\/sites\/2\/2018\/10\/impactoTEc9789871305032_frontcover.jpg",367,560,false],"large":["https:\/\/biblio1.mdp.edu.ar\/centro-ventas\/wp-content\/uploads\/sites\/2\/2018\/10\/impactoTEc9789871305032_frontcover.jpg",367,560,false],"1536x1536":["https:\/\/biblio1.mdp.edu.ar\/centro-ventas\/wp-content\/uploads\/sites\/2\/2018\/10\/impactoTEc9789871305032_frontcover.jpg",367,560,false],"2048x2048":["https:\/\/biblio1.mdp.edu.ar\/centro-ventas\/wp-content\/uploads\/sites\/2\/2018\/10\/impactoTEc9789871305032_frontcover.jpg",367,560,false],"woocommerce_thumbnail":["https:\/\/biblio1.mdp.edu.ar\/centro-ventas\/wp-content\/uploads\/sites\/2\/2018\/10\/impactoTEc9789871305032_frontcover-250x381.jpg",250,381,true],"woocommerce_single":["https:\/\/biblio1.mdp.edu.ar\/centro-ventas\/wp-content\/uploads\/sites\/2\/2018\/10\/impactoTEc9789871305032_frontcover.jpg",367,560,false],"woocommerce_gallery_thumbnail":["https:\/\/biblio1.mdp.edu.ar\/centro-ventas\/wp-content\/uploads\/sites\/2\/2018\/10\/impactoTEc9789871305032_frontcover-100x100.jpg",100,100,true]},"uagb_author_info":{"display_name":"Cristina Bernabe","author_link":"https:\/\/biblio1.mdp.edu.ar\/centro-ventas\/author\/"},"uagb_comment_info":0,"uagb_excerpt":"Las bibliotecas y los centros de documentaci\u00f3n est\u00e1n en evoluci\u00f3n constante, bajo el efecto de las emergentes nuevas tecnolog\u00edas y modalidades de aprendizaje. \u00bfC\u00f3mo concebir la biblioteca del futuro? \u00bfQu\u00e9 papel desempe\u00f1ar\u00e1 en el ambiente escolar, en el sistema educativo y en la sociedad en general? \u00bfC\u00f3mo se est\u00e9 desarrollando la tercerizaci\u00f3n de los servicios&hellip;","_links":{"self":[{"href":"https:\/\/biblio1.mdp.edu.ar\/centro-ventas\/wp-json\/wp\/v2\/product\/1397","targetHints":{"allow":["GET"]}}],"collection":[{"href":"https:\/\/biblio1.mdp.edu.ar\/centro-ventas\/wp-json\/wp\/v2\/product"}],"about":[{"href":"https:\/\/biblio1.mdp.edu.ar\/centro-ventas\/wp-json\/wp\/v2\/types\/product"}],"wp:featuredmedia":[{"embeddable":true,"href":"https:\/\/biblio1.mdp.edu.ar\/centro-ventas\/wp-json\/wp\/v2\/media\/1398"}],"wp:attachment":[{"href":"https:\/\/biblio1.mdp.edu.ar\/centro-ventas\/wp-json\/wp\/v2\/media?parent=1397"}],"wp:term":[{"taxonomy":"product_cat","embeddable":true,"href":"https:\/\/biblio1.mdp.edu.ar\/centro-ventas\/wp-json\/wp\/v2\/product_cat?post=1397"},{"taxonomy":"product_tag","embeddable":true,"href":"https:\/\/biblio1.mdp.edu.ar\/centro-ventas\/wp-json\/wp\/v2\/product_tag?post=1397"}],"curies":[{"name":"wp","href":"https:\/\/api.w.org\/{rel}","templated":true}]}}