{"id":1395,"date":"2018-10-18T19:36:20","date_gmt":"2018-10-18T22:36:20","guid":{"rendered":"http:\/\/biblio1.mdp.edu.ar\/centro-ventas\/?post_type=product&#038;p=1395"},"modified":"2025-09-01T18:18:27","modified_gmt":"2025-09-01T21:18:27","slug":"gobierno-abierto-y-ciudadania-digital","status":"publish","type":"product","link":"https:\/\/biblio1.mdp.edu.ar\/centro-ventas\/producto\/gobierno-abierto-y-ciudadania-digital\/","title":{"rendered":"Gobierno abierto y ciudadan\u00eda digital"},"content":{"rendered":"<p><span style=\"font-size: 1rem;line-height: 1.66\">Cualquier procedimiento de formaci\u00f3n de las masas muestra grandes implicaciones, especialmente en la capacidad de inclusi\u00f3n, los niveles educativos y culturales, de disposici\u00f3n y de inter\u00e9s de la poblaci\u00f3n, Esto referido exclusivamente a la disposici\u00f3n de recursos, sin considerar aspectos m\u00e1s espec\u00edficos sobre el acceso y uso correcto de las nuevas tecnolog\u00edas con el fin de encontrar soluciones a problemas concretos basados incluso en aspectos \u00e9ticos, legales y de cualquier otra \u00edndole social y cultural. Sociedad y gobierno no pueden estar alejados del uso cotidiano de las tecnolog\u00edas de la informaci\u00f3n, a trav\u00e9s de las cuales se lograr\u00e1 la integraci\u00f3n y adecuada convivencia cotidiana. Esta obra compilada es el resultado del trabajo acad\u00e9mico de diversas personas y entidades, quienes parten del desarrollo de acciones colaborativas por medio de reuniones colegiadas, con el fin de estudiar las tem\u00e1ticas relacionadas con el gobierno abierto y la ciudadan\u00eda digital, consideradas desde una perspectiva general y tambi\u00e9n en forma particular, contemplando su influencia en el \u00e1mbito de las ciencias de la informaci\u00f3n documental, la educaci\u00f3n y la sociedad en general, en los factores que inciden en el desarrollo hacia la sociedad del conocimiento. La caracterizaci\u00f3n principal del gobierno abierto implica el uso del software libre para lograr la participaci\u00f3n ciudadana a trav\u00e9s de la creaci\u00f3n de servicios, el mejoramiento de los existentes y el apoyo a la democracia por medio de acciones de transparencia informativa sobre el funcionamiento de las propias instituciones p\u00fablicas. A trav\u00e9s de todo ello, el gobierno abierto se fundamenta en tres conceptos b\u00e1sicos: transparencia de las acciones que se realizan; colaboraci\u00f3n de los ciudadanos, empresas, asociaciones, etc., con el trabajo de administraci\u00f3n p\u00fablica; y la participaci\u00f3n social en el desarrollo de pol\u00edticas p\u00fablicas. En tanto, la tem\u00e1tica de ciudadan\u00eda digital se aborda con distintas visiones, desde considerar a la comunidad desde la perspectiva de la alfabetizaci\u00f3n digital, competencias digitales, cibercultura ciudadana, democracia electr\u00f3nica, brecha digital, inclusi\u00f3n social, pertenencia a la sociedad de la informaci\u00f3n y del conocimiento, hasta observar los deberes de los ciudadanos y las cuestiones \u00e9ticas y axiol\u00f3gicas en la participaci\u00f3n ciudadana usando las nuevas tecnolog\u00edas en relaci\u00f3n con los semejantes, pero especialmente en funci\u00f3n de acciones gubernamentales. Javier Tarango, Jes\u00fas Cortes Vera. 9789871305902<\/span><\/p>\n<div class=\"container border\"><\/div>\n","protected":false},"excerpt":{"rendered":"<p>Cualquier procedimiento de formaci\u00f3n de las masas muestra grandes implicaciones, especialmente en la capacidad de inclusi\u00f3n, los niveles educativos y culturales, de disposici\u00f3n y de inter\u00e9s de la poblaci\u00f3n, Esto referido exclusivamente a la disposici\u00f3n de recursos, sin considerar aspectos m\u00e1s espec\u00edficos sobre el acceso y uso correcto de las nuevas tecnolog\u00edas con el fin [&hellip;]<\/p>\n","protected":false},"featured_media":1396,"template":"","meta":{"_acf_changed":false,"_eb_attr":"","_crdt_document":"","_uag_custom_page_level_css":"","_editorskit_title_hidden":false,"_editorskit_reading_time":0,"_editorskit_is_block_options_detached":false,"_editorskit_block_options_position":"{}","site-sidebar-layout":"default","site-content-layout":"","ast-site-content-layout":"default","site-content-style":"default","site-sidebar-style":"default","ast-global-header-display":"","ast-banner-title-visibility":"","ast-main-header-display":"","ast-hfb-above-header-display":"","ast-hfb-below-header-display":"","ast-hfb-mobile-header-display":"","site-post-title":"","ast-breadcrumbs-content":"","ast-featured-img":"","footer-sml-layout":"","ast-disable-related-posts":"","theme-transparent-header-meta":"","adv-header-id-meta":"","stick-header-meta":"","header-above-stick-meta":"","header-main-stick-meta":"","header-below-stick-meta":"","astra-migrate-meta-layouts":"default","ast-page-background-enabled":"default","ast-page-background-meta":{"desktop":{"background-color":"var(--ast-global-color-4)","background-image":"","background-repeat":"repeat","background-position":"center center","background-size":"auto","background-attachment":"scroll","background-type":"","background-media":"","overlay-type":"","overlay-color":"","overlay-opacity":"","overlay-gradient":""},"tablet":{"background-color":"","background-image":"","background-repeat":"repeat","background-position":"center center","background-size":"auto","background-attachment":"scroll","background-type":"","background-media":"","overlay-type":"","overlay-color":"","overlay-opacity":"","overlay-gradient":""},"mobile":{"background-color":"","background-image":"","background-repeat":"repeat","background-position":"center center","background-size":"auto","background-attachment":"scroll","background-type":"","background-media":"","overlay-type":"","overlay-color":"","overlay-opacity":"","overlay-gradient":""}},"ast-content-background-meta":{"desktop":{"background-color":"var(--ast-global-color-5)","background-image":"","background-repeat":"repeat","background-position":"center center","background-size":"auto","background-attachment":"scroll","background-type":"","background-media":"","overlay-type":"","overlay-color":"","overlay-opacity":"","overlay-gradient":""},"tablet":{"background-color":"var(--ast-global-color-5)","background-image":"","background-repeat":"repeat","background-position":"center center","background-size":"auto","background-attachment":"scroll","background-type":"","background-media":"","overlay-type":"","overlay-color":"","overlay-opacity":"","overlay-gradient":""},"mobile":{"background-color":"var(--ast-global-color-5)","background-image":"","background-repeat":"repeat","background-position":"center center","background-size":"auto","background-attachment":"scroll","background-type":"","background-media":"","overlay-type":"","overlay-color":"","overlay-opacity":"","overlay-gradient":""}}},"product_cat":[74,28],"product_tag":[84,89],"class_list":{"0":"post-1395","1":"product","2":"type-product","3":"status-publish","4":"has-post-thumbnail","6":"product_cat-alfagrama","7":"product_cat-libro","8":"product_tag-bibliotecologia","9":"product_tag-ciencias-de-la-informacion","10":"desktop-align-left","11":"tablet-align-left","12":"mobile-align-left","14":"first","15":"instock","16":"shipping-taxable","17":"purchasable","18":"product-type-simple"},"acf":[],"uagb_featured_image_src":{"full":["https:\/\/biblio1.mdp.edu.ar\/centro-ventas\/wp-content\/uploads\/sites\/2\/2018\/10\/GobAbiertoyCiud9789871305902_T.jpg",370,536,false],"thumbnail":["https:\/\/biblio1.mdp.edu.ar\/centro-ventas\/wp-content\/uploads\/sites\/2\/2018\/10\/GobAbiertoyCiud9789871305902_T-150x150.jpg",150,150,true],"medium":["https:\/\/biblio1.mdp.edu.ar\/centro-ventas\/wp-content\/uploads\/sites\/2\/2018\/10\/GobAbiertoyCiud9789871305902_T-207x300.jpg",207,300,true],"medium_large":["https:\/\/biblio1.mdp.edu.ar\/centro-ventas\/wp-content\/uploads\/sites\/2\/2018\/10\/GobAbiertoyCiud9789871305902_T.jpg",370,536,false],"large":["https:\/\/biblio1.mdp.edu.ar\/centro-ventas\/wp-content\/uploads\/sites\/2\/2018\/10\/GobAbiertoyCiud9789871305902_T.jpg",370,536,false],"1536x1536":["https:\/\/biblio1.mdp.edu.ar\/centro-ventas\/wp-content\/uploads\/sites\/2\/2018\/10\/GobAbiertoyCiud9789871305902_T.jpg",370,536,false],"2048x2048":["https:\/\/biblio1.mdp.edu.ar\/centro-ventas\/wp-content\/uploads\/sites\/2\/2018\/10\/GobAbiertoyCiud9789871305902_T.jpg",370,536,false],"woocommerce_thumbnail":["https:\/\/biblio1.mdp.edu.ar\/centro-ventas\/wp-content\/uploads\/sites\/2\/2018\/10\/GobAbiertoyCiud9789871305902_T-250x362.jpg",250,362,true],"woocommerce_single":["https:\/\/biblio1.mdp.edu.ar\/centro-ventas\/wp-content\/uploads\/sites\/2\/2018\/10\/GobAbiertoyCiud9789871305902_T.jpg",370,536,false],"woocommerce_gallery_thumbnail":["https:\/\/biblio1.mdp.edu.ar\/centro-ventas\/wp-content\/uploads\/sites\/2\/2018\/10\/GobAbiertoyCiud9789871305902_T-100x100.jpg",100,100,true]},"uagb_author_info":{"display_name":"Cristina Bernabe","author_link":"https:\/\/biblio1.mdp.edu.ar\/centro-ventas\/author\/"},"uagb_comment_info":0,"uagb_excerpt":"Cualquier procedimiento de formaci\u00f3n de las masas muestra grandes implicaciones, especialmente en la capacidad de inclusi\u00f3n, los niveles educativos y culturales, de disposici\u00f3n y de inter\u00e9s de la poblaci\u00f3n, Esto referido exclusivamente a la disposici\u00f3n de recursos, sin considerar aspectos m\u00e1s espec\u00edficos sobre el acceso y uso correcto de las nuevas tecnolog\u00edas con el fin&hellip;","_links":{"self":[{"href":"https:\/\/biblio1.mdp.edu.ar\/centro-ventas\/wp-json\/wp\/v2\/product\/1395","targetHints":{"allow":["GET"]}}],"collection":[{"href":"https:\/\/biblio1.mdp.edu.ar\/centro-ventas\/wp-json\/wp\/v2\/product"}],"about":[{"href":"https:\/\/biblio1.mdp.edu.ar\/centro-ventas\/wp-json\/wp\/v2\/types\/product"}],"wp:featuredmedia":[{"embeddable":true,"href":"https:\/\/biblio1.mdp.edu.ar\/centro-ventas\/wp-json\/wp\/v2\/media\/1396"}],"wp:attachment":[{"href":"https:\/\/biblio1.mdp.edu.ar\/centro-ventas\/wp-json\/wp\/v2\/media?parent=1395"}],"wp:term":[{"taxonomy":"product_cat","embeddable":true,"href":"https:\/\/biblio1.mdp.edu.ar\/centro-ventas\/wp-json\/wp\/v2\/product_cat?post=1395"},{"taxonomy":"product_tag","embeddable":true,"href":"https:\/\/biblio1.mdp.edu.ar\/centro-ventas\/wp-json\/wp\/v2\/product_tag?post=1395"}],"curies":[{"name":"wp","href":"https:\/\/api.w.org\/{rel}","templated":true}]}}