{"id":1393,"date":"2018-10-17T21:05:46","date_gmt":"2018-10-18T00:05:46","guid":{"rendered":"http:\/\/biblio1.mdp.edu.ar\/centro-ventas\/?post_type=product&#038;p=1393"},"modified":"2025-09-01T18:17:31","modified_gmt":"2025-09-01T21:17:31","slug":"gestion-de-la-conservacion-en-bibliotecas-archivos-y-museos","status":"publish","type":"product","link":"https:\/\/biblio1.mdp.edu.ar\/centro-ventas\/producto\/gestion-de-la-conservacion-en-bibliotecas-archivos-y-museos\/","title":{"rendered":"Gesti\u00f3n de la conservaci\u00f3n en bibliotecas, archivos y museos"},"content":{"rendered":"<p>Conservar exige un proyecto, un plan concebido especialmente para el caso. Pero antes de proyectar, es esencial e imprescindible conocer y comprender qu\u00e9 necesidades tiene la colecci\u00f3n a salvaguardar. Esta primera instancia es la que aborda este libro, bajo la denominaci\u00f3n Diagn\u00f3stico de la Situaci\u00f3n de Conservaci\u00f3n. Se expone una visi\u00f3n panor\u00e1mica sobre los aspectos que deben investigarse, clarificando los criterios y acciones que deben manejar los repositorios para que su Pol\u00edtica de Conservaci\u00f3n sea la conveniente. A lo largo de la obra se citan las observaciones y las palabras de Benoit de Tapol -uno de los m\u00e1s notables analistas y comunicadores del proceso de evoluci\u00f3n de la Conservaci\u00f3n Preventiva en los pa\u00edses m\u00e1s desarrollados- y se presentan ejemplos y casos de estudio realizados en el \u00e1mbito local. Susana Meden. 9789871305681<\/p>\n","protected":false},"excerpt":{"rendered":"<p>Conservar exige un proyecto, un plan concebido especialmente para el caso. Pero antes de proyectar, es esencial e imprescindible conocer y comprender qu\u00e9 necesidades tiene la colecci\u00f3n a salvaguardar. Esta primera instancia es la que aborda este libro, bajo la denominaci\u00f3n Diagn\u00f3stico de la Situaci\u00f3n de Conservaci\u00f3n. Se expone una visi\u00f3n panor\u00e1mica sobre los aspectos [&hellip;]<\/p>\n","protected":false},"featured_media":1394,"template":"","meta":{"_acf_changed":false,"_eb_attr":"","_crdt_document":"","_uag_custom_page_level_css":"","_editorskit_title_hidden":false,"_editorskit_reading_time":0,"_editorskit_is_block_options_detached":false,"_editorskit_block_options_position":"{}","site-sidebar-layout":"default","site-content-layout":"","ast-site-content-layout":"default","site-content-style":"default","site-sidebar-style":"default","ast-global-header-display":"","ast-banner-title-visibility":"","ast-main-header-display":"","ast-hfb-above-header-display":"","ast-hfb-below-header-display":"","ast-hfb-mobile-header-display":"","site-post-title":"","ast-breadcrumbs-content":"","ast-featured-img":"","footer-sml-layout":"","ast-disable-related-posts":"","theme-transparent-header-meta":"","adv-header-id-meta":"","stick-header-meta":"","header-above-stick-meta":"","header-main-stick-meta":"","header-below-stick-meta":"","astra-migrate-meta-layouts":"default","ast-page-background-enabled":"default","ast-page-background-meta":{"desktop":{"background-color":"var(--ast-global-color-4)","background-image":"","background-repeat":"repeat","background-position":"center center","background-size":"auto","background-attachment":"scroll","background-type":"","background-media":"","overlay-type":"","overlay-color":"","overlay-opacity":"","overlay-gradient":""},"tablet":{"background-color":"","background-image":"","background-repeat":"repeat","background-position":"center center","background-size":"auto","background-attachment":"scroll","background-type":"","background-media":"","overlay-type":"","overlay-color":"","overlay-opacity":"","overlay-gradient":""},"mobile":{"background-color":"","background-image":"","background-repeat":"repeat","background-position":"center center","background-size":"auto","background-attachment":"scroll","background-type":"","background-media":"","overlay-type":"","overlay-color":"","overlay-opacity":"","overlay-gradient":""}},"ast-content-background-meta":{"desktop":{"background-color":"var(--ast-global-color-5)","background-image":"","background-repeat":"repeat","background-position":"center center","background-size":"auto","background-attachment":"scroll","background-type":"","background-media":"","overlay-type":"","overlay-color":"","overlay-opacity":"","overlay-gradient":""},"tablet":{"background-color":"var(--ast-global-color-5)","background-image":"","background-repeat":"repeat","background-position":"center center","background-size":"auto","background-attachment":"scroll","background-type":"","background-media":"","overlay-type":"","overlay-color":"","overlay-opacity":"","overlay-gradient":""},"mobile":{"background-color":"var(--ast-global-color-5)","background-image":"","background-repeat":"repeat","background-position":"center center","background-size":"auto","background-attachment":"scroll","background-type":"","background-media":"","overlay-type":"","overlay-color":"","overlay-opacity":"","overlay-gradient":""}}},"product_cat":[74,28],"product_tag":[84,94,95],"class_list":{"0":"post-1393","1":"product","2":"type-product","3":"status-publish","4":"has-post-thumbnail","6":"product_cat-alfagrama","7":"product_cat-libro","8":"product_tag-bibliotecologia","9":"product_tag-conservacion","10":"product_tag-museologia","11":"desktop-align-left","12":"tablet-align-left","13":"mobile-align-left","15":"first","16":"instock","17":"shipping-taxable","18":"purchasable","19":"product-type-simple"},"acf":[],"uagb_featured_image_src":{"full":["https:\/\/biblio1.mdp.edu.ar\/centro-ventas\/wp-content\/uploads\/sites\/2\/2018\/10\/GestionConser9789871305681_T.jpg",370,530,false],"thumbnail":["https:\/\/biblio1.mdp.edu.ar\/centro-ventas\/wp-content\/uploads\/sites\/2\/2018\/10\/GestionConser9789871305681_T-150x150.jpg",150,150,true],"medium":["https:\/\/biblio1.mdp.edu.ar\/centro-ventas\/wp-content\/uploads\/sites\/2\/2018\/10\/GestionConser9789871305681_T-209x300.jpg",209,300,true],"medium_large":["https:\/\/biblio1.mdp.edu.ar\/centro-ventas\/wp-content\/uploads\/sites\/2\/2018\/10\/GestionConser9789871305681_T.jpg",370,530,false],"large":["https:\/\/biblio1.mdp.edu.ar\/centro-ventas\/wp-content\/uploads\/sites\/2\/2018\/10\/GestionConser9789871305681_T.jpg",370,530,false],"1536x1536":["https:\/\/biblio1.mdp.edu.ar\/centro-ventas\/wp-content\/uploads\/sites\/2\/2018\/10\/GestionConser9789871305681_T.jpg",370,530,false],"2048x2048":["https:\/\/biblio1.mdp.edu.ar\/centro-ventas\/wp-content\/uploads\/sites\/2\/2018\/10\/GestionConser9789871305681_T.jpg",370,530,false],"woocommerce_thumbnail":["https:\/\/biblio1.mdp.edu.ar\/centro-ventas\/wp-content\/uploads\/sites\/2\/2018\/10\/GestionConser9789871305681_T-250x358.jpg",250,358,true],"woocommerce_single":["https:\/\/biblio1.mdp.edu.ar\/centro-ventas\/wp-content\/uploads\/sites\/2\/2018\/10\/GestionConser9789871305681_T.jpg",370,530,false],"woocommerce_gallery_thumbnail":["https:\/\/biblio1.mdp.edu.ar\/centro-ventas\/wp-content\/uploads\/sites\/2\/2018\/10\/GestionConser9789871305681_T-100x100.jpg",100,100,true]},"uagb_author_info":{"display_name":"Cristina Bernabe","author_link":"https:\/\/biblio1.mdp.edu.ar\/centro-ventas\/author\/"},"uagb_comment_info":0,"uagb_excerpt":"Conservar exige un proyecto, un plan concebido especialmente para el caso. Pero antes de proyectar, es esencial e imprescindible conocer y comprender qu\u00e9 necesidades tiene la colecci\u00f3n a salvaguardar. Esta primera instancia es la que aborda este libro, bajo la denominaci\u00f3n Diagn\u00f3stico de la Situaci\u00f3n de Conservaci\u00f3n. Se expone una visi\u00f3n panor\u00e1mica sobre los aspectos&hellip;","_links":{"self":[{"href":"https:\/\/biblio1.mdp.edu.ar\/centro-ventas\/wp-json\/wp\/v2\/product\/1393","targetHints":{"allow":["GET"]}}],"collection":[{"href":"https:\/\/biblio1.mdp.edu.ar\/centro-ventas\/wp-json\/wp\/v2\/product"}],"about":[{"href":"https:\/\/biblio1.mdp.edu.ar\/centro-ventas\/wp-json\/wp\/v2\/types\/product"}],"wp:featuredmedia":[{"embeddable":true,"href":"https:\/\/biblio1.mdp.edu.ar\/centro-ventas\/wp-json\/wp\/v2\/media\/1394"}],"wp:attachment":[{"href":"https:\/\/biblio1.mdp.edu.ar\/centro-ventas\/wp-json\/wp\/v2\/media?parent=1393"}],"wp:term":[{"taxonomy":"product_cat","embeddable":true,"href":"https:\/\/biblio1.mdp.edu.ar\/centro-ventas\/wp-json\/wp\/v2\/product_cat?post=1393"},{"taxonomy":"product_tag","embeddable":true,"href":"https:\/\/biblio1.mdp.edu.ar\/centro-ventas\/wp-json\/wp\/v2\/product_tag?post=1393"}],"curies":[{"name":"wp","href":"https:\/\/api.w.org\/{rel}","templated":true}]}}