{"id":1391,"date":"2018-10-17T20:08:21","date_gmt":"2018-10-17T23:08:21","guid":{"rendered":"http:\/\/biblio1.mdp.edu.ar\/centro-ventas\/?post_type=product&#038;p=1391"},"modified":"2025-09-01T18:17:17","modified_gmt":"2025-09-01T21:17:17","slug":"gestion-de-colecciones","status":"publish","type":"product","link":"https:\/\/biblio1.mdp.edu.ar\/centro-ventas\/producto\/gestion-de-colecciones\/","title":{"rendered":"Gesti\u00f3n de colecciones"},"content":{"rendered":"<p>Hist\u00f3ricamente, la tem\u00e1tica de este trabajo se ha abordado desde diferentes enfoques. A mediados del siglo pasado, era com\u00fan hablar de \u00bfselecci\u00f3n y adquisiciones\u00bf, entendidas como el proceso destinado a crear y acrecentar el fondo documental de una unidad de informaci\u00f3n. El \u00e9nfasis se pon\u00eda en determinar las fuentes m\u00e1s adecuadas para elegir los materiales incorporables, la opci\u00f3n entre los tres tipos tradicionales de obtenci\u00f3n de materiales (compra, canje, donaci\u00f3n), los procedimientos indicados para cada uno de ellos, as\u00ed como para la encuadernaci\u00f3n y el descarte. Hacia fines de la d\u00e9cada de 1960, las bibliotecas universitarias y p\u00fablicas de Estados Unidos propusieron un enfoque m\u00e1s amplio, englobado en la denominaci\u00f3n \u00bfdesarrollo de colecciones\u00bf. Este concepto implica la determinaci\u00f3n previa de las caracter\u00edsticas de la unidad de informaci\u00f3n, la postulaci\u00f3n de objetivos en concordancia con las aspiraciones de la comunidad de usuarios a la que se pretende servir, la evaluaci\u00f3n de la colecci\u00f3n a intervalos regulares, para descartar o relegar los materiales de poco o ning\u00fan uso y detectar necesidades de informaci\u00f3n no satisfechas, y, sobre todo, la b\u00fasqueda de procedimientos para satisfacerlas, tanto con fondos documentales propios como mediante convenios para uso compartido. En la actualidad, se prefiere hablar de \u00bfgesti\u00f3n de colecciones\u00bf, en un enfoque m\u00e1s abarcador, que suma tem\u00e1ticas de conservaci\u00f3n y preservaci\u00f3n de materiales, la previsi\u00f3n para casos de desastre y aspectos relacionados con la libertad intelectual. Sin embargo, tambi\u00e9n se da una tendencia a hablar de \u00bfdesarrollo y gesti\u00f3n de colecciones\u00bf. (Cf. Johnson, pp. 1-3.) Extracto del pr\u00f3logo. Amelia Aguado de Costa. 9789871305667<\/p>\n","protected":false},"excerpt":{"rendered":"<p>Hist\u00f3ricamente, la tem\u00e1tica de este trabajo se ha abordado desde diferentes enfoques. A mediados del siglo pasado, era com\u00fan hablar de \u00bfselecci\u00f3n y adquisiciones\u00bf, entendidas como el proceso destinado a crear y acrecentar el fondo documental de una unidad de informaci\u00f3n. El \u00e9nfasis se pon\u00eda en determinar las fuentes m\u00e1s adecuadas para elegir los materiales [&hellip;]<\/p>\n","protected":false},"featured_media":1392,"template":"","meta":{"_acf_changed":false,"_eb_attr":"","_crdt_document":"","_uag_custom_page_level_css":"","_editorskit_title_hidden":false,"_editorskit_reading_time":0,"_editorskit_is_block_options_detached":false,"_editorskit_block_options_position":"{}","site-sidebar-layout":"default","site-content-layout":"","ast-site-content-layout":"default","site-content-style":"default","site-sidebar-style":"default","ast-global-header-display":"","ast-banner-title-visibility":"","ast-main-header-display":"","ast-hfb-above-header-display":"","ast-hfb-below-header-display":"","ast-hfb-mobile-header-display":"","site-post-title":"","ast-breadcrumbs-content":"","ast-featured-img":"","footer-sml-layout":"","ast-disable-related-posts":"","theme-transparent-header-meta":"","adv-header-id-meta":"","stick-header-meta":"","header-above-stick-meta":"","header-main-stick-meta":"","header-below-stick-meta":"","astra-migrate-meta-layouts":"default","ast-page-background-enabled":"default","ast-page-background-meta":{"desktop":{"background-color":"var(--ast-global-color-4)","background-image":"","background-repeat":"repeat","background-position":"center center","background-size":"auto","background-attachment":"scroll","background-type":"","background-media":"","overlay-type":"","overlay-color":"","overlay-opacity":"","overlay-gradient":""},"tablet":{"background-color":"","background-image":"","background-repeat":"repeat","background-position":"center center","background-size":"auto","background-attachment":"scroll","background-type":"","background-media":"","overlay-type":"","overlay-color":"","overlay-opacity":"","overlay-gradient":""},"mobile":{"background-color":"","background-image":"","background-repeat":"repeat","background-position":"center center","background-size":"auto","background-attachment":"scroll","background-type":"","background-media":"","overlay-type":"","overlay-color":"","overlay-opacity":"","overlay-gradient":""}},"ast-content-background-meta":{"desktop":{"background-color":"var(--ast-global-color-5)","background-image":"","background-repeat":"repeat","background-position":"center center","background-size":"auto","background-attachment":"scroll","background-type":"","background-media":"","overlay-type":"","overlay-color":"","overlay-opacity":"","overlay-gradient":""},"tablet":{"background-color":"var(--ast-global-color-5)","background-image":"","background-repeat":"repeat","background-position":"center center","background-size":"auto","background-attachment":"scroll","background-type":"","background-media":"","overlay-type":"","overlay-color":"","overlay-opacity":"","overlay-gradient":""},"mobile":{"background-color":"var(--ast-global-color-5)","background-image":"","background-repeat":"repeat","background-position":"center center","background-size":"auto","background-attachment":"scroll","background-type":"","background-media":"","overlay-type":"","overlay-color":"","overlay-opacity":"","overlay-gradient":""}}},"product_cat":[74,28],"product_tag":[],"class_list":{"0":"post-1391","1":"product","2":"type-product","3":"status-publish","4":"has-post-thumbnail","6":"product_cat-alfagrama","7":"product_cat-libro","8":"desktop-align-left","9":"tablet-align-left","10":"mobile-align-left","12":"first","13":"instock","14":"shipping-taxable","15":"purchasable","16":"product-type-simple"},"acf":[],"uagb_featured_image_src":{"full":["https:\/\/biblio1.mdp.edu.ar\/centro-ventas\/wp-content\/uploads\/sites\/2\/2018\/10\/GestionColecciones9789871305667_T.jpg",370,544,false],"thumbnail":["https:\/\/biblio1.mdp.edu.ar\/centro-ventas\/wp-content\/uploads\/sites\/2\/2018\/10\/GestionColecciones9789871305667_T-150x150.jpg",150,150,true],"medium":["https:\/\/biblio1.mdp.edu.ar\/centro-ventas\/wp-content\/uploads\/sites\/2\/2018\/10\/GestionColecciones9789871305667_T-204x300.jpg",204,300,true],"medium_large":["https:\/\/biblio1.mdp.edu.ar\/centro-ventas\/wp-content\/uploads\/sites\/2\/2018\/10\/GestionColecciones9789871305667_T.jpg",370,544,false],"large":["https:\/\/biblio1.mdp.edu.ar\/centro-ventas\/wp-content\/uploads\/sites\/2\/2018\/10\/GestionColecciones9789871305667_T.jpg",370,544,false],"1536x1536":["https:\/\/biblio1.mdp.edu.ar\/centro-ventas\/wp-content\/uploads\/sites\/2\/2018\/10\/GestionColecciones9789871305667_T.jpg",370,544,false],"2048x2048":["https:\/\/biblio1.mdp.edu.ar\/centro-ventas\/wp-content\/uploads\/sites\/2\/2018\/10\/GestionColecciones9789871305667_T.jpg",370,544,false],"woocommerce_thumbnail":["https:\/\/biblio1.mdp.edu.ar\/centro-ventas\/wp-content\/uploads\/sites\/2\/2018\/10\/GestionColecciones9789871305667_T-250x368.jpg",250,368,true],"woocommerce_single":["https:\/\/biblio1.mdp.edu.ar\/centro-ventas\/wp-content\/uploads\/sites\/2\/2018\/10\/GestionColecciones9789871305667_T.jpg",370,544,false],"woocommerce_gallery_thumbnail":["https:\/\/biblio1.mdp.edu.ar\/centro-ventas\/wp-content\/uploads\/sites\/2\/2018\/10\/GestionColecciones9789871305667_T-100x100.jpg",100,100,true]},"uagb_author_info":{"display_name":"Cristina Bernabe","author_link":"https:\/\/biblio1.mdp.edu.ar\/centro-ventas\/author\/"},"uagb_comment_info":0,"uagb_excerpt":"Hist\u00f3ricamente, la tem\u00e1tica de este trabajo se ha abordado desde diferentes enfoques. A mediados del siglo pasado, era com\u00fan hablar de \u00bfselecci\u00f3n y adquisiciones\u00bf, entendidas como el proceso destinado a crear y acrecentar el fondo documental de una unidad de informaci\u00f3n. El \u00e9nfasis se pon\u00eda en determinar las fuentes m\u00e1s adecuadas para elegir los materiales&hellip;","_links":{"self":[{"href":"https:\/\/biblio1.mdp.edu.ar\/centro-ventas\/wp-json\/wp\/v2\/product\/1391","targetHints":{"allow":["GET"]}}],"collection":[{"href":"https:\/\/biblio1.mdp.edu.ar\/centro-ventas\/wp-json\/wp\/v2\/product"}],"about":[{"href":"https:\/\/biblio1.mdp.edu.ar\/centro-ventas\/wp-json\/wp\/v2\/types\/product"}],"wp:featuredmedia":[{"embeddable":true,"href":"https:\/\/biblio1.mdp.edu.ar\/centro-ventas\/wp-json\/wp\/v2\/media\/1392"}],"wp:attachment":[{"href":"https:\/\/biblio1.mdp.edu.ar\/centro-ventas\/wp-json\/wp\/v2\/media?parent=1391"}],"wp:term":[{"taxonomy":"product_cat","embeddable":true,"href":"https:\/\/biblio1.mdp.edu.ar\/centro-ventas\/wp-json\/wp\/v2\/product_cat?post=1391"},{"taxonomy":"product_tag","embeddable":true,"href":"https:\/\/biblio1.mdp.edu.ar\/centro-ventas\/wp-json\/wp\/v2\/product_tag?post=1391"}],"curies":[{"name":"wp","href":"https:\/\/api.w.org\/{rel}","templated":true}]}}