{"id":1389,"date":"2018-10-17T20:05:49","date_gmt":"2018-10-17T23:05:49","guid":{"rendered":"http:\/\/biblio1.mdp.edu.ar\/centro-ventas\/?post_type=product&#038;p=1389"},"modified":"2025-09-01T18:17:38","modified_gmt":"2025-09-01T21:17:38","slug":"gestion-de-archivos-electronicos","status":"publish","type":"product","link":"https:\/\/biblio1.mdp.edu.ar\/centro-ventas\/producto\/gestion-de-archivos-electronicos\/","title":{"rendered":"Gesti\u00f3n de archivos electr\u00f3nicos"},"content":{"rendered":"<div class=\"container\">\n<div class=\"right-detail content-tab col-md-8 col-sm-12 col-xs-12 book-center\">\n<div id=\"over-view\" class=\"book-desc-detail book-tab-show\">\n<p>Desde los or\u00edgenes del hombre, un sinn\u00famero de materiales han sido utilizados para ?documentar? hechos, pensamientos, objetos del mundo real e imaginario. El fin era guardar y dejar al alcance de otros ese conocimiento, organizado de alguna forma. Esos materiales, esos conocimientos y esas formas de organizaci\u00f3n fueron evolucionando, junto con el hombre, a lo largo del tiempo. El hecho del cambio del papel, como ejemplo de soporte tradicional documental, por bits, o la coexistencia de ambos, plantea cambios en la forma de la transmisi\u00f3n y conservaci\u00f3n de los conocimientos, en el dise\u00f1o arquitect\u00f3nico de los edificios contenedores y transmisores de los conocimientos, en su finalidad e incluso en la forma de aprehensi\u00f3n a trav\u00e9s de procesos de lecto-escritura que resulten de las nuevas tecnolog\u00edas. Adem\u00e1s de tener un papel fundamental en la organizaci\u00f3n de la memoria y en las comunicaciones, la llegada de nuevas estructuras tecnol\u00f3gicas, como bases de datos, hipertexto e hipermedia, han hecho que los documentos jueguen en la modernidad un papel cr\u00edtico en los procesos de negocios. Los instrumentos de la ciencia de la Documentaci\u00f3n pueden cubrir la gesti\u00f3n de informaci\u00f3n en las empresas, ya que la tradicional selecci\u00f3n de informaci\u00f3n atendiendo a caracter\u00edsticas o estructuras, y la descripci\u00f3n del contenido, son perfectamente compatibles con las altas exigencias de informaci\u00f3n para la toma de decisiones de negocios o para registrar los hechos transaccionales de la cotidianeidad de una empresa. Surge en la \u00faltima d\u00e9cada la necesidad de un nuevo profesional de la documentaci\u00f3n, como consecuencia de las nuevas tecnolog\u00edas, de la cantidad explosiva de documentos y su aplicaci\u00f3n a la eficiencia y competitividad de los negocios. El almacenamiento en bases de datos es presentado tanto desde las bases documentales como desde las multimediales. Esta tecnolog\u00eda revolucionar\u00e1 la recuperaci\u00f3n de documentos textuales, multimediales y multilinguales con nuevos desaf\u00edos y nuevos m\u00e9todos, algunos de ellos todav\u00eda en experimentaci\u00f3n. El pasaje de un mundo totalmente anal\u00f3gico a un mundo documental compartido entre lo digital y lo anal\u00f3gico hizo que la preservaci\u00f3n documental debiera adecuarse y rever conceptos tales como integridad y autenticidad. La obra enfoca tambi\u00e9n en las mejores pr\u00e1cticas y est\u00e1ndares para la gesti\u00f3n documental, ampliando las distintas alternativas y sistemas componentes de un EDMS o sistema de gesti\u00f3n documental electr\u00f3nica, ya sea para la gesti\u00f3n del conocimiento en forma gen\u00e9rica o como negocio, siendo un nuevo \u00e1mbito para la tradicional gesti\u00f3n de informaci\u00f3n. In\u00e9s Casanovas. 9789871305285<\/p>\n<\/div>\n<\/div>\n<\/div>\n<div class=\"container border\"><\/div>\n<div class=\"product_meta\"><\/div>\n<h1 class=\"product_title entry-title\"><\/h1>\n<p>&nbsp;<\/p>\n","protected":false},"excerpt":{"rendered":"<p>Desde los or\u00edgenes del hombre, un sinn\u00famero de materiales han sido utilizados para ?documentar? hechos, pensamientos, objetos del mundo real e imaginario. El fin era guardar y dejar al alcance de otros ese conocimiento, organizado de alguna forma. Esos materiales, esos conocimientos y esas formas de organizaci\u00f3n fueron evolucionando, junto con el hombre, a lo [&hellip;]<\/p>\n","protected":false},"featured_media":1390,"template":"","meta":{"_acf_changed":false,"_eb_attr":"","_crdt_document":"","_uag_custom_page_level_css":"","_editorskit_title_hidden":false,"_editorskit_reading_time":0,"_editorskit_is_block_options_detached":false,"_editorskit_block_options_position":"{}","site-sidebar-layout":"default","site-content-layout":"","ast-site-content-layout":"default","site-content-style":"default","site-sidebar-style":"default","ast-global-header-display":"","ast-banner-title-visibility":"","ast-main-header-display":"","ast-hfb-above-header-display":"","ast-hfb-below-header-display":"","ast-hfb-mobile-header-display":"","site-post-title":"","ast-breadcrumbs-content":"","ast-featured-img":"","footer-sml-layout":"","ast-disable-related-posts":"","theme-transparent-header-meta":"","adv-header-id-meta":"","stick-header-meta":"","header-above-stick-meta":"","header-main-stick-meta":"","header-below-stick-meta":"","astra-migrate-meta-layouts":"default","ast-page-background-enabled":"default","ast-page-background-meta":{"desktop":{"background-color":"var(--ast-global-color-4)","background-image":"","background-repeat":"repeat","background-position":"center center","background-size":"auto","background-attachment":"scroll","background-type":"","background-media":"","overlay-type":"","overlay-color":"","overlay-opacity":"","overlay-gradient":""},"tablet":{"background-color":"","background-image":"","background-repeat":"repeat","background-position":"center center","background-size":"auto","background-attachment":"scroll","background-type":"","background-media":"","overlay-type":"","overlay-color":"","overlay-opacity":"","overlay-gradient":""},"mobile":{"background-color":"","background-image":"","background-repeat":"repeat","background-position":"center center","background-size":"auto","background-attachment":"scroll","background-type":"","background-media":"","overlay-type":"","overlay-color":"","overlay-opacity":"","overlay-gradient":""}},"ast-content-background-meta":{"desktop":{"background-color":"var(--ast-global-color-5)","background-image":"","background-repeat":"repeat","background-position":"center center","background-size":"auto","background-attachment":"scroll","background-type":"","background-media":"","overlay-type":"","overlay-color":"","overlay-opacity":"","overlay-gradient":""},"tablet":{"background-color":"var(--ast-global-color-5)","background-image":"","background-repeat":"repeat","background-position":"center center","background-size":"auto","background-attachment":"scroll","background-type":"","background-media":"","overlay-type":"","overlay-color":"","overlay-opacity":"","overlay-gradient":""},"mobile":{"background-color":"var(--ast-global-color-5)","background-image":"","background-repeat":"repeat","background-position":"center center","background-size":"auto","background-attachment":"scroll","background-type":"","background-media":"","overlay-type":"","overlay-color":"","overlay-opacity":"","overlay-gradient":""}}},"product_cat":[74,28],"product_tag":[84,89],"class_list":{"0":"post-1389","1":"product","2":"type-product","3":"status-publish","4":"has-post-thumbnail","6":"product_cat-alfagrama","7":"product_cat-libro","8":"product_tag-bibliotecologia","9":"product_tag-ciencias-de-la-informacion","10":"desktop-align-left","11":"tablet-align-left","12":"mobile-align-left","14":"first","15":"instock","16":"shipping-taxable","17":"purchasable","18":"product-type-simple"},"acf":[],"uagb_featured_image_src":{"full":["https:\/\/biblio1.mdp.edu.ar\/centro-ventas\/wp-content\/uploads\/sites\/2\/2018\/10\/GestiondeArch9789871305285_T.jpg",370,535,false],"thumbnail":["https:\/\/biblio1.mdp.edu.ar\/centro-ventas\/wp-content\/uploads\/sites\/2\/2018\/10\/GestiondeArch9789871305285_T-150x150.jpg",150,150,true],"medium":["https:\/\/biblio1.mdp.edu.ar\/centro-ventas\/wp-content\/uploads\/sites\/2\/2018\/10\/GestiondeArch9789871305285_T-207x300.jpg",207,300,true],"medium_large":["https:\/\/biblio1.mdp.edu.ar\/centro-ventas\/wp-content\/uploads\/sites\/2\/2018\/10\/GestiondeArch9789871305285_T.jpg",370,535,false],"large":["https:\/\/biblio1.mdp.edu.ar\/centro-ventas\/wp-content\/uploads\/sites\/2\/2018\/10\/GestiondeArch9789871305285_T.jpg",370,535,false],"1536x1536":["https:\/\/biblio1.mdp.edu.ar\/centro-ventas\/wp-content\/uploads\/sites\/2\/2018\/10\/GestiondeArch9789871305285_T.jpg",370,535,false],"2048x2048":["https:\/\/biblio1.mdp.edu.ar\/centro-ventas\/wp-content\/uploads\/sites\/2\/2018\/10\/GestiondeArch9789871305285_T.jpg",370,535,false],"woocommerce_thumbnail":["https:\/\/biblio1.mdp.edu.ar\/centro-ventas\/wp-content\/uploads\/sites\/2\/2018\/10\/GestiondeArch9789871305285_T-250x361.jpg",250,361,true],"woocommerce_single":["https:\/\/biblio1.mdp.edu.ar\/centro-ventas\/wp-content\/uploads\/sites\/2\/2018\/10\/GestiondeArch9789871305285_T.jpg",370,535,false],"woocommerce_gallery_thumbnail":["https:\/\/biblio1.mdp.edu.ar\/centro-ventas\/wp-content\/uploads\/sites\/2\/2018\/10\/GestiondeArch9789871305285_T-100x100.jpg",100,100,true]},"uagb_author_info":{"display_name":"Cristina Bernabe","author_link":"https:\/\/biblio1.mdp.edu.ar\/centro-ventas\/author\/"},"uagb_comment_info":0,"uagb_excerpt":"Desde los or\u00edgenes del hombre, un sinn\u00famero de materiales han sido utilizados para ?documentar? hechos, pensamientos, objetos del mundo real e imaginario. El fin era guardar y dejar al alcance de otros ese conocimiento, organizado de alguna forma. Esos materiales, esos conocimientos y esas formas de organizaci\u00f3n fueron evolucionando, junto con el hombre, a lo&hellip;","_links":{"self":[{"href":"https:\/\/biblio1.mdp.edu.ar\/centro-ventas\/wp-json\/wp\/v2\/product\/1389","targetHints":{"allow":["GET"]}}],"collection":[{"href":"https:\/\/biblio1.mdp.edu.ar\/centro-ventas\/wp-json\/wp\/v2\/product"}],"about":[{"href":"https:\/\/biblio1.mdp.edu.ar\/centro-ventas\/wp-json\/wp\/v2\/types\/product"}],"wp:featuredmedia":[{"embeddable":true,"href":"https:\/\/biblio1.mdp.edu.ar\/centro-ventas\/wp-json\/wp\/v2\/media\/1390"}],"wp:attachment":[{"href":"https:\/\/biblio1.mdp.edu.ar\/centro-ventas\/wp-json\/wp\/v2\/media?parent=1389"}],"wp:term":[{"taxonomy":"product_cat","embeddable":true,"href":"https:\/\/biblio1.mdp.edu.ar\/centro-ventas\/wp-json\/wp\/v2\/product_cat?post=1389"},{"taxonomy":"product_tag","embeddable":true,"href":"https:\/\/biblio1.mdp.edu.ar\/centro-ventas\/wp-json\/wp\/v2\/product_tag?post=1389"}],"curies":[{"name":"wp","href":"https:\/\/api.w.org\/{rel}","templated":true}]}}