{"id":1387,"date":"2018-10-17T19:59:50","date_gmt":"2018-10-17T22:59:50","guid":{"rendered":"http:\/\/biblio1.mdp.edu.ar\/centro-ventas\/?post_type=product&#038;p=1387"},"modified":"2025-09-01T18:16:51","modified_gmt":"2025-09-01T21:16:51","slug":"filosofia-y-producciones-digitales","status":"publish","type":"product","link":"https:\/\/biblio1.mdp.edu.ar\/centro-ventas\/producto\/filosofia-y-producciones-digitales\/","title":{"rendered":"Filosof\u00eda y producciones digitales"},"content":{"rendered":"<div class=\"container\">\n<div class=\"right-detail content-tab col-md-8 col-sm-12 col-xs-12 book-center\">\n<div id=\"over-view\" class=\"book-desc-detail book-tab-show\">\n<p>Las Tecnolog\u00edas de la Informaci\u00f3n y la Comunicaci\u00f3n (TIC) permean hoy la mayor parte de las actividades del conocimiento, las pr\u00e1cticas de la vida ciudadana y la producci\u00f3n. La celeridad de su transformaci\u00f3n deja atr\u00e1s, ante todo, a sus propios resultados anteriores, rememorando el mito de Cronos, que devora a sus propios hijos para evitar ser derrocado por ellos. La frase \u00ab\u00faltima generaci\u00f3n\u00bb con la que se designa lo \u00faltimo producido, se enlaza directamente con la mejor tradici\u00f3n moderna. Sin embargo, la reflexi\u00f3n trata de prevalecer sobre la obsolescencia. Y a veces lo consigue, m\u00e1s all\u00e1 del tiempo de origen de esos productos tecnol\u00f3gicos. Se trata de un tiempo en verdad hipermoderno, que caracteriza al fen\u00f3meno de cambio en el gran mundo de lo digital. La cibercultura es una manifestaci\u00f3n que se viene desplegando justamente como efecto reciente de la hist\u00f3rica creatividad humana. Las cl\u00e1sicas preguntas que acompa\u00f1an a la est\u00e9tica vuelven a formularse ante el nuevo soporte. Las m\u00e1quinas digitales han aportado los instrumentos para cambiar la forma receptiva en la relaci\u00f3n objeto-sujeto por inter-acci\u00f3n. La producci\u00f3n misma se convierte en inter-acci\u00f3n. Ahora bien, la m\u00e1quina no hace el arte pero tampoco lo impide. Las nuevas tecnolog\u00edas nos brindan, entre otras cosas, una herramienta de construcci\u00f3n art\u00edstica. Lo preocupante ha de ser que, por no comprender esta propiedad y potencialidad, se llegue a un uso indebido, donde predomine la carencia de imaginaci\u00f3n, la falta de una formaci\u00f3n humanista, el reemplazo del sentido de lo est\u00e9tico por unos malabarismos inform\u00e1ticos que se agotan como sucede con los fuegos de artificio. Esta obra revisa los conceptos de creatividad, arte y epistemolog\u00eda, embebiendo con ellos los nuevos contextos de cibercultura, interacci\u00f3n, producciones digitales y arte colaborativo. Margarita Schultz. 9789871305162<\/p>\n<\/div>\n<\/div>\n<\/div>\n<div class=\"container border\"><\/div>\n<div class=\"product_meta\"><\/div>\n<p>&nbsp;<\/p>\n","protected":false},"excerpt":{"rendered":"<p>Las Tecnolog\u00edas de la Informaci\u00f3n y la Comunicaci\u00f3n (TIC) permean hoy la mayor parte de las actividades del conocimiento, las pr\u00e1cticas de la vida ciudadana y la producci\u00f3n. La celeridad de su transformaci\u00f3n deja atr\u00e1s, ante todo, a sus propios resultados anteriores, rememorando el mito de Cronos, que devora a sus propios hijos para evitar [&hellip;]<\/p>\n","protected":false},"featured_media":1388,"template":"","meta":{"_acf_changed":false,"_eb_attr":"","_crdt_document":"","_uag_custom_page_level_css":"","_editorskit_title_hidden":false,"_editorskit_reading_time":0,"_editorskit_is_block_options_detached":false,"_editorskit_block_options_position":"{}","site-sidebar-layout":"default","site-content-layout":"","ast-site-content-layout":"default","site-content-style":"default","site-sidebar-style":"default","ast-global-header-display":"","ast-banner-title-visibility":"","ast-main-header-display":"","ast-hfb-above-header-display":"","ast-hfb-below-header-display":"","ast-hfb-mobile-header-display":"","site-post-title":"","ast-breadcrumbs-content":"","ast-featured-img":"","footer-sml-layout":"","ast-disable-related-posts":"","theme-transparent-header-meta":"","adv-header-id-meta":"","stick-header-meta":"","header-above-stick-meta":"","header-main-stick-meta":"","header-below-stick-meta":"","astra-migrate-meta-layouts":"default","ast-page-background-enabled":"default","ast-page-background-meta":{"desktop":{"background-color":"var(--ast-global-color-4)","background-image":"","background-repeat":"repeat","background-position":"center center","background-size":"auto","background-attachment":"scroll","background-type":"","background-media":"","overlay-type":"","overlay-color":"","overlay-opacity":"","overlay-gradient":""},"tablet":{"background-color":"","background-image":"","background-repeat":"repeat","background-position":"center center","background-size":"auto","background-attachment":"scroll","background-type":"","background-media":"","overlay-type":"","overlay-color":"","overlay-opacity":"","overlay-gradient":""},"mobile":{"background-color":"","background-image":"","background-repeat":"repeat","background-position":"center center","background-size":"auto","background-attachment":"scroll","background-type":"","background-media":"","overlay-type":"","overlay-color":"","overlay-opacity":"","overlay-gradient":""}},"ast-content-background-meta":{"desktop":{"background-color":"var(--ast-global-color-5)","background-image":"","background-repeat":"repeat","background-position":"center center","background-size":"auto","background-attachment":"scroll","background-type":"","background-media":"","overlay-type":"","overlay-color":"","overlay-opacity":"","overlay-gradient":""},"tablet":{"background-color":"var(--ast-global-color-5)","background-image":"","background-repeat":"repeat","background-position":"center center","background-size":"auto","background-attachment":"scroll","background-type":"","background-media":"","overlay-type":"","overlay-color":"","overlay-opacity":"","overlay-gradient":""},"mobile":{"background-color":"var(--ast-global-color-5)","background-image":"","background-repeat":"repeat","background-position":"center center","background-size":"auto","background-attachment":"scroll","background-type":"","background-media":"","overlay-type":"","overlay-color":"","overlay-opacity":"","overlay-gradient":""}}},"product_cat":[74,28],"product_tag":[84,93,92],"class_list":{"0":"post-1387","1":"product","2":"type-product","3":"status-publish","4":"has-post-thumbnail","6":"product_cat-alfagrama","7":"product_cat-libro","8":"product_tag-bibliotecologia","9":"product_tag-comunicacion","10":"product_tag-tecnologias-de-la-informacion","11":"desktop-align-left","12":"tablet-align-left","13":"mobile-align-left","15":"first","16":"instock","17":"shipping-taxable","18":"purchasable","19":"product-type-simple"},"acf":[],"uagb_featured_image_src":{"full":["https:\/\/biblio1.mdp.edu.ar\/centro-ventas\/wp-content\/uploads\/sites\/2\/2018\/10\/filosofiayProducciones9789871305162_T.jpg",370,532,false],"thumbnail":["https:\/\/biblio1.mdp.edu.ar\/centro-ventas\/wp-content\/uploads\/sites\/2\/2018\/10\/filosofiayProducciones9789871305162_T-150x150.jpg",150,150,true],"medium":["https:\/\/biblio1.mdp.edu.ar\/centro-ventas\/wp-content\/uploads\/sites\/2\/2018\/10\/filosofiayProducciones9789871305162_T-209x300.jpg",209,300,true],"medium_large":["https:\/\/biblio1.mdp.edu.ar\/centro-ventas\/wp-content\/uploads\/sites\/2\/2018\/10\/filosofiayProducciones9789871305162_T.jpg",370,532,false],"large":["https:\/\/biblio1.mdp.edu.ar\/centro-ventas\/wp-content\/uploads\/sites\/2\/2018\/10\/filosofiayProducciones9789871305162_T.jpg",370,532,false],"1536x1536":["https:\/\/biblio1.mdp.edu.ar\/centro-ventas\/wp-content\/uploads\/sites\/2\/2018\/10\/filosofiayProducciones9789871305162_T.jpg",370,532,false],"2048x2048":["https:\/\/biblio1.mdp.edu.ar\/centro-ventas\/wp-content\/uploads\/sites\/2\/2018\/10\/filosofiayProducciones9789871305162_T.jpg",370,532,false],"woocommerce_thumbnail":["https:\/\/biblio1.mdp.edu.ar\/centro-ventas\/wp-content\/uploads\/sites\/2\/2018\/10\/filosofiayProducciones9789871305162_T-250x359.jpg",250,359,true],"woocommerce_single":["https:\/\/biblio1.mdp.edu.ar\/centro-ventas\/wp-content\/uploads\/sites\/2\/2018\/10\/filosofiayProducciones9789871305162_T.jpg",370,532,false],"woocommerce_gallery_thumbnail":["https:\/\/biblio1.mdp.edu.ar\/centro-ventas\/wp-content\/uploads\/sites\/2\/2018\/10\/filosofiayProducciones9789871305162_T-100x100.jpg",100,100,true]},"uagb_author_info":{"display_name":"Cristina Bernabe","author_link":"https:\/\/biblio1.mdp.edu.ar\/centro-ventas\/author\/"},"uagb_comment_info":0,"uagb_excerpt":"Las Tecnolog\u00edas de la Informaci\u00f3n y la Comunicaci\u00f3n (TIC) permean hoy la mayor parte de las actividades del conocimiento, las pr\u00e1cticas de la vida ciudadana y la producci\u00f3n. La celeridad de su transformaci\u00f3n deja atr\u00e1s, ante todo, a sus propios resultados anteriores, rememorando el mito de Cronos, que devora a sus propios hijos para evitar&hellip;","_links":{"self":[{"href":"https:\/\/biblio1.mdp.edu.ar\/centro-ventas\/wp-json\/wp\/v2\/product\/1387","targetHints":{"allow":["GET"]}}],"collection":[{"href":"https:\/\/biblio1.mdp.edu.ar\/centro-ventas\/wp-json\/wp\/v2\/product"}],"about":[{"href":"https:\/\/biblio1.mdp.edu.ar\/centro-ventas\/wp-json\/wp\/v2\/types\/product"}],"wp:featuredmedia":[{"embeddable":true,"href":"https:\/\/biblio1.mdp.edu.ar\/centro-ventas\/wp-json\/wp\/v2\/media\/1388"}],"wp:attachment":[{"href":"https:\/\/biblio1.mdp.edu.ar\/centro-ventas\/wp-json\/wp\/v2\/media?parent=1387"}],"wp:term":[{"taxonomy":"product_cat","embeddable":true,"href":"https:\/\/biblio1.mdp.edu.ar\/centro-ventas\/wp-json\/wp\/v2\/product_cat?post=1387"},{"taxonomy":"product_tag","embeddable":true,"href":"https:\/\/biblio1.mdp.edu.ar\/centro-ventas\/wp-json\/wp\/v2\/product_tag?post=1387"}],"curies":[{"name":"wp","href":"https:\/\/api.w.org\/{rel}","templated":true}]}}