{"id":1385,"date":"2018-10-16T22:01:45","date_gmt":"2018-10-17T01:01:45","guid":{"rendered":"http:\/\/biblio1.mdp.edu.ar\/centro-ventas\/?post_type=product&#038;p=1385"},"modified":"2024-11-22T14:38:35","modified_gmt":"2024-11-22T17:38:35","slug":"evaluacion-del-desempeno-de-personal-bibliotecario","status":"publish","type":"product","link":"https:\/\/biblio1.mdp.edu.ar\/centro-ventas\/producto\/evaluacion-del-desempeno-de-personal-bibliotecario\/","title":{"rendered":"Evaluaci\u00f3n del desempe\u00f1o de personal bibliotecario"},"content":{"rendered":"<p>\u00bfTiene personal a su cargo, sabe c\u00f3mo evaluarlo, conoce los beneficios de la valoraci\u00f3n de su trabajo? No importa para que organizaci\u00f3n trabaje, ni el puesto que desempe\u00f1e, usted necesita conocer los procesos de autoevaluaci\u00f3n, de evaluaci\u00f3n por pares, o la valoraci\u00f3n directiva del desempe\u00f1o laboral. Este libro, escrito por varios expertos, le ofrece 17 textos, la mayor\u00eda de ellos casos pr\u00e1cticos, sobre los procesos y beneficios de la evaluaci\u00f3n del desempe\u00f1o de personal, donde predominan las experiencias mexicanas complementadas con contribuciones de autores de Espa\u00f1a, Botsuana, Estados Unidos y Nueva Zelanda. Indudablemente esta obra debe formar parte de su acervo personal o institucional, porque le ofrece herramientas pr\u00e1cticas para mejorar su biblioteca. Jes\u00fas Lau. 9789871305544<\/p>\n","protected":false},"excerpt":{"rendered":"<p>\u00bfTiene personal a su cargo, sabe c\u00f3mo evaluarlo, conoce los beneficios de la valoraci\u00f3n de su trabajo? No importa para que organizaci\u00f3n trabaje, ni el puesto que desempe\u00f1e, usted necesita conocer los procesos de autoevaluaci\u00f3n, de evaluaci\u00f3n por pares, o la valoraci\u00f3n directiva del desempe\u00f1o laboral. Este libro, escrito por varios expertos, le ofrece 17 [&hellip;]<\/p>\n","protected":false},"featured_media":1386,"template":"","meta":{"_acf_changed":false,"_eb_attr":"","_crdt_document":"","_uag_custom_page_level_css":"","_editorskit_title_hidden":false,"_editorskit_reading_time":0,"_editorskit_is_block_options_detached":false,"_editorskit_block_options_position":"{}","site-sidebar-layout":"default","site-content-layout":"","ast-site-content-layout":"default","site-content-style":"default","site-sidebar-style":"default","ast-global-header-display":"","ast-banner-title-visibility":"","ast-main-header-display":"","ast-hfb-above-header-display":"","ast-hfb-below-header-display":"","ast-hfb-mobile-header-display":"","site-post-title":"","ast-breadcrumbs-content":"","ast-featured-img":"","footer-sml-layout":"","ast-disable-related-posts":"","theme-transparent-header-meta":"","adv-header-id-meta":"","stick-header-meta":"","header-above-stick-meta":"","header-main-stick-meta":"","header-below-stick-meta":"","astra-migrate-meta-layouts":"default","ast-page-background-enabled":"default","ast-page-background-meta":{"desktop":{"background-color":"var(--ast-global-color-4)","background-image":"","background-repeat":"repeat","background-position":"center center","background-size":"auto","background-attachment":"scroll","background-type":"","background-media":"","overlay-type":"","overlay-color":"","overlay-opacity":"","overlay-gradient":""},"tablet":{"background-color":"","background-image":"","background-repeat":"repeat","background-position":"center center","background-size":"auto","background-attachment":"scroll","background-type":"","background-media":"","overlay-type":"","overlay-color":"","overlay-opacity":"","overlay-gradient":""},"mobile":{"background-color":"","background-image":"","background-repeat":"repeat","background-position":"center center","background-size":"auto","background-attachment":"scroll","background-type":"","background-media":"","overlay-type":"","overlay-color":"","overlay-opacity":"","overlay-gradient":""}},"ast-content-background-meta":{"desktop":{"background-color":"var(--ast-global-color-5)","background-image":"","background-repeat":"repeat","background-position":"center center","background-size":"auto","background-attachment":"scroll","background-type":"","background-media":"","overlay-type":"","overlay-color":"","overlay-opacity":"","overlay-gradient":""},"tablet":{"background-color":"var(--ast-global-color-5)","background-image":"","background-repeat":"repeat","background-position":"center center","background-size":"auto","background-attachment":"scroll","background-type":"","background-media":"","overlay-type":"","overlay-color":"","overlay-opacity":"","overlay-gradient":""},"mobile":{"background-color":"var(--ast-global-color-5)","background-image":"","background-repeat":"repeat","background-position":"center center","background-size":"auto","background-attachment":"scroll","background-type":"","background-media":"","overlay-type":"","overlay-color":"","overlay-opacity":"","overlay-gradient":""}}},"product_cat":[74,28],"product_tag":[84,88],"class_list":{"0":"post-1385","1":"product","2":"type-product","3":"status-publish","4":"has-post-thumbnail","6":"product_cat-alfagrama","7":"product_cat-libro","8":"product_tag-bibliotecologia","9":"product_tag-recursos-humanos","10":"desktop-align-left","11":"tablet-align-left","12":"mobile-align-left","14":"first","15":"instock","16":"shipping-taxable","17":"purchasable","18":"product-type-simple"},"acf":[],"uagb_featured_image_src":{"full":["https:\/\/biblio1.mdp.edu.ar\/centro-ventas\/wp-content\/uploads\/sites\/2\/2018\/10\/Eval-Desem-Personal9789871305544_T1.jpg",370,539,false],"thumbnail":["https:\/\/biblio1.mdp.edu.ar\/centro-ventas\/wp-content\/uploads\/sites\/2\/2018\/10\/Eval-Desem-Personal9789871305544_T1-150x150.jpg",150,150,true],"medium":["https:\/\/biblio1.mdp.edu.ar\/centro-ventas\/wp-content\/uploads\/sites\/2\/2018\/10\/Eval-Desem-Personal9789871305544_T1-206x300.jpg",206,300,true],"medium_large":["https:\/\/biblio1.mdp.edu.ar\/centro-ventas\/wp-content\/uploads\/sites\/2\/2018\/10\/Eval-Desem-Personal9789871305544_T1.jpg",370,539,false],"large":["https:\/\/biblio1.mdp.edu.ar\/centro-ventas\/wp-content\/uploads\/sites\/2\/2018\/10\/Eval-Desem-Personal9789871305544_T1.jpg",370,539,false],"1536x1536":["https:\/\/biblio1.mdp.edu.ar\/centro-ventas\/wp-content\/uploads\/sites\/2\/2018\/10\/Eval-Desem-Personal9789871305544_T1.jpg",370,539,false],"2048x2048":["https:\/\/biblio1.mdp.edu.ar\/centro-ventas\/wp-content\/uploads\/sites\/2\/2018\/10\/Eval-Desem-Personal9789871305544_T1.jpg",370,539,false],"woocommerce_thumbnail":["https:\/\/biblio1.mdp.edu.ar\/centro-ventas\/wp-content\/uploads\/sites\/2\/2018\/10\/Eval-Desem-Personal9789871305544_T1-250x364.jpg",250,364,true],"woocommerce_single":["https:\/\/biblio1.mdp.edu.ar\/centro-ventas\/wp-content\/uploads\/sites\/2\/2018\/10\/Eval-Desem-Personal9789871305544_T1.jpg",370,539,false],"woocommerce_gallery_thumbnail":["https:\/\/biblio1.mdp.edu.ar\/centro-ventas\/wp-content\/uploads\/sites\/2\/2018\/10\/Eval-Desem-Personal9789871305544_T1-100x100.jpg",100,100,true]},"uagb_author_info":{"display_name":"Cristina Bernabe","author_link":"https:\/\/biblio1.mdp.edu.ar\/centro-ventas\/author\/"},"uagb_comment_info":0,"uagb_excerpt":"\u00bfTiene personal a su cargo, sabe c\u00f3mo evaluarlo, conoce los beneficios de la valoraci\u00f3n de su trabajo? No importa para que organizaci\u00f3n trabaje, ni el puesto que desempe\u00f1e, usted necesita conocer los procesos de autoevaluaci\u00f3n, de evaluaci\u00f3n por pares, o la valoraci\u00f3n directiva del desempe\u00f1o laboral. Este libro, escrito por varios expertos, le ofrece 17&hellip;","_links":{"self":[{"href":"https:\/\/biblio1.mdp.edu.ar\/centro-ventas\/wp-json\/wp\/v2\/product\/1385","targetHints":{"allow":["GET"]}}],"collection":[{"href":"https:\/\/biblio1.mdp.edu.ar\/centro-ventas\/wp-json\/wp\/v2\/product"}],"about":[{"href":"https:\/\/biblio1.mdp.edu.ar\/centro-ventas\/wp-json\/wp\/v2\/types\/product"}],"wp:featuredmedia":[{"embeddable":true,"href":"https:\/\/biblio1.mdp.edu.ar\/centro-ventas\/wp-json\/wp\/v2\/media\/1386"}],"wp:attachment":[{"href":"https:\/\/biblio1.mdp.edu.ar\/centro-ventas\/wp-json\/wp\/v2\/media?parent=1385"}],"wp:term":[{"taxonomy":"product_cat","embeddable":true,"href":"https:\/\/biblio1.mdp.edu.ar\/centro-ventas\/wp-json\/wp\/v2\/product_cat?post=1385"},{"taxonomy":"product_tag","embeddable":true,"href":"https:\/\/biblio1.mdp.edu.ar\/centro-ventas\/wp-json\/wp\/v2\/product_tag?post=1385"}],"curies":[{"name":"wp","href":"https:\/\/api.w.org\/{rel}","templated":true}]}}