{"id":1383,"date":"2018-10-16T21:58:06","date_gmt":"2018-10-17T00:58:06","guid":{"rendered":"http:\/\/biblio1.mdp.edu.ar\/centro-ventas\/?post_type=product&#038;p=1383"},"modified":"2025-09-01T18:16:25","modified_gmt":"2025-09-01T21:16:25","slug":"evaluacion-de-la-calidad-en-bibliotecas","status":"publish","type":"product","link":"https:\/\/biblio1.mdp.edu.ar\/centro-ventas\/producto\/evaluacion-de-la-calidad-en-bibliotecas\/","title":{"rendered":"Evaluaci\u00f3n de la calidad en bibliotecas"},"content":{"rendered":"<p>En este tiempo caracterizado por la hegemon\u00eda del dios mercado y adulaci\u00f3n al becerro de oro, la privatizaci\u00f3n de los servicios p\u00fablicos y la exacerbaci\u00f3n de la oferta y la demanda de todo cuanto sea susceptible de comprarse o venderse, incluido el bien com\u00fan, se hace extra\u00f1a la publicaci\u00f3n de cualquier texto que trate y que defienda no s\u00f3lo el servicio p\u00fablico, sino tambi\u00e9n su calidad. Porque de eso se trata: en el contexto de una praxis cuya cultura hegem\u00f3nica es la iniciativa privada y el desprestigio de todo cuanto emana y se gestiona por el Estado y la Administraci\u00f3n P\u00fablica, se hace urgente reivindicar lo p\u00fablico, pero sobre todo, ofrecer propuestas y modelos de calidad. Este libro no pretende sino defender los servicios p\u00fablicos de biblioteca e informaci\u00f3n y documentaci\u00f3n y proponer respuestas a los interrogantes que en torno a la calidad de aqu\u00e9llos se formulan lo usuarios que acuden, por necesidad o por placer, a nuestras bibliotecas p\u00fablicas, universitarias o especializadas, y a los centros de documentaci\u00f3n o de informaci\u00f3n cient\u00edfica. Las respuestas y posibles soluciones que se proponen en este texto son aquellas que emanan de los procesos rigurosos de evaluaci\u00f3n de la calidad en las bibliotecas y centros de documentaci\u00f3n, cuyo \u00fanico fin es la mejora continua de sus servicios p\u00fablicos. Las instituciones que han sometido sus servicios y procesos t\u00e9cnicos a planes de calidad, sea con cualquiera de las metodolog\u00edas aqu\u00ed expuestas, o con otras de menor uso y conocimiento, han mejorado sustancialmente la calidad de los servicios al usuario. Pues es de lo que se trata: ofrecer el mejor servicio p\u00fablico para satisfacer el derecho humano fundamental de acceder a toda la informaci\u00f3n y a todo el conocimiento posible sin l\u00edmites ni barreras econ\u00f3micas, sociales, culturales o ling\u00fc\u00edsticas. Porque lo p\u00fablico bien gestionado es la \u00fanica garant\u00eda de calidad y de satisfacci\u00f3n plena de necesidades y de derechos. Javier Gimeno Perello. 9789871305452<\/p>\n<p>&nbsp;<\/p>\n","protected":false},"excerpt":{"rendered":"<p>Compromiso con lo p\u00fablico.<\/p>\n<p>&nbsp;<\/p>\n","protected":false},"featured_media":1384,"template":"","meta":{"_acf_changed":false,"_eb_attr":"","_crdt_document":"","_uag_custom_page_level_css":"","_editorskit_title_hidden":false,"_editorskit_reading_time":0,"_editorskit_is_block_options_detached":false,"_editorskit_block_options_position":"{}","site-sidebar-layout":"default","site-content-layout":"","ast-site-content-layout":"default","site-content-style":"default","site-sidebar-style":"default","ast-global-header-display":"","ast-banner-title-visibility":"","ast-main-header-display":"","ast-hfb-above-header-display":"","ast-hfb-below-header-display":"","ast-hfb-mobile-header-display":"","site-post-title":"","ast-breadcrumbs-content":"","ast-featured-img":"","footer-sml-layout":"","ast-disable-related-posts":"","theme-transparent-header-meta":"","adv-header-id-meta":"","stick-header-meta":"","header-above-stick-meta":"","header-main-stick-meta":"","header-below-stick-meta":"","astra-migrate-meta-layouts":"default","ast-page-background-enabled":"default","ast-page-background-meta":{"desktop":{"background-color":"var(--ast-global-color-4)","background-image":"","background-repeat":"repeat","background-position":"center center","background-size":"auto","background-attachment":"scroll","background-type":"","background-media":"","overlay-type":"","overlay-color":"","overlay-opacity":"","overlay-gradient":""},"tablet":{"background-color":"","background-image":"","background-repeat":"repeat","background-position":"center center","background-size":"auto","background-attachment":"scroll","background-type":"","background-media":"","overlay-type":"","overlay-color":"","overlay-opacity":"","overlay-gradient":""},"mobile":{"background-color":"","background-image":"","background-repeat":"repeat","background-position":"center center","background-size":"auto","background-attachment":"scroll","background-type":"","background-media":"","overlay-type":"","overlay-color":"","overlay-opacity":"","overlay-gradient":""}},"ast-content-background-meta":{"desktop":{"background-color":"var(--ast-global-color-5)","background-image":"","background-repeat":"repeat","background-position":"center center","background-size":"auto","background-attachment":"scroll","background-type":"","background-media":"","overlay-type":"","overlay-color":"","overlay-opacity":"","overlay-gradient":""},"tablet":{"background-color":"var(--ast-global-color-5)","background-image":"","background-repeat":"repeat","background-position":"center center","background-size":"auto","background-attachment":"scroll","background-type":"","background-media":"","overlay-type":"","overlay-color":"","overlay-opacity":"","overlay-gradient":""},"mobile":{"background-color":"var(--ast-global-color-5)","background-image":"","background-repeat":"repeat","background-position":"center center","background-size":"auto","background-attachment":"scroll","background-type":"","background-media":"","overlay-type":"","overlay-color":"","overlay-opacity":"","overlay-gradient":""}}},"product_cat":[74,28],"product_tag":[84,91],"class_list":{"0":"post-1383","1":"product","2":"type-product","3":"status-publish","4":"has-post-thumbnail","6":"product_cat-alfagrama","7":"product_cat-libro","8":"product_tag-bibliotecologia","9":"product_tag-iso-9000","10":"desktop-align-left","11":"tablet-align-left","12":"mobile-align-left","14":"first","15":"instock","16":"shipping-taxable","17":"purchasable","18":"product-type-simple"},"acf":[],"uagb_featured_image_src":{"full":["https:\/\/biblio1.mdp.edu.ar\/centro-ventas\/wp-content\/uploads\/sites\/2\/2018\/10\/Eva-CalBiblio9789871305452_T.jpg",370,534,false],"thumbnail":["https:\/\/biblio1.mdp.edu.ar\/centro-ventas\/wp-content\/uploads\/sites\/2\/2018\/10\/Eva-CalBiblio9789871305452_T-150x150.jpg",150,150,true],"medium":["https:\/\/biblio1.mdp.edu.ar\/centro-ventas\/wp-content\/uploads\/sites\/2\/2018\/10\/Eva-CalBiblio9789871305452_T-208x300.jpg",208,300,true],"medium_large":["https:\/\/biblio1.mdp.edu.ar\/centro-ventas\/wp-content\/uploads\/sites\/2\/2018\/10\/Eva-CalBiblio9789871305452_T.jpg",370,534,false],"large":["https:\/\/biblio1.mdp.edu.ar\/centro-ventas\/wp-content\/uploads\/sites\/2\/2018\/10\/Eva-CalBiblio9789871305452_T.jpg",370,534,false],"1536x1536":["https:\/\/biblio1.mdp.edu.ar\/centro-ventas\/wp-content\/uploads\/sites\/2\/2018\/10\/Eva-CalBiblio9789871305452_T.jpg",370,534,false],"2048x2048":["https:\/\/biblio1.mdp.edu.ar\/centro-ventas\/wp-content\/uploads\/sites\/2\/2018\/10\/Eva-CalBiblio9789871305452_T.jpg",370,534,false],"woocommerce_thumbnail":["https:\/\/biblio1.mdp.edu.ar\/centro-ventas\/wp-content\/uploads\/sites\/2\/2018\/10\/Eva-CalBiblio9789871305452_T-250x361.jpg",250,361,true],"woocommerce_single":["https:\/\/biblio1.mdp.edu.ar\/centro-ventas\/wp-content\/uploads\/sites\/2\/2018\/10\/Eva-CalBiblio9789871305452_T.jpg",370,534,false],"woocommerce_gallery_thumbnail":["https:\/\/biblio1.mdp.edu.ar\/centro-ventas\/wp-content\/uploads\/sites\/2\/2018\/10\/Eva-CalBiblio9789871305452_T-100x100.jpg",100,100,true]},"uagb_author_info":{"display_name":"Cristina Bernabe","author_link":"https:\/\/biblio1.mdp.edu.ar\/centro-ventas\/author\/"},"uagb_comment_info":0,"uagb_excerpt":"Compromiso con lo p\u00fablico. &nbsp;","_links":{"self":[{"href":"https:\/\/biblio1.mdp.edu.ar\/centro-ventas\/wp-json\/wp\/v2\/product\/1383","targetHints":{"allow":["GET"]}}],"collection":[{"href":"https:\/\/biblio1.mdp.edu.ar\/centro-ventas\/wp-json\/wp\/v2\/product"}],"about":[{"href":"https:\/\/biblio1.mdp.edu.ar\/centro-ventas\/wp-json\/wp\/v2\/types\/product"}],"wp:featuredmedia":[{"embeddable":true,"href":"https:\/\/biblio1.mdp.edu.ar\/centro-ventas\/wp-json\/wp\/v2\/media\/1384"}],"wp:attachment":[{"href":"https:\/\/biblio1.mdp.edu.ar\/centro-ventas\/wp-json\/wp\/v2\/media?parent=1383"}],"wp:term":[{"taxonomy":"product_cat","embeddable":true,"href":"https:\/\/biblio1.mdp.edu.ar\/centro-ventas\/wp-json\/wp\/v2\/product_cat?post=1383"},{"taxonomy":"product_tag","embeddable":true,"href":"https:\/\/biblio1.mdp.edu.ar\/centro-ventas\/wp-json\/wp\/v2\/product_tag?post=1383"}],"curies":[{"name":"wp","href":"https:\/\/api.w.org\/{rel}","templated":true}]}}