{"id":1378,"date":"2018-10-16T21:42:46","date_gmt":"2018-10-17T00:42:46","guid":{"rendered":"http:\/\/biblio1.mdp.edu.ar\/centro-ventas\/?post_type=product&#038;p=1378"},"modified":"2024-11-22T14:32:39","modified_gmt":"2024-11-22T17:32:39","slug":"evaluacion-de-bibliotecas-universitarias","status":"publish","type":"product","link":"https:\/\/biblio1.mdp.edu.ar\/centro-ventas\/producto\/evaluacion-de-bibliotecas-universitarias\/","title":{"rendered":"Evaluaci\u00f3n de bibliotecas universitarias"},"content":{"rendered":"<p>Durante d\u00e9cadas las bibliotecas funcionaron sin necesidad de aplicar evaluaciones que posibilitaran medir el rendimiento de las mismas. Por un lado, se consideraba que la falta de quejas por parte de los usuarios daba por hecho su satisfacci\u00f3n respecto del servicio brindado. Por otro lado, tampoco se cuestionaba la existencia de la biblioteca y no era necesario justificar los gastos incurridos para su funcionamiento. El devenir del tiempo ha modificado esta situaci\u00f3n tangencialmente. Hoy d\u00eda, la forma de proceder de estas instituciones culturales que son las bibliotecas ha tomado un nuevo rumbo y los profesionales de la informaci\u00f3n no podemos resistirnos a aceptar esos cambios. Justificar su existencia, planificar sus actividades -y por ende el presupuesto necesario para llevarlas a cabo-, rendir cuentas, medir la calidad de los servicios prestados y la satisfacci\u00f3n de los usuarios para proponer mejoras, se han convertido en este \u00faltimo tiempo en acciones imprescindibles que toda unidad de informaci\u00f3n debe afrontar si pretende llevar adelante una gesti\u00f3n eficiente. Ante esta situaci\u00f3n, el presente libro pretende ser un aporte al tema de la evaluaci\u00f3n de las bibliotecas universitarias, brindando una gu\u00eda para quienes est\u00e9n interesados en llevar adelante una experiencia de este tipo en su propia unidad de informaci\u00f3n, facilitando conceptos introductorios, planteando posibles estrategias a realizar y sentando las bases para un an\u00e1lisis m\u00e1s profundo acerca del impacto que tiene la biblioteca en la universidad a la que pertenece y en la comunidad de usuarios a la que atiende.<\/p>\n","protected":false},"excerpt":{"rendered":"<p>Durante d\u00e9cadas las bibliotecas funcionaron sin necesidad de aplicar evaluaciones que posibilitaran medir el rendimiento de las mismas. Por un lado, se consideraba que la falta de quejas por parte de los usuarios daba por hecho su satisfacci\u00f3n respecto del servicio brindado. Por otro lado, tampoco se cuestionaba la existencia de la biblioteca y no [&hellip;]<\/p>\n","protected":false},"featured_media":1379,"template":"","meta":{"_acf_changed":false,"_eb_attr":"","_crdt_document":"","_uag_custom_page_level_css":"","_editorskit_title_hidden":false,"_editorskit_reading_time":0,"_editorskit_is_block_options_detached":false,"_editorskit_block_options_position":"{}","site-sidebar-layout":"default","site-content-layout":"","ast-site-content-layout":"default","site-content-style":"default","site-sidebar-style":"default","ast-global-header-display":"","ast-banner-title-visibility":"","ast-main-header-display":"","ast-hfb-above-header-display":"","ast-hfb-below-header-display":"","ast-hfb-mobile-header-display":"","site-post-title":"","ast-breadcrumbs-content":"","ast-featured-img":"","footer-sml-layout":"","ast-disable-related-posts":"","theme-transparent-header-meta":"","adv-header-id-meta":"","stick-header-meta":"","header-above-stick-meta":"","header-main-stick-meta":"","header-below-stick-meta":"","astra-migrate-meta-layouts":"default","ast-page-background-enabled":"default","ast-page-background-meta":{"desktop":{"background-color":"var(--ast-global-color-4)","background-image":"","background-repeat":"repeat","background-position":"center center","background-size":"auto","background-attachment":"scroll","background-type":"","background-media":"","overlay-type":"","overlay-color":"","overlay-opacity":"","overlay-gradient":""},"tablet":{"background-color":"","background-image":"","background-repeat":"repeat","background-position":"center center","background-size":"auto","background-attachment":"scroll","background-type":"","background-media":"","overlay-type":"","overlay-color":"","overlay-opacity":"","overlay-gradient":""},"mobile":{"background-color":"","background-image":"","background-repeat":"repeat","background-position":"center center","background-size":"auto","background-attachment":"scroll","background-type":"","background-media":"","overlay-type":"","overlay-color":"","overlay-opacity":"","overlay-gradient":""}},"ast-content-background-meta":{"desktop":{"background-color":"var(--ast-global-color-5)","background-image":"","background-repeat":"repeat","background-position":"center center","background-size":"auto","background-attachment":"scroll","background-type":"","background-media":"","overlay-type":"","overlay-color":"","overlay-opacity":"","overlay-gradient":""},"tablet":{"background-color":"var(--ast-global-color-5)","background-image":"","background-repeat":"repeat","background-position":"center center","background-size":"auto","background-attachment":"scroll","background-type":"","background-media":"","overlay-type":"","overlay-color":"","overlay-opacity":"","overlay-gradient":""},"mobile":{"background-color":"var(--ast-global-color-5)","background-image":"","background-repeat":"repeat","background-position":"center center","background-size":"auto","background-attachment":"scroll","background-type":"","background-media":"","overlay-type":"","overlay-color":"","overlay-opacity":"","overlay-gradient":""}}},"product_cat":[74,28],"product_tag":[84,85],"class_list":{"0":"post-1378","1":"product","2":"type-product","3":"status-publish","4":"has-post-thumbnail","6":"product_cat-alfagrama","7":"product_cat-libro","8":"product_tag-bibliotecologia","9":"product_tag-gestion-universitaria","10":"desktop-align-left","11":"tablet-align-left","12":"mobile-align-left","14":"first","15":"instock","16":"shipping-taxable","17":"purchasable","18":"product-type-simple"},"acf":[],"uagb_featured_image_src":{"full":["https:\/\/biblio1.mdp.edu.ar\/centro-ventas\/wp-content\/uploads\/sites\/2\/2018\/10\/evaluacion-biblUniver9789871305629_T.jpg",370,539,false],"thumbnail":["https:\/\/biblio1.mdp.edu.ar\/centro-ventas\/wp-content\/uploads\/sites\/2\/2018\/10\/evaluacion-biblUniver9789871305629_T-150x150.jpg",150,150,true],"medium":["https:\/\/biblio1.mdp.edu.ar\/centro-ventas\/wp-content\/uploads\/sites\/2\/2018\/10\/evaluacion-biblUniver9789871305629_T-206x300.jpg",206,300,true],"medium_large":["https:\/\/biblio1.mdp.edu.ar\/centro-ventas\/wp-content\/uploads\/sites\/2\/2018\/10\/evaluacion-biblUniver9789871305629_T.jpg",370,539,false],"large":["https:\/\/biblio1.mdp.edu.ar\/centro-ventas\/wp-content\/uploads\/sites\/2\/2018\/10\/evaluacion-biblUniver9789871305629_T.jpg",370,539,false],"1536x1536":["https:\/\/biblio1.mdp.edu.ar\/centro-ventas\/wp-content\/uploads\/sites\/2\/2018\/10\/evaluacion-biblUniver9789871305629_T.jpg",370,539,false],"2048x2048":["https:\/\/biblio1.mdp.edu.ar\/centro-ventas\/wp-content\/uploads\/sites\/2\/2018\/10\/evaluacion-biblUniver9789871305629_T.jpg",370,539,false],"woocommerce_thumbnail":["https:\/\/biblio1.mdp.edu.ar\/centro-ventas\/wp-content\/uploads\/sites\/2\/2018\/10\/evaluacion-biblUniver9789871305629_T-250x364.jpg",250,364,true],"woocommerce_single":["https:\/\/biblio1.mdp.edu.ar\/centro-ventas\/wp-content\/uploads\/sites\/2\/2018\/10\/evaluacion-biblUniver9789871305629_T.jpg",370,539,false],"woocommerce_gallery_thumbnail":["https:\/\/biblio1.mdp.edu.ar\/centro-ventas\/wp-content\/uploads\/sites\/2\/2018\/10\/evaluacion-biblUniver9789871305629_T-100x100.jpg",100,100,true]},"uagb_author_info":{"display_name":"Cristina Bernabe","author_link":"https:\/\/biblio1.mdp.edu.ar\/centro-ventas\/author\/"},"uagb_comment_info":0,"uagb_excerpt":"Durante d\u00e9cadas las bibliotecas funcionaron sin necesidad de aplicar evaluaciones que posibilitaran medir el rendimiento de las mismas. Por un lado, se consideraba que la falta de quejas por parte de los usuarios daba por hecho su satisfacci\u00f3n respecto del servicio brindado. Por otro lado, tampoco se cuestionaba la existencia de la biblioteca y no&hellip;","_links":{"self":[{"href":"https:\/\/biblio1.mdp.edu.ar\/centro-ventas\/wp-json\/wp\/v2\/product\/1378","targetHints":{"allow":["GET"]}}],"collection":[{"href":"https:\/\/biblio1.mdp.edu.ar\/centro-ventas\/wp-json\/wp\/v2\/product"}],"about":[{"href":"https:\/\/biblio1.mdp.edu.ar\/centro-ventas\/wp-json\/wp\/v2\/types\/product"}],"wp:featuredmedia":[{"embeddable":true,"href":"https:\/\/biblio1.mdp.edu.ar\/centro-ventas\/wp-json\/wp\/v2\/media\/1379"}],"wp:attachment":[{"href":"https:\/\/biblio1.mdp.edu.ar\/centro-ventas\/wp-json\/wp\/v2\/media?parent=1378"}],"wp:term":[{"taxonomy":"product_cat","embeddable":true,"href":"https:\/\/biblio1.mdp.edu.ar\/centro-ventas\/wp-json\/wp\/v2\/product_cat?post=1378"},{"taxonomy":"product_tag","embeddable":true,"href":"https:\/\/biblio1.mdp.edu.ar\/centro-ventas\/wp-json\/wp\/v2\/product_tag?post=1378"}],"curies":[{"name":"wp","href":"https:\/\/api.w.org\/{rel}","templated":true}]}}