{"id":1376,"date":"2018-10-16T21:10:02","date_gmt":"2018-10-17T00:10:02","guid":{"rendered":"http:\/\/biblio1.mdp.edu.ar\/centro-ventas\/?post_type=product&#038;p=1376"},"modified":"2025-09-01T18:11:31","modified_gmt":"2025-09-01T21:11:31","slug":"direccion-de-bibliotecas-de-la-teoria-a-la-practica-real","status":"publish","type":"product","link":"https:\/\/biblio1.mdp.edu.ar\/centro-ventas\/producto\/direccion-de-bibliotecas-de-la-teoria-a-la-practica-real\/","title":{"rendered":"Direcci\u00f3n de bibliotecas- De la teor\u00eda a la pr\u00e1ctica real"},"content":{"rendered":"<div class=\"container\">\n<div class=\"right-detail content-tab col-md-8 col-sm-12 col-xs-12 book-center\">\n<div id=\"over-view\" class=\"book-desc-detail book-tab-show\"><span class=\"detail-desc box-detail-desc\">El libro de Ricky Espinosa nos invita a descubrir todo aquello que se aprende en la praxis del trabajo bibliotecol\u00f3gico, pero que, no necesariamente, se discute en los textos de nuestra profesi\u00f3n o en la academia. La obra nos invita a reflexionar y a considerar el proceso de dirigir una biblioteca, present\u00e1ndonos una metodolog\u00eda funcional en un lenguaje sencillo, meridianamente claro para cualquier bibliotecario o aprendiz de bibliotecario de habla hispana. Cabe destacar que el autor posee un bagaje acad\u00e9mico vasto que incluye una maestr\u00eda en ciencias bibliotecarias y de informaci\u00f3n y que conoce los rudimentos y fundamentos te\u00f3ricos de nuestra profesi\u00f3n. Estamos ante una obra magistral, con un estilo y car\u00e1cter \u00fanico, que no descansa necesariamente en citas bibliogr\u00e1ficas. Reconocemos en ella a un autor atrevido, arrojado, punzante e incisivo que demuestra una gran seguridad en s\u00ed mismo. Esta seguridad es respaldada y ha sido garantizada con el conocimiento que s\u00f3lo el ejercicio de la profesi\u00f3n y las destrezas desarrolladas, d\u00eda a d\u00eda en el camino pueden dar. Mediante ese caminar es que se logra alcanzar la pericia que s\u00f3lo en contextos reales se es capaz de obtener. Encontrar\u00e1n en este libro, el cual se me antoja una mezcla de tratado bibliotecol\u00f3gico, manual de consejer\u00eda en materia de biblioteca y discurso motivacional, recomendaciones, advertencias, asesoramiento, exhortaciones y observaciones que convierten al autor en una especie de mentor en la toma de decisiones para dirigir exitosamente y ahorrarse problemas como administrador o administradora de una biblioteca. Del pr\u00f3logo de Dra. Ada Myriam Felici\u00e9 Soto 9789871305995 Ricky Nelson Espinosa<\/span><\/div>\n<\/div>\n<\/div>\n<div class=\"container border\"><\/div>\n","protected":false},"excerpt":{"rendered":"<p>El libro de Ricky Espinosa nos invita a descubrir todo aquello que se aprende en la praxis del trabajo bibliotecol\u00f3gico, pero que, no necesariamente, se discute en los textos de nuestra profesi\u00f3n o en la academia. La obra nos invita a reflexionar y a considerar el proceso de dirigir una biblioteca, present\u00e1ndonos una metodolog\u00eda funcional [&hellip;]<\/p>\n","protected":false},"featured_media":1377,"template":"","meta":{"_acf_changed":false,"_eb_attr":"","_crdt_document":"","_uag_custom_page_level_css":"","_editorskit_title_hidden":false,"_editorskit_reading_time":0,"_editorskit_is_block_options_detached":false,"_editorskit_block_options_position":"{}","site-sidebar-layout":"default","site-content-layout":"","ast-site-content-layout":"default","site-content-style":"default","site-sidebar-style":"default","ast-global-header-display":"","ast-banner-title-visibility":"","ast-main-header-display":"","ast-hfb-above-header-display":"","ast-hfb-below-header-display":"","ast-hfb-mobile-header-display":"","site-post-title":"","ast-breadcrumbs-content":"","ast-featured-img":"","footer-sml-layout":"","ast-disable-related-posts":"","theme-transparent-header-meta":"","adv-header-id-meta":"","stick-header-meta":"","header-above-stick-meta":"","header-main-stick-meta":"","header-below-stick-meta":"","astra-migrate-meta-layouts":"default","ast-page-background-enabled":"default","ast-page-background-meta":{"desktop":{"background-color":"var(--ast-global-color-4)","background-image":"","background-repeat":"repeat","background-position":"center center","background-size":"auto","background-attachment":"scroll","background-type":"","background-media":"","overlay-type":"","overlay-color":"","overlay-opacity":"","overlay-gradient":""},"tablet":{"background-color":"","background-image":"","background-repeat":"repeat","background-position":"center center","background-size":"auto","background-attachment":"scroll","background-type":"","background-media":"","overlay-type":"","overlay-color":"","overlay-opacity":"","overlay-gradient":""},"mobile":{"background-color":"","background-image":"","background-repeat":"repeat","background-position":"center center","background-size":"auto","background-attachment":"scroll","background-type":"","background-media":"","overlay-type":"","overlay-color":"","overlay-opacity":"","overlay-gradient":""}},"ast-content-background-meta":{"desktop":{"background-color":"var(--ast-global-color-5)","background-image":"","background-repeat":"repeat","background-position":"center center","background-size":"auto","background-attachment":"scroll","background-type":"","background-media":"","overlay-type":"","overlay-color":"","overlay-opacity":"","overlay-gradient":""},"tablet":{"background-color":"var(--ast-global-color-5)","background-image":"","background-repeat":"repeat","background-position":"center center","background-size":"auto","background-attachment":"scroll","background-type":"","background-media":"","overlay-type":"","overlay-color":"","overlay-opacity":"","overlay-gradient":""},"mobile":{"background-color":"var(--ast-global-color-5)","background-image":"","background-repeat":"repeat","background-position":"center center","background-size":"auto","background-attachment":"scroll","background-type":"","background-media":"","overlay-type":"","overlay-color":"","overlay-opacity":"","overlay-gradient":""}}},"product_cat":[74,28],"product_tag":[84,85],"class_list":{"0":"post-1376","1":"product","2":"type-product","3":"status-publish","4":"has-post-thumbnail","6":"product_cat-alfagrama","7":"product_cat-libro","8":"product_tag-bibliotecologia","9":"product_tag-gestion-universitaria","10":"desktop-align-left","11":"tablet-align-left","12":"mobile-align-left","14":"first","15":"instock","16":"shipping-taxable","17":"purchasable","18":"product-type-simple"},"acf":[],"uagb_featured_image_src":{"full":["https:\/\/biblio1.mdp.edu.ar\/centro-ventas\/wp-content\/uploads\/sites\/2\/2018\/10\/direccion-de-bibliotecas-tapa.png",370,541,false],"thumbnail":["https:\/\/biblio1.mdp.edu.ar\/centro-ventas\/wp-content\/uploads\/sites\/2\/2018\/10\/direccion-de-bibliotecas-tapa-150x150.png",150,150,true],"medium":["https:\/\/biblio1.mdp.edu.ar\/centro-ventas\/wp-content\/uploads\/sites\/2\/2018\/10\/direccion-de-bibliotecas-tapa-205x300.png",205,300,true],"medium_large":["https:\/\/biblio1.mdp.edu.ar\/centro-ventas\/wp-content\/uploads\/sites\/2\/2018\/10\/direccion-de-bibliotecas-tapa.png",370,541,false],"large":["https:\/\/biblio1.mdp.edu.ar\/centro-ventas\/wp-content\/uploads\/sites\/2\/2018\/10\/direccion-de-bibliotecas-tapa.png",370,541,false],"1536x1536":["https:\/\/biblio1.mdp.edu.ar\/centro-ventas\/wp-content\/uploads\/sites\/2\/2018\/10\/direccion-de-bibliotecas-tapa.png",370,541,false],"2048x2048":["https:\/\/biblio1.mdp.edu.ar\/centro-ventas\/wp-content\/uploads\/sites\/2\/2018\/10\/direccion-de-bibliotecas-tapa.png",370,541,false],"woocommerce_thumbnail":["https:\/\/biblio1.mdp.edu.ar\/centro-ventas\/wp-content\/uploads\/sites\/2\/2018\/10\/direccion-de-bibliotecas-tapa-250x366.png",250,366,true],"woocommerce_single":["https:\/\/biblio1.mdp.edu.ar\/centro-ventas\/wp-content\/uploads\/sites\/2\/2018\/10\/direccion-de-bibliotecas-tapa.png",370,541,false],"woocommerce_gallery_thumbnail":["https:\/\/biblio1.mdp.edu.ar\/centro-ventas\/wp-content\/uploads\/sites\/2\/2018\/10\/direccion-de-bibliotecas-tapa-100x100.png",100,100,true]},"uagb_author_info":{"display_name":"Cristina Bernabe","author_link":"https:\/\/biblio1.mdp.edu.ar\/centro-ventas\/author\/"},"uagb_comment_info":0,"uagb_excerpt":"El libro de Ricky Espinosa nos invita a descubrir todo aquello que se aprende en la praxis del trabajo bibliotecol\u00f3gico, pero que, no necesariamente, se discute en los textos de nuestra profesi\u00f3n o en la academia. La obra nos invita a reflexionar y a considerar el proceso de dirigir una biblioteca, present\u00e1ndonos una metodolog\u00eda funcional&hellip;","_links":{"self":[{"href":"https:\/\/biblio1.mdp.edu.ar\/centro-ventas\/wp-json\/wp\/v2\/product\/1376","targetHints":{"allow":["GET"]}}],"collection":[{"href":"https:\/\/biblio1.mdp.edu.ar\/centro-ventas\/wp-json\/wp\/v2\/product"}],"about":[{"href":"https:\/\/biblio1.mdp.edu.ar\/centro-ventas\/wp-json\/wp\/v2\/types\/product"}],"wp:featuredmedia":[{"embeddable":true,"href":"https:\/\/biblio1.mdp.edu.ar\/centro-ventas\/wp-json\/wp\/v2\/media\/1377"}],"wp:attachment":[{"href":"https:\/\/biblio1.mdp.edu.ar\/centro-ventas\/wp-json\/wp\/v2\/media?parent=1376"}],"wp:term":[{"taxonomy":"product_cat","embeddable":true,"href":"https:\/\/biblio1.mdp.edu.ar\/centro-ventas\/wp-json\/wp\/v2\/product_cat?post=1376"},{"taxonomy":"product_tag","embeddable":true,"href":"https:\/\/biblio1.mdp.edu.ar\/centro-ventas\/wp-json\/wp\/v2\/product_tag?post=1376"}],"curies":[{"name":"wp","href":"https:\/\/api.w.org\/{rel}","templated":true}]}}