{"id":1374,"date":"2018-10-16T21:06:06","date_gmt":"2018-10-17T00:06:06","guid":{"rendered":"http:\/\/biblio1.mdp.edu.ar\/centro-ventas\/?post_type=product&#038;p=1374"},"modified":"2025-09-01T18:11:15","modified_gmt":"2025-09-01T21:11:15","slug":"didactica-basica-para-la-alfabetizacion-informacional","status":"publish","type":"product","link":"https:\/\/biblio1.mdp.edu.ar\/centro-ventas\/producto\/didactica-basica-para-la-alfabetizacion-informacional\/","title":{"rendered":"Did\u00e1ctica b\u00e1sica para la alfabetizaci\u00f3n informacional"},"content":{"rendered":"<p>Los esfuerzos de la comunidad bibliotecaria en materia de alfabetizaci\u00f3n informacional (Alfin) tienen que ver con el inter\u00e9s de apoyar a los usuarios a constituirse como individuos aut\u00f3nomos en la b\u00fasqueda, identificaci\u00f3n, valoraci\u00f3n y uso apropiados de la informaci\u00f3n. Tal inter\u00e9s surge en la profesi\u00f3n bibliotecol\u00f3gica como una v\u00eda de apoyo directo a la necesidad de la sociedad de contar con sujetos capaces de aprender a lo largo de su vida, de manera tal que puedan afrontar, asertiva y exitosamente, las problem\u00e1ticas que se presenten en su rutina diaria. Esta tarea requiere que el personal a cargo de los proyectos de Alfin posea y maneje una fuerte carga de fundamentos tanto educativos como bibliotecol\u00f3gicos. El libro busca asociar las aportaciones multidisciplinarias de varios colaboradores interesados en compartir sus conocimientos en torno al tema de la Alfin. La propuesta concentra una serie de contenidos b\u00e1sicos que, a consideraci\u00f3n de los autores, debieran ser incluidos en la formaci\u00f3n universitaria (tanto de pregrado y posgrado) dentro de las materias relacionadas con la Alfin. Esperamos interesar genuinamente al lector en la b\u00fasqueda de una preparaci\u00f3n s\u00f3lida y el ejercicio de una pr\u00e1ctica continua que contribuyan a mejorar sus conocimientos y capacidades en el desarrollo de programas de alfabetizaci\u00f3n informacional. Javier Tarango. 9789871305698<\/p>\n","protected":false},"excerpt":{"rendered":"<p>Los esfuerzos de la comunidad bibliotecaria en materia de alfabetizaci\u00f3n informacional (Alfin) tienen que ver con el inter\u00e9s de apoyar a los usuarios a constituirse como individuos aut\u00f3nomos en la b\u00fasqueda, identificaci\u00f3n, valoraci\u00f3n y uso apropiados de la informaci\u00f3n. Tal inter\u00e9s surge en la profesi\u00f3n bibliotecol\u00f3gica como una v\u00eda de apoyo directo a la necesidad [&hellip;]<\/p>\n","protected":false},"featured_media":1375,"template":"","meta":{"_acf_changed":false,"_eb_attr":"","_crdt_document":"","_uag_custom_page_level_css":"","_editorskit_title_hidden":false,"_editorskit_reading_time":0,"_editorskit_is_block_options_detached":false,"_editorskit_block_options_position":"{}","site-sidebar-layout":"default","site-content-layout":"","ast-site-content-layout":"default","site-content-style":"default","site-sidebar-style":"default","ast-global-header-display":"","ast-banner-title-visibility":"","ast-main-header-display":"","ast-hfb-above-header-display":"","ast-hfb-below-header-display":"","ast-hfb-mobile-header-display":"","site-post-title":"","ast-breadcrumbs-content":"","ast-featured-img":"","footer-sml-layout":"","ast-disable-related-posts":"","theme-transparent-header-meta":"","adv-header-id-meta":"","stick-header-meta":"","header-above-stick-meta":"","header-main-stick-meta":"","header-below-stick-meta":"","astra-migrate-meta-layouts":"default","ast-page-background-enabled":"default","ast-page-background-meta":{"desktop":{"background-color":"var(--ast-global-color-4)","background-image":"","background-repeat":"repeat","background-position":"center center","background-size":"auto","background-attachment":"scroll","background-type":"","background-media":"","overlay-type":"","overlay-color":"","overlay-opacity":"","overlay-gradient":""},"tablet":{"background-color":"","background-image":"","background-repeat":"repeat","background-position":"center center","background-size":"auto","background-attachment":"scroll","background-type":"","background-media":"","overlay-type":"","overlay-color":"","overlay-opacity":"","overlay-gradient":""},"mobile":{"background-color":"","background-image":"","background-repeat":"repeat","background-position":"center center","background-size":"auto","background-attachment":"scroll","background-type":"","background-media":"","overlay-type":"","overlay-color":"","overlay-opacity":"","overlay-gradient":""}},"ast-content-background-meta":{"desktop":{"background-color":"var(--ast-global-color-5)","background-image":"","background-repeat":"repeat","background-position":"center center","background-size":"auto","background-attachment":"scroll","background-type":"","background-media":"","overlay-type":"","overlay-color":"","overlay-opacity":"","overlay-gradient":""},"tablet":{"background-color":"var(--ast-global-color-5)","background-image":"","background-repeat":"repeat","background-position":"center center","background-size":"auto","background-attachment":"scroll","background-type":"","background-media":"","overlay-type":"","overlay-color":"","overlay-opacity":"","overlay-gradient":""},"mobile":{"background-color":"var(--ast-global-color-5)","background-image":"","background-repeat":"repeat","background-position":"center center","background-size":"auto","background-attachment":"scroll","background-type":"","background-media":"","overlay-type":"","overlay-color":"","overlay-opacity":"","overlay-gradient":""}}},"product_cat":[74,28],"product_tag":[84,89],"class_list":{"0":"post-1374","1":"product","2":"type-product","3":"status-publish","4":"has-post-thumbnail","6":"product_cat-alfagrama","7":"product_cat-libro","8":"product_tag-bibliotecologia","9":"product_tag-ciencias-de-la-informacion","10":"desktop-align-left","11":"tablet-align-left","12":"mobile-align-left","14":"first","15":"instock","16":"shipping-taxable","17":"purchasable","18":"product-type-simple"},"acf":[],"uagb_featured_image_src":{"full":["https:\/\/biblio1.mdp.edu.ar\/centro-ventas\/wp-content\/uploads\/sites\/2\/2018\/10\/Didactica-Basica9789871305698_T.jpg",1112,1596,false],"thumbnail":["https:\/\/biblio1.mdp.edu.ar\/centro-ventas\/wp-content\/uploads\/sites\/2\/2018\/10\/Didactica-Basica9789871305698_T-150x150.jpg",150,150,true],"medium":["https:\/\/biblio1.mdp.edu.ar\/centro-ventas\/wp-content\/uploads\/sites\/2\/2018\/10\/Didactica-Basica9789871305698_T-209x300.jpg",209,300,true],"medium_large":["https:\/\/biblio1.mdp.edu.ar\/centro-ventas\/wp-content\/uploads\/sites\/2\/2018\/10\/Didactica-Basica9789871305698_T-768x1102.jpg",768,1102,true],"large":["https:\/\/biblio1.mdp.edu.ar\/centro-ventas\/wp-content\/uploads\/sites\/2\/2018\/10\/Didactica-Basica9789871305698_T-713x1024.jpg",713,1024,true],"1536x1536":["https:\/\/biblio1.mdp.edu.ar\/centro-ventas\/wp-content\/uploads\/sites\/2\/2018\/10\/Didactica-Basica9789871305698_T.jpg",1070,1536,false],"2048x2048":["https:\/\/biblio1.mdp.edu.ar\/centro-ventas\/wp-content\/uploads\/sites\/2\/2018\/10\/Didactica-Basica9789871305698_T.jpg",1112,1596,false],"woocommerce_thumbnail":["https:\/\/biblio1.mdp.edu.ar\/centro-ventas\/wp-content\/uploads\/sites\/2\/2018\/10\/Didactica-Basica9789871305698_T-250x359.jpg",250,359,true],"woocommerce_single":["https:\/\/biblio1.mdp.edu.ar\/centro-ventas\/wp-content\/uploads\/sites\/2\/2018\/10\/Didactica-Basica9789871305698_T-713x1024.jpg",600,862,true],"woocommerce_gallery_thumbnail":["https:\/\/biblio1.mdp.edu.ar\/centro-ventas\/wp-content\/uploads\/sites\/2\/2018\/10\/Didactica-Basica9789871305698_T-100x100.jpg",100,100,true]},"uagb_author_info":{"display_name":"Cristina Bernabe","author_link":"https:\/\/biblio1.mdp.edu.ar\/centro-ventas\/author\/"},"uagb_comment_info":0,"uagb_excerpt":"Los esfuerzos de la comunidad bibliotecaria en materia de alfabetizaci\u00f3n informacional (Alfin) tienen que ver con el inter\u00e9s de apoyar a los usuarios a constituirse como individuos aut\u00f3nomos en la b\u00fasqueda, identificaci\u00f3n, valoraci\u00f3n y uso apropiados de la informaci\u00f3n. Tal inter\u00e9s surge en la profesi\u00f3n bibliotecol\u00f3gica como una v\u00eda de apoyo directo a la necesidad&hellip;","_links":{"self":[{"href":"https:\/\/biblio1.mdp.edu.ar\/centro-ventas\/wp-json\/wp\/v2\/product\/1374","targetHints":{"allow":["GET"]}}],"collection":[{"href":"https:\/\/biblio1.mdp.edu.ar\/centro-ventas\/wp-json\/wp\/v2\/product"}],"about":[{"href":"https:\/\/biblio1.mdp.edu.ar\/centro-ventas\/wp-json\/wp\/v2\/types\/product"}],"wp:featuredmedia":[{"embeddable":true,"href":"https:\/\/biblio1.mdp.edu.ar\/centro-ventas\/wp-json\/wp\/v2\/media\/1375"}],"wp:attachment":[{"href":"https:\/\/biblio1.mdp.edu.ar\/centro-ventas\/wp-json\/wp\/v2\/media?parent=1374"}],"wp:term":[{"taxonomy":"product_cat","embeddable":true,"href":"https:\/\/biblio1.mdp.edu.ar\/centro-ventas\/wp-json\/wp\/v2\/product_cat?post=1374"},{"taxonomy":"product_tag","embeddable":true,"href":"https:\/\/biblio1.mdp.edu.ar\/centro-ventas\/wp-json\/wp\/v2\/product_tag?post=1374"}],"curies":[{"name":"wp","href":"https:\/\/api.w.org\/{rel}","templated":true}]}}