{"id":1372,"date":"2018-10-16T21:03:32","date_gmt":"2018-10-17T00:03:32","guid":{"rendered":"http:\/\/biblio1.mdp.edu.ar\/centro-ventas\/?post_type=product&#038;p=1372"},"modified":"2025-09-01T18:10:39","modified_gmt":"2025-09-01T21:10:39","slug":"diccionario-de-educacion","status":"publish","type":"product","link":"https:\/\/biblio1.mdp.edu.ar\/centro-ventas\/producto\/diccionario-de-educacion\/","title":{"rendered":"Diccionario de educaci\u00f3n"},"content":{"rendered":"<div class=\"container\">\n<div class=\"right-detail content-tab col-md-8 col-sm-12 col-xs-12 book-center\">\n<div id=\"over-view\" class=\"book-desc-detail book-tab-show\"><span class=\"detail-desc box-detail-desc\">Esta obra est\u00e1 dirigida a todos los interesados en la educaci\u00f3n y otros temas afines; directivos, docentes, bibliotecarios escolares, psic\u00f3logos, psicopedagogos, padres, etc. Es una herramienta de referencia con un lenguaje sencillo que pretende transformarse en una ayuda para aquel que quiera tener una mirada general sobre las expresiones expuestas, tanto cl\u00e1sicas como actualizadas. Los t\u00e9rminos definidos abarcan diversos temas, tales como: administraci\u00f3n escolar; aprendizaje; did\u00e1ctica; evaluaci\u00f3n; pol\u00edtica educativa; psicolog\u00eda; bibliotecolog\u00eda; desarrollo humano: gesti\u00f3n del conocimiento; neurocognici\u00f3n; sociolog\u00eda y comunidad; y tecnolog\u00eda de la informaci\u00f3n y comunicaci\u00f3n. Est\u00e1 pensado para que los lectores puedan relacionarse de diferentes formas con su contenido. Podr\u00e1n realizar b\u00fasquedas espec\u00edficas, leer sus p\u00e1ginas de corrido ?debido a su estilo ameno y coloquial? o sumergirse en una concepci\u00f3n hipertextual siguiendo las palabras subrayadas que permiten profundizar y relacionar los temas tratados. El diccionario se complementa con una p\u00e1gina web en la que pueden consultarse gran parte de los t\u00e9rminos para ampliar los contenidos con actividades adicionales. All\u00ed se puede localizar informaci\u00f3n sintetizada en cuadros, gr\u00e1ficos ejemplificadores, preguntas para reflexionar y recomendaci\u00f3n de sitios web, entre otras opciones. Graciela Perrone y Flavia Propper. 9789871305339<\/span><\/div>\n<\/div>\n<\/div>\n<div class=\"container border\"><\/div>\n","protected":false},"excerpt":{"rendered":"<p>Esta obra est\u00e1 dirigida a todos los interesados en la educaci\u00f3n y otros temas afines; directivos, docentes, bibliotecarios escolares, psic\u00f3logos, psicopedagogos, padres, etc. Es una herramienta de referencia con un lenguaje sencillo que pretende transformarse en una ayuda para aquel que quiera tener una mirada general sobre las expresiones expuestas, tanto cl\u00e1sicas como actualizadas. Los [&hellip;]<\/p>\n","protected":false},"featured_media":1373,"template":"","meta":{"_acf_changed":false,"_eb_attr":"","_crdt_document":"","_uag_custom_page_level_css":"","_editorskit_title_hidden":false,"_editorskit_reading_time":0,"_editorskit_is_block_options_detached":false,"_editorskit_block_options_position":"{}","site-sidebar-layout":"default","site-content-layout":"","ast-site-content-layout":"default","site-content-style":"default","site-sidebar-style":"default","ast-global-header-display":"","ast-banner-title-visibility":"","ast-main-header-display":"","ast-hfb-above-header-display":"","ast-hfb-below-header-display":"","ast-hfb-mobile-header-display":"","site-post-title":"","ast-breadcrumbs-content":"","ast-featured-img":"","footer-sml-layout":"","ast-disable-related-posts":"","theme-transparent-header-meta":"","adv-header-id-meta":"","stick-header-meta":"","header-above-stick-meta":"","header-main-stick-meta":"","header-below-stick-meta":"","astra-migrate-meta-layouts":"default","ast-page-background-enabled":"default","ast-page-background-meta":{"desktop":{"background-color":"var(--ast-global-color-4)","background-image":"","background-repeat":"repeat","background-position":"center center","background-size":"auto","background-attachment":"scroll","background-type":"","background-media":"","overlay-type":"","overlay-color":"","overlay-opacity":"","overlay-gradient":""},"tablet":{"background-color":"","background-image":"","background-repeat":"repeat","background-position":"center center","background-size":"auto","background-attachment":"scroll","background-type":"","background-media":"","overlay-type":"","overlay-color":"","overlay-opacity":"","overlay-gradient":""},"mobile":{"background-color":"","background-image":"","background-repeat":"repeat","background-position":"center center","background-size":"auto","background-attachment":"scroll","background-type":"","background-media":"","overlay-type":"","overlay-color":"","overlay-opacity":"","overlay-gradient":""}},"ast-content-background-meta":{"desktop":{"background-color":"var(--ast-global-color-5)","background-image":"","background-repeat":"repeat","background-position":"center center","background-size":"auto","background-attachment":"scroll","background-type":"","background-media":"","overlay-type":"","overlay-color":"","overlay-opacity":"","overlay-gradient":""},"tablet":{"background-color":"var(--ast-global-color-5)","background-image":"","background-repeat":"repeat","background-position":"center center","background-size":"auto","background-attachment":"scroll","background-type":"","background-media":"","overlay-type":"","overlay-color":"","overlay-opacity":"","overlay-gradient":""},"mobile":{"background-color":"var(--ast-global-color-5)","background-image":"","background-repeat":"repeat","background-position":"center center","background-size":"auto","background-attachment":"scroll","background-type":"","background-media":"","overlay-type":"","overlay-color":"","overlay-opacity":"","overlay-gradient":""}}},"product_cat":[74,28],"product_tag":[],"class_list":{"0":"post-1372","1":"product","2":"type-product","3":"status-publish","4":"has-post-thumbnail","6":"product_cat-alfagrama","7":"product_cat-libro","8":"desktop-align-left","9":"tablet-align-left","10":"mobile-align-left","12":"first","13":"instock","14":"shipping-taxable","15":"purchasable","16":"product-type-simple"},"acf":[],"uagb_featured_image_src":{"full":["https:\/\/biblio1.mdp.edu.ar\/centro-ventas\/wp-content\/uploads\/sites\/2\/2018\/10\/diccionario-de-educacion.jpg",554,772,false],"thumbnail":["https:\/\/biblio1.mdp.edu.ar\/centro-ventas\/wp-content\/uploads\/sites\/2\/2018\/10\/diccionario-de-educacion-150x150.jpg",150,150,true],"medium":["https:\/\/biblio1.mdp.edu.ar\/centro-ventas\/wp-content\/uploads\/sites\/2\/2018\/10\/diccionario-de-educacion-215x300.jpg",215,300,true],"medium_large":["https:\/\/biblio1.mdp.edu.ar\/centro-ventas\/wp-content\/uploads\/sites\/2\/2018\/10\/diccionario-de-educacion.jpg",554,772,false],"large":["https:\/\/biblio1.mdp.edu.ar\/centro-ventas\/wp-content\/uploads\/sites\/2\/2018\/10\/diccionario-de-educacion.jpg",554,772,false],"1536x1536":["https:\/\/biblio1.mdp.edu.ar\/centro-ventas\/wp-content\/uploads\/sites\/2\/2018\/10\/diccionario-de-educacion.jpg",554,772,false],"2048x2048":["https:\/\/biblio1.mdp.edu.ar\/centro-ventas\/wp-content\/uploads\/sites\/2\/2018\/10\/diccionario-de-educacion.jpg",554,772,false],"woocommerce_thumbnail":["https:\/\/biblio1.mdp.edu.ar\/centro-ventas\/wp-content\/uploads\/sites\/2\/2018\/10\/diccionario-de-educacion-250x348.jpg",250,348,true],"woocommerce_single":["https:\/\/biblio1.mdp.edu.ar\/centro-ventas\/wp-content\/uploads\/sites\/2\/2018\/10\/diccionario-de-educacion.jpg",554,772,false],"woocommerce_gallery_thumbnail":["https:\/\/biblio1.mdp.edu.ar\/centro-ventas\/wp-content\/uploads\/sites\/2\/2018\/10\/diccionario-de-educacion-100x100.jpg",100,100,true]},"uagb_author_info":{"display_name":"Cristina Bernabe","author_link":"https:\/\/biblio1.mdp.edu.ar\/centro-ventas\/author\/"},"uagb_comment_info":0,"uagb_excerpt":"Esta obra est\u00e1 dirigida a todos los interesados en la educaci\u00f3n y otros temas afines; directivos, docentes, bibliotecarios escolares, psic\u00f3logos, psicopedagogos, padres, etc. Es una herramienta de referencia con un lenguaje sencillo que pretende transformarse en una ayuda para aquel que quiera tener una mirada general sobre las expresiones expuestas, tanto cl\u00e1sicas como actualizadas. Los&hellip;","_links":{"self":[{"href":"https:\/\/biblio1.mdp.edu.ar\/centro-ventas\/wp-json\/wp\/v2\/product\/1372","targetHints":{"allow":["GET"]}}],"collection":[{"href":"https:\/\/biblio1.mdp.edu.ar\/centro-ventas\/wp-json\/wp\/v2\/product"}],"about":[{"href":"https:\/\/biblio1.mdp.edu.ar\/centro-ventas\/wp-json\/wp\/v2\/types\/product"}],"wp:featuredmedia":[{"embeddable":true,"href":"https:\/\/biblio1.mdp.edu.ar\/centro-ventas\/wp-json\/wp\/v2\/media\/1373"}],"wp:attachment":[{"href":"https:\/\/biblio1.mdp.edu.ar\/centro-ventas\/wp-json\/wp\/v2\/media?parent=1372"}],"wp:term":[{"taxonomy":"product_cat","embeddable":true,"href":"https:\/\/biblio1.mdp.edu.ar\/centro-ventas\/wp-json\/wp\/v2\/product_cat?post=1372"},{"taxonomy":"product_tag","embeddable":true,"href":"https:\/\/biblio1.mdp.edu.ar\/centro-ventas\/wp-json\/wp\/v2\/product_tag?post=1372"}],"curies":[{"name":"wp","href":"https:\/\/api.w.org\/{rel}","templated":true}]}}