{"id":1365,"date":"2018-10-12T21:48:30","date_gmt":"2018-10-13T00:48:30","guid":{"rendered":"http:\/\/biblio1.mdp.edu.ar\/centro-ventas\/?post_type=product&#038;p=1365"},"modified":"2025-09-01T18:10:04","modified_gmt":"2025-09-01T21:10:04","slug":"desarrollo-y-gestion-de-la-coleccion-local-en-la-biblioteca-publica","status":"publish","type":"product","link":"https:\/\/biblio1.mdp.edu.ar\/centro-ventas\/producto\/desarrollo-y-gestion-de-la-coleccion-local-en-la-biblioteca-publica\/","title":{"rendered":"Desarrollo y gesti\u00f3n de la colecci\u00f3n local en la biblioteca p\u00fablica"},"content":{"rendered":"<div class=\"container\">\n<div class=\"right-detail content-tab col-md-8 col-sm-12 col-xs-12 book-center\">\n<div id=\"over-view\" class=\"book-desc-detail book-tab-show\">\n<p>En unos tiempos gobernados por la globalizaci\u00f3n, lo local, lo mas pr\u00f3ximo a nuestra realidad mas cercana adquiere un valor especial. Es necesario pensar globalmente, pero actuar localmente. Las bibliotecas p\u00fablicas deben asumir este rol y adecuarlo a su trabajo diario con su comunidad de usuarios. Una de las herramientas mas id\u00f3neas para trabajar globalmente, pensando localmente, es a trav\u00e9s de la colecci\u00f3n o secci\u00f3n local de nuestra biblioteca. La comunidad de usuarios de la biblioteca publica actual es cada vez mas multicultural, personas procedentes de distintos lugares del mundo conviven juntas en comunidades donde no hace mucho solo habitaban oriundos del lugar. Hoy, con la explosi\u00f3n migratoria, es posible ver en una misma localidad personas de diferentes nacionalidades que comparten un nexo en com\u00fan: el lugar geogr\u00e1fico donde residen y sus particularidades, la colecci\u00f3n local de la biblioteca publica debe constituirse, fundamentalmente, de materiales que traten temas y cuestiones relacionadas con la zona de influencia de la biblioteca, incluyendo documentos de todo tipo, en cualquier soporte o formato y en el que tenga cabida cualquier asunto relativo a la localidad. La biblioteca publica es un agente activo en su comunidad, que responde a sus necesidades y ayuda a crear nuevas formulas de interactuaci\u00f3n entre sus miembros que sean \u00fatiles para el desarrollo de la vida diaria. La biblioteca publica debe volcarse, pues, en su comunidad, conocer sus or\u00edgenes, su evoluci\u00f3n, sus caracter\u00edsticas demogr\u00e1ficas, las actividades econ\u00f3micas que se desarrollan, los usos y costumbres de los ciudadanos de su \u00e1rea de influencia, etc. Todo ello debe quedar reflejado y plasmado para las generaciones actuales y futuras. Y qu\u00e9 mejor instrumento que la colecci\u00f3n local, aquella que recoge, conserva y transmite los conocimientos sobre nuestra localidad y sus gentes. Este libro pretende aportar una visi\u00f3n general del estado de la cuesti\u00f3n, revisa y analiza las principales fuentes de informaci\u00f3n sobre el tema y propone soluciones adecuadas a la realidad de cada biblioteca publica, en funci\u00f3n de su tama\u00f1o, en funci\u00f3n de sus posibilidades econ\u00f3micas, humanas y materiales, y en funci\u00f3n de su comunidad de usuarios. Garc\u00eda G\u00f3mez, F.J. &#8211; D\u00edaz Grau, A. 9789871305117<\/p>\n<\/div>\n<\/div>\n<\/div>\n<div class=\"container border\"><\/div>\n","protected":false},"excerpt":{"rendered":"<p>En unos tiempos gobernados por la globalizaci\u00f3n, lo local, lo mas pr\u00f3ximo a nuestra realidad mas cercana adquiere un valor especial. Es necesario pensar globalmente, pero actuar localmente. Las bibliotecas p\u00fablicas deben asumir este rol y adecuarlo a su trabajo diario con su comunidad de usuarios. Una de las herramientas mas id\u00f3neas para trabajar globalmente, [&hellip;]<\/p>\n","protected":false},"featured_media":1366,"template":"","meta":{"_acf_changed":false,"_eb_attr":"","_crdt_document":"","_uag_custom_page_level_css":"","_editorskit_title_hidden":false,"_editorskit_reading_time":0,"_editorskit_is_block_options_detached":false,"_editorskit_block_options_position":"{}","site-sidebar-layout":"default","site-content-layout":"","ast-site-content-layout":"default","site-content-style":"default","site-sidebar-style":"default","ast-global-header-display":"","ast-banner-title-visibility":"","ast-main-header-display":"","ast-hfb-above-header-display":"","ast-hfb-below-header-display":"","ast-hfb-mobile-header-display":"","site-post-title":"","ast-breadcrumbs-content":"","ast-featured-img":"","footer-sml-layout":"","ast-disable-related-posts":"","theme-transparent-header-meta":"","adv-header-id-meta":"","stick-header-meta":"","header-above-stick-meta":"","header-main-stick-meta":"","header-below-stick-meta":"","astra-migrate-meta-layouts":"default","ast-page-background-enabled":"default","ast-page-background-meta":{"desktop":{"background-color":"var(--ast-global-color-4)","background-image":"","background-repeat":"repeat","background-position":"center center","background-size":"auto","background-attachment":"scroll","background-type":"","background-media":"","overlay-type":"","overlay-color":"","overlay-opacity":"","overlay-gradient":""},"tablet":{"background-color":"","background-image":"","background-repeat":"repeat","background-position":"center center","background-size":"auto","background-attachment":"scroll","background-type":"","background-media":"","overlay-type":"","overlay-color":"","overlay-opacity":"","overlay-gradient":""},"mobile":{"background-color":"","background-image":"","background-repeat":"repeat","background-position":"center center","background-size":"auto","background-attachment":"scroll","background-type":"","background-media":"","overlay-type":"","overlay-color":"","overlay-opacity":"","overlay-gradient":""}},"ast-content-background-meta":{"desktop":{"background-color":"var(--ast-global-color-5)","background-image":"","background-repeat":"repeat","background-position":"center center","background-size":"auto","background-attachment":"scroll","background-type":"","background-media":"","overlay-type":"","overlay-color":"","overlay-opacity":"","overlay-gradient":""},"tablet":{"background-color":"var(--ast-global-color-5)","background-image":"","background-repeat":"repeat","background-position":"center center","background-size":"auto","background-attachment":"scroll","background-type":"","background-media":"","overlay-type":"","overlay-color":"","overlay-opacity":"","overlay-gradient":""},"mobile":{"background-color":"var(--ast-global-color-5)","background-image":"","background-repeat":"repeat","background-position":"center center","background-size":"auto","background-attachment":"scroll","background-type":"","background-media":"","overlay-type":"","overlay-color":"","overlay-opacity":"","overlay-gradient":""}}},"product_cat":[74,28],"product_tag":[],"class_list":{"0":"post-1365","1":"product","2":"type-product","3":"status-publish","4":"has-post-thumbnail","6":"product_cat-alfagrama","7":"product_cat-libro","8":"desktop-align-left","9":"tablet-align-left","10":"mobile-align-left","12":"first","13":"instock","14":"shipping-taxable","15":"purchasable","16":"product-type-simple"},"acf":[],"uagb_featured_image_src":{"full":["https:\/\/biblio1.mdp.edu.ar\/centro-ventas\/wp-content\/uploads\/sites\/2\/2018\/10\/DEsarrolloyGestion9789871305117_T.jpg",913,1320,false],"thumbnail":["https:\/\/biblio1.mdp.edu.ar\/centro-ventas\/wp-content\/uploads\/sites\/2\/2018\/10\/DEsarrolloyGestion9789871305117_T-150x150.jpg",150,150,true],"medium":["https:\/\/biblio1.mdp.edu.ar\/centro-ventas\/wp-content\/uploads\/sites\/2\/2018\/10\/DEsarrolloyGestion9789871305117_T-208x300.jpg",208,300,true],"medium_large":["https:\/\/biblio1.mdp.edu.ar\/centro-ventas\/wp-content\/uploads\/sites\/2\/2018\/10\/DEsarrolloyGestion9789871305117_T-768x1110.jpg",768,1110,true],"large":["https:\/\/biblio1.mdp.edu.ar\/centro-ventas\/wp-content\/uploads\/sites\/2\/2018\/10\/DEsarrolloyGestion9789871305117_T-708x1024.jpg",708,1024,true],"1536x1536":["https:\/\/biblio1.mdp.edu.ar\/centro-ventas\/wp-content\/uploads\/sites\/2\/2018\/10\/DEsarrolloyGestion9789871305117_T.jpg",913,1320,false],"2048x2048":["https:\/\/biblio1.mdp.edu.ar\/centro-ventas\/wp-content\/uploads\/sites\/2\/2018\/10\/DEsarrolloyGestion9789871305117_T.jpg",913,1320,false],"woocommerce_thumbnail":["https:\/\/biblio1.mdp.edu.ar\/centro-ventas\/wp-content\/uploads\/sites\/2\/2018\/10\/DEsarrolloyGestion9789871305117_T-250x361.jpg",250,361,true],"woocommerce_single":["https:\/\/biblio1.mdp.edu.ar\/centro-ventas\/wp-content\/uploads\/sites\/2\/2018\/10\/DEsarrolloyGestion9789871305117_T-708x1024.jpg",600,868,true],"woocommerce_gallery_thumbnail":["https:\/\/biblio1.mdp.edu.ar\/centro-ventas\/wp-content\/uploads\/sites\/2\/2018\/10\/DEsarrolloyGestion9789871305117_T-100x100.jpg",100,100,true]},"uagb_author_info":{"display_name":"Cristina Bernabe","author_link":"https:\/\/biblio1.mdp.edu.ar\/centro-ventas\/author\/"},"uagb_comment_info":0,"uagb_excerpt":"En unos tiempos gobernados por la globalizaci\u00f3n, lo local, lo mas pr\u00f3ximo a nuestra realidad mas cercana adquiere un valor especial. Es necesario pensar globalmente, pero actuar localmente. Las bibliotecas p\u00fablicas deben asumir este rol y adecuarlo a su trabajo diario con su comunidad de usuarios. Una de las herramientas mas id\u00f3neas para trabajar globalmente,&hellip;","_links":{"self":[{"href":"https:\/\/biblio1.mdp.edu.ar\/centro-ventas\/wp-json\/wp\/v2\/product\/1365","targetHints":{"allow":["GET"]}}],"collection":[{"href":"https:\/\/biblio1.mdp.edu.ar\/centro-ventas\/wp-json\/wp\/v2\/product"}],"about":[{"href":"https:\/\/biblio1.mdp.edu.ar\/centro-ventas\/wp-json\/wp\/v2\/types\/product"}],"wp:featuredmedia":[{"embeddable":true,"href":"https:\/\/biblio1.mdp.edu.ar\/centro-ventas\/wp-json\/wp\/v2\/media\/1366"}],"wp:attachment":[{"href":"https:\/\/biblio1.mdp.edu.ar\/centro-ventas\/wp-json\/wp\/v2\/media?parent=1365"}],"wp:term":[{"taxonomy":"product_cat","embeddable":true,"href":"https:\/\/biblio1.mdp.edu.ar\/centro-ventas\/wp-json\/wp\/v2\/product_cat?post=1365"},{"taxonomy":"product_tag","embeddable":true,"href":"https:\/\/biblio1.mdp.edu.ar\/centro-ventas\/wp-json\/wp\/v2\/product_tag?post=1365"}],"curies":[{"name":"wp","href":"https:\/\/api.w.org\/{rel}","templated":true}]}}