{"id":1363,"date":"2018-10-12T21:33:52","date_gmt":"2018-10-13T00:33:52","guid":{"rendered":"http:\/\/biblio1.mdp.edu.ar\/centro-ventas\/?post_type=product&#038;p=1363"},"modified":"2026-05-07T15:27:47","modified_gmt":"2026-05-07T18:27:47","slug":"desarrollo-de-colecciones-y-bibliotecas-escolares","status":"publish","type":"product","link":"https:\/\/biblio1.mdp.edu.ar\/centro-ventas\/producto\/desarrollo-de-colecciones-y-bibliotecas-escolares\/","title":{"rendered":"Desarrollo de colecciones y bibliotecas escolares"},"content":{"rendered":"<p>Si bien la formaci\u00f3n, desarrollo y mantenimiento de las colecciones no es el fin \u00fanico de las bibliotecas, s\u00ed es cierto que hoy por hoy es un elemento imprescindible para que \u00e9stas puedan prestar los servicios que les son propios. Regos Varela \u00bfQu\u00e9 es el desarrollo de colecciones? \u00bfCon qu\u00e9 presupuesto una colecci\u00f3n puede desarrollarse convenientemente? \u00bfQui\u00e9nes deben ser los responsables del desarrollo de colecciones? \u00bfC\u00f3mo se eval\u00faa una colecci\u00f3n? \u00bfCon qu\u00e9 par\u00e1metros? \u00bfC\u00f3mo se lleva a cabo un estudio de usuarios? \u00bfQu\u00e9 criterios se deben tener en cuenta para seleccionar el material que conformar\u00e1 una colecci\u00f3n equilibrada y pertinente a las necesidades de una determinada comunidad? \u00bfExiste alguna lista de t\u00edtulos que oriente en la elecci\u00f3n de libros para ni\u00f1os? \u00bfC\u00f3mo se redacta un Plan de Desarrollo de Colecciones para una biblioteca escolar? Este libro es el resultado de un intenso trabajo de investigaci\u00f3n tendiente a buscar aquellos criterios que pueden orientar a todo bibliotecario que busque llevar su colecci\u00f3n a un nivel \u00f3ptimo. Est\u00e1 dividido en dos partes. En la primera: \u00abDesarrollo de colecciones y bibliotecas escolares\u00bb, se hace un recorrido por los principales conceptos, est\u00e1ndares y normativas nacionales e internacionales que circulan dispersos en distintas fuentes y formatos, cuyo valor est\u00e1 dado por las entidades y autoridades bibliotecol\u00f3gicas de las cuales emanan. La segunda parte, \u00abDe la teor\u00eda a la pr\u00e1ctica\u00bb, busca acompa\u00f1ar paso a paso al profesional a cargo de una biblioteca escolar en la elaboraci\u00f3n de un Plan de Desarrollo de Colecciones para su unidad de informaci\u00f3n, brind\u00e1ndole estrategias, fuentes y directrices, as\u00ed como tambi\u00e9n ejemplos pr\u00e1cticos que seguramente lo guiar\u00e1n en la redacci\u00f3n de un instrumento eficaz. Silvana Padorno. 9789871305469<\/p>\n<div class=\"product_meta\"><\/div>\n<h1 class=\"product_title entry-title\"><\/h1>\n<p>&nbsp;<\/p>\n","protected":false},"excerpt":{"rendered":"<p>Si bien la formaci\u00f3n, desarrollo y mantenimiento de las colecciones no es el fin \u00fanico de las bibliotecas, s\u00ed es cierto que hoy por hoy es un elemento imprescindible para que \u00e9stas puedan prestar los servicios que les son propios. Regos Varela \u00bfQu\u00e9 es el desarrollo de colecciones? \u00bfCon qu\u00e9 presupuesto una colecci\u00f3n puede desarrollarse [&hellip;]<\/p>\n","protected":false},"featured_media":1364,"template":"","meta":{"_acf_changed":false,"_eb_attr":"","_crdt_document":"","_uag_custom_page_level_css":"","_editorskit_title_hidden":false,"_editorskit_reading_time":0,"_editorskit_is_block_options_detached":false,"_editorskit_block_options_position":"{}","site-sidebar-layout":"default","site-content-layout":"","ast-site-content-layout":"default","site-content-style":"default","site-sidebar-style":"default","ast-global-header-display":"","ast-banner-title-visibility":"","ast-main-header-display":"","ast-hfb-above-header-display":"","ast-hfb-below-header-display":"","ast-hfb-mobile-header-display":"","site-post-title":"","ast-breadcrumbs-content":"","ast-featured-img":"","footer-sml-layout":"","ast-disable-related-posts":"","theme-transparent-header-meta":"","adv-header-id-meta":"","stick-header-meta":"","header-above-stick-meta":"","header-main-stick-meta":"","header-below-stick-meta":"","astra-migrate-meta-layouts":"default","ast-page-background-enabled":"default","ast-page-background-meta":{"desktop":{"background-color":"var(--ast-global-color-4)","background-image":"","background-repeat":"repeat","background-position":"center center","background-size":"auto","background-attachment":"scroll","background-type":"","background-media":"","overlay-type":"","overlay-color":"","overlay-opacity":"","overlay-gradient":""},"tablet":{"background-color":"","background-image":"","background-repeat":"repeat","background-position":"center center","background-size":"auto","background-attachment":"scroll","background-type":"","background-media":"","overlay-type":"","overlay-color":"","overlay-opacity":"","overlay-gradient":""},"mobile":{"background-color":"","background-image":"","background-repeat":"repeat","background-position":"center center","background-size":"auto","background-attachment":"scroll","background-type":"","background-media":"","overlay-type":"","overlay-color":"","overlay-opacity":"","overlay-gradient":""}},"ast-content-background-meta":{"desktop":{"background-color":"var(--ast-global-color-5)","background-image":"","background-repeat":"repeat","background-position":"center center","background-size":"auto","background-attachment":"scroll","background-type":"","background-media":"","overlay-type":"","overlay-color":"","overlay-opacity":"","overlay-gradient":""},"tablet":{"background-color":"var(--ast-global-color-5)","background-image":"","background-repeat":"repeat","background-position":"center center","background-size":"auto","background-attachment":"scroll","background-type":"","background-media":"","overlay-type":"","overlay-color":"","overlay-opacity":"","overlay-gradient":""},"mobile":{"background-color":"var(--ast-global-color-5)","background-image":"","background-repeat":"repeat","background-position":"center center","background-size":"auto","background-attachment":"scroll","background-type":"","background-media":"","overlay-type":"","overlay-color":"","overlay-opacity":"","overlay-gradient":""}}},"product_cat":[74,28],"product_tag":[],"class_list":{"0":"post-1363","1":"product","2":"type-product","3":"status-publish","4":"has-post-thumbnail","6":"product_cat-alfagrama","7":"product_cat-libro","8":"desktop-align-left","9":"tablet-align-left","10":"mobile-align-left","12":"first","13":"instock","14":"shipping-taxable","15":"purchasable","16":"product-type-simple"},"acf":[],"uagb_featured_image_src":{"full":["https:\/\/biblio1.mdp.edu.ar\/centro-ventas\/wp-content\/uploads\/sites\/2\/2018\/10\/DesarrColecciones9789871305469_T.jpg",914,1336,false],"thumbnail":["https:\/\/biblio1.mdp.edu.ar\/centro-ventas\/wp-content\/uploads\/sites\/2\/2018\/10\/DesarrColecciones9789871305469_T-150x150.jpg",150,150,true],"medium":["https:\/\/biblio1.mdp.edu.ar\/centro-ventas\/wp-content\/uploads\/sites\/2\/2018\/10\/DesarrColecciones9789871305469_T-205x300.jpg",205,300,true],"medium_large":["https:\/\/biblio1.mdp.edu.ar\/centro-ventas\/wp-content\/uploads\/sites\/2\/2018\/10\/DesarrColecciones9789871305469_T-768x1123.jpg",768,1123,true],"large":["https:\/\/biblio1.mdp.edu.ar\/centro-ventas\/wp-content\/uploads\/sites\/2\/2018\/10\/DesarrColecciones9789871305469_T-701x1024.jpg",701,1024,true],"1536x1536":["https:\/\/biblio1.mdp.edu.ar\/centro-ventas\/wp-content\/uploads\/sites\/2\/2018\/10\/DesarrColecciones9789871305469_T.jpg",914,1336,false],"2048x2048":["https:\/\/biblio1.mdp.edu.ar\/centro-ventas\/wp-content\/uploads\/sites\/2\/2018\/10\/DesarrColecciones9789871305469_T.jpg",914,1336,false],"woocommerce_thumbnail":["https:\/\/biblio1.mdp.edu.ar\/centro-ventas\/wp-content\/uploads\/sites\/2\/2018\/10\/DesarrColecciones9789871305469_T-250x365.jpg",250,365,true],"woocommerce_single":["https:\/\/biblio1.mdp.edu.ar\/centro-ventas\/wp-content\/uploads\/sites\/2\/2018\/10\/DesarrColecciones9789871305469_T-701x1024.jpg",600,876,true],"woocommerce_gallery_thumbnail":["https:\/\/biblio1.mdp.edu.ar\/centro-ventas\/wp-content\/uploads\/sites\/2\/2018\/10\/DesarrColecciones9789871305469_T-100x100.jpg",100,100,true]},"uagb_author_info":{"display_name":"Cristina Bernabe","author_link":"https:\/\/biblio1.mdp.edu.ar\/centro-ventas\/author\/"},"uagb_comment_info":0,"uagb_excerpt":"Si bien la formaci\u00f3n, desarrollo y mantenimiento de las colecciones no es el fin \u00fanico de las bibliotecas, s\u00ed es cierto que hoy por hoy es un elemento imprescindible para que \u00e9stas puedan prestar los servicios que les son propios. Regos Varela \u00bfQu\u00e9 es el desarrollo de colecciones? \u00bfCon qu\u00e9 presupuesto una colecci\u00f3n puede desarrollarse&hellip;","_links":{"self":[{"href":"https:\/\/biblio1.mdp.edu.ar\/centro-ventas\/wp-json\/wp\/v2\/product\/1363","targetHints":{"allow":["GET"]}}],"collection":[{"href":"https:\/\/biblio1.mdp.edu.ar\/centro-ventas\/wp-json\/wp\/v2\/product"}],"about":[{"href":"https:\/\/biblio1.mdp.edu.ar\/centro-ventas\/wp-json\/wp\/v2\/types\/product"}],"wp:featuredmedia":[{"embeddable":true,"href":"https:\/\/biblio1.mdp.edu.ar\/centro-ventas\/wp-json\/wp\/v2\/media\/1364"}],"wp:attachment":[{"href":"https:\/\/biblio1.mdp.edu.ar\/centro-ventas\/wp-json\/wp\/v2\/media?parent=1363"}],"wp:term":[{"taxonomy":"product_cat","embeddable":true,"href":"https:\/\/biblio1.mdp.edu.ar\/centro-ventas\/wp-json\/wp\/v2\/product_cat?post=1363"},{"taxonomy":"product_tag","embeddable":true,"href":"https:\/\/biblio1.mdp.edu.ar\/centro-ventas\/wp-json\/wp\/v2\/product_tag?post=1363"}],"curies":[{"name":"wp","href":"https:\/\/api.w.org\/{rel}","templated":true}]}}