{"id":1361,"date":"2018-10-12T20:53:23","date_gmt":"2018-10-12T23:53:23","guid":{"rendered":"http:\/\/biblio1.mdp.edu.ar\/centro-ventas\/?post_type=product&#038;p=1361"},"modified":"2024-11-22T13:48:57","modified_gmt":"2024-11-22T16:48:57","slug":"cotizacion-de-colecciones-bibliotecarias","status":"publish","type":"product","link":"https:\/\/biblio1.mdp.edu.ar\/centro-ventas\/producto\/cotizacion-de-colecciones-bibliotecarias\/","title":{"rendered":"Cotizaci\u00f3n de colecciones bibliotecarias"},"content":{"rendered":"<div class=\"container\">\n<div class=\"right-detail content-tab col-md-8 col-sm-12 col-xs-12 book-center\">\n<div id=\"over-view\" class=\"book-desc-detail book-tab-show\">\n<p>La explosiva aparici\u00f3n de numerosas investigaciones dedicadas a la gesti\u00f3n de la informaci\u00f3n y el conocimiento, y la percepci\u00f3n de que la \u00abinformaci\u00f3n es poder\u00bb, ponen de manifiesto la importancia econ\u00f3mica y social de los recursos informativos de las bibliotecas y archivos, tanto en lo que se refiere a las fuentes novedosas que se transfieren por redes, como a los fondos retrospectivos en diferentes soportes de que disponen en sus dep\u00f3sitos. La necesidad de conocer con mayor profundidad los elementos relacionados con el valor de las colecciones que se atesoran se reconoce por Interrogantes que surgen en la labor cotidiana de los bibliotecarios: \u00bfqu\u00e9 factores deben tenerse en cuenta en pol\u00edticas de selecci\u00f3n, adquisici\u00f3n, atesoramiento y descarte de las colecciones en las nuevas condiciones de producci\u00f3n de informaci\u00f3n?\u00bfqu\u00e9 relaci\u00f3n tiene el precio de adquisici\u00f3n de un documento con su valor real al formar parte de una colecci\u00f3n bibliotecaria?\u00bfc\u00f3mo se determina el valor de una colecci\u00f3n y qu\u00e9 papel juega esta definici\u00f3n en la toma de decisiones sobre su preservac\u00ed\u00f3n?\u00bfcu\u00e1les son las funciones que forman parte del \u00absaber hacer\u00bb y el \u00abqu\u00e9 hacer\u00bb del profesional bibliotecario con respecto a lo que constituye su tesoro documental? Es posible encontrar informaci\u00f3n sobre libros y otros documentos antiguos catalogados universalmente como raros por su presentaci\u00f3n en subastas y ofertas de anticuarios. Entre los casos que han sido objeto de m\u00faltiples comentarios period\u00edsticos est\u00e1n la adquisici\u00f3n que hizo Bill Gates de un manuscrito original de Leonardo da Vinci y los ofrecimientos de importantes instituciones francesas para la compra de manuscritos de escritores latinoamericanos entre los que se encuentran Miguel \u00c1ngel Asturias, Alejo Carpentier y Vargas Llosa, entre otros. Las cantidades que en estos casos se han ofrecido o pagado constituyen precios consumados que no ofrecen lugar a discusi\u00f3n, no obstante su valor como orientaci\u00f3n en la estimaci\u00f3n de obras similares no es suficiente para satisfacer las complejidades de estos procesos en bibliotecas y archivos del entorno latinoamericano. Las dudas que se presentan sobre el tema tienen que ver con la siguiente inc\u00f3gnita: \u00bfc\u00f3mo valorar obras representativas de la cultura nacional o local que constituyen el tesoro documental del lugar, aun cuando no tengan una demanda similar a las que son objeto de remate en casas de subasta o se ofertan por librer\u00edas de anticuarios? La obra se dirige principalmente al personal de las bibliotecas pero hemos observado tambi\u00e9n que en los cursos realizados sobre la tem\u00e1tica se comprob\u00f3 que para muchos archivistas, libreros y coleccionistas resultan de utilidad los contenidos que se desarrollan. Sarah Escobar Carballal. 9872207461<\/p>\n<\/div>\n<\/div>\n<\/div>\n<div class=\"container border\"><\/div>\n","protected":false},"excerpt":{"rendered":"<p>La explosiva aparici\u00f3n de numerosas investigaciones dedicadas a la gesti\u00f3n de la informaci\u00f3n y el conocimiento, y la percepci\u00f3n de que la \u00abinformaci\u00f3n es poder\u00bb, ponen de manifiesto la importancia econ\u00f3mica y social de los recursos informativos de las bibliotecas y archivos, tanto en lo que se refiere a las fuentes novedosas que se transfieren [&hellip;]<\/p>\n","protected":false},"featured_media":1362,"template":"","meta":{"_acf_changed":false,"_eb_attr":"","_crdt_document":"","_uag_custom_page_level_css":"","_editorskit_title_hidden":false,"_editorskit_reading_time":0,"_editorskit_is_block_options_detached":false,"_editorskit_block_options_position":"{}","site-sidebar-layout":"default","site-content-layout":"","ast-site-content-layout":"default","site-content-style":"default","site-sidebar-style":"default","ast-global-header-display":"","ast-banner-title-visibility":"","ast-main-header-display":"","ast-hfb-above-header-display":"","ast-hfb-below-header-display":"","ast-hfb-mobile-header-display":"","site-post-title":"","ast-breadcrumbs-content":"","ast-featured-img":"","footer-sml-layout":"","ast-disable-related-posts":"","theme-transparent-header-meta":"","adv-header-id-meta":"","stick-header-meta":"","header-above-stick-meta":"","header-main-stick-meta":"","header-below-stick-meta":"","astra-migrate-meta-layouts":"default","ast-page-background-enabled":"default","ast-page-background-meta":{"desktop":{"background-color":"var(--ast-global-color-4)","background-image":"","background-repeat":"repeat","background-position":"center center","background-size":"auto","background-attachment":"scroll","background-type":"","background-media":"","overlay-type":"","overlay-color":"","overlay-opacity":"","overlay-gradient":""},"tablet":{"background-color":"","background-image":"","background-repeat":"repeat","background-position":"center center","background-size":"auto","background-attachment":"scroll","background-type":"","background-media":"","overlay-type":"","overlay-color":"","overlay-opacity":"","overlay-gradient":""},"mobile":{"background-color":"","background-image":"","background-repeat":"repeat","background-position":"center center","background-size":"auto","background-attachment":"scroll","background-type":"","background-media":"","overlay-type":"","overlay-color":"","overlay-opacity":"","overlay-gradient":""}},"ast-content-background-meta":{"desktop":{"background-color":"var(--ast-global-color-5)","background-image":"","background-repeat":"repeat","background-position":"center center","background-size":"auto","background-attachment":"scroll","background-type":"","background-media":"","overlay-type":"","overlay-color":"","overlay-opacity":"","overlay-gradient":""},"tablet":{"background-color":"var(--ast-global-color-5)","background-image":"","background-repeat":"repeat","background-position":"center center","background-size":"auto","background-attachment":"scroll","background-type":"","background-media":"","overlay-type":"","overlay-color":"","overlay-opacity":"","overlay-gradient":""},"mobile":{"background-color":"var(--ast-global-color-5)","background-image":"","background-repeat":"repeat","background-position":"center center","background-size":"auto","background-attachment":"scroll","background-type":"","background-media":"","overlay-type":"","overlay-color":"","overlay-opacity":"","overlay-gradient":""}}},"product_cat":[74,28],"product_tag":[],"class_list":{"0":"post-1361","1":"product","2":"type-product","3":"status-publish","4":"has-post-thumbnail","6":"product_cat-alfagrama","7":"product_cat-libro","8":"desktop-align-left","9":"tablet-align-left","10":"mobile-align-left","12":"first","13":"instock","14":"shipping-taxable","15":"purchasable","16":"product-type-simple"},"acf":[],"uagb_featured_image_src":{"full":["https:\/\/biblio1.mdp.edu.ar\/centro-ventas\/wp-content\/uploads\/sites\/2\/2018\/10\/CotizColecBiblio9872207461_T.jpg",916,1336,false],"thumbnail":["https:\/\/biblio1.mdp.edu.ar\/centro-ventas\/wp-content\/uploads\/sites\/2\/2018\/10\/CotizColecBiblio9872207461_T-150x150.jpg",150,150,true],"medium":["https:\/\/biblio1.mdp.edu.ar\/centro-ventas\/wp-content\/uploads\/sites\/2\/2018\/10\/CotizColecBiblio9872207461_T-206x300.jpg",206,300,true],"medium_large":["https:\/\/biblio1.mdp.edu.ar\/centro-ventas\/wp-content\/uploads\/sites\/2\/2018\/10\/CotizColecBiblio9872207461_T-768x1120.jpg",768,1120,true],"large":["https:\/\/biblio1.mdp.edu.ar\/centro-ventas\/wp-content\/uploads\/sites\/2\/2018\/10\/CotizColecBiblio9872207461_T-702x1024.jpg",702,1024,true],"1536x1536":["https:\/\/biblio1.mdp.edu.ar\/centro-ventas\/wp-content\/uploads\/sites\/2\/2018\/10\/CotizColecBiblio9872207461_T.jpg",916,1336,false],"2048x2048":["https:\/\/biblio1.mdp.edu.ar\/centro-ventas\/wp-content\/uploads\/sites\/2\/2018\/10\/CotizColecBiblio9872207461_T.jpg",916,1336,false],"woocommerce_thumbnail":["https:\/\/biblio1.mdp.edu.ar\/centro-ventas\/wp-content\/uploads\/sites\/2\/2018\/10\/CotizColecBiblio9872207461_T-250x365.jpg",250,365,true],"woocommerce_single":["https:\/\/biblio1.mdp.edu.ar\/centro-ventas\/wp-content\/uploads\/sites\/2\/2018\/10\/CotizColecBiblio9872207461_T-702x1024.jpg",600,875,true],"woocommerce_gallery_thumbnail":["https:\/\/biblio1.mdp.edu.ar\/centro-ventas\/wp-content\/uploads\/sites\/2\/2018\/10\/CotizColecBiblio9872207461_T-100x100.jpg",100,100,true]},"uagb_author_info":{"display_name":"Cristina Bernabe","author_link":"https:\/\/biblio1.mdp.edu.ar\/centro-ventas\/author\/"},"uagb_comment_info":0,"uagb_excerpt":"La explosiva aparici\u00f3n de numerosas investigaciones dedicadas a la gesti\u00f3n de la informaci\u00f3n y el conocimiento, y la percepci\u00f3n de que la \u00abinformaci\u00f3n es poder\u00bb, ponen de manifiesto la importancia econ\u00f3mica y social de los recursos informativos de las bibliotecas y archivos, tanto en lo que se refiere a las fuentes novedosas que se transfieren&hellip;","_links":{"self":[{"href":"https:\/\/biblio1.mdp.edu.ar\/centro-ventas\/wp-json\/wp\/v2\/product\/1361","targetHints":{"allow":["GET"]}}],"collection":[{"href":"https:\/\/biblio1.mdp.edu.ar\/centro-ventas\/wp-json\/wp\/v2\/product"}],"about":[{"href":"https:\/\/biblio1.mdp.edu.ar\/centro-ventas\/wp-json\/wp\/v2\/types\/product"}],"wp:featuredmedia":[{"embeddable":true,"href":"https:\/\/biblio1.mdp.edu.ar\/centro-ventas\/wp-json\/wp\/v2\/media\/1362"}],"wp:attachment":[{"href":"https:\/\/biblio1.mdp.edu.ar\/centro-ventas\/wp-json\/wp\/v2\/media?parent=1361"}],"wp:term":[{"taxonomy":"product_cat","embeddable":true,"href":"https:\/\/biblio1.mdp.edu.ar\/centro-ventas\/wp-json\/wp\/v2\/product_cat?post=1361"},{"taxonomy":"product_tag","embeddable":true,"href":"https:\/\/biblio1.mdp.edu.ar\/centro-ventas\/wp-json\/wp\/v2\/product_tag?post=1361"}],"curies":[{"name":"wp","href":"https:\/\/api.w.org\/{rel}","templated":true}]}}