{"id":1359,"date":"2018-10-12T20:50:31","date_gmt":"2018-10-12T23:50:31","guid":{"rendered":"http:\/\/biblio1.mdp.edu.ar\/centro-ventas\/?post_type=product&#038;p=1359"},"modified":"2025-09-01T17:42:43","modified_gmt":"2025-09-01T20:42:43","slug":"conservacion-de-patrimonio-y-aplicaciones-de-la-fisico-quimica","status":"publish","type":"product","link":"https:\/\/biblio1.mdp.edu.ar\/centro-ventas\/producto\/conservacion-de-patrimonio-y-aplicaciones-de-la-fisico-quimica\/","title":{"rendered":"Conservaci\u00f3n de patrimonio y aplicaciones de la f\u00edsico-qu\u00edmica"},"content":{"rendered":"<p>Libros, documentos y obras de arte se deterioran como consecuencia de su interacci\u00f3n con el ambiente o los usuarios. Los da\u00f1os que observamos son la evidencia de cambios f\u00edsicos y qu\u00edmicos en los materiales que los constituyen. Conocer la naturaleza de los materiales es el primer paso para controlar esos cambios y evitar o detener el deterioro. La qu\u00edmica es la ciencia que posibilita comprender las transformaciones que ocurren en los materiales cuando interviene alguna clase de energ\u00eda. Por ejemplo, por acci\u00f3n de la luz, la temperatura o un reactivo utilizado para restaurar, se produce un reordenamiento de los \u00e1tomos en los materiales afectados, con consecuencias que s\u00f3lo pueden preverse conociendo las leyes de la qu\u00edmica. El aprendizaje de estas leyes no resulta f\u00e1cil para los conservadores de habla hispana, pues no cuentan con textos en espa\u00f1ol sobre qu\u00edmica aplicada a su especialidad, y en la qu\u00edmica general no encuentran referencias expl\u00edcitas a su problem\u00e1tica cotidiana. Este libro se presenta como una gu\u00eda pr\u00e1ctica para acceder a la conservaci\u00f3n desde la qu\u00edmica. En sus p\u00e1ginas se abordan casos habituales -como el proceso de oxidaci\u00f3n del hierro, o la presencia inevitable de una l\u00ednea en la uni\u00f3n de las partes de un objeto reparado-, se explican las causas de los fen\u00f3menos y se propicia la aplicaci\u00f3n de criterios adecuados para controlarlos. El autor es, adem\u00e1s de un experimentado restaurador actualizado en los principios de la conservaci\u00f3n de bienes culturales, un h\u00e1bil docente capaz de poner a nuestro alcance la comprensi\u00f3n del m\u00e9todo cient\u00edfico. Si bien \u00b7Conservaci\u00f3n dedel patrimonioy aplicaciones de la f\u00edsico-qu\u00edmica\u00b7 constituye un valioso aporte para profesionales de museos, bibliotecas y archivos, su tono simple y did\u00e1ctico lo hace especialmente accesible para estudiantes de las carreras afines y para todo interesado en conservar objetos. Mario Mantica. 9789871305599<\/p>\n","protected":false},"excerpt":{"rendered":"<p>Libros, documentos y obras de arte se deterioran como consecuencia de su interacci\u00f3n con el ambiente o los usuarios. Los da\u00f1os que observamos son la evidencia de cambios f\u00edsicos y qu\u00edmicos en los materiales que los constituyen. Conocer la naturaleza de los materiales es el primer paso para controlar esos cambios y evitar o detener [&hellip;]<\/p>\n","protected":false},"featured_media":1360,"template":"","meta":{"_acf_changed":false,"_eb_attr":"","_crdt_document":"","_uag_custom_page_level_css":"","_editorskit_title_hidden":false,"_editorskit_reading_time":0,"_editorskit_is_block_options_detached":false,"_editorskit_block_options_position":"{}","site-sidebar-layout":"default","site-content-layout":"","ast-site-content-layout":"default","site-content-style":"default","site-sidebar-style":"default","ast-global-header-display":"","ast-banner-title-visibility":"","ast-main-header-display":"","ast-hfb-above-header-display":"","ast-hfb-below-header-display":"","ast-hfb-mobile-header-display":"","site-post-title":"","ast-breadcrumbs-content":"","ast-featured-img":"","footer-sml-layout":"","ast-disable-related-posts":"","theme-transparent-header-meta":"","adv-header-id-meta":"","stick-header-meta":"","header-above-stick-meta":"","header-main-stick-meta":"","header-below-stick-meta":"","astra-migrate-meta-layouts":"default","ast-page-background-enabled":"default","ast-page-background-meta":{"desktop":{"background-color":"var(--ast-global-color-4)","background-image":"","background-repeat":"repeat","background-position":"center center","background-size":"auto","background-attachment":"scroll","background-type":"","background-media":"","overlay-type":"","overlay-color":"","overlay-opacity":"","overlay-gradient":""},"tablet":{"background-color":"","background-image":"","background-repeat":"repeat","background-position":"center center","background-size":"auto","background-attachment":"scroll","background-type":"","background-media":"","overlay-type":"","overlay-color":"","overlay-opacity":"","overlay-gradient":""},"mobile":{"background-color":"","background-image":"","background-repeat":"repeat","background-position":"center center","background-size":"auto","background-attachment":"scroll","background-type":"","background-media":"","overlay-type":"","overlay-color":"","overlay-opacity":"","overlay-gradient":""}},"ast-content-background-meta":{"desktop":{"background-color":"var(--ast-global-color-5)","background-image":"","background-repeat":"repeat","background-position":"center center","background-size":"auto","background-attachment":"scroll","background-type":"","background-media":"","overlay-type":"","overlay-color":"","overlay-opacity":"","overlay-gradient":""},"tablet":{"background-color":"var(--ast-global-color-5)","background-image":"","background-repeat":"repeat","background-position":"center center","background-size":"auto","background-attachment":"scroll","background-type":"","background-media":"","overlay-type":"","overlay-color":"","overlay-opacity":"","overlay-gradient":""},"mobile":{"background-color":"var(--ast-global-color-5)","background-image":"","background-repeat":"repeat","background-position":"center center","background-size":"auto","background-attachment":"scroll","background-type":"","background-media":"","overlay-type":"","overlay-color":"","overlay-opacity":"","overlay-gradient":""}}},"product_cat":[74,28],"product_tag":[],"class_list":{"0":"post-1359","1":"product","2":"type-product","3":"status-publish","4":"has-post-thumbnail","6":"product_cat-alfagrama","7":"product_cat-libro","8":"desktop-align-left","9":"tablet-align-left","10":"mobile-align-left","12":"first","13":"instock","14":"shipping-taxable","15":"purchasable","16":"product-type-simple"},"acf":[],"uagb_featured_image_src":{"full":["https:\/\/biblio1.mdp.edu.ar\/centro-ventas\/wp-content\/uploads\/sites\/2\/2018\/10\/ConservacionPatFisQuim9789871305599_T.jpg",370,528,false],"thumbnail":["https:\/\/biblio1.mdp.edu.ar\/centro-ventas\/wp-content\/uploads\/sites\/2\/2018\/10\/ConservacionPatFisQuim9789871305599_T-150x150.jpg",150,150,true],"medium":["https:\/\/biblio1.mdp.edu.ar\/centro-ventas\/wp-content\/uploads\/sites\/2\/2018\/10\/ConservacionPatFisQuim9789871305599_T-210x300.jpg",210,300,true],"medium_large":["https:\/\/biblio1.mdp.edu.ar\/centro-ventas\/wp-content\/uploads\/sites\/2\/2018\/10\/ConservacionPatFisQuim9789871305599_T.jpg",370,528,false],"large":["https:\/\/biblio1.mdp.edu.ar\/centro-ventas\/wp-content\/uploads\/sites\/2\/2018\/10\/ConservacionPatFisQuim9789871305599_T.jpg",370,528,false],"1536x1536":["https:\/\/biblio1.mdp.edu.ar\/centro-ventas\/wp-content\/uploads\/sites\/2\/2018\/10\/ConservacionPatFisQuim9789871305599_T.jpg",370,528,false],"2048x2048":["https:\/\/biblio1.mdp.edu.ar\/centro-ventas\/wp-content\/uploads\/sites\/2\/2018\/10\/ConservacionPatFisQuim9789871305599_T.jpg",370,528,false],"woocommerce_thumbnail":["https:\/\/biblio1.mdp.edu.ar\/centro-ventas\/wp-content\/uploads\/sites\/2\/2018\/10\/ConservacionPatFisQuim9789871305599_T-250x357.jpg",250,357,true],"woocommerce_single":["https:\/\/biblio1.mdp.edu.ar\/centro-ventas\/wp-content\/uploads\/sites\/2\/2018\/10\/ConservacionPatFisQuim9789871305599_T.jpg",370,528,false],"woocommerce_gallery_thumbnail":["https:\/\/biblio1.mdp.edu.ar\/centro-ventas\/wp-content\/uploads\/sites\/2\/2018\/10\/ConservacionPatFisQuim9789871305599_T-100x100.jpg",100,100,true]},"uagb_author_info":{"display_name":"Cristina Bernabe","author_link":"https:\/\/biblio1.mdp.edu.ar\/centro-ventas\/author\/"},"uagb_comment_info":0,"uagb_excerpt":"Libros, documentos y obras de arte se deterioran como consecuencia de su interacci\u00f3n con el ambiente o los usuarios. Los da\u00f1os que observamos son la evidencia de cambios f\u00edsicos y qu\u00edmicos en los materiales que los constituyen. Conocer la naturaleza de los materiales es el primer paso para controlar esos cambios y evitar o detener&hellip;","_links":{"self":[{"href":"https:\/\/biblio1.mdp.edu.ar\/centro-ventas\/wp-json\/wp\/v2\/product\/1359","targetHints":{"allow":["GET"]}}],"collection":[{"href":"https:\/\/biblio1.mdp.edu.ar\/centro-ventas\/wp-json\/wp\/v2\/product"}],"about":[{"href":"https:\/\/biblio1.mdp.edu.ar\/centro-ventas\/wp-json\/wp\/v2\/types\/product"}],"wp:featuredmedia":[{"embeddable":true,"href":"https:\/\/biblio1.mdp.edu.ar\/centro-ventas\/wp-json\/wp\/v2\/media\/1360"}],"wp:attachment":[{"href":"https:\/\/biblio1.mdp.edu.ar\/centro-ventas\/wp-json\/wp\/v2\/media?parent=1359"}],"wp:term":[{"taxonomy":"product_cat","embeddable":true,"href":"https:\/\/biblio1.mdp.edu.ar\/centro-ventas\/wp-json\/wp\/v2\/product_cat?post=1359"},{"taxonomy":"product_tag","embeddable":true,"href":"https:\/\/biblio1.mdp.edu.ar\/centro-ventas\/wp-json\/wp\/v2\/product_tag?post=1359"}],"curies":[{"name":"wp","href":"https:\/\/api.w.org\/{rel}","templated":true}]}}