{"id":1357,"date":"2018-10-12T20:45:22","date_gmt":"2018-10-12T23:45:22","guid":{"rendered":"http:\/\/biblio1.mdp.edu.ar\/centro-ventas\/?post_type=product&#038;p=1357"},"modified":"2025-09-01T17:42:28","modified_gmt":"2025-09-01T20:42:28","slug":"competencias-para-obtener-productos-y-servicios-de-calidad-en-bibliotecas-universitarias","status":"publish","type":"product","link":"https:\/\/biblio1.mdp.edu.ar\/centro-ventas\/producto\/competencias-para-obtener-productos-y-servicios-de-calidad-en-bibliotecas-universitarias\/","title":{"rendered":"Competencias para obtener productos y servicios de calidad en bibliotecas universitarias"},"content":{"rendered":"<div class=\"container\">\n<div class=\"right-detail content-tab col-md-8 col-sm-12 col-xs-12 book-center\">\n<div id=\"over-view\" class=\"book-desc-detail book-tab-show\">\n<p>La din\u00e1mica actual de las bibliotecas universitarias y\/o acad\u00e9micas se ve fuertemente sacudida por un contexto cambiante que implica la revisi\u00f3n de formas de pensar y de su propio quehacer cotidiano. Los usuarios han cambiado la supremac\u00eda de la red por los libros, de la rapidez por la reflexi\u00f3n, de la simplificaci\u00f3n por la profundidad. Lo que prima es la capacidad de saber aprender y saber hacer. La biblioteca, como coraz\u00f3n o centro de las universidades, debe adaptar su tradicional manera de trabajar por funciones para pasar a esquemas m\u00e1s amplios, donde las competencias del empleado adquieren relevancia ante simples conocimientos o tareas estancas. Las bibliotecas, consideradas por algunos, depositar\u00edas de conocimiento pasan a constituir verdaderas usinas del mismo, con potencial enorme de multiplicaci\u00f3n, transformaci\u00f3n, modificaci\u00f3n en sus usuarios concretos. Deben emprender el \u00e1rido camino de reinventarse a los ojos del usuario a efectos de poder servirle mejor y que aqu\u00e9l las vea como un instrumento \u00fatil y eficaz. Esta es la constante en los modelos bibliotecarios universitarios desde su inicio. El objetivo general del presente trabajo es analizar la convergencia entre las competencias del personal bibliotecario y la calidad en productos\/servicios ofrecidos en bibliotecas de tipo acad\u00e9mico o universitario, de modo de dise\u00f1ar un modelo te\u00f3rico que pueda explicar la relaci\u00f3n de los fen\u00f3menos examinados. De manera m\u00e1s espec\u00edfica se pretende determinar cu\u00e1les son los productos\/servicios ofrecidos en las se\u00f1aladas bibliotecas y qu\u00e9 competencias se necesitan para obtener productos\/servicios de calidad en las mismas. Daniel Sanabria Barrios. 9789871305704<\/p>\n<\/div>\n<\/div>\n<\/div>\n<div class=\"container border\"><\/div>\n","protected":false},"excerpt":{"rendered":"<p>La din\u00e1mica actual de las bibliotecas universitarias y\/o acad\u00e9micas se ve fuertemente sacudida por un contexto cambiante que implica la revisi\u00f3n de formas de pensar y de su propio quehacer cotidiano. Los usuarios han cambiado la supremac\u00eda de la red por los libros, de la rapidez por la reflexi\u00f3n, de la simplificaci\u00f3n por la profundidad. [&hellip;]<\/p>\n","protected":false},"featured_media":1358,"template":"","meta":{"_acf_changed":false,"_eb_attr":"","_crdt_document":"","_uag_custom_page_level_css":"","_editorskit_title_hidden":false,"_editorskit_reading_time":0,"_editorskit_is_block_options_detached":false,"_editorskit_block_options_position":"{}","site-sidebar-layout":"default","site-content-layout":"","ast-site-content-layout":"default","site-content-style":"default","site-sidebar-style":"default","ast-global-header-display":"","ast-banner-title-visibility":"","ast-main-header-display":"","ast-hfb-above-header-display":"","ast-hfb-below-header-display":"","ast-hfb-mobile-header-display":"","site-post-title":"","ast-breadcrumbs-content":"","ast-featured-img":"","footer-sml-layout":"","ast-disable-related-posts":"","theme-transparent-header-meta":"","adv-header-id-meta":"","stick-header-meta":"","header-above-stick-meta":"","header-main-stick-meta":"","header-below-stick-meta":"","astra-migrate-meta-layouts":"default","ast-page-background-enabled":"default","ast-page-background-meta":{"desktop":{"background-color":"var(--ast-global-color-4)","background-image":"","background-repeat":"repeat","background-position":"center center","background-size":"auto","background-attachment":"scroll","background-type":"","background-media":"","overlay-type":"","overlay-color":"","overlay-opacity":"","overlay-gradient":""},"tablet":{"background-color":"","background-image":"","background-repeat":"repeat","background-position":"center center","background-size":"auto","background-attachment":"scroll","background-type":"","background-media":"","overlay-type":"","overlay-color":"","overlay-opacity":"","overlay-gradient":""},"mobile":{"background-color":"","background-image":"","background-repeat":"repeat","background-position":"center center","background-size":"auto","background-attachment":"scroll","background-type":"","background-media":"","overlay-type":"","overlay-color":"","overlay-opacity":"","overlay-gradient":""}},"ast-content-background-meta":{"desktop":{"background-color":"var(--ast-global-color-5)","background-image":"","background-repeat":"repeat","background-position":"center center","background-size":"auto","background-attachment":"scroll","background-type":"","background-media":"","overlay-type":"","overlay-color":"","overlay-opacity":"","overlay-gradient":""},"tablet":{"background-color":"var(--ast-global-color-5)","background-image":"","background-repeat":"repeat","background-position":"center center","background-size":"auto","background-attachment":"scroll","background-type":"","background-media":"","overlay-type":"","overlay-color":"","overlay-opacity":"","overlay-gradient":""},"mobile":{"background-color":"var(--ast-global-color-5)","background-image":"","background-repeat":"repeat","background-position":"center center","background-size":"auto","background-attachment":"scroll","background-type":"","background-media":"","overlay-type":"","overlay-color":"","overlay-opacity":"","overlay-gradient":""}}},"product_cat":[74,28],"product_tag":[],"class_list":{"0":"post-1357","1":"product","2":"type-product","3":"status-publish","4":"has-post-thumbnail","6":"product_cat-alfagrama","7":"product_cat-libro","8":"desktop-align-left","9":"tablet-align-left","10":"mobile-align-left","12":"first","13":"instock","14":"shipping-taxable","15":"purchasable","16":"product-type-simple"},"acf":[],"uagb_featured_image_src":{"full":["https:\/\/biblio1.mdp.edu.ar\/centro-ventas\/wp-content\/uploads\/sites\/2\/2018\/10\/competenciasProductos9789871305704_T.jpg",370,531,false],"thumbnail":["https:\/\/biblio1.mdp.edu.ar\/centro-ventas\/wp-content\/uploads\/sites\/2\/2018\/10\/competenciasProductos9789871305704_T-150x150.jpg",150,150,true],"medium":["https:\/\/biblio1.mdp.edu.ar\/centro-ventas\/wp-content\/uploads\/sites\/2\/2018\/10\/competenciasProductos9789871305704_T-209x300.jpg",209,300,true],"medium_large":["https:\/\/biblio1.mdp.edu.ar\/centro-ventas\/wp-content\/uploads\/sites\/2\/2018\/10\/competenciasProductos9789871305704_T.jpg",370,531,false],"large":["https:\/\/biblio1.mdp.edu.ar\/centro-ventas\/wp-content\/uploads\/sites\/2\/2018\/10\/competenciasProductos9789871305704_T.jpg",370,531,false],"1536x1536":["https:\/\/biblio1.mdp.edu.ar\/centro-ventas\/wp-content\/uploads\/sites\/2\/2018\/10\/competenciasProductos9789871305704_T.jpg",370,531,false],"2048x2048":["https:\/\/biblio1.mdp.edu.ar\/centro-ventas\/wp-content\/uploads\/sites\/2\/2018\/10\/competenciasProductos9789871305704_T.jpg",370,531,false],"woocommerce_thumbnail":["https:\/\/biblio1.mdp.edu.ar\/centro-ventas\/wp-content\/uploads\/sites\/2\/2018\/10\/competenciasProductos9789871305704_T-250x359.jpg",250,359,true],"woocommerce_single":["https:\/\/biblio1.mdp.edu.ar\/centro-ventas\/wp-content\/uploads\/sites\/2\/2018\/10\/competenciasProductos9789871305704_T.jpg",370,531,false],"woocommerce_gallery_thumbnail":["https:\/\/biblio1.mdp.edu.ar\/centro-ventas\/wp-content\/uploads\/sites\/2\/2018\/10\/competenciasProductos9789871305704_T-100x100.jpg",100,100,true]},"uagb_author_info":{"display_name":"Cristina Bernabe","author_link":"https:\/\/biblio1.mdp.edu.ar\/centro-ventas\/author\/"},"uagb_comment_info":0,"uagb_excerpt":"La din\u00e1mica actual de las bibliotecas universitarias y\/o acad\u00e9micas se ve fuertemente sacudida por un contexto cambiante que implica la revisi\u00f3n de formas de pensar y de su propio quehacer cotidiano. Los usuarios han cambiado la supremac\u00eda de la red por los libros, de la rapidez por la reflexi\u00f3n, de la simplificaci\u00f3n por la profundidad.&hellip;","_links":{"self":[{"href":"https:\/\/biblio1.mdp.edu.ar\/centro-ventas\/wp-json\/wp\/v2\/product\/1357","targetHints":{"allow":["GET"]}}],"collection":[{"href":"https:\/\/biblio1.mdp.edu.ar\/centro-ventas\/wp-json\/wp\/v2\/product"}],"about":[{"href":"https:\/\/biblio1.mdp.edu.ar\/centro-ventas\/wp-json\/wp\/v2\/types\/product"}],"wp:featuredmedia":[{"embeddable":true,"href":"https:\/\/biblio1.mdp.edu.ar\/centro-ventas\/wp-json\/wp\/v2\/media\/1358"}],"wp:attachment":[{"href":"https:\/\/biblio1.mdp.edu.ar\/centro-ventas\/wp-json\/wp\/v2\/media?parent=1357"}],"wp:term":[{"taxonomy":"product_cat","embeddable":true,"href":"https:\/\/biblio1.mdp.edu.ar\/centro-ventas\/wp-json\/wp\/v2\/product_cat?post=1357"},{"taxonomy":"product_tag","embeddable":true,"href":"https:\/\/biblio1.mdp.edu.ar\/centro-ventas\/wp-json\/wp\/v2\/product_tag?post=1357"}],"curies":[{"name":"wp","href":"https:\/\/api.w.org\/{rel}","templated":true}]}}