{"id":1353,"date":"2018-10-12T20:00:15","date_gmt":"2018-10-12T23:00:15","guid":{"rendered":"http:\/\/biblio1.mdp.edu.ar\/centro-ventas\/?post_type=product&#038;p=1353"},"modified":"2025-09-01T17:41:02","modified_gmt":"2025-09-01T20:41:02","slug":"como-seleccionar-documentos-de-archivo","status":"publish","type":"product","link":"https:\/\/biblio1.mdp.edu.ar\/centro-ventas\/producto\/como-seleccionar-documentos-de-archivo\/","title":{"rendered":"Como seleccionar documentos de archivo"},"content":{"rendered":"<p>La selecci\u00f3n es el proceso por el cual, en el \u00e1mbito de los archivos, se establece el valor de los documentos, determinando su duraci\u00f3n. La formulaci\u00f3n de normas y procedimientos para llevar a cabo el destino de los documentos de archivo supone, por eso mismo, identificar los que deben ser preservados y los que pueden ser eliminados, sin causar da\u00f1o a las instituciones. La complejidad de esta tarea, sobre la cual desde hace mucho tiempo vienen tomando posici\u00f3n los que act\u00faan en el \u00e1rea, esta lejos de ser explicada de manera uniforme. Basta examinar la cantidad de textos que, cada a\u00f1o, se producen sobre el tema a\u00f1adiendo poco, a lo que ya se sabia. No es lo que sucede con el manual que tenemos el honor de prologar. El libro del Profesor Manuel V\u00e1zquez Murillo ya se puede considerar un cl\u00e1sico de la literatura archiv\u00edstica contempor\u00e1nea. En el vienen expuestos, con la erudici\u00f3n que es peculiar del autor, no solamente los t\u00f3picos que justifican la practica de la selecci\u00f3n basada en una teor\u00eda original de los valores de los documentos, sino tambi\u00e9n el modus faciendi (modo de aplicaci\u00f3n), capaz de orientar el trabajo de los que se proponen enfrentar el desafio de reducir a lo esencial la documentaci\u00f3n acumulada por un organismo a lo largo del tiempo. La obra ha sido referencia constante para todos aquellos que tratan el asunto con seriedad, y su peso se hace sentir aunque no sea expl\u00edcitamente citada. Es lo que acontece, por ejemplo, cuando los conceptos de vigencia o de plazo precaucional son mencionados, o cuando las oportunas met\u00e1foras ideadas por el profesor V\u00e1zquez, sirven de recurso did\u00e1ctico para mejor entender la selecci\u00f3n. A\u00f1\u00e1dase a tales cualidades la de remitirnos, a cada paso, a los preceptos de la disciplina archiv\u00edstica, yendo mas all\u00e1 del objetivo que se propuso y transform\u00e1ndose, por la consistencia de sus enunciados, por la coherencia interna, y por el nivel te\u00f3rico que logro alcanzar, en lectura obligatoria para estudiantes y profesionales. Manuel V\u00e1zquez Murillo. 9789871305070<\/p>\n","protected":false},"excerpt":{"rendered":"<p>La selecci\u00f3n es el proceso por el cual, en el \u00e1mbito de los archivos, se establece el valor de los documentos, determinando su duraci\u00f3n. La formulaci\u00f3n de normas y procedimientos para llevar a cabo el destino de los documentos de archivo supone, por eso mismo, identificar los que deben ser preservados y los que pueden [&hellip;]<\/p>\n","protected":false},"featured_media":1354,"template":"","meta":{"_acf_changed":false,"_eb_attr":"","_crdt_document":"","_uag_custom_page_level_css":"","_editorskit_title_hidden":false,"_editorskit_reading_time":0,"_editorskit_is_block_options_detached":false,"_editorskit_block_options_position":"{}","site-sidebar-layout":"default","site-content-layout":"","ast-site-content-layout":"default","site-content-style":"default","site-sidebar-style":"default","ast-global-header-display":"","ast-banner-title-visibility":"","ast-main-header-display":"","ast-hfb-above-header-display":"","ast-hfb-below-header-display":"","ast-hfb-mobile-header-display":"","site-post-title":"","ast-breadcrumbs-content":"","ast-featured-img":"","footer-sml-layout":"","ast-disable-related-posts":"","theme-transparent-header-meta":"","adv-header-id-meta":"","stick-header-meta":"","header-above-stick-meta":"","header-main-stick-meta":"","header-below-stick-meta":"","astra-migrate-meta-layouts":"default","ast-page-background-enabled":"default","ast-page-background-meta":{"desktop":{"background-color":"var(--ast-global-color-4)","background-image":"","background-repeat":"repeat","background-position":"center center","background-size":"auto","background-attachment":"scroll","background-type":"","background-media":"","overlay-type":"","overlay-color":"","overlay-opacity":"","overlay-gradient":""},"tablet":{"background-color":"","background-image":"","background-repeat":"repeat","background-position":"center center","background-size":"auto","background-attachment":"scroll","background-type":"","background-media":"","overlay-type":"","overlay-color":"","overlay-opacity":"","overlay-gradient":""},"mobile":{"background-color":"","background-image":"","background-repeat":"repeat","background-position":"center center","background-size":"auto","background-attachment":"scroll","background-type":"","background-media":"","overlay-type":"","overlay-color":"","overlay-opacity":"","overlay-gradient":""}},"ast-content-background-meta":{"desktop":{"background-color":"var(--ast-global-color-5)","background-image":"","background-repeat":"repeat","background-position":"center center","background-size":"auto","background-attachment":"scroll","background-type":"","background-media":"","overlay-type":"","overlay-color":"","overlay-opacity":"","overlay-gradient":""},"tablet":{"background-color":"var(--ast-global-color-5)","background-image":"","background-repeat":"repeat","background-position":"center center","background-size":"auto","background-attachment":"scroll","background-type":"","background-media":"","overlay-type":"","overlay-color":"","overlay-opacity":"","overlay-gradient":""},"mobile":{"background-color":"var(--ast-global-color-5)","background-image":"","background-repeat":"repeat","background-position":"center center","background-size":"auto","background-attachment":"scroll","background-type":"","background-media":"","overlay-type":"","overlay-color":"","overlay-opacity":"","overlay-gradient":""}}},"product_cat":[74,28],"product_tag":[],"class_list":{"0":"post-1353","1":"product","2":"type-product","3":"status-publish","4":"has-post-thumbnail","6":"product_cat-alfagrama","7":"product_cat-libro","8":"desktop-align-left","9":"tablet-align-left","10":"mobile-align-left","12":"first","13":"instock","14":"shipping-taxable","15":"purchasable","16":"product-type-simple"},"acf":[],"uagb_featured_image_src":{"full":["https:\/\/biblio1.mdp.edu.ar\/centro-ventas\/wp-content\/uploads\/sites\/2\/2018\/10\/comoColecciDoccomo-seleccionar-documentos-de-archivo.jpg",1199,1771,false],"thumbnail":["https:\/\/biblio1.mdp.edu.ar\/centro-ventas\/wp-content\/uploads\/sites\/2\/2018\/10\/comoColecciDoccomo-seleccionar-documentos-de-archivo-150x150.jpg",150,150,true],"medium":["https:\/\/biblio1.mdp.edu.ar\/centro-ventas\/wp-content\/uploads\/sites\/2\/2018\/10\/comoColecciDoccomo-seleccionar-documentos-de-archivo-203x300.jpg",203,300,true],"medium_large":["https:\/\/biblio1.mdp.edu.ar\/centro-ventas\/wp-content\/uploads\/sites\/2\/2018\/10\/comoColecciDoccomo-seleccionar-documentos-de-archivo-768x1134.jpg",768,1134,true],"large":["https:\/\/biblio1.mdp.edu.ar\/centro-ventas\/wp-content\/uploads\/sites\/2\/2018\/10\/comoColecciDoccomo-seleccionar-documentos-de-archivo-693x1024.jpg",693,1024,true],"1536x1536":["https:\/\/biblio1.mdp.edu.ar\/centro-ventas\/wp-content\/uploads\/sites\/2\/2018\/10\/comoColecciDoccomo-seleccionar-documentos-de-archivo.jpg",1040,1536,false],"2048x2048":["https:\/\/biblio1.mdp.edu.ar\/centro-ventas\/wp-content\/uploads\/sites\/2\/2018\/10\/comoColecciDoccomo-seleccionar-documentos-de-archivo.jpg",1199,1771,false],"woocommerce_thumbnail":["https:\/\/biblio1.mdp.edu.ar\/centro-ventas\/wp-content\/uploads\/sites\/2\/2018\/10\/comoColecciDoccomo-seleccionar-documentos-de-archivo-250x369.jpg",250,369,true],"woocommerce_single":["https:\/\/biblio1.mdp.edu.ar\/centro-ventas\/wp-content\/uploads\/sites\/2\/2018\/10\/comoColecciDoccomo-seleccionar-documentos-de-archivo-693x1024.jpg",600,887,true],"woocommerce_gallery_thumbnail":["https:\/\/biblio1.mdp.edu.ar\/centro-ventas\/wp-content\/uploads\/sites\/2\/2018\/10\/comoColecciDoccomo-seleccionar-documentos-de-archivo-100x100.jpg",100,100,true]},"uagb_author_info":{"display_name":"Cristina Bernabe","author_link":"https:\/\/biblio1.mdp.edu.ar\/centro-ventas\/author\/"},"uagb_comment_info":0,"uagb_excerpt":"La selecci\u00f3n es el proceso por el cual, en el \u00e1mbito de los archivos, se establece el valor de los documentos, determinando su duraci\u00f3n. La formulaci\u00f3n de normas y procedimientos para llevar a cabo el destino de los documentos de archivo supone, por eso mismo, identificar los que deben ser preservados y los que pueden&hellip;","_links":{"self":[{"href":"https:\/\/biblio1.mdp.edu.ar\/centro-ventas\/wp-json\/wp\/v2\/product\/1353","targetHints":{"allow":["GET"]}}],"collection":[{"href":"https:\/\/biblio1.mdp.edu.ar\/centro-ventas\/wp-json\/wp\/v2\/product"}],"about":[{"href":"https:\/\/biblio1.mdp.edu.ar\/centro-ventas\/wp-json\/wp\/v2\/types\/product"}],"wp:featuredmedia":[{"embeddable":true,"href":"https:\/\/biblio1.mdp.edu.ar\/centro-ventas\/wp-json\/wp\/v2\/media\/1354"}],"wp:attachment":[{"href":"https:\/\/biblio1.mdp.edu.ar\/centro-ventas\/wp-json\/wp\/v2\/media?parent=1353"}],"wp:term":[{"taxonomy":"product_cat","embeddable":true,"href":"https:\/\/biblio1.mdp.edu.ar\/centro-ventas\/wp-json\/wp\/v2\/product_cat?post=1353"},{"taxonomy":"product_tag","embeddable":true,"href":"https:\/\/biblio1.mdp.edu.ar\/centro-ventas\/wp-json\/wp\/v2\/product_tag?post=1353"}],"curies":[{"name":"wp","href":"https:\/\/api.w.org\/{rel}","templated":true}]}}