{"id":1349,"date":"2018-10-12T19:37:24","date_gmt":"2018-10-12T22:37:24","guid":{"rendered":"http:\/\/biblio1.mdp.edu.ar\/centro-ventas\/?post_type=product&#038;p=1349"},"modified":"2025-09-01T17:40:28","modified_gmt":"2025-09-01T20:40:28","slug":"catalogacion-de-monografias-impresas","status":"publish","type":"product","link":"https:\/\/biblio1.mdp.edu.ar\/centro-ventas\/producto\/catalogacion-de-monografias-impresas\/","title":{"rendered":"Catalogaci\u00f3n de monograf\u00edas impresas"},"content":{"rendered":"<p>Los cat\u00e1logos permiten representar el universo bibliogr\u00e1fico que las unidades de informaci\u00f3n ponen al alcance de sus usuarios, y facilitan la recuperaci\u00f3n de la Informaci\u00f3n registrada en respuesta a necesidades concretas de informaci\u00f3n. Su construcci\u00f3n es una de las tareas fundamentales de las bibliotecas. Esta obra es una introducci\u00f3n te\u00f3rico-pr\u00e1ctica a la catalogaci\u00f3n, que incorpora los conceptos y terminolog\u00eda m\u00e1s actuales en la disciplina. La catalogaci\u00f3n como proceso del control bibliogr\u00e1fico se encuadra en el modelo de los Requerimientos Funcionales para los Registros Bibliogr\u00e1ficos (FRBR), y los planteos m\u00e1s recientes sobre las funciones del cat\u00e1logo ofrecen el contexto para la aplicaci\u00f3n de las Reglas Anglo Americanas de Catalogaci\u00f3n, 2a edici\u00f3n revisada, actualizaci\u00f3n de 2003. No s\u00f3lo el c\u00f3mo, sino tambi\u00e9n el por qu\u00e9 de las reglas para la descripci\u00f3n de monograf\u00edas impresas, determinaci\u00f3n y forma de puntos de acceso, t\u00edtulos uniformes y catalogaci\u00f3n anal\u00edtica, se presentan de manera simple y clara, acompa\u00f1ados de numerosos ejemplos en espa\u00f1ol. Si bien la secci\u00f3n sobre descripci\u00f3n bibliogr\u00e1fica se ocupa preferentemente de monograf\u00edas impresas, la obra en su conjunto, destinada tanto a estudiantes como a catalogadores que deseen contar con una obra de consulta, ofrece una excelente introducci\u00f3n a la catalogaci\u00f3n de cualquier tipo de materiales, al tratar en detalle los elementos generales de la descripci\u00f3n aplicables a todo tipo de recurso.<\/p>\n<p>Spedalieri, Graciela. 9789871305209<\/p>\n","protected":false},"excerpt":{"rendered":"<p>Los cat\u00e1logos permiten representar el universo bibliogr\u00e1fico que las unidades de informaci\u00f3n ponen al alcance de sus usuarios, y facilitan la recuperaci\u00f3n de la Informaci\u00f3n registrada en respuesta a necesidades concretas de informaci\u00f3n. Su construcci\u00f3n es una de las tareas fundamentales de las bibliotecas. Esta obra es una introducci\u00f3n te\u00f3rico-pr\u00e1ctica a la catalogaci\u00f3n, que incorpora [&hellip;]<\/p>\n","protected":false},"featured_media":1350,"template":"","meta":{"_acf_changed":false,"_eb_attr":"","_crdt_document":"","_uag_custom_page_level_css":"","_editorskit_title_hidden":false,"_editorskit_reading_time":0,"_editorskit_is_block_options_detached":false,"_editorskit_block_options_position":"{}","site-sidebar-layout":"default","site-content-layout":"","ast-site-content-layout":"default","site-content-style":"default","site-sidebar-style":"default","ast-global-header-display":"","ast-banner-title-visibility":"","ast-main-header-display":"","ast-hfb-above-header-display":"","ast-hfb-below-header-display":"","ast-hfb-mobile-header-display":"","site-post-title":"","ast-breadcrumbs-content":"","ast-featured-img":"","footer-sml-layout":"","ast-disable-related-posts":"","theme-transparent-header-meta":"","adv-header-id-meta":"","stick-header-meta":"","header-above-stick-meta":"","header-main-stick-meta":"","header-below-stick-meta":"","astra-migrate-meta-layouts":"default","ast-page-background-enabled":"default","ast-page-background-meta":{"desktop":{"background-color":"var(--ast-global-color-4)","background-image":"","background-repeat":"repeat","background-position":"center center","background-size":"auto","background-attachment":"scroll","background-type":"","background-media":"","overlay-type":"","overlay-color":"","overlay-opacity":"","overlay-gradient":""},"tablet":{"background-color":"","background-image":"","background-repeat":"repeat","background-position":"center center","background-size":"auto","background-attachment":"scroll","background-type":"","background-media":"","overlay-type":"","overlay-color":"","overlay-opacity":"","overlay-gradient":""},"mobile":{"background-color":"","background-image":"","background-repeat":"repeat","background-position":"center center","background-size":"auto","background-attachment":"scroll","background-type":"","background-media":"","overlay-type":"","overlay-color":"","overlay-opacity":"","overlay-gradient":""}},"ast-content-background-meta":{"desktop":{"background-color":"var(--ast-global-color-5)","background-image":"","background-repeat":"repeat","background-position":"center center","background-size":"auto","background-attachment":"scroll","background-type":"","background-media":"","overlay-type":"","overlay-color":"","overlay-opacity":"","overlay-gradient":""},"tablet":{"background-color":"var(--ast-global-color-5)","background-image":"","background-repeat":"repeat","background-position":"center center","background-size":"auto","background-attachment":"scroll","background-type":"","background-media":"","overlay-type":"","overlay-color":"","overlay-opacity":"","overlay-gradient":""},"mobile":{"background-color":"var(--ast-global-color-5)","background-image":"","background-repeat":"repeat","background-position":"center center","background-size":"auto","background-attachment":"scroll","background-type":"","background-media":"","overlay-type":"","overlay-color":"","overlay-opacity":"","overlay-gradient":""}}},"product_cat":[74,28],"product_tag":[],"class_list":{"0":"post-1349","1":"product","2":"type-product","3":"status-publish","4":"has-post-thumbnail","6":"product_cat-alfagrama","7":"product_cat-libro","8":"desktop-align-left","9":"tablet-align-left","10":"mobile-align-left","12":"first","13":"instock","14":"shipping-taxable","15":"purchasable","16":"product-type-simple"},"acf":[],"uagb_featured_image_src":{"full":["https:\/\/biblio1.mdp.edu.ar\/centro-ventas\/wp-content\/uploads\/sites\/2\/2018\/10\/catalog-monog-impresas9789871305209_T.jpg",911,1333,false],"thumbnail":["https:\/\/biblio1.mdp.edu.ar\/centro-ventas\/wp-content\/uploads\/sites\/2\/2018\/10\/catalog-monog-impresas9789871305209_T-150x150.jpg",150,150,true],"medium":["https:\/\/biblio1.mdp.edu.ar\/centro-ventas\/wp-content\/uploads\/sites\/2\/2018\/10\/catalog-monog-impresas9789871305209_T-205x300.jpg",205,300,true],"medium_large":["https:\/\/biblio1.mdp.edu.ar\/centro-ventas\/wp-content\/uploads\/sites\/2\/2018\/10\/catalog-monog-impresas9789871305209_T-768x1124.jpg",768,1124,true],"large":["https:\/\/biblio1.mdp.edu.ar\/centro-ventas\/wp-content\/uploads\/sites\/2\/2018\/10\/catalog-monog-impresas9789871305209_T-700x1024.jpg",700,1024,true],"1536x1536":["https:\/\/biblio1.mdp.edu.ar\/centro-ventas\/wp-content\/uploads\/sites\/2\/2018\/10\/catalog-monog-impresas9789871305209_T.jpg",911,1333,false],"2048x2048":["https:\/\/biblio1.mdp.edu.ar\/centro-ventas\/wp-content\/uploads\/sites\/2\/2018\/10\/catalog-monog-impresas9789871305209_T.jpg",911,1333,false],"woocommerce_thumbnail":["https:\/\/biblio1.mdp.edu.ar\/centro-ventas\/wp-content\/uploads\/sites\/2\/2018\/10\/catalog-monog-impresas9789871305209_T-250x366.jpg",250,366,true],"woocommerce_single":["https:\/\/biblio1.mdp.edu.ar\/centro-ventas\/wp-content\/uploads\/sites\/2\/2018\/10\/catalog-monog-impresas9789871305209_T-700x1024.jpg",600,878,true],"woocommerce_gallery_thumbnail":["https:\/\/biblio1.mdp.edu.ar\/centro-ventas\/wp-content\/uploads\/sites\/2\/2018\/10\/catalog-monog-impresas9789871305209_T-100x100.jpg",100,100,true]},"uagb_author_info":{"display_name":"Cristina Bernabe","author_link":"https:\/\/biblio1.mdp.edu.ar\/centro-ventas\/author\/"},"uagb_comment_info":0,"uagb_excerpt":"Los cat\u00e1logos permiten representar el universo bibliogr\u00e1fico que las unidades de informaci\u00f3n ponen al alcance de sus usuarios, y facilitan la recuperaci\u00f3n de la Informaci\u00f3n registrada en respuesta a necesidades concretas de informaci\u00f3n. Su construcci\u00f3n es una de las tareas fundamentales de las bibliotecas. Esta obra es una introducci\u00f3n te\u00f3rico-pr\u00e1ctica a la catalogaci\u00f3n, que incorpora&hellip;","_links":{"self":[{"href":"https:\/\/biblio1.mdp.edu.ar\/centro-ventas\/wp-json\/wp\/v2\/product\/1349","targetHints":{"allow":["GET"]}}],"collection":[{"href":"https:\/\/biblio1.mdp.edu.ar\/centro-ventas\/wp-json\/wp\/v2\/product"}],"about":[{"href":"https:\/\/biblio1.mdp.edu.ar\/centro-ventas\/wp-json\/wp\/v2\/types\/product"}],"wp:featuredmedia":[{"embeddable":true,"href":"https:\/\/biblio1.mdp.edu.ar\/centro-ventas\/wp-json\/wp\/v2\/media\/1350"}],"wp:attachment":[{"href":"https:\/\/biblio1.mdp.edu.ar\/centro-ventas\/wp-json\/wp\/v2\/media?parent=1349"}],"wp:term":[{"taxonomy":"product_cat","embeddable":true,"href":"https:\/\/biblio1.mdp.edu.ar\/centro-ventas\/wp-json\/wp\/v2\/product_cat?post=1349"},{"taxonomy":"product_tag","embeddable":true,"href":"https:\/\/biblio1.mdp.edu.ar\/centro-ventas\/wp-json\/wp\/v2\/product_tag?post=1349"}],"curies":[{"name":"wp","href":"https:\/\/api.w.org\/{rel}","templated":true}]}}