{"id":1346,"date":"2018-10-12T19:26:55","date_gmt":"2018-10-12T22:26:55","guid":{"rendered":"http:\/\/biblio1.mdp.edu.ar\/centro-ventas\/?post_type=product&#038;p=1346"},"modified":"2025-09-01T18:20:28","modified_gmt":"2025-09-01T21:20:28","slug":"las-bibliotecas-publicas-crisis-oportunidades-y-desafios","status":"publish","type":"product","link":"https:\/\/biblio1.mdp.edu.ar\/centro-ventas\/producto\/las-bibliotecas-publicas-crisis-oportunidades-y-desafios\/","title":{"rendered":"Las bibliotecas p\u00fablicas &#8211; Crisis, oportunidades y desaf\u00edos."},"content":{"rendered":"<p>La crisis que actualmente est\u00e1 incidiendo sobre la mayor\u00eda de los pa\u00edses occidentales tiene un fuerte contenido econ\u00f3mico, pero tambi\u00e9n aparece con caracteres y notas sociol\u00f3gicos, culturales y, en no menor medida, pol\u00edticos. Podr\u00edamos decir que estamos viviendo una crisis global, tanto por el alcance de sus componentes internos como por la extensi\u00f3n geogr\u00e1fica sobre la que se est\u00e1 desarrollando. Hablar de crisis, cuando nos estamos refiriendo a las bibliotecas p\u00fablicas, supone esencialmente hacer frente a fen\u00f3menos tales como carencias presupuestar\u00edas que afectan al personal de estos centros, a sus edificios, instalaciones v mantenimiento, a la continuidad de sus colecciones de materiales, a los servicios que proporcionan a los usuarios. El objetivo esencial de este trabajo es el estudio de la crisis desde la perspectiva de su influencia sobre la biblioteca p\u00fablica y sobre todos y cada uno de sus componentes. La obra propone analizar la biblioteca p\u00fablica dentro de este entorno de crisis; analizar la interrelaci\u00f3n entre crisis y biblioteca p\u00fablica y los efectos de la actuaci\u00f3n de la biblioteca sobre los diversos colectivos sociales, teniendo especialmente en cuenta a los m\u00e1s deprimidos; estudiar la influencia que las nuevas tecnolog\u00edas ejercen sobre las bibliotecas p\u00fablicas en estos tiempos de crisis, y extraer, a lo largo de todo el trabajo, conclusiones oportunas de \u00edndole pr\u00e1ctica que permitan su aplicaci\u00f3n en las bibliotecas. Lo que pretendemos es configurar un corpus de buenas pr\u00e1cticas, de actuaciones adecuadas que, desde los diversos entornos estudiados, permitan a las bibliotecas p\u00fablicas mejorar sus objetivos, su labor y modos de actuaci\u00f3n y, en definitiva, hacer que estos centros puedan salir de la crisis incluso de manera positiva y mejorando sus v\u00edas de acci\u00f3n. Este estudio va dirigido a los profesionales de las bibliotecas y, en no menor medida, a los gestores p\u00fablicos encargados de ellas: resulta m\u00e1s que evidente que es en manos de dichos gestores p\u00fablicos que se encuentran las claves b\u00e1sicas para el desarrollo de las bibliotecas.<\/p>\n<p>Fuentes Romero, J.J. 9789871305735<\/p>\n","protected":false},"excerpt":{"rendered":"<p>La crisis que actualmente est\u00e1 incidiendo sobre la mayor\u00eda de los pa\u00edses occidentales tiene un fuerte contenido econ\u00f3mico, pero tambi\u00e9n aparece con caracteres y notas sociol\u00f3gicos, culturales y, en no menor medida, pol\u00edticos. Podr\u00edamos decir que estamos viviendo una crisis global, tanto por el alcance de sus componentes internos como por la extensi\u00f3n geogr\u00e1fica sobre [&hellip;]<\/p>\n","protected":false},"featured_media":1348,"template":"","meta":{"_acf_changed":false,"_eb_attr":"","_crdt_document":"","_uag_custom_page_level_css":"","_editorskit_title_hidden":false,"_editorskit_reading_time":0,"_editorskit_is_block_options_detached":false,"_editorskit_block_options_position":"{}","site-sidebar-layout":"default","site-content-layout":"","ast-site-content-layout":"default","site-content-style":"default","site-sidebar-style":"default","ast-global-header-display":"","ast-banner-title-visibility":"","ast-main-header-display":"","ast-hfb-above-header-display":"","ast-hfb-below-header-display":"","ast-hfb-mobile-header-display":"","site-post-title":"","ast-breadcrumbs-content":"","ast-featured-img":"","footer-sml-layout":"","ast-disable-related-posts":"","theme-transparent-header-meta":"","adv-header-id-meta":"","stick-header-meta":"","header-above-stick-meta":"","header-main-stick-meta":"","header-below-stick-meta":"","astra-migrate-meta-layouts":"default","ast-page-background-enabled":"default","ast-page-background-meta":{"desktop":{"background-color":"var(--ast-global-color-4)","background-image":"","background-repeat":"repeat","background-position":"center center","background-size":"auto","background-attachment":"scroll","background-type":"","background-media":"","overlay-type":"","overlay-color":"","overlay-opacity":"","overlay-gradient":""},"tablet":{"background-color":"","background-image":"","background-repeat":"repeat","background-position":"center center","background-size":"auto","background-attachment":"scroll","background-type":"","background-media":"","overlay-type":"","overlay-color":"","overlay-opacity":"","overlay-gradient":""},"mobile":{"background-color":"","background-image":"","background-repeat":"repeat","background-position":"center center","background-size":"auto","background-attachment":"scroll","background-type":"","background-media":"","overlay-type":"","overlay-color":"","overlay-opacity":"","overlay-gradient":""}},"ast-content-background-meta":{"desktop":{"background-color":"var(--ast-global-color-5)","background-image":"","background-repeat":"repeat","background-position":"center center","background-size":"auto","background-attachment":"scroll","background-type":"","background-media":"","overlay-type":"","overlay-color":"","overlay-opacity":"","overlay-gradient":""},"tablet":{"background-color":"var(--ast-global-color-5)","background-image":"","background-repeat":"repeat","background-position":"center center","background-size":"auto","background-attachment":"scroll","background-type":"","background-media":"","overlay-type":"","overlay-color":"","overlay-opacity":"","overlay-gradient":""},"mobile":{"background-color":"var(--ast-global-color-5)","background-image":"","background-repeat":"repeat","background-position":"center center","background-size":"auto","background-attachment":"scroll","background-type":"","background-media":"","overlay-type":"","overlay-color":"","overlay-opacity":"","overlay-gradient":""}}},"product_cat":[74,28],"product_tag":[],"class_list":{"0":"post-1346","1":"product","2":"type-product","3":"status-publish","4":"has-post-thumbnail","6":"product_cat-alfagrama","7":"product_cat-libro","8":"desktop-align-left","9":"tablet-align-left","10":"mobile-align-left","12":"first","13":"instock","14":"shipping-taxable","15":"purchasable","16":"product-type-simple"},"acf":[],"uagb_featured_image_src":{"full":["https:\/\/biblio1.mdp.edu.ar\/centro-ventas\/wp-content\/uploads\/sites\/2\/2018\/10\/biblo-pub9789871305735_T-1.jpg",370,529,false],"thumbnail":["https:\/\/biblio1.mdp.edu.ar\/centro-ventas\/wp-content\/uploads\/sites\/2\/2018\/10\/biblo-pub9789871305735_T-1-150x150.jpg",150,150,true],"medium":["https:\/\/biblio1.mdp.edu.ar\/centro-ventas\/wp-content\/uploads\/sites\/2\/2018\/10\/biblo-pub9789871305735_T-1-210x300.jpg",210,300,true],"medium_large":["https:\/\/biblio1.mdp.edu.ar\/centro-ventas\/wp-content\/uploads\/sites\/2\/2018\/10\/biblo-pub9789871305735_T-1.jpg",370,529,false],"large":["https:\/\/biblio1.mdp.edu.ar\/centro-ventas\/wp-content\/uploads\/sites\/2\/2018\/10\/biblo-pub9789871305735_T-1.jpg",370,529,false],"1536x1536":["https:\/\/biblio1.mdp.edu.ar\/centro-ventas\/wp-content\/uploads\/sites\/2\/2018\/10\/biblo-pub9789871305735_T-1.jpg",370,529,false],"2048x2048":["https:\/\/biblio1.mdp.edu.ar\/centro-ventas\/wp-content\/uploads\/sites\/2\/2018\/10\/biblo-pub9789871305735_T-1.jpg",370,529,false],"woocommerce_thumbnail":["https:\/\/biblio1.mdp.edu.ar\/centro-ventas\/wp-content\/uploads\/sites\/2\/2018\/10\/biblo-pub9789871305735_T-1-250x357.jpg",250,357,true],"woocommerce_single":["https:\/\/biblio1.mdp.edu.ar\/centro-ventas\/wp-content\/uploads\/sites\/2\/2018\/10\/biblo-pub9789871305735_T-1.jpg",370,529,false],"woocommerce_gallery_thumbnail":["https:\/\/biblio1.mdp.edu.ar\/centro-ventas\/wp-content\/uploads\/sites\/2\/2018\/10\/biblo-pub9789871305735_T-1-100x100.jpg",100,100,true]},"uagb_author_info":{"display_name":"Cristina Bernabe","author_link":"https:\/\/biblio1.mdp.edu.ar\/centro-ventas\/author\/"},"uagb_comment_info":0,"uagb_excerpt":"La crisis que actualmente est\u00e1 incidiendo sobre la mayor\u00eda de los pa\u00edses occidentales tiene un fuerte contenido econ\u00f3mico, pero tambi\u00e9n aparece con caracteres y notas sociol\u00f3gicos, culturales y, en no menor medida, pol\u00edticos. Podr\u00edamos decir que estamos viviendo una crisis global, tanto por el alcance de sus componentes internos como por la extensi\u00f3n geogr\u00e1fica sobre&hellip;","_links":{"self":[{"href":"https:\/\/biblio1.mdp.edu.ar\/centro-ventas\/wp-json\/wp\/v2\/product\/1346","targetHints":{"allow":["GET"]}}],"collection":[{"href":"https:\/\/biblio1.mdp.edu.ar\/centro-ventas\/wp-json\/wp\/v2\/product"}],"about":[{"href":"https:\/\/biblio1.mdp.edu.ar\/centro-ventas\/wp-json\/wp\/v2\/types\/product"}],"wp:featuredmedia":[{"embeddable":true,"href":"https:\/\/biblio1.mdp.edu.ar\/centro-ventas\/wp-json\/wp\/v2\/media\/1348"}],"wp:attachment":[{"href":"https:\/\/biblio1.mdp.edu.ar\/centro-ventas\/wp-json\/wp\/v2\/media?parent=1346"}],"wp:term":[{"taxonomy":"product_cat","embeddable":true,"href":"https:\/\/biblio1.mdp.edu.ar\/centro-ventas\/wp-json\/wp\/v2\/product_cat?post=1346"},{"taxonomy":"product_tag","embeddable":true,"href":"https:\/\/biblio1.mdp.edu.ar\/centro-ventas\/wp-json\/wp\/v2\/product_tag?post=1346"}],"curies":[{"name":"wp","href":"https:\/\/api.w.org\/{rel}","templated":true}]}}