{"id":1340,"date":"2018-10-12T15:11:03","date_gmt":"2018-10-12T18:11:03","guid":{"rendered":"http:\/\/biblio1.mdp.edu.ar\/centro-ventas\/?post_type=product&#038;p=1340"},"modified":"2023-03-31T13:37:14","modified_gmt":"2023-03-31T16:37:14","slug":"variaciones-marplatenses-sobre-la-casa-chorizo","status":"publish","type":"product","link":"https:\/\/biblio1.mdp.edu.ar\/centro-ventas\/producto\/variaciones-marplatenses-sobre-la-casa-chorizo\/","title":{"rendered":"Variaciones Marplatenses sobre la Casa Chorizo"},"content":{"rendered":"<p>\u00abYa me tapan los papeles y tengo que liquidar cosas. Las estoy liquidando: quemando lo quemable, rompiendo lo rompible, regalando lo regalable. Entonces encuentro cuadernos y cosas m\u00edas del pasado. Y revisando papeles viejos veo que hace 20 a\u00f1os yo estaba pensando en este libro que estoy escribiendo, que se llama \u00abVariaciones marplatenses sobre la casa chorizo y otras historias\u00bb. Y ah\u00ed cuento otras cosas que tienen que ver con mis parientes. Lo que m\u00e1s me importa son los inmigrantes. Las casas chorizo las construyeron los inmigrantes, particularmente los italianos. Se trataba de una serie de habitaciones, una tras otra, que daban a una galer\u00eda. En general ten\u00edan puertas intermedias para circular por adentro. En las m\u00e1s modestas, el ba\u00f1o era una categor\u00eda metaf\u00edsica? una letrina que estaba en el fondo. Esta casa es una ampliaci\u00f3n de una vieja casa chorizo que hay m\u00e1s atr\u00e1s y a\u00fan se conserva. Fue hecha en 1912 por mi abuela. Yo nac\u00ed el 23 de agosto de 1930, de esa pared hacia atr\u00e1s. Ac\u00e1 (se\u00f1ala el living donde transcurre la entrevista) hab\u00eda un jard\u00edn\u00bb.<\/p>\n<p>Arq. Cova<\/p>\n","protected":false},"excerpt":{"rendered":"<p>\u00abYa me tapan los papeles y tengo que liquidar cosas. Las estoy liquidando: quemando lo quemable, rompiendo lo rompible, regalando lo regalable. Entonces encuentro cuadernos y cosas m\u00edas del pasado. Y revisando papeles viejos veo que hace 20 a\u00f1os yo estaba pensando en este libro que estoy escribiendo, que se llama \u00abVariaciones marplatenses sobre la [&hellip;]<\/p>\n","protected":false},"featured_media":1341,"template":"","meta":{"_acf_changed":false,"_eb_attr":"","_crdt_document":"","_uag_custom_page_level_css":"","_editorskit_title_hidden":false,"_editorskit_reading_time":0,"_editorskit_is_block_options_detached":false,"_editorskit_block_options_position":"{}","site-sidebar-layout":"default","site-content-layout":"","ast-site-content-layout":"default","site-content-style":"default","site-sidebar-style":"default","ast-global-header-display":"","ast-banner-title-visibility":"","ast-main-header-display":"","ast-hfb-above-header-display":"","ast-hfb-below-header-display":"","ast-hfb-mobile-header-display":"","site-post-title":"","ast-breadcrumbs-content":"","ast-featured-img":"","footer-sml-layout":"","ast-disable-related-posts":"","theme-transparent-header-meta":"","adv-header-id-meta":"","stick-header-meta":"","header-above-stick-meta":"","header-main-stick-meta":"","header-below-stick-meta":"","astra-migrate-meta-layouts":"default","ast-page-background-enabled":"default","ast-page-background-meta":{"desktop":{"background-color":"var(--ast-global-color-4)","background-image":"","background-repeat":"repeat","background-position":"center center","background-size":"auto","background-attachment":"scroll","background-type":"","background-media":"","overlay-type":"","overlay-color":"","overlay-opacity":"","overlay-gradient":""},"tablet":{"background-color":"","background-image":"","background-repeat":"repeat","background-position":"center center","background-size":"auto","background-attachment":"scroll","background-type":"","background-media":"","overlay-type":"","overlay-color":"","overlay-opacity":"","overlay-gradient":""},"mobile":{"background-color":"","background-image":"","background-repeat":"repeat","background-position":"center center","background-size":"auto","background-attachment":"scroll","background-type":"","background-media":"","overlay-type":"","overlay-color":"","overlay-opacity":"","overlay-gradient":""}},"ast-content-background-meta":{"desktop":{"background-color":"var(--ast-global-color-5)","background-image":"","background-repeat":"repeat","background-position":"center center","background-size":"auto","background-attachment":"scroll","background-type":"","background-media":"","overlay-type":"","overlay-color":"","overlay-opacity":"","overlay-gradient":""},"tablet":{"background-color":"var(--ast-global-color-5)","background-image":"","background-repeat":"repeat","background-position":"center center","background-size":"auto","background-attachment":"scroll","background-type":"","background-media":"","overlay-type":"","overlay-color":"","overlay-opacity":"","overlay-gradient":""},"mobile":{"background-color":"var(--ast-global-color-5)","background-image":"","background-repeat":"repeat","background-position":"center center","background-size":"auto","background-attachment":"scroll","background-type":"","background-media":"","overlay-type":"","overlay-color":"","overlay-opacity":"","overlay-gradient":""}}},"product_cat":[28],"product_tag":[36,81,83],"class_list":{"0":"post-1340","1":"product","2":"type-product","3":"status-publish","4":"has-post-thumbnail","6":"product_cat-libro","7":"product_tag-arquitectura","8":"product_tag-arquitectura-local","9":"product_tag-vivienda","10":"desktop-align-left","11":"tablet-align-left","12":"mobile-align-left","14":"first","15":"outofstock","16":"shipping-taxable","17":"purchasable","18":"product-type-simple"},"acf":[],"uagb_featured_image_src":{"full":["https:\/\/biblio1.mdp.edu.ar\/centro-ventas\/wp-content\/uploads\/sites\/2\/2018\/10\/Sin-t\u00edtulo-2.jpg",3014,4000,false],"thumbnail":["https:\/\/biblio1.mdp.edu.ar\/centro-ventas\/wp-content\/uploads\/sites\/2\/2018\/10\/Sin-t\u00edtulo-2-150x150.jpg",150,150,true],"medium":["https:\/\/biblio1.mdp.edu.ar\/centro-ventas\/wp-content\/uploads\/sites\/2\/2018\/10\/Sin-t\u00edtulo-2-226x300.jpg",226,300,true],"medium_large":["https:\/\/biblio1.mdp.edu.ar\/centro-ventas\/wp-content\/uploads\/sites\/2\/2018\/10\/Sin-t\u00edtulo-2-768x1019.jpg",768,1019,true],"large":["https:\/\/biblio1.mdp.edu.ar\/centro-ventas\/wp-content\/uploads\/sites\/2\/2018\/10\/Sin-t\u00edtulo-2-772x1024.jpg",772,1024,true],"1536x1536":["https:\/\/biblio1.mdp.edu.ar\/centro-ventas\/wp-content\/uploads\/sites\/2\/2018\/10\/Sin-t\u00edtulo-2.jpg",1157,1536,false],"2048x2048":["https:\/\/biblio1.mdp.edu.ar\/centro-ventas\/wp-content\/uploads\/sites\/2\/2018\/10\/Sin-t\u00edtulo-2.jpg",1543,2048,false],"woocommerce_thumbnail":["https:\/\/biblio1.mdp.edu.ar\/centro-ventas\/wp-content\/uploads\/sites\/2\/2018\/10\/Sin-t\u00edtulo-2-250x332.jpg",250,332,true],"woocommerce_single":["https:\/\/biblio1.mdp.edu.ar\/centro-ventas\/wp-content\/uploads\/sites\/2\/2018\/10\/Sin-t\u00edtulo-2-768x1019.jpg",600,796,true],"woocommerce_gallery_thumbnail":["https:\/\/biblio1.mdp.edu.ar\/centro-ventas\/wp-content\/uploads\/sites\/2\/2018\/10\/Sin-t\u00edtulo-2-100x100.jpg",100,100,true]},"uagb_author_info":{"display_name":"Maria Balerdi","author_link":"https:\/\/biblio1.mdp.edu.ar\/centro-ventas\/author\/"},"uagb_comment_info":0,"uagb_excerpt":"\u00abYa me tapan los papeles y tengo que liquidar cosas. Las estoy liquidando: quemando lo quemable, rompiendo lo rompible, regalando lo regalable. Entonces encuentro cuadernos y cosas m\u00edas del pasado. Y revisando papeles viejos veo que hace 20 a\u00f1os yo estaba pensando en este libro que estoy escribiendo, que se llama \u00abVariaciones marplatenses sobre la&hellip;","_links":{"self":[{"href":"https:\/\/biblio1.mdp.edu.ar\/centro-ventas\/wp-json\/wp\/v2\/product\/1340","targetHints":{"allow":["GET"]}}],"collection":[{"href":"https:\/\/biblio1.mdp.edu.ar\/centro-ventas\/wp-json\/wp\/v2\/product"}],"about":[{"href":"https:\/\/biblio1.mdp.edu.ar\/centro-ventas\/wp-json\/wp\/v2\/types\/product"}],"wp:featuredmedia":[{"embeddable":true,"href":"https:\/\/biblio1.mdp.edu.ar\/centro-ventas\/wp-json\/wp\/v2\/media\/1341"}],"wp:attachment":[{"href":"https:\/\/biblio1.mdp.edu.ar\/centro-ventas\/wp-json\/wp\/v2\/media?parent=1340"}],"wp:term":[{"taxonomy":"product_cat","embeddable":true,"href":"https:\/\/biblio1.mdp.edu.ar\/centro-ventas\/wp-json\/wp\/v2\/product_cat?post=1340"},{"taxonomy":"product_tag","embeddable":true,"href":"https:\/\/biblio1.mdp.edu.ar\/centro-ventas\/wp-json\/wp\/v2\/product_tag?post=1340"}],"curies":[{"name":"wp","href":"https:\/\/api.w.org\/{rel}","templated":true}]}}