{"id":1322,"date":"2018-10-11T21:07:54","date_gmt":"2018-10-12T00:07:54","guid":{"rendered":"http:\/\/biblio1.mdp.edu.ar\/centro-ventas\/?post_type=product&#038;p=1322"},"modified":"2025-09-01T17:39:24","modified_gmt":"2025-09-01T20:39:24","slug":"biblioteca-publica-ciudadania-y-educacion-social","status":"publish","type":"product","link":"https:\/\/biblio1.mdp.edu.ar\/centro-ventas\/producto\/biblioteca-publica-ciudadania-y-educacion-social\/","title":{"rendered":"Biblioteca p\u00fablica, ciudadan\u00eda y educaci\u00f3n social"},"content":{"rendered":"<div class=\"container\">\n<div class=\"right-detail content-tab col-md-8 col-sm-12 col-xs-12 book-center\">\n<div id=\"over-view\" class=\"book-desc-detail book-tab-show\">\n<p>La configuraci\u00f3n de la dimensi\u00f3n ciudadana de la biblioteca p\u00fablica suscribe su papel social y pol\u00edtico, e implica la comprensi\u00f3n del proyecto bibliotecario p\u00fablico desde realidades sociales concretas, al incorporar con mayor claridad, intencionalidad y sistematicidad la formaci\u00f3n ciudadana de sus usuarios y propiciar la expresi\u00f3n de pr\u00e1cticas que reconozcan, hagan expl\u00edcitos y favorezcan procesos de transformaci\u00f3n de la realidad social. Dimensi\u00f3n ciudadana que se traduce en un giro conceptual de la instituci\u00f3n, que transciende la funci\u00f3n educativa (complemento a la tarea escolar) y la cultural (acceso a la informaci\u00f3n y conocimiento), para cumplir con la funci\u00f3n pol\u00edtica: contribuir a la transformaci\u00f3n del sujeto y de la sociedad desde procesos de formaci\u00f3n ciudadana. Es as\u00ed c\u00f3mo a partir de un enfoque cualitativo, con la estrategia metodol\u00f3gica del estudio de caso sobre Parque Biblioteca Espa\u00f1a (como una realidad emp\u00edrica), la base comprensiva sobre la biblioteca p\u00fablica (discursos rectores) y los fundamentos conceptuales de la educaci\u00f3n social, y mediante el uso de t\u00e9cnicas cualitativas (la observaci\u00f3n participante y la entrevista), se plante\u00f3 la configuraci\u00f3n del ser, del hacer y del deber ser de la biblioteca p\u00fablica, en la perspectiva de configurar su dimensi\u00f3n ciudadana, confrontada seg\u00fan las pr\u00e1cticas de la convivencia, la participaci\u00f3n y la autonom\u00eda. Pr\u00e1cticas ciudadanas que surgen de las interacciones y las relaciones entre datos, discursos y acciones, en espacios diferentes al sistema escolar, o a lo que la educaci\u00f3n social denomina educaci\u00f3n por fuera de la escuela; y que dan cuenta, en el siglo XXI, de los nuevos sentidos y funciones de esta instituci\u00f3n (biblioteca p\u00fablica), inmersa en una sociedad que, al buscar la democracia, confiere a la informaci\u00f3n y al conocimiento un lugar primordial al considerarlos medios esenciales para ejercer la ciudadan\u00eda. El texto es derivado de la tesis doctoral \u00abLa biblioteca p\u00fablica, lugar para la construcci\u00f3n de ciudadan\u00eda: una mirada desde la educaci\u00f3n social\u00bb, que logr\u00f3 la distinci\u00f3n Magna Cum Laude en la Universidad de Antioquia (Medell\u00edn), Facultad de Educaci\u00f3n, Doctorado en Educaci\u00f3n.<\/p>\n<p><span class=\"detail-desc box-detail-desc\">Jaramillo Orlanda.\u00a0<\/span><\/p>\n<\/div>\n<\/div>\n<\/div>\n<div class=\"container border\"><\/div>\n<div class=\"product_meta\"><\/div>\n<h1 class=\"product_title entry-title\"><\/h1>\n<p>&nbsp;<\/p>\n","protected":false},"excerpt":{"rendered":"<p>La configuraci\u00f3n de la dimensi\u00f3n ciudadana de la biblioteca p\u00fablica suscribe su papel social y pol\u00edtico, e implica la comprensi\u00f3n del proyecto bibliotecario p\u00fablico desde realidades sociales concretas, al incorporar con mayor claridad, intencionalidad y sistematicidad la formaci\u00f3n ciudadana de sus usuarios y propiciar la expresi\u00f3n de pr\u00e1cticas que reconozcan, hagan expl\u00edcitos y favorezcan procesos [&hellip;]<\/p>\n","protected":false},"featured_media":1323,"template":"","meta":{"_acf_changed":false,"_eb_attr":"","_crdt_document":"","_uag_custom_page_level_css":"","_editorskit_title_hidden":false,"_editorskit_reading_time":0,"_editorskit_is_block_options_detached":false,"_editorskit_block_options_position":"{}","site-sidebar-layout":"default","site-content-layout":"","ast-site-content-layout":"default","site-content-style":"default","site-sidebar-style":"default","ast-global-header-display":"","ast-banner-title-visibility":"","ast-main-header-display":"","ast-hfb-above-header-display":"","ast-hfb-below-header-display":"","ast-hfb-mobile-header-display":"","site-post-title":"","ast-breadcrumbs-content":"","ast-featured-img":"","footer-sml-layout":"","ast-disable-related-posts":"","theme-transparent-header-meta":"","adv-header-id-meta":"","stick-header-meta":"","header-above-stick-meta":"","header-main-stick-meta":"","header-below-stick-meta":"","astra-migrate-meta-layouts":"default","ast-page-background-enabled":"default","ast-page-background-meta":{"desktop":{"background-color":"var(--ast-global-color-4)","background-image":"","background-repeat":"repeat","background-position":"center center","background-size":"auto","background-attachment":"scroll","background-type":"","background-media":"","overlay-type":"","overlay-color":"","overlay-opacity":"","overlay-gradient":""},"tablet":{"background-color":"","background-image":"","background-repeat":"repeat","background-position":"center center","background-size":"auto","background-attachment":"scroll","background-type":"","background-media":"","overlay-type":"","overlay-color":"","overlay-opacity":"","overlay-gradient":""},"mobile":{"background-color":"","background-image":"","background-repeat":"repeat","background-position":"center center","background-size":"auto","background-attachment":"scroll","background-type":"","background-media":"","overlay-type":"","overlay-color":"","overlay-opacity":"","overlay-gradient":""}},"ast-content-background-meta":{"desktop":{"background-color":"var(--ast-global-color-5)","background-image":"","background-repeat":"repeat","background-position":"center center","background-size":"auto","background-attachment":"scroll","background-type":"","background-media":"","overlay-type":"","overlay-color":"","overlay-opacity":"","overlay-gradient":""},"tablet":{"background-color":"var(--ast-global-color-5)","background-image":"","background-repeat":"repeat","background-position":"center center","background-size":"auto","background-attachment":"scroll","background-type":"","background-media":"","overlay-type":"","overlay-color":"","overlay-opacity":"","overlay-gradient":""},"mobile":{"background-color":"var(--ast-global-color-5)","background-image":"","background-repeat":"repeat","background-position":"center center","background-size":"auto","background-attachment":"scroll","background-type":"","background-media":"","overlay-type":"","overlay-color":"","overlay-opacity":"","overlay-gradient":""}}},"product_cat":[74,28],"product_tag":[],"class_list":{"0":"post-1322","1":"product","2":"type-product","3":"status-publish","4":"has-post-thumbnail","6":"product_cat-alfagrama","7":"product_cat-libro","8":"desktop-align-left","9":"tablet-align-left","10":"mobile-align-left","12":"first","13":"instock","14":"shipping-taxable","15":"purchasable","16":"product-type-simple"},"acf":[],"uagb_featured_image_src":{"full":["https:\/\/biblio1.mdp.edu.ar\/centro-ventas\/wp-content\/uploads\/sites\/2\/2018\/10\/Biblio-Pub-cuid9789871305742_T-1.jpg",370,541,false],"thumbnail":["https:\/\/biblio1.mdp.edu.ar\/centro-ventas\/wp-content\/uploads\/sites\/2\/2018\/10\/Biblio-Pub-cuid9789871305742_T-1-150x150.jpg",150,150,true],"medium":["https:\/\/biblio1.mdp.edu.ar\/centro-ventas\/wp-content\/uploads\/sites\/2\/2018\/10\/Biblio-Pub-cuid9789871305742_T-1-205x300.jpg",205,300,true],"medium_large":["https:\/\/biblio1.mdp.edu.ar\/centro-ventas\/wp-content\/uploads\/sites\/2\/2018\/10\/Biblio-Pub-cuid9789871305742_T-1.jpg",370,541,false],"large":["https:\/\/biblio1.mdp.edu.ar\/centro-ventas\/wp-content\/uploads\/sites\/2\/2018\/10\/Biblio-Pub-cuid9789871305742_T-1.jpg",370,541,false],"1536x1536":["https:\/\/biblio1.mdp.edu.ar\/centro-ventas\/wp-content\/uploads\/sites\/2\/2018\/10\/Biblio-Pub-cuid9789871305742_T-1.jpg",370,541,false],"2048x2048":["https:\/\/biblio1.mdp.edu.ar\/centro-ventas\/wp-content\/uploads\/sites\/2\/2018\/10\/Biblio-Pub-cuid9789871305742_T-1.jpg",370,541,false],"woocommerce_thumbnail":["https:\/\/biblio1.mdp.edu.ar\/centro-ventas\/wp-content\/uploads\/sites\/2\/2018\/10\/Biblio-Pub-cuid9789871305742_T-1-250x366.jpg",250,366,true],"woocommerce_single":["https:\/\/biblio1.mdp.edu.ar\/centro-ventas\/wp-content\/uploads\/sites\/2\/2018\/10\/Biblio-Pub-cuid9789871305742_T-1.jpg",370,541,false],"woocommerce_gallery_thumbnail":["https:\/\/biblio1.mdp.edu.ar\/centro-ventas\/wp-content\/uploads\/sites\/2\/2018\/10\/Biblio-Pub-cuid9789871305742_T-1-100x100.jpg",100,100,true]},"uagb_author_info":{"display_name":"Cristina Bernabe","author_link":"https:\/\/biblio1.mdp.edu.ar\/centro-ventas\/author\/"},"uagb_comment_info":0,"uagb_excerpt":"La configuraci\u00f3n de la dimensi\u00f3n ciudadana de la biblioteca p\u00fablica suscribe su papel social y pol\u00edtico, e implica la comprensi\u00f3n del proyecto bibliotecario p\u00fablico desde realidades sociales concretas, al incorporar con mayor claridad, intencionalidad y sistematicidad la formaci\u00f3n ciudadana de sus usuarios y propiciar la expresi\u00f3n de pr\u00e1cticas que reconozcan, hagan expl\u00edcitos y favorezcan procesos&hellip;","_links":{"self":[{"href":"https:\/\/biblio1.mdp.edu.ar\/centro-ventas\/wp-json\/wp\/v2\/product\/1322","targetHints":{"allow":["GET"]}}],"collection":[{"href":"https:\/\/biblio1.mdp.edu.ar\/centro-ventas\/wp-json\/wp\/v2\/product"}],"about":[{"href":"https:\/\/biblio1.mdp.edu.ar\/centro-ventas\/wp-json\/wp\/v2\/types\/product"}],"wp:featuredmedia":[{"embeddable":true,"href":"https:\/\/biblio1.mdp.edu.ar\/centro-ventas\/wp-json\/wp\/v2\/media\/1323"}],"wp:attachment":[{"href":"https:\/\/biblio1.mdp.edu.ar\/centro-ventas\/wp-json\/wp\/v2\/media?parent=1322"}],"wp:term":[{"taxonomy":"product_cat","embeddable":true,"href":"https:\/\/biblio1.mdp.edu.ar\/centro-ventas\/wp-json\/wp\/v2\/product_cat?post=1322"},{"taxonomy":"product_tag","embeddable":true,"href":"https:\/\/biblio1.mdp.edu.ar\/centro-ventas\/wp-json\/wp\/v2\/product_tag?post=1322"}],"curies":[{"name":"wp","href":"https:\/\/api.w.org\/{rel}","templated":true}]}}