{"id":1318,"date":"2018-10-11T21:00:50","date_gmt":"2018-10-12T00:00:50","guid":{"rendered":"http:\/\/biblio1.mdp.edu.ar\/centro-ventas\/?post_type=product&#038;p=1318"},"modified":"2025-09-01T17:38:39","modified_gmt":"2025-09-01T20:38:39","slug":"biblioteca-publica-y-su-gestion","status":"publish","type":"product","link":"https:\/\/biblio1.mdp.edu.ar\/centro-ventas\/producto\/biblioteca-publica-y-su-gestion\/","title":{"rendered":"Biblioteca p\u00fablica y su gesti\u00f3n"},"content":{"rendered":"<div class=\"container\">\n<div class=\"right-detail content-tab col-md-8 col-sm-12 col-xs-12 book-center\">\n<div id=\"over-view\" class=\"book-desc-detail book-tab-show\">\n<p>El presente texto parte de la concepci\u00f3n de la biblioteca p\u00fablica como instituci\u00f3n democr\u00e1tica, relacionada con la garant\u00eda y desarrollo del derecho a la informaci\u00f3n, a la educaci\u00f3n, a la recreaci\u00f3n y a la cultura; su accionar esta estrechamente relacionado con la libertad de expresi\u00f3n, base de la convivencia democr\u00e1tica; su funci\u00f3n est\u00e1 cimentada en la formaci\u00f3n de ciudadanos que tengan acceso libre y gratuito a la informaci\u00f3n, independiente de los soportes y formatos en que se encuentre. Los contenidos se estructuran en tres cap\u00edtulos. El primero corresponde al marco contextual de la biblioteca p\u00fablica, concretamente lo referido con la sociedad de la informaci\u00f3n y en la sociedad del conocimiento; cap\u00edtulo que se desarrolla desde la b\u00fasqueda de las respuestas a los diez grandes retos que se le plantean a la biblioteca p\u00fablica en Am\u00e9rica Latina, como una de las principales instituciones que participa en la red de transferencia de informaci\u00f3n o como tradicionalmente se ha identificado, el ciclo de transferencia de informaci\u00f3n. Luego de definir estos retos se plantea el marco conceptual, hist\u00f3rico y normativo de \u00e9sta instituci\u00f3n, especialmente en el \u00e1mbito latinoamericano. Para finalizar, el material desarrolla el marco organizativo-administrativo-estrat\u00e9gico de la biblioteca p\u00fablica, dando cuenta de la planeaci\u00f3n estrat\u00e9gica a la luz sus funciones, de la evaluaci\u00f3n e indicadores de medici\u00f3n, y de los tres ejes constitutivos de la biblioteca: usuarios, colecciones y servicios; complementados con conceptos y herramientas procedentes de la gerencia y el mercadeo. La obra pretende servir de aporte a los procesos de formaci\u00f3n de las personas que prestan sus servicios en la biblioteca p\u00fablica.<\/p>\n<p><span class=\"detail-desc box-detail-desc\">Jaramillo, Orlanda. 9789871305261<\/span><\/div>\n<\/div>\n<\/div>\n<div class=\"container border\"><\/div>\n","protected":false},"excerpt":{"rendered":"<p>El presente texto parte de la concepci\u00f3n de la biblioteca p\u00fablica como instituci\u00f3n democr\u00e1tica, relacionada con la garant\u00eda y desarrollo del derecho a la informaci\u00f3n, a la educaci\u00f3n, a la recreaci\u00f3n y a la cultura; su accionar esta estrechamente relacionado con la libertad de expresi\u00f3n, base de la convivencia democr\u00e1tica; su funci\u00f3n est\u00e1 cimentada en [&hellip;]<\/p>\n","protected":false},"featured_media":1319,"template":"","meta":{"_acf_changed":false,"_eb_attr":"","_crdt_document":"","_uag_custom_page_level_css":"","_editorskit_title_hidden":false,"_editorskit_reading_time":0,"_editorskit_is_block_options_detached":false,"_editorskit_block_options_position":"{}","site-sidebar-layout":"default","site-content-layout":"","ast-site-content-layout":"default","site-content-style":"default","site-sidebar-style":"default","ast-global-header-display":"","ast-banner-title-visibility":"","ast-main-header-display":"","ast-hfb-above-header-display":"","ast-hfb-below-header-display":"","ast-hfb-mobile-header-display":"","site-post-title":"","ast-breadcrumbs-content":"","ast-featured-img":"","footer-sml-layout":"","ast-disable-related-posts":"","theme-transparent-header-meta":"","adv-header-id-meta":"","stick-header-meta":"","header-above-stick-meta":"","header-main-stick-meta":"","header-below-stick-meta":"","astra-migrate-meta-layouts":"default","ast-page-background-enabled":"default","ast-page-background-meta":{"desktop":{"background-color":"var(--ast-global-color-4)","background-image":"","background-repeat":"repeat","background-position":"center center","background-size":"auto","background-attachment":"scroll","background-type":"","background-media":"","overlay-type":"","overlay-color":"","overlay-opacity":"","overlay-gradient":""},"tablet":{"background-color":"","background-image":"","background-repeat":"repeat","background-position":"center center","background-size":"auto","background-attachment":"scroll","background-type":"","background-media":"","overlay-type":"","overlay-color":"","overlay-opacity":"","overlay-gradient":""},"mobile":{"background-color":"","background-image":"","background-repeat":"repeat","background-position":"center center","background-size":"auto","background-attachment":"scroll","background-type":"","background-media":"","overlay-type":"","overlay-color":"","overlay-opacity":"","overlay-gradient":""}},"ast-content-background-meta":{"desktop":{"background-color":"var(--ast-global-color-5)","background-image":"","background-repeat":"repeat","background-position":"center center","background-size":"auto","background-attachment":"scroll","background-type":"","background-media":"","overlay-type":"","overlay-color":"","overlay-opacity":"","overlay-gradient":""},"tablet":{"background-color":"var(--ast-global-color-5)","background-image":"","background-repeat":"repeat","background-position":"center center","background-size":"auto","background-attachment":"scroll","background-type":"","background-media":"","overlay-type":"","overlay-color":"","overlay-opacity":"","overlay-gradient":""},"mobile":{"background-color":"var(--ast-global-color-5)","background-image":"","background-repeat":"repeat","background-position":"center center","background-size":"auto","background-attachment":"scroll","background-type":"","background-media":"","overlay-type":"","overlay-color":"","overlay-opacity":"","overlay-gradient":""}}},"product_cat":[74,28],"product_tag":[],"class_list":{"0":"post-1318","1":"product","2":"type-product","3":"status-publish","4":"has-post-thumbnail","6":"product_cat-alfagrama","7":"product_cat-libro","8":"desktop-align-left","9":"tablet-align-left","10":"mobile-align-left","12":"first","13":"instock","14":"shipping-taxable","15":"purchasable","16":"product-type-simple"},"acf":[],"uagb_featured_image_src":{"full":["https:\/\/biblio1.mdp.edu.ar\/centro-ventas\/wp-content\/uploads\/sites\/2\/2018\/10\/Biblio-PublicaYsuGestion9789871305261_T-1.jpg",370,541,false],"thumbnail":["https:\/\/biblio1.mdp.edu.ar\/centro-ventas\/wp-content\/uploads\/sites\/2\/2018\/10\/Biblio-PublicaYsuGestion9789871305261_T-1-150x150.jpg",150,150,true],"medium":["https:\/\/biblio1.mdp.edu.ar\/centro-ventas\/wp-content\/uploads\/sites\/2\/2018\/10\/Biblio-PublicaYsuGestion9789871305261_T-1-205x300.jpg",205,300,true],"medium_large":["https:\/\/biblio1.mdp.edu.ar\/centro-ventas\/wp-content\/uploads\/sites\/2\/2018\/10\/Biblio-PublicaYsuGestion9789871305261_T-1.jpg",370,541,false],"large":["https:\/\/biblio1.mdp.edu.ar\/centro-ventas\/wp-content\/uploads\/sites\/2\/2018\/10\/Biblio-PublicaYsuGestion9789871305261_T-1.jpg",370,541,false],"1536x1536":["https:\/\/biblio1.mdp.edu.ar\/centro-ventas\/wp-content\/uploads\/sites\/2\/2018\/10\/Biblio-PublicaYsuGestion9789871305261_T-1.jpg",370,541,false],"2048x2048":["https:\/\/biblio1.mdp.edu.ar\/centro-ventas\/wp-content\/uploads\/sites\/2\/2018\/10\/Biblio-PublicaYsuGestion9789871305261_T-1.jpg",370,541,false],"woocommerce_thumbnail":["https:\/\/biblio1.mdp.edu.ar\/centro-ventas\/wp-content\/uploads\/sites\/2\/2018\/10\/Biblio-PublicaYsuGestion9789871305261_T-1-250x366.jpg",250,366,true],"woocommerce_single":["https:\/\/biblio1.mdp.edu.ar\/centro-ventas\/wp-content\/uploads\/sites\/2\/2018\/10\/Biblio-PublicaYsuGestion9789871305261_T-1.jpg",370,541,false],"woocommerce_gallery_thumbnail":["https:\/\/biblio1.mdp.edu.ar\/centro-ventas\/wp-content\/uploads\/sites\/2\/2018\/10\/Biblio-PublicaYsuGestion9789871305261_T-1-100x100.jpg",100,100,true]},"uagb_author_info":{"display_name":"Cristina Bernabe","author_link":"https:\/\/biblio1.mdp.edu.ar\/centro-ventas\/author\/"},"uagb_comment_info":0,"uagb_excerpt":"El presente texto parte de la concepci\u00f3n de la biblioteca p\u00fablica como instituci\u00f3n democr\u00e1tica, relacionada con la garant\u00eda y desarrollo del derecho a la informaci\u00f3n, a la educaci\u00f3n, a la recreaci\u00f3n y a la cultura; su accionar esta estrechamente relacionado con la libertad de expresi\u00f3n, base de la convivencia democr\u00e1tica; su funci\u00f3n est\u00e1 cimentada en&hellip;","_links":{"self":[{"href":"https:\/\/biblio1.mdp.edu.ar\/centro-ventas\/wp-json\/wp\/v2\/product\/1318","targetHints":{"allow":["GET"]}}],"collection":[{"href":"https:\/\/biblio1.mdp.edu.ar\/centro-ventas\/wp-json\/wp\/v2\/product"}],"about":[{"href":"https:\/\/biblio1.mdp.edu.ar\/centro-ventas\/wp-json\/wp\/v2\/types\/product"}],"wp:featuredmedia":[{"embeddable":true,"href":"https:\/\/biblio1.mdp.edu.ar\/centro-ventas\/wp-json\/wp\/v2\/media\/1319"}],"wp:attachment":[{"href":"https:\/\/biblio1.mdp.edu.ar\/centro-ventas\/wp-json\/wp\/v2\/media?parent=1318"}],"wp:term":[{"taxonomy":"product_cat","embeddable":true,"href":"https:\/\/biblio1.mdp.edu.ar\/centro-ventas\/wp-json\/wp\/v2\/product_cat?post=1318"},{"taxonomy":"product_tag","embeddable":true,"href":"https:\/\/biblio1.mdp.edu.ar\/centro-ventas\/wp-json\/wp\/v2\/product_tag?post=1318"}],"curies":[{"name":"wp","href":"https:\/\/api.w.org\/{rel}","templated":true}]}}