{"id":1313,"date":"2018-10-11T20:53:43","date_gmt":"2018-10-11T23:53:43","guid":{"rendered":"http:\/\/biblio1.mdp.edu.ar\/centro-ventas\/?post_type=product&#038;p=1313"},"modified":"2024-11-22T15:19:10","modified_gmt":"2024-11-22T18:19:10","slug":"la-biblioteca-escolar","status":"publish","type":"product","link":"https:\/\/biblio1.mdp.edu.ar\/centro-ventas\/producto\/la-biblioteca-escolar\/","title":{"rendered":"La biblioteca escolar"},"content":{"rendered":"<p>Estamos convencidas que el usuario es el principio y fin del ciclo de la biblioteca como centro de informaci\u00f3n, por el cual debemos brindarle una atenci\u00f3n esmerada y de calidad. Para poder cumplir nuestra meta debemos conocer qui\u00e9nes son, cu\u00e1les son sus necesidades, cu\u00e1l es su actitud frente a la informaci\u00f3n y a las bibliotecas, conocer en definitiva la comunidad a la que servimos. La biblioteca escolar al tratar de satisfacer las necesidades informativas de sus usuarios, debe focalizar las debilidades y fortalezas que presenta como instituci\u00f3n frente a su comunidad escolar. El desarrollo de este libro permitir\u00e1 la toma de conciencia de la importancia que tiene conocer a los usuarios a la hora de atenderlos, comunicarnos con ellos, planificar los servicios que requieren y satisfacer sus necesidades. En cada cap\u00edtulo encontrar\u00e1 ejemplos, experiencias, ideas o sugerencias intercaladas en el texto, sitios relacionados y preguntas para reflexionar, buscando que su lectura sea \u00e1gil, rica y aplicable a la labor profesional. Los destinatarios son ustedes, los lectores, que poseen conocimientos previos adquiridos a lo largo de su experiencia de trabajo en bibliotecas, de otras lecturas sobre el tema, del intercambio permanente entre colegas.<\/p>\n<p>Del Valle Couzzo, Gabriela; Verde, Marcela. 9789871305186<\/p>\n","protected":false},"excerpt":{"rendered":"<p>Estamos convencidas que el usuario es el principio y fin del ciclo de la biblioteca como centro de informaci\u00f3n, por el cual debemos brindarle una atenci\u00f3n esmerada y de calidad. Para poder cumplir nuestra meta debemos conocer qui\u00e9nes son, cu\u00e1les son sus necesidades, cu\u00e1l es su actitud frente a la informaci\u00f3n y a las bibliotecas, [&hellip;]<\/p>\n","protected":false},"featured_media":1315,"template":"","meta":{"_acf_changed":false,"_eb_attr":"","_crdt_document":"","_uag_custom_page_level_css":"","_editorskit_title_hidden":false,"_editorskit_reading_time":0,"_editorskit_is_block_options_detached":false,"_editorskit_block_options_position":"{}","site-sidebar-layout":"default","site-content-layout":"","ast-site-content-layout":"default","site-content-style":"default","site-sidebar-style":"default","ast-global-header-display":"","ast-banner-title-visibility":"","ast-main-header-display":"","ast-hfb-above-header-display":"","ast-hfb-below-header-display":"","ast-hfb-mobile-header-display":"","site-post-title":"","ast-breadcrumbs-content":"","ast-featured-img":"","footer-sml-layout":"","ast-disable-related-posts":"","theme-transparent-header-meta":"","adv-header-id-meta":"","stick-header-meta":"","header-above-stick-meta":"","header-main-stick-meta":"","header-below-stick-meta":"","astra-migrate-meta-layouts":"default","ast-page-background-enabled":"default","ast-page-background-meta":{"desktop":{"background-color":"var(--ast-global-color-4)","background-image":"","background-repeat":"repeat","background-position":"center center","background-size":"auto","background-attachment":"scroll","background-type":"","background-media":"","overlay-type":"","overlay-color":"","overlay-opacity":"","overlay-gradient":""},"tablet":{"background-color":"","background-image":"","background-repeat":"repeat","background-position":"center center","background-size":"auto","background-attachment":"scroll","background-type":"","background-media":"","overlay-type":"","overlay-color":"","overlay-opacity":"","overlay-gradient":""},"mobile":{"background-color":"","background-image":"","background-repeat":"repeat","background-position":"center center","background-size":"auto","background-attachment":"scroll","background-type":"","background-media":"","overlay-type":"","overlay-color":"","overlay-opacity":"","overlay-gradient":""}},"ast-content-background-meta":{"desktop":{"background-color":"var(--ast-global-color-5)","background-image":"","background-repeat":"repeat","background-position":"center center","background-size":"auto","background-attachment":"scroll","background-type":"","background-media":"","overlay-type":"","overlay-color":"","overlay-opacity":"","overlay-gradient":""},"tablet":{"background-color":"var(--ast-global-color-5)","background-image":"","background-repeat":"repeat","background-position":"center center","background-size":"auto","background-attachment":"scroll","background-type":"","background-media":"","overlay-type":"","overlay-color":"","overlay-opacity":"","overlay-gradient":""},"mobile":{"background-color":"var(--ast-global-color-5)","background-image":"","background-repeat":"repeat","background-position":"center center","background-size":"auto","background-attachment":"scroll","background-type":"","background-media":"","overlay-type":"","overlay-color":"","overlay-opacity":"","overlay-gradient":""}}},"product_cat":[74,28],"product_tag":[],"class_list":{"0":"post-1313","1":"product","2":"type-product","3":"status-publish","4":"has-post-thumbnail","6":"product_cat-alfagrama","7":"product_cat-libro","8":"desktop-align-left","9":"tablet-align-left","10":"mobile-align-left","12":"first","13":"instock","14":"shipping-taxable","15":"purchasable","16":"product-type-simple"},"acf":[],"uagb_featured_image_src":{"full":["https:\/\/biblio1.mdp.edu.ar\/centro-ventas\/wp-content\/uploads\/sites\/2\/2018\/10\/LABIBLIOTECAESCOLAR9789871305186_T-1.jpg",370,532,false],"thumbnail":["https:\/\/biblio1.mdp.edu.ar\/centro-ventas\/wp-content\/uploads\/sites\/2\/2018\/10\/LABIBLIOTECAESCOLAR9789871305186_T-1-150x150.jpg",150,150,true],"medium":["https:\/\/biblio1.mdp.edu.ar\/centro-ventas\/wp-content\/uploads\/sites\/2\/2018\/10\/LABIBLIOTECAESCOLAR9789871305186_T-1-209x300.jpg",209,300,true],"medium_large":["https:\/\/biblio1.mdp.edu.ar\/centro-ventas\/wp-content\/uploads\/sites\/2\/2018\/10\/LABIBLIOTECAESCOLAR9789871305186_T-1.jpg",370,532,false],"large":["https:\/\/biblio1.mdp.edu.ar\/centro-ventas\/wp-content\/uploads\/sites\/2\/2018\/10\/LABIBLIOTECAESCOLAR9789871305186_T-1.jpg",370,532,false],"1536x1536":["https:\/\/biblio1.mdp.edu.ar\/centro-ventas\/wp-content\/uploads\/sites\/2\/2018\/10\/LABIBLIOTECAESCOLAR9789871305186_T-1.jpg",370,532,false],"2048x2048":["https:\/\/biblio1.mdp.edu.ar\/centro-ventas\/wp-content\/uploads\/sites\/2\/2018\/10\/LABIBLIOTECAESCOLAR9789871305186_T-1.jpg",370,532,false],"woocommerce_thumbnail":["https:\/\/biblio1.mdp.edu.ar\/centro-ventas\/wp-content\/uploads\/sites\/2\/2018\/10\/LABIBLIOTECAESCOLAR9789871305186_T-1-250x359.jpg",250,359,true],"woocommerce_single":["https:\/\/biblio1.mdp.edu.ar\/centro-ventas\/wp-content\/uploads\/sites\/2\/2018\/10\/LABIBLIOTECAESCOLAR9789871305186_T-1.jpg",370,532,false],"woocommerce_gallery_thumbnail":["https:\/\/biblio1.mdp.edu.ar\/centro-ventas\/wp-content\/uploads\/sites\/2\/2018\/10\/LABIBLIOTECAESCOLAR9789871305186_T-1-100x100.jpg",100,100,true]},"uagb_author_info":{"display_name":"Cristina Bernabe","author_link":"https:\/\/biblio1.mdp.edu.ar\/centro-ventas\/author\/"},"uagb_comment_info":0,"uagb_excerpt":"Estamos convencidas que el usuario es el principio y fin del ciclo de la biblioteca como centro de informaci\u00f3n, por el cual debemos brindarle una atenci\u00f3n esmerada y de calidad. Para poder cumplir nuestra meta debemos conocer qui\u00e9nes son, cu\u00e1les son sus necesidades, cu\u00e1l es su actitud frente a la informaci\u00f3n y a las bibliotecas,&hellip;","_links":{"self":[{"href":"https:\/\/biblio1.mdp.edu.ar\/centro-ventas\/wp-json\/wp\/v2\/product\/1313","targetHints":{"allow":["GET"]}}],"collection":[{"href":"https:\/\/biblio1.mdp.edu.ar\/centro-ventas\/wp-json\/wp\/v2\/product"}],"about":[{"href":"https:\/\/biblio1.mdp.edu.ar\/centro-ventas\/wp-json\/wp\/v2\/types\/product"}],"wp:featuredmedia":[{"embeddable":true,"href":"https:\/\/biblio1.mdp.edu.ar\/centro-ventas\/wp-json\/wp\/v2\/media\/1315"}],"wp:attachment":[{"href":"https:\/\/biblio1.mdp.edu.ar\/centro-ventas\/wp-json\/wp\/v2\/media?parent=1313"}],"wp:term":[{"taxonomy":"product_cat","embeddable":true,"href":"https:\/\/biblio1.mdp.edu.ar\/centro-ventas\/wp-json\/wp\/v2\/product_cat?post=1313"},{"taxonomy":"product_tag","embeddable":true,"href":"https:\/\/biblio1.mdp.edu.ar\/centro-ventas\/wp-json\/wp\/v2\/product_tag?post=1313"}],"curies":[{"name":"wp","href":"https:\/\/api.w.org\/{rel}","templated":true}]}}