{"id":1303,"date":"2018-10-11T20:37:59","date_gmt":"2018-10-11T23:37:59","guid":{"rendered":"http:\/\/biblio1.mdp.edu.ar\/centro-ventas\/?post_type=product&#038;p=1303"},"modified":"2025-09-01T18:18:38","modified_gmt":"2025-09-01T21:18:38","slug":"historia-del-libro-2a-edicion","status":"publish","type":"product","link":"https:\/\/biblio1.mdp.edu.ar\/centro-ventas\/producto\/historia-del-libro-2a-edicion\/","title":{"rendered":"Historia del libro. 2\u00aa edici\u00f3n"},"content":{"rendered":"<p>El pensamiento precedi\u00f3 a la escritura y la escritura al libro. La historia que esta obra relata presenta las vicisitudes gr\u00e1ficas, las empresas intelectuales, dir\u00edamos la aventura del libro. Bien nos hace pensar en esta historia, como su biograf\u00eda. Matilde Tagle, no desde\u00f1a el poder de la inform\u00e1tica, ni desconoce el poder de la imagen. Pero sabe que, por ejemplo, la televisi\u00f3n es una superficie m\u00f3vil de im\u00e1genes fugaces, la interioridad pertenece al libro. Y por la interioridad, la virtud intelectual en la sociedad del conocimiento seguir\u00e1 siendo, m\u00e1s que nunca, discernir. Contemplar y leer son las aventuras espirituales que llevan a la madurez. Ya conocemos a la autora por sus investigaciones acerca de ensayos biogr\u00e1ficos, historia rural y estudios acerca de bibliotecas. Ahora quiere sumar a su docencia en la c\u00e1tedra universitaria, esta edici\u00f3n de la Historia del Libro que multiplica los intereses del lector: en im\u00e1genes y logros sucesivos de la cultura: papiros, tabletas, manuscritos e impresos. Adem\u00e1s a\u00f1ade tambi\u00e9n otros temas como la cultura virreinal, el libro en el siglo XIX y XX y un ap\u00e9ndice bibliol\u00f3gico sobre Argentina. Contenidos digitales acompa\u00f1an en forma interactiva a la obra impresa. El libro sigue siendo Memoria de la Humanidad. Matilde Tagle.\u00a09789871305711<\/p>\n","protected":false},"excerpt":{"rendered":"<p>El pensamiento precedi\u00f3 a la escritura y la escritura al libro. La historia que esta obra relata presenta las vicisitudes gr\u00e1ficas, las empresas intelectuales, dir\u00edamos la aventura del libro. Bien nos hace pensar en esta historia, como su biograf\u00eda. Matilde Tagle, no desde\u00f1a el poder de la inform\u00e1tica, ni desconoce el poder de la imagen. [&hellip;]<\/p>\n","protected":false},"featured_media":1304,"template":"","meta":{"_acf_changed":false,"_eb_attr":"","_crdt_document":"","_uag_custom_page_level_css":"","_editorskit_title_hidden":false,"_editorskit_reading_time":0,"_editorskit_is_block_options_detached":false,"_editorskit_block_options_position":"{}","site-sidebar-layout":"default","site-content-layout":"","ast-site-content-layout":"default","site-content-style":"default","site-sidebar-style":"default","ast-global-header-display":"","ast-banner-title-visibility":"","ast-main-header-display":"","ast-hfb-above-header-display":"","ast-hfb-below-header-display":"","ast-hfb-mobile-header-display":"","site-post-title":"","ast-breadcrumbs-content":"","ast-featured-img":"","footer-sml-layout":"","ast-disable-related-posts":"","theme-transparent-header-meta":"","adv-header-id-meta":"","stick-header-meta":"","header-above-stick-meta":"","header-main-stick-meta":"","header-below-stick-meta":"","astra-migrate-meta-layouts":"default","ast-page-background-enabled":"default","ast-page-background-meta":{"desktop":{"background-color":"var(--ast-global-color-4)","background-image":"","background-repeat":"repeat","background-position":"center center","background-size":"auto","background-attachment":"scroll","background-type":"","background-media":"","overlay-type":"","overlay-color":"","overlay-opacity":"","overlay-gradient":""},"tablet":{"background-color":"","background-image":"","background-repeat":"repeat","background-position":"center center","background-size":"auto","background-attachment":"scroll","background-type":"","background-media":"","overlay-type":"","overlay-color":"","overlay-opacity":"","overlay-gradient":""},"mobile":{"background-color":"","background-image":"","background-repeat":"repeat","background-position":"center center","background-size":"auto","background-attachment":"scroll","background-type":"","background-media":"","overlay-type":"","overlay-color":"","overlay-opacity":"","overlay-gradient":""}},"ast-content-background-meta":{"desktop":{"background-color":"var(--ast-global-color-5)","background-image":"","background-repeat":"repeat","background-position":"center center","background-size":"auto","background-attachment":"scroll","background-type":"","background-media":"","overlay-type":"","overlay-color":"","overlay-opacity":"","overlay-gradient":""},"tablet":{"background-color":"var(--ast-global-color-5)","background-image":"","background-repeat":"repeat","background-position":"center center","background-size":"auto","background-attachment":"scroll","background-type":"","background-media":"","overlay-type":"","overlay-color":"","overlay-opacity":"","overlay-gradient":""},"mobile":{"background-color":"var(--ast-global-color-5)","background-image":"","background-repeat":"repeat","background-position":"center center","background-size":"auto","background-attachment":"scroll","background-type":"","background-media":"","overlay-type":"","overlay-color":"","overlay-opacity":"","overlay-gradient":""}}},"product_cat":[74,28],"product_tag":[],"class_list":{"0":"post-1303","1":"product","2":"type-product","3":"status-publish","4":"has-post-thumbnail","6":"product_cat-alfagrama","7":"product_cat-libro","8":"desktop-align-left","9":"tablet-align-left","10":"mobile-align-left","12":"first","13":"instock","14":"shipping-taxable","15":"purchasable","16":"product-type-simple"},"acf":[],"uagb_featured_image_src":{"full":["https:\/\/biblio1.mdp.edu.ar\/centro-ventas\/wp-content\/uploads\/sites\/2\/2018\/10\/historiadellibro9789871305711_T.jpg",370,540,false],"thumbnail":["https:\/\/biblio1.mdp.edu.ar\/centro-ventas\/wp-content\/uploads\/sites\/2\/2018\/10\/historiadellibro9789871305711_T-150x150.jpg",150,150,true],"medium":["https:\/\/biblio1.mdp.edu.ar\/centro-ventas\/wp-content\/uploads\/sites\/2\/2018\/10\/historiadellibro9789871305711_T-206x300.jpg",206,300,true],"medium_large":["https:\/\/biblio1.mdp.edu.ar\/centro-ventas\/wp-content\/uploads\/sites\/2\/2018\/10\/historiadellibro9789871305711_T.jpg",370,540,false],"large":["https:\/\/biblio1.mdp.edu.ar\/centro-ventas\/wp-content\/uploads\/sites\/2\/2018\/10\/historiadellibro9789871305711_T.jpg",370,540,false],"1536x1536":["https:\/\/biblio1.mdp.edu.ar\/centro-ventas\/wp-content\/uploads\/sites\/2\/2018\/10\/historiadellibro9789871305711_T.jpg",370,540,false],"2048x2048":["https:\/\/biblio1.mdp.edu.ar\/centro-ventas\/wp-content\/uploads\/sites\/2\/2018\/10\/historiadellibro9789871305711_T.jpg",370,540,false],"woocommerce_thumbnail":["https:\/\/biblio1.mdp.edu.ar\/centro-ventas\/wp-content\/uploads\/sites\/2\/2018\/10\/historiadellibro9789871305711_T-250x365.jpg",250,365,true],"woocommerce_single":["https:\/\/biblio1.mdp.edu.ar\/centro-ventas\/wp-content\/uploads\/sites\/2\/2018\/10\/historiadellibro9789871305711_T.jpg",370,540,false],"woocommerce_gallery_thumbnail":["https:\/\/biblio1.mdp.edu.ar\/centro-ventas\/wp-content\/uploads\/sites\/2\/2018\/10\/historiadellibro9789871305711_T-100x100.jpg",100,100,true]},"uagb_author_info":{"display_name":"Cristina Bernabe","author_link":"https:\/\/biblio1.mdp.edu.ar\/centro-ventas\/author\/"},"uagb_comment_info":0,"uagb_excerpt":"El pensamiento precedi\u00f3 a la escritura y la escritura al libro. La historia que esta obra relata presenta las vicisitudes gr\u00e1ficas, las empresas intelectuales, dir\u00edamos la aventura del libro. Bien nos hace pensar en esta historia, como su biograf\u00eda. Matilde Tagle, no desde\u00f1a el poder de la inform\u00e1tica, ni desconoce el poder de la imagen.&hellip;","_links":{"self":[{"href":"https:\/\/biblio1.mdp.edu.ar\/centro-ventas\/wp-json\/wp\/v2\/product\/1303","targetHints":{"allow":["GET"]}}],"collection":[{"href":"https:\/\/biblio1.mdp.edu.ar\/centro-ventas\/wp-json\/wp\/v2\/product"}],"about":[{"href":"https:\/\/biblio1.mdp.edu.ar\/centro-ventas\/wp-json\/wp\/v2\/types\/product"}],"wp:featuredmedia":[{"embeddable":true,"href":"https:\/\/biblio1.mdp.edu.ar\/centro-ventas\/wp-json\/wp\/v2\/media\/1304"}],"wp:attachment":[{"href":"https:\/\/biblio1.mdp.edu.ar\/centro-ventas\/wp-json\/wp\/v2\/media?parent=1303"}],"wp:term":[{"taxonomy":"product_cat","embeddable":true,"href":"https:\/\/biblio1.mdp.edu.ar\/centro-ventas\/wp-json\/wp\/v2\/product_cat?post=1303"},{"taxonomy":"product_tag","embeddable":true,"href":"https:\/\/biblio1.mdp.edu.ar\/centro-ventas\/wp-json\/wp\/v2\/product_tag?post=1303"}],"curies":[{"name":"wp","href":"https:\/\/api.w.org\/{rel}","templated":true}]}}