{"id":1297,"date":"2018-10-11T20:29:40","date_gmt":"2018-10-11T23:29:40","guid":{"rendered":"http:\/\/biblio1.mdp.edu.ar\/centro-ventas\/?post_type=product&#038;p=1297"},"modified":"2025-09-01T18:24:00","modified_gmt":"2025-09-01T21:24:00","slug":"repositorios-bibliotecas-digitales-y-crai","status":"publish","type":"product","link":"https:\/\/biblio1.mdp.edu.ar\/centro-ventas\/producto\/repositorios-bibliotecas-digitales-y-crai\/","title":{"rendered":"Repositorios, bibliotecas digitales y CRAI"},"content":{"rendered":"<p>En el contexto econ\u00f3mico y social actual, universidades de todo el mundo persiguen la excelencia y la calidad al tiempo que compiten en la localizaci\u00f3n de recursos y tratan de rentabilizar aquellos de los que ya disponen. La paulatina incorporaci\u00f3n de las TIC a la docencia universitaria en los \u00faltimos a\u00f1os ha permitido pensar en un modelo de trabajo que precisamente busque la optimizaci\u00f3n de un valioso capital: los recursos did\u00e1cticos. El paradigma de dicho modelo, desarrollado a finales del pasado milenio y caracterizado por sus especiales condiciones para la reutilizaci\u00f3n, se ha venido a denominar ?objetos de aprendizaje? Sin embargo, en su aplicaci\u00f3n, este modelo acusa un problema tanto conceptual como pr\u00e1ctico que se mantiene a lo largo del tiempo y que parece dificultar el pleno desarrollo de su potencial. La presente investigaci\u00f3n pretende abordar ambos aspectos, tratando de encontrar soluciones que permitan avanzar en este modelo de trabajo. Para ello, se propone explorar el contexto educativo que motiva la adopci\u00f3n del paradigma de los objetos de aprendizaje; analizar el propio concepto de objeto de aprendizaje, contextualiz\u00e1ndolo y diferenci\u00e1ndolo dentro del espectro de los documentos educativos; identificar medios de descripci\u00f3n aplicables, analizando sus potencialidades y posibles limitaciones; identificar espacios de gesti\u00f3n, recuperaci\u00f3n y reutilizaci\u00f3n, analizando retos y oportunidades en su aplicaci\u00f3n; y, finalmente, proponer e implementar un modelo de recuperaci\u00f3n para un repositorio educativo. En cuanto al perfil bibliotecol\u00f3gico, \u00edntimamente ligado a los procesos de aprendizaje, difusi\u00f3n y producci\u00f3n de conocimiento, se desarrollan aquellos componentes que se han hecho conocidos en la labor profesional de este \u00faltimo tiempo: repositorios, bibliotecas digitales, metadatos y la gesti\u00f3n de los centros de recursos para el aprendizaje y la investigaci\u00f3n (CRAI). El mayor aporte de esta obra es poder describir estos componentes desde una extensa fundamentaci\u00f3n tecnol\u00f3gico-educativa que los define en su naturaleza y funci\u00f3n.<\/p>\n<p>Javier Calzada Prado<\/p>\n<p>9789871305575<\/p>\n","protected":false},"excerpt":{"rendered":"<p>En el contexto econ\u00f3mico y social actual, universidades de todo el mundo persiguen la excelencia y la calidad al tiempo que compiten en la localizaci\u00f3n de recursos y tratan de rentabilizar aquellos de los que ya disponen. La paulatina incorporaci\u00f3n de las TIC a la docencia universitaria en los \u00faltimos a\u00f1os ha permitido pensar en [&hellip;]<\/p>\n","protected":false},"featured_media":1298,"template":"","meta":{"_acf_changed":false,"_eb_attr":"","_crdt_document":"","_uag_custom_page_level_css":"","_editorskit_title_hidden":false,"_editorskit_reading_time":0,"_editorskit_is_block_options_detached":false,"_editorskit_block_options_position":"{}","site-sidebar-layout":"default","site-content-layout":"","ast-site-content-layout":"default","site-content-style":"default","site-sidebar-style":"default","ast-global-header-display":"","ast-banner-title-visibility":"","ast-main-header-display":"","ast-hfb-above-header-display":"","ast-hfb-below-header-display":"","ast-hfb-mobile-header-display":"","site-post-title":"","ast-breadcrumbs-content":"","ast-featured-img":"","footer-sml-layout":"","ast-disable-related-posts":"","theme-transparent-header-meta":"","adv-header-id-meta":"","stick-header-meta":"","header-above-stick-meta":"","header-main-stick-meta":"","header-below-stick-meta":"","astra-migrate-meta-layouts":"default","ast-page-background-enabled":"default","ast-page-background-meta":{"desktop":{"background-color":"var(--ast-global-color-4)","background-image":"","background-repeat":"repeat","background-position":"center center","background-size":"auto","background-attachment":"scroll","background-type":"","background-media":"","overlay-type":"","overlay-color":"","overlay-opacity":"","overlay-gradient":""},"tablet":{"background-color":"","background-image":"","background-repeat":"repeat","background-position":"center center","background-size":"auto","background-attachment":"scroll","background-type":"","background-media":"","overlay-type":"","overlay-color":"","overlay-opacity":"","overlay-gradient":""},"mobile":{"background-color":"","background-image":"","background-repeat":"repeat","background-position":"center center","background-size":"auto","background-attachment":"scroll","background-type":"","background-media":"","overlay-type":"","overlay-color":"","overlay-opacity":"","overlay-gradient":""}},"ast-content-background-meta":{"desktop":{"background-color":"var(--ast-global-color-5)","background-image":"","background-repeat":"repeat","background-position":"center center","background-size":"auto","background-attachment":"scroll","background-type":"","background-media":"","overlay-type":"","overlay-color":"","overlay-opacity":"","overlay-gradient":""},"tablet":{"background-color":"var(--ast-global-color-5)","background-image":"","background-repeat":"repeat","background-position":"center center","background-size":"auto","background-attachment":"scroll","background-type":"","background-media":"","overlay-type":"","overlay-color":"","overlay-opacity":"","overlay-gradient":""},"mobile":{"background-color":"var(--ast-global-color-5)","background-image":"","background-repeat":"repeat","background-position":"center center","background-size":"auto","background-attachment":"scroll","background-type":"","background-media":"","overlay-type":"","overlay-color":"","overlay-opacity":"","overlay-gradient":""}}},"product_cat":[74,28],"product_tag":[],"class_list":{"0":"post-1297","1":"product","2":"type-product","3":"status-publish","4":"has-post-thumbnail","6":"product_cat-alfagrama","7":"product_cat-libro","8":"desktop-align-left","9":"tablet-align-left","10":"mobile-align-left","12":"first","13":"instock","14":"shipping-taxable","15":"purchasable","16":"product-type-simple"},"acf":[],"uagb_featured_image_src":{"full":["https:\/\/biblio1.mdp.edu.ar\/centro-ventas\/wp-content\/uploads\/sites\/2\/2018\/10\/RepositoriosybiblioDigi9789871305575_T.jpg",370,535,false],"thumbnail":["https:\/\/biblio1.mdp.edu.ar\/centro-ventas\/wp-content\/uploads\/sites\/2\/2018\/10\/RepositoriosybiblioDigi9789871305575_T-150x150.jpg",150,150,true],"medium":["https:\/\/biblio1.mdp.edu.ar\/centro-ventas\/wp-content\/uploads\/sites\/2\/2018\/10\/RepositoriosybiblioDigi9789871305575_T-207x300.jpg",207,300,true],"medium_large":["https:\/\/biblio1.mdp.edu.ar\/centro-ventas\/wp-content\/uploads\/sites\/2\/2018\/10\/RepositoriosybiblioDigi9789871305575_T.jpg",370,535,false],"large":["https:\/\/biblio1.mdp.edu.ar\/centro-ventas\/wp-content\/uploads\/sites\/2\/2018\/10\/RepositoriosybiblioDigi9789871305575_T.jpg",370,535,false],"1536x1536":["https:\/\/biblio1.mdp.edu.ar\/centro-ventas\/wp-content\/uploads\/sites\/2\/2018\/10\/RepositoriosybiblioDigi9789871305575_T.jpg",370,535,false],"2048x2048":["https:\/\/biblio1.mdp.edu.ar\/centro-ventas\/wp-content\/uploads\/sites\/2\/2018\/10\/RepositoriosybiblioDigi9789871305575_T.jpg",370,535,false],"woocommerce_thumbnail":["https:\/\/biblio1.mdp.edu.ar\/centro-ventas\/wp-content\/uploads\/sites\/2\/2018\/10\/RepositoriosybiblioDigi9789871305575_T-250x361.jpg",250,361,true],"woocommerce_single":["https:\/\/biblio1.mdp.edu.ar\/centro-ventas\/wp-content\/uploads\/sites\/2\/2018\/10\/RepositoriosybiblioDigi9789871305575_T.jpg",370,535,false],"woocommerce_gallery_thumbnail":["https:\/\/biblio1.mdp.edu.ar\/centro-ventas\/wp-content\/uploads\/sites\/2\/2018\/10\/RepositoriosybiblioDigi9789871305575_T-100x100.jpg",100,100,true]},"uagb_author_info":{"display_name":"Cristina Bernabe","author_link":"https:\/\/biblio1.mdp.edu.ar\/centro-ventas\/author\/"},"uagb_comment_info":0,"uagb_excerpt":"En el contexto econ\u00f3mico y social actual, universidades de todo el mundo persiguen la excelencia y la calidad al tiempo que compiten en la localizaci\u00f3n de recursos y tratan de rentabilizar aquellos de los que ya disponen. La paulatina incorporaci\u00f3n de las TIC a la docencia universitaria en los \u00faltimos a\u00f1os ha permitido pensar en&hellip;","_links":{"self":[{"href":"https:\/\/biblio1.mdp.edu.ar\/centro-ventas\/wp-json\/wp\/v2\/product\/1297","targetHints":{"allow":["GET"]}}],"collection":[{"href":"https:\/\/biblio1.mdp.edu.ar\/centro-ventas\/wp-json\/wp\/v2\/product"}],"about":[{"href":"https:\/\/biblio1.mdp.edu.ar\/centro-ventas\/wp-json\/wp\/v2\/types\/product"}],"wp:featuredmedia":[{"embeddable":true,"href":"https:\/\/biblio1.mdp.edu.ar\/centro-ventas\/wp-json\/wp\/v2\/media\/1298"}],"wp:attachment":[{"href":"https:\/\/biblio1.mdp.edu.ar\/centro-ventas\/wp-json\/wp\/v2\/media?parent=1297"}],"wp:term":[{"taxonomy":"product_cat","embeddable":true,"href":"https:\/\/biblio1.mdp.edu.ar\/centro-ventas\/wp-json\/wp\/v2\/product_cat?post=1297"},{"taxonomy":"product_tag","embeddable":true,"href":"https:\/\/biblio1.mdp.edu.ar\/centro-ventas\/wp-json\/wp\/v2\/product_tag?post=1297"}],"curies":[{"name":"wp","href":"https:\/\/api.w.org\/{rel}","templated":true}]}}