{"id":1293,"date":"2018-10-11T20:23:21","date_gmt":"2018-10-11T23:23:21","guid":{"rendered":"http:\/\/biblio1.mdp.edu.ar\/centro-ventas\/?post_type=product&#038;p=1293"},"modified":"2025-09-01T18:11:47","modified_gmt":"2025-09-01T21:11:47","slug":"e-books-en-bibliotecas","status":"publish","type":"product","link":"https:\/\/biblio1.mdp.edu.ar\/centro-ventas\/producto\/e-books-en-bibliotecas\/","title":{"rendered":"E-books en bibliotecas"},"content":{"rendered":"<p>Los libros electr\u00f3nicos han supuesto una de las transformaciones m\u00e1s importantes en la industria editorial de los \u00faltimos a\u00f1os, una revoluci\u00f3n comparable en importancia a la que en su momento supuso la imprenta con respecto a las obras manuscritas. Su implantaci\u00f3n ha cambiado tanto los procesos de producci\u00f3n, como de distribuci\u00f3n y consumo, dando lugar al desarrollo paralelo de una tecnolog\u00eda asociada a los mismos en forma de dispositivos de lectura de todo tipo y circunstancias, desde los e-readers de tinta electr\u00f3nica hasta las Tablets o los Smartphone. Lo singular de esta revoluci\u00f3n es que, frente a las precedentes, su expansi\u00f3n est\u00e1 adquiriendo un car\u00e1cter exponencial en todos los pa\u00edses desarrollados, siendo asumida cada vez con mayor naturalidad por una poblaci\u00f3n acostumbrada al consumo de contenidos digitales. Este desarrollo afecta a todos los eslabones de la cadena tradicional del libro, modificando sus roles y funciones, as\u00ed como sus procesos e importancia en el nuevo ecosistema. Aulores, editores, libreros, distribuidores, bibliotecas y lectores han visto como el equilibrio alcanzado durante m\u00e1s de 500 a\u00f1os de imprenta se ha debilitado en favor de una redistribuci\u00f3n de papeles en el \u00e1mbito del libro digital. Y en este reposicionamiento las bibliotecas desempe\u00f1an un papel esencial, como formadoras, como prescriptoras, como mediadoras en un mundo cada vez m\u00e1s complejo desde el punto de vista informativo y tecnol\u00f3gico en el que los usuarios han de contar con nuevos tipos de servicios y nuevas competencias para poder aprovechar los mismos. Esta obra pretende dar respuesta a muchas de las interrogantes que plantea el nuevo ecosistema, tanto para los profesionales de la informaci\u00f3n como para aquellos que sientan curiosidad por este universo digital emergente, lleno de posibilidades, pero tambi\u00e9n de problemas que es preciso resolver, como los relacionados con los derechos de autor, los derechos del lector, la obsolescencia tecnol\u00f3gica, la concentraci\u00f3n editorial, los sistemas propietarios, la gesti\u00f3n de la informaci\u00f3n en las bibliotecas, la visibilidad de las obras, el pr\u00e9stamo, los dispositivos, las aplicaciones etc. El apasionante mundo del libro electr\u00f3nico est\u00e1 sujeto a las leyes de la entrop\u00eda y la renovaci\u00f3n permanente. Con esta obra se ha pretendido hacer una radiograf\u00eda del mismo con la perspectiva de una d\u00e9cada de experiencias. Arevalo Alonso, J. 9789871305803<\/p>\n","protected":false},"excerpt":{"rendered":"<p>Los libros electr\u00f3nicos han supuesto una de las transformaciones m\u00e1s importantes en la industria editorial de los \u00faltimos a\u00f1os, una revoluci\u00f3n comparable en importancia a la que en su momento supuso la imprenta con respecto a las obras manuscritas. Su implantaci\u00f3n ha cambiado tanto los procesos de producci\u00f3n, como de distribuci\u00f3n y consumo, dando lugar [&hellip;]<\/p>\n","protected":false},"featured_media":1294,"template":"","meta":{"_acf_changed":false,"_eb_attr":"","_crdt_document":"","_uag_custom_page_level_css":"","_editorskit_title_hidden":false,"_editorskit_reading_time":0,"_editorskit_is_block_options_detached":false,"_editorskit_block_options_position":"{}","site-sidebar-layout":"default","site-content-layout":"","ast-site-content-layout":"default","site-content-style":"default","site-sidebar-style":"default","ast-global-header-display":"","ast-banner-title-visibility":"","ast-main-header-display":"","ast-hfb-above-header-display":"","ast-hfb-below-header-display":"","ast-hfb-mobile-header-display":"","site-post-title":"","ast-breadcrumbs-content":"","ast-featured-img":"","footer-sml-layout":"","ast-disable-related-posts":"","theme-transparent-header-meta":"","adv-header-id-meta":"","stick-header-meta":"","header-above-stick-meta":"","header-main-stick-meta":"","header-below-stick-meta":"","astra-migrate-meta-layouts":"default","ast-page-background-enabled":"default","ast-page-background-meta":{"desktop":{"background-color":"var(--ast-global-color-4)","background-image":"","background-repeat":"repeat","background-position":"center center","background-size":"auto","background-attachment":"scroll","background-type":"","background-media":"","overlay-type":"","overlay-color":"","overlay-opacity":"","overlay-gradient":""},"tablet":{"background-color":"","background-image":"","background-repeat":"repeat","background-position":"center center","background-size":"auto","background-attachment":"scroll","background-type":"","background-media":"","overlay-type":"","overlay-color":"","overlay-opacity":"","overlay-gradient":""},"mobile":{"background-color":"","background-image":"","background-repeat":"repeat","background-position":"center center","background-size":"auto","background-attachment":"scroll","background-type":"","background-media":"","overlay-type":"","overlay-color":"","overlay-opacity":"","overlay-gradient":""}},"ast-content-background-meta":{"desktop":{"background-color":"var(--ast-global-color-5)","background-image":"","background-repeat":"repeat","background-position":"center center","background-size":"auto","background-attachment":"scroll","background-type":"","background-media":"","overlay-type":"","overlay-color":"","overlay-opacity":"","overlay-gradient":""},"tablet":{"background-color":"var(--ast-global-color-5)","background-image":"","background-repeat":"repeat","background-position":"center center","background-size":"auto","background-attachment":"scroll","background-type":"","background-media":"","overlay-type":"","overlay-color":"","overlay-opacity":"","overlay-gradient":""},"mobile":{"background-color":"var(--ast-global-color-5)","background-image":"","background-repeat":"repeat","background-position":"center center","background-size":"auto","background-attachment":"scroll","background-type":"","background-media":"","overlay-type":"","overlay-color":"","overlay-opacity":"","overlay-gradient":""}}},"product_cat":[74,28],"product_tag":[],"class_list":{"0":"post-1293","1":"product","2":"type-product","3":"status-publish","4":"has-post-thumbnail","6":"product_cat-alfagrama","7":"product_cat-libro","8":"desktop-align-left","9":"tablet-align-left","10":"mobile-align-left","12":"first","13":"instock","14":"shipping-taxable","15":"purchasable","16":"product-type-simple"},"acf":[],"uagb_featured_image_src":{"full":["https:\/\/biblio1.mdp.edu.ar\/centro-ventas\/wp-content\/uploads\/sites\/2\/2018\/10\/e-book9789871305803_T.jpg",700,1017,false],"thumbnail":["https:\/\/biblio1.mdp.edu.ar\/centro-ventas\/wp-content\/uploads\/sites\/2\/2018\/10\/e-book9789871305803_T-150x150.jpg",150,150,true],"medium":["https:\/\/biblio1.mdp.edu.ar\/centro-ventas\/wp-content\/uploads\/sites\/2\/2018\/10\/e-book9789871305803_T-206x300.jpg",206,300,true],"medium_large":["https:\/\/biblio1.mdp.edu.ar\/centro-ventas\/wp-content\/uploads\/sites\/2\/2018\/10\/e-book9789871305803_T.jpg",700,1017,false],"large":["https:\/\/biblio1.mdp.edu.ar\/centro-ventas\/wp-content\/uploads\/sites\/2\/2018\/10\/e-book9789871305803_T.jpg",700,1017,false],"1536x1536":["https:\/\/biblio1.mdp.edu.ar\/centro-ventas\/wp-content\/uploads\/sites\/2\/2018\/10\/e-book9789871305803_T.jpg",700,1017,false],"2048x2048":["https:\/\/biblio1.mdp.edu.ar\/centro-ventas\/wp-content\/uploads\/sites\/2\/2018\/10\/e-book9789871305803_T.jpg",700,1017,false],"woocommerce_thumbnail":["https:\/\/biblio1.mdp.edu.ar\/centro-ventas\/wp-content\/uploads\/sites\/2\/2018\/10\/e-book9789871305803_T-250x363.jpg",250,363,true],"woocommerce_single":["https:\/\/biblio1.mdp.edu.ar\/centro-ventas\/wp-content\/uploads\/sites\/2\/2018\/10\/e-book9789871305803_T.jpg",600,872,false],"woocommerce_gallery_thumbnail":["https:\/\/biblio1.mdp.edu.ar\/centro-ventas\/wp-content\/uploads\/sites\/2\/2018\/10\/e-book9789871305803_T-100x100.jpg",100,100,true]},"uagb_author_info":{"display_name":"Cristina Bernabe","author_link":"https:\/\/biblio1.mdp.edu.ar\/centro-ventas\/author\/"},"uagb_comment_info":0,"uagb_excerpt":"Los libros electr\u00f3nicos han supuesto una de las transformaciones m\u00e1s importantes en la industria editorial de los \u00faltimos a\u00f1os, una revoluci\u00f3n comparable en importancia a la que en su momento supuso la imprenta con respecto a las obras manuscritas. Su implantaci\u00f3n ha cambiado tanto los procesos de producci\u00f3n, como de distribuci\u00f3n y consumo, dando lugar&hellip;","_links":{"self":[{"href":"https:\/\/biblio1.mdp.edu.ar\/centro-ventas\/wp-json\/wp\/v2\/product\/1293","targetHints":{"allow":["GET"]}}],"collection":[{"href":"https:\/\/biblio1.mdp.edu.ar\/centro-ventas\/wp-json\/wp\/v2\/product"}],"about":[{"href":"https:\/\/biblio1.mdp.edu.ar\/centro-ventas\/wp-json\/wp\/v2\/types\/product"}],"wp:featuredmedia":[{"embeddable":true,"href":"https:\/\/biblio1.mdp.edu.ar\/centro-ventas\/wp-json\/wp\/v2\/media\/1294"}],"wp:attachment":[{"href":"https:\/\/biblio1.mdp.edu.ar\/centro-ventas\/wp-json\/wp\/v2\/media?parent=1293"}],"wp:term":[{"taxonomy":"product_cat","embeddable":true,"href":"https:\/\/biblio1.mdp.edu.ar\/centro-ventas\/wp-json\/wp\/v2\/product_cat?post=1293"},{"taxonomy":"product_tag","embeddable":true,"href":"https:\/\/biblio1.mdp.edu.ar\/centro-ventas\/wp-json\/wp\/v2\/product_tag?post=1293"}],"curies":[{"name":"wp","href":"https:\/\/api.w.org\/{rel}","templated":true}]}}