{"id":1291,"date":"2018-10-11T20:21:00","date_gmt":"2018-10-11T23:21:00","guid":{"rendered":"http:\/\/biblio1.mdp.edu.ar\/centro-ventas\/?post_type=product&#038;p=1291"},"modified":"2025-09-01T17:39:38","modified_gmt":"2025-09-01T20:39:38","slug":"biblioteca-publica-sociedad-de-la-informacion-y-brecha-digital","status":"publish","type":"product","link":"https:\/\/biblio1.mdp.edu.ar\/centro-ventas\/producto\/biblioteca-publica-sociedad-de-la-informacion-y-brecha-digital\/","title":{"rendered":"Biblioteca p\u00fablica, sociedad de la informaci\u00f3n y brecha digital"},"content":{"rendered":"<div class=\"container\">\n<div class=\"right-detail content-tab col-md-8 col-sm-12 col-xs-12 book-center\">\n<div id=\"over-view\" class=\"book-desc-detail book-tab-show\">\n<p>El 7 de marzo de 1876 en Estados Unidos de Norteamerica se presento la patente de un nuevo aparato tecnologico que prometia ser de gran beneficio para la humanidad: el telefono. No obstante, 130 a\u00f1os despues, en el a\u00f1o 2006, mas de la mitad de la poblacion mundial jamas ha hecho una llamada telefonica. \u00bfSorprendente. no? A traves de la historia de la humanidad, las desigualdades tecnologicas han sido una constante. Esa tendencia se agudiza con el desarrollo y la proliferacion de las nuevas tecnologias de la informacion. Este fenomeno, denominado brecha digital, no es otra cosa que la separacion que existe entre las personas, comunidades o paises que utilizan estas tecnologias de informacion y comunicacion como una parte rutinaria de su vida diaria, y aquellas que no tienen acceso a las mismas, o teniendolas, no saben como utilizarlas de manera optima para su beneficio. Este libro propone la instituci\u00f3n de la biblioteca p\u00fablica como una de las alternativas viables para enfrentar la amenaza de desigualdad y exclusi\u00f3n en la sociedad de la informaci\u00f3n. Si la pr\u00e1ctica de la democracia descansa en el acceso libre al conocimiento y a la informaci\u00f3n, entonces la biblioteca p\u00fablica desempe\u00f1a un rol protag\u00f3nico en el ejercicio de la democracia. La biblioteca p\u00fablica es la entidad responsable de proveer acceso gratuito y equitativo a la informaci\u00f3n a todas las personas de la comunidad, principalmente a las que se encuentren en riesgo de exclusi\u00f3n de la sociedad de la informaci\u00f3n, de manera que puedan integrarse y ser parte activa de ese nuevo orden social.<\/p>\n<p><span class=\"detail-desc box-detail-desc\">Felice Soto, Ada Myriam. 9789871305018<\/span><\/p>\n<\/div>\n<\/div>\n<\/div>\n<div class=\"container border\"><\/div>\n","protected":false},"excerpt":{"rendered":"<p>El 7 de marzo de 1876 en Estados Unidos de Norteamerica se presento la patente de un nuevo aparato tecnologico que prometia ser de gran beneficio para la humanidad: el telefono. No obstante, 130 a\u00f1os despues, en el a\u00f1o 2006, mas de la mitad de la poblacion mundial jamas ha hecho una llamada telefonica. \u00bfSorprendente. [&hellip;]<\/p>\n","protected":false},"featured_media":1292,"template":"","meta":{"_acf_changed":false,"_eb_attr":"","_crdt_document":"","_uag_custom_page_level_css":"","_editorskit_title_hidden":false,"_editorskit_reading_time":0,"_editorskit_is_block_options_detached":false,"_editorskit_block_options_position":"{}","site-sidebar-layout":"default","site-content-layout":"","ast-site-content-layout":"default","site-content-style":"default","site-sidebar-style":"default","ast-global-header-display":"","ast-banner-title-visibility":"","ast-main-header-display":"","ast-hfb-above-header-display":"","ast-hfb-below-header-display":"","ast-hfb-mobile-header-display":"","site-post-title":"","ast-breadcrumbs-content":"","ast-featured-img":"","footer-sml-layout":"","ast-disable-related-posts":"","theme-transparent-header-meta":"","adv-header-id-meta":"","stick-header-meta":"","header-above-stick-meta":"","header-main-stick-meta":"","header-below-stick-meta":"","astra-migrate-meta-layouts":"default","ast-page-background-enabled":"default","ast-page-background-meta":{"desktop":{"background-color":"var(--ast-global-color-4)","background-image":"","background-repeat":"repeat","background-position":"center center","background-size":"auto","background-attachment":"scroll","background-type":"","background-media":"","overlay-type":"","overlay-color":"","overlay-opacity":"","overlay-gradient":""},"tablet":{"background-color":"","background-image":"","background-repeat":"repeat","background-position":"center center","background-size":"auto","background-attachment":"scroll","background-type":"","background-media":"","overlay-type":"","overlay-color":"","overlay-opacity":"","overlay-gradient":""},"mobile":{"background-color":"","background-image":"","background-repeat":"repeat","background-position":"center center","background-size":"auto","background-attachment":"scroll","background-type":"","background-media":"","overlay-type":"","overlay-color":"","overlay-opacity":"","overlay-gradient":""}},"ast-content-background-meta":{"desktop":{"background-color":"var(--ast-global-color-5)","background-image":"","background-repeat":"repeat","background-position":"center center","background-size":"auto","background-attachment":"scroll","background-type":"","background-media":"","overlay-type":"","overlay-color":"","overlay-opacity":"","overlay-gradient":""},"tablet":{"background-color":"var(--ast-global-color-5)","background-image":"","background-repeat":"repeat","background-position":"center center","background-size":"auto","background-attachment":"scroll","background-type":"","background-media":"","overlay-type":"","overlay-color":"","overlay-opacity":"","overlay-gradient":""},"mobile":{"background-color":"var(--ast-global-color-5)","background-image":"","background-repeat":"repeat","background-position":"center center","background-size":"auto","background-attachment":"scroll","background-type":"","background-media":"","overlay-type":"","overlay-color":"","overlay-opacity":"","overlay-gradient":""}}},"product_cat":[74,28],"product_tag":[],"class_list":{"0":"post-1291","1":"product","2":"type-product","3":"status-publish","4":"has-post-thumbnail","6":"product_cat-alfagrama","7":"product_cat-libro","8":"desktop-align-left","9":"tablet-align-left","10":"mobile-align-left","12":"first","13":"instock","14":"shipping-taxable","15":"purchasable","16":"product-type-simple"},"acf":[],"uagb_featured_image_src":{"full":["https:\/\/biblio1.mdp.edu.ar\/centro-ventas\/wp-content\/uploads\/sites\/2\/2018\/10\/Biblio-publi-9789871305018_T-1.jpg",370,542,false],"thumbnail":["https:\/\/biblio1.mdp.edu.ar\/centro-ventas\/wp-content\/uploads\/sites\/2\/2018\/10\/Biblio-publi-9789871305018_T-1-150x150.jpg",150,150,true],"medium":["https:\/\/biblio1.mdp.edu.ar\/centro-ventas\/wp-content\/uploads\/sites\/2\/2018\/10\/Biblio-publi-9789871305018_T-1-205x300.jpg",205,300,true],"medium_large":["https:\/\/biblio1.mdp.edu.ar\/centro-ventas\/wp-content\/uploads\/sites\/2\/2018\/10\/Biblio-publi-9789871305018_T-1.jpg",370,542,false],"large":["https:\/\/biblio1.mdp.edu.ar\/centro-ventas\/wp-content\/uploads\/sites\/2\/2018\/10\/Biblio-publi-9789871305018_T-1.jpg",370,542,false],"1536x1536":["https:\/\/biblio1.mdp.edu.ar\/centro-ventas\/wp-content\/uploads\/sites\/2\/2018\/10\/Biblio-publi-9789871305018_T-1.jpg",370,542,false],"2048x2048":["https:\/\/biblio1.mdp.edu.ar\/centro-ventas\/wp-content\/uploads\/sites\/2\/2018\/10\/Biblio-publi-9789871305018_T-1.jpg",370,542,false],"woocommerce_thumbnail":["https:\/\/biblio1.mdp.edu.ar\/centro-ventas\/wp-content\/uploads\/sites\/2\/2018\/10\/Biblio-publi-9789871305018_T-1-250x366.jpg",250,366,true],"woocommerce_single":["https:\/\/biblio1.mdp.edu.ar\/centro-ventas\/wp-content\/uploads\/sites\/2\/2018\/10\/Biblio-publi-9789871305018_T-1.jpg",370,542,false],"woocommerce_gallery_thumbnail":["https:\/\/biblio1.mdp.edu.ar\/centro-ventas\/wp-content\/uploads\/sites\/2\/2018\/10\/Biblio-publi-9789871305018_T-1-100x100.jpg",100,100,true]},"uagb_author_info":{"display_name":"Cristina Bernabe","author_link":"https:\/\/biblio1.mdp.edu.ar\/centro-ventas\/author\/"},"uagb_comment_info":0,"uagb_excerpt":"El 7 de marzo de 1876 en Estados Unidos de Norteamerica se presento la patente de un nuevo aparato tecnologico que prometia ser de gran beneficio para la humanidad: el telefono. No obstante, 130 a\u00f1os despues, en el a\u00f1o 2006, mas de la mitad de la poblacion mundial jamas ha hecho una llamada telefonica. \u00bfSorprendente.&hellip;","_links":{"self":[{"href":"https:\/\/biblio1.mdp.edu.ar\/centro-ventas\/wp-json\/wp\/v2\/product\/1291","targetHints":{"allow":["GET"]}}],"collection":[{"href":"https:\/\/biblio1.mdp.edu.ar\/centro-ventas\/wp-json\/wp\/v2\/product"}],"about":[{"href":"https:\/\/biblio1.mdp.edu.ar\/centro-ventas\/wp-json\/wp\/v2\/types\/product"}],"wp:featuredmedia":[{"embeddable":true,"href":"https:\/\/biblio1.mdp.edu.ar\/centro-ventas\/wp-json\/wp\/v2\/media\/1292"}],"wp:attachment":[{"href":"https:\/\/biblio1.mdp.edu.ar\/centro-ventas\/wp-json\/wp\/v2\/media?parent=1291"}],"wp:term":[{"taxonomy":"product_cat","embeddable":true,"href":"https:\/\/biblio1.mdp.edu.ar\/centro-ventas\/wp-json\/wp\/v2\/product_cat?post=1291"},{"taxonomy":"product_tag","embeddable":true,"href":"https:\/\/biblio1.mdp.edu.ar\/centro-ventas\/wp-json\/wp\/v2\/product_tag?post=1291"}],"curies":[{"name":"wp","href":"https:\/\/api.w.org\/{rel}","templated":true}]}}