{"id":1289,"date":"2018-10-11T20:17:17","date_gmt":"2018-10-11T23:17:17","guid":{"rendered":"http:\/\/biblio1.mdp.edu.ar\/centro-ventas\/?post_type=product&#038;p=1289"},"modified":"2025-09-01T17:37:33","modified_gmt":"2025-09-01T20:37:33","slug":"archivos-publicos","status":"publish","type":"product","link":"https:\/\/biblio1.mdp.edu.ar\/centro-ventas\/producto\/archivos-publicos\/","title":{"rendered":"Archivos p\u00fablicos"},"content":{"rendered":"<div class=\"container\">\n<div class=\"right-detail content-tab col-md-8 col-sm-12 col-xs-12 book-center\">\n<div id=\"over-view\" class=\"book-desc-detail book-tab-show\">\n<p>Los archivos p\u00fablicos constituyen una tem\u00e1tica de inter\u00e9s social hacia la que se dirige cada vez con mayor \u00e9nfasis la preocupaci\u00f3n del hombre moderno. Completamos con esta obra la trilog\u00eda que aborda el enfoque proped\u00e9utico ya comenzado en las obras \u00abArchivos Privados: an\u00e1lisis y gesti\u00f3n\u00bb y \u00abEl porqu\u00e9 de los archivos privados\u00bb, publicados ambos por Alfagrama. En esta ocasi\u00f3n, se abordan con profundidad distintos enfoques que nos ayudar\u00e1n a vislumbrar la compleja realidad de los Archivos P\u00fablicos. Como instituci\u00f3n milenaria, nace con la urgencia de trascendencia del hombre, bajo todos los tiempos y todas las sociedades desde la invenci\u00f3n de la escritura. El libro incluye cuatro amplios puntos de vista: 1) un marco de referencia conceptual con la definici\u00f3n del archivo p\u00fablico y \u00e9ste como objeto de estudio 2) un marco de referencia normativo dentro del Derecho p\u00fablico y el rol del Estado; un aspecto diplom\u00e1tico (perteneciente a la diplom\u00e1tica) con el estudio de los aspectos externos e internos de los documentos para determinar autenticidad y valor; un aspecto filos\u00f3fico con consideraciones esenciales sobre la actividad humana p\u00fablica 3) un marco de referencia hist\u00f3rico, con la significaci\u00f3n que cada sociedad otorg\u00f3 al archivo p\u00fablico a lo largo de las distintas edades hist\u00f3ricas 4) el marco de referencia operativo, en el que se describe lo que llamamos el ciclo vital del archivo p\u00fablico, encuadrado en la problem\u00e1tica de los sistemas archiv\u00edsticos. De esta manera, el volumen integra una visi\u00f3n contempor\u00e1nea de los fundamentos de los archivos p\u00fablicos, actividad que contin\u00faa su desarrollo en las sociedades del siglo XXI. Como lo se\u00f1ala en su pr\u00f3logo el destacado Profesor Ram\u00f3n Alberch, Director de la Escuela Superior de Archiv\u00edstica y Gesti\u00f3n Documental de la Universidad Aut\u00f3noma de Barcelona y Subdirector de Archivos Estatales de la Generalitat de Catalunya: \u00abeste trabajo se estructura en una secuencia que permite analizar el concepto, las normativas, el marco hist\u00f3rico y el encaje institucional de los archivos p\u00fablicos en base no s\u00f3lo a la bibliograf\u00eda profesional y a los sitios web sino tambi\u00e9n a la experiencia personal acumulada por la autora en sus peri\u00f3dicas visitas a archivos de distinta tipolog\u00eda situados fundamentalmente en Europa y Am\u00e9rica. A lo largo del texto se percibe claramente la preocupaci\u00f3n por encontrar casos pr\u00e1cticos que permitan correlacionar los documentos conservados en los archivos con las realidades cotidianas. Las alusiones al c\u00e9lebre caso Papon en Francia o a los ejemplos de desclasificaci\u00f3n de documentos por parte de los gobiernos para atender a las reivindicaciones ciudadanas y servir a la causa de los derechos humanos, por citar s\u00f3lo dos casos entre los muchos que acredita, se inscriben en esta voluntad de situar en el \u00e1mbito de lo real, el trabajo m\u00e1s \u00abinterior\u00bb y poco efectista de los profesionales de los archivos\u00bb.<\/p>\n<p><span class=\"detail-desc box-detail-desc\">Mastropierro, Mar\u00eda del Carmen. 9789871305315<\/span><\/div>\n<\/div>\n<\/div>\n<div class=\"container border\"><\/div>\n","protected":false},"excerpt":{"rendered":"<p>Los archivos p\u00fablicos constituyen una tem\u00e1tica de inter\u00e9s social hacia la que se dirige cada vez con mayor \u00e9nfasis la preocupaci\u00f3n del hombre moderno. Completamos con esta obra la trilog\u00eda que aborda el enfoque proped\u00e9utico ya comenzado en las obras \u00abArchivos Privados: an\u00e1lisis y gesti\u00f3n\u00bb y \u00abEl porqu\u00e9 de los archivos privados\u00bb, publicados ambos por [&hellip;]<\/p>\n","protected":false},"featured_media":1290,"template":"","meta":{"_acf_changed":false,"_eb_attr":"","_crdt_document":"","_uag_custom_page_level_css":"","_editorskit_title_hidden":false,"_editorskit_reading_time":0,"_editorskit_is_block_options_detached":false,"_editorskit_block_options_position":"{}","site-sidebar-layout":"default","site-content-layout":"","ast-site-content-layout":"default","site-content-style":"default","site-sidebar-style":"default","ast-global-header-display":"","ast-banner-title-visibility":"","ast-main-header-display":"","ast-hfb-above-header-display":"","ast-hfb-below-header-display":"","ast-hfb-mobile-header-display":"","site-post-title":"","ast-breadcrumbs-content":"","ast-featured-img":"","footer-sml-layout":"","ast-disable-related-posts":"","theme-transparent-header-meta":"","adv-header-id-meta":"","stick-header-meta":"","header-above-stick-meta":"","header-main-stick-meta":"","header-below-stick-meta":"","astra-migrate-meta-layouts":"default","ast-page-background-enabled":"default","ast-page-background-meta":{"desktop":{"background-color":"var(--ast-global-color-4)","background-image":"","background-repeat":"repeat","background-position":"center center","background-size":"auto","background-attachment":"scroll","background-type":"","background-media":"","overlay-type":"","overlay-color":"","overlay-opacity":"","overlay-gradient":""},"tablet":{"background-color":"","background-image":"","background-repeat":"repeat","background-position":"center center","background-size":"auto","background-attachment":"scroll","background-type":"","background-media":"","overlay-type":"","overlay-color":"","overlay-opacity":"","overlay-gradient":""},"mobile":{"background-color":"","background-image":"","background-repeat":"repeat","background-position":"center center","background-size":"auto","background-attachment":"scroll","background-type":"","background-media":"","overlay-type":"","overlay-color":"","overlay-opacity":"","overlay-gradient":""}},"ast-content-background-meta":{"desktop":{"background-color":"var(--ast-global-color-5)","background-image":"","background-repeat":"repeat","background-position":"center center","background-size":"auto","background-attachment":"scroll","background-type":"","background-media":"","overlay-type":"","overlay-color":"","overlay-opacity":"","overlay-gradient":""},"tablet":{"background-color":"var(--ast-global-color-5)","background-image":"","background-repeat":"repeat","background-position":"center center","background-size":"auto","background-attachment":"scroll","background-type":"","background-media":"","overlay-type":"","overlay-color":"","overlay-opacity":"","overlay-gradient":""},"mobile":{"background-color":"var(--ast-global-color-5)","background-image":"","background-repeat":"repeat","background-position":"center center","background-size":"auto","background-attachment":"scroll","background-type":"","background-media":"","overlay-type":"","overlay-color":"","overlay-opacity":"","overlay-gradient":""}}},"product_cat":[74,28],"product_tag":[],"class_list":{"0":"post-1289","1":"product","2":"type-product","3":"status-publish","4":"has-post-thumbnail","6":"product_cat-alfagrama","7":"product_cat-libro","8":"desktop-align-left","9":"tablet-align-left","10":"mobile-align-left","12":"first","13":"instock","14":"shipping-taxable","15":"purchasable","16":"product-type-simple"},"acf":[],"uagb_featured_image_src":{"full":["https:\/\/biblio1.mdp.edu.ar\/centro-ventas\/wp-content\/uploads\/sites\/2\/2018\/10\/arcPub9789871305315_T-1.jpg",370,551,false],"thumbnail":["https:\/\/biblio1.mdp.edu.ar\/centro-ventas\/wp-content\/uploads\/sites\/2\/2018\/10\/arcPub9789871305315_T-1-150x150.jpg",150,150,true],"medium":["https:\/\/biblio1.mdp.edu.ar\/centro-ventas\/wp-content\/uploads\/sites\/2\/2018\/10\/arcPub9789871305315_T-1-201x300.jpg",201,300,true],"medium_large":["https:\/\/biblio1.mdp.edu.ar\/centro-ventas\/wp-content\/uploads\/sites\/2\/2018\/10\/arcPub9789871305315_T-1.jpg",370,551,false],"large":["https:\/\/biblio1.mdp.edu.ar\/centro-ventas\/wp-content\/uploads\/sites\/2\/2018\/10\/arcPub9789871305315_T-1.jpg",370,551,false],"1536x1536":["https:\/\/biblio1.mdp.edu.ar\/centro-ventas\/wp-content\/uploads\/sites\/2\/2018\/10\/arcPub9789871305315_T-1.jpg",370,551,false],"2048x2048":["https:\/\/biblio1.mdp.edu.ar\/centro-ventas\/wp-content\/uploads\/sites\/2\/2018\/10\/arcPub9789871305315_T-1.jpg",370,551,false],"woocommerce_thumbnail":["https:\/\/biblio1.mdp.edu.ar\/centro-ventas\/wp-content\/uploads\/sites\/2\/2018\/10\/arcPub9789871305315_T-1-250x372.jpg",250,372,true],"woocommerce_single":["https:\/\/biblio1.mdp.edu.ar\/centro-ventas\/wp-content\/uploads\/sites\/2\/2018\/10\/arcPub9789871305315_T-1.jpg",370,551,false],"woocommerce_gallery_thumbnail":["https:\/\/biblio1.mdp.edu.ar\/centro-ventas\/wp-content\/uploads\/sites\/2\/2018\/10\/arcPub9789871305315_T-1-100x100.jpg",100,100,true]},"uagb_author_info":{"display_name":"Cristina Bernabe","author_link":"https:\/\/biblio1.mdp.edu.ar\/centro-ventas\/author\/"},"uagb_comment_info":0,"uagb_excerpt":"Los archivos p\u00fablicos constituyen una tem\u00e1tica de inter\u00e9s social hacia la que se dirige cada vez con mayor \u00e9nfasis la preocupaci\u00f3n del hombre moderno. Completamos con esta obra la trilog\u00eda que aborda el enfoque proped\u00e9utico ya comenzado en las obras \u00abArchivos Privados: an\u00e1lisis y gesti\u00f3n\u00bb y \u00abEl porqu\u00e9 de los archivos privados\u00bb, publicados ambos por&hellip;","_links":{"self":[{"href":"https:\/\/biblio1.mdp.edu.ar\/centro-ventas\/wp-json\/wp\/v2\/product\/1289","targetHints":{"allow":["GET"]}}],"collection":[{"href":"https:\/\/biblio1.mdp.edu.ar\/centro-ventas\/wp-json\/wp\/v2\/product"}],"about":[{"href":"https:\/\/biblio1.mdp.edu.ar\/centro-ventas\/wp-json\/wp\/v2\/types\/product"}],"wp:featuredmedia":[{"embeddable":true,"href":"https:\/\/biblio1.mdp.edu.ar\/centro-ventas\/wp-json\/wp\/v2\/media\/1290"}],"wp:attachment":[{"href":"https:\/\/biblio1.mdp.edu.ar\/centro-ventas\/wp-json\/wp\/v2\/media?parent=1289"}],"wp:term":[{"taxonomy":"product_cat","embeddable":true,"href":"https:\/\/biblio1.mdp.edu.ar\/centro-ventas\/wp-json\/wp\/v2\/product_cat?post=1289"},{"taxonomy":"product_tag","embeddable":true,"href":"https:\/\/biblio1.mdp.edu.ar\/centro-ventas\/wp-json\/wp\/v2\/product_tag?post=1289"}],"curies":[{"name":"wp","href":"https:\/\/api.w.org\/{rel}","templated":true}]}}