{"id":1270,"date":"2018-10-11T15:24:37","date_gmt":"2018-10-11T18:24:37","guid":{"rendered":"http:\/\/biblio1.mdp.edu.ar\/centro-ventas\/?post_type=product&#038;p=1270"},"modified":"2023-03-31T13:29:21","modified_gmt":"2023-03-31T16:29:21","slug":"la-casa-sobre-el-arroyo","status":"publish","type":"product","link":"https:\/\/biblio1.mdp.edu.ar\/centro-ventas\/producto\/la-casa-sobre-el-arroyo\/","title":{"rendered":"La casa sobre el arroyo"},"content":{"rendered":"<p>Luego de \u201cEl autor y el int\u00e9rprete\u201d, sobre la casa Curutchet de Le Corbusier, libro que consigui\u00f3 varios premios, Daniel Merro Johnston se interna ahora en la historia de otro gran arquitecto y su relaci\u00f3n con la cultura de su tiempo, relatada a trav\u00e9s de un proyecto genial.<br \/>\nEl libro incluye documentaci\u00f3n in\u00e9dita del proyecto y su construcci\u00f3n, de su amistad con Le Corbusier, Jean Prouv\u00e9, Georges Candilis y muchos otros. Correspondencia, planos, testimonios e historias paralelas que permiten inscribir la construcci\u00f3n de esta m\u00edtica casa en una \u00e9poca de profundos cambios sociales.<\/p>\n<p><em>\u201cDiscreto e implacablemente anal\u00edtico, Merro detecta c\u00f3mo todo es singular en Williams, y all\u00ed se destacan los dibujos que podr\u00edan llamarse esc\u00e9nicos que exceden largamente, en estilo y concepto, ese lugar com\u00fan que suele conocerse como dibujo de arquitecto, un encasillamiento notablemente prejuicioso ejercido a veces desde las artes de la imagen, el cual, no obstante, puede eventualmente sustentarse en vicios comprobables.<\/em><\/p>\n<p><em>La arquitectura todav\u00eda comparte con el canon de la pintura acad\u00e9mica la exigencia de un saber t\u00e9cnico que corra a la par de la invenci\u00f3n creativa, y en Williams esa imposici\u00f3n formativa es resuelta con la sencillez del talento innato\u201d.<\/em><\/p>\n<p>Extracto del prologo por Eduardo Stup\u00eda.<\/p>\n","protected":false},"excerpt":{"rendered":"<p>Luego de \u201cEl autor y el int\u00e9rprete\u201d, sobre la casa Curutchet de Le Corbusier, libro que consigui\u00f3 varios premios, Daniel Merro Johnston se interna ahora en la historia de otro gran arquitecto y su relaci\u00f3n con la cultura de su tiempo, relatada a trav\u00e9s de un proyecto genial. El libro incluye documentaci\u00f3n in\u00e9dita del proyecto [&hellip;]<\/p>\n","protected":false},"featured_media":1271,"template":"","meta":{"_acf_changed":false,"_eb_attr":"","_crdt_document":"","_uag_custom_page_level_css":"","_editorskit_title_hidden":false,"_editorskit_reading_time":0,"_editorskit_is_block_options_detached":false,"_editorskit_block_options_position":"{}","site-sidebar-layout":"default","site-content-layout":"","ast-site-content-layout":"default","site-content-style":"default","site-sidebar-style":"default","ast-global-header-display":"","ast-banner-title-visibility":"","ast-main-header-display":"","ast-hfb-above-header-display":"","ast-hfb-below-header-display":"","ast-hfb-mobile-header-display":"","site-post-title":"","ast-breadcrumbs-content":"","ast-featured-img":"","footer-sml-layout":"","ast-disable-related-posts":"","theme-transparent-header-meta":"","adv-header-id-meta":"","stick-header-meta":"","header-above-stick-meta":"","header-main-stick-meta":"","header-below-stick-meta":"","astra-migrate-meta-layouts":"default","ast-page-background-enabled":"default","ast-page-background-meta":{"desktop":{"background-color":"var(--ast-global-color-4)","background-image":"","background-repeat":"repeat","background-position":"center center","background-size":"auto","background-attachment":"scroll","background-type":"","background-media":"","overlay-type":"","overlay-color":"","overlay-opacity":"","overlay-gradient":""},"tablet":{"background-color":"","background-image":"","background-repeat":"repeat","background-position":"center center","background-size":"auto","background-attachment":"scroll","background-type":"","background-media":"","overlay-type":"","overlay-color":"","overlay-opacity":"","overlay-gradient":""},"mobile":{"background-color":"","background-image":"","background-repeat":"repeat","background-position":"center center","background-size":"auto","background-attachment":"scroll","background-type":"","background-media":"","overlay-type":"","overlay-color":"","overlay-opacity":"","overlay-gradient":""}},"ast-content-background-meta":{"desktop":{"background-color":"var(--ast-global-color-5)","background-image":"","background-repeat":"repeat","background-position":"center center","background-size":"auto","background-attachment":"scroll","background-type":"","background-media":"","overlay-type":"","overlay-color":"","overlay-opacity":"","overlay-gradient":""},"tablet":{"background-color":"var(--ast-global-color-5)","background-image":"","background-repeat":"repeat","background-position":"center center","background-size":"auto","background-attachment":"scroll","background-type":"","background-media":"","overlay-type":"","overlay-color":"","overlay-opacity":"","overlay-gradient":""},"mobile":{"background-color":"var(--ast-global-color-5)","background-image":"","background-repeat":"repeat","background-position":"center center","background-size":"auto","background-attachment":"scroll","background-type":"","background-media":"","overlay-type":"","overlay-color":"","overlay-opacity":"","overlay-gradient":""}}},"product_cat":[77,128,28,167],"product_tag":[76,36,80],"class_list":{"0":"post-1270","1":"product","2":"type-product","3":"status-publish","4":"has-post-thumbnail","6":"product_cat-77","7":"product_cat-arquitectura","8":"product_cat-libro","9":"product_cat-mar-del-plata","10":"product_tag-arquitectos","11":"product_tag-arquitectura","12":"product_tag-mar-del-plata","13":"desktop-align-left","14":"tablet-align-left","15":"mobile-align-left","17":"first","18":"outofstock","19":"shipping-taxable","20":"product-type-simple"},"acf":[],"uagb_featured_image_src":{"full":["https:\/\/biblio1.mdp.edu.ar\/centro-ventas\/wp-content\/uploads\/sites\/2\/2018\/10\/a00.jpg",831,1024,false],"thumbnail":["https:\/\/biblio1.mdp.edu.ar\/centro-ventas\/wp-content\/uploads\/sites\/2\/2018\/10\/a00-150x150.jpg",150,150,true],"medium":["https:\/\/biblio1.mdp.edu.ar\/centro-ventas\/wp-content\/uploads\/sites\/2\/2018\/10\/a00-243x300.jpg",243,300,true],"medium_large":["https:\/\/biblio1.mdp.edu.ar\/centro-ventas\/wp-content\/uploads\/sites\/2\/2018\/10\/a00-768x946.jpg",768,946,true],"large":["https:\/\/biblio1.mdp.edu.ar\/centro-ventas\/wp-content\/uploads\/sites\/2\/2018\/10\/a00-831x1024.jpg",831,1024,true],"1536x1536":["https:\/\/biblio1.mdp.edu.ar\/centro-ventas\/wp-content\/uploads\/sites\/2\/2018\/10\/a00.jpg",831,1024,false],"2048x2048":["https:\/\/biblio1.mdp.edu.ar\/centro-ventas\/wp-content\/uploads\/sites\/2\/2018\/10\/a00.jpg",831,1024,false],"woocommerce_thumbnail":["https:\/\/biblio1.mdp.edu.ar\/centro-ventas\/wp-content\/uploads\/sites\/2\/2018\/10\/a00-250x308.jpg",250,308,true],"woocommerce_single":["https:\/\/biblio1.mdp.edu.ar\/centro-ventas\/wp-content\/uploads\/sites\/2\/2018\/10\/a00-768x946.jpg",600,739,true],"woocommerce_gallery_thumbnail":["https:\/\/biblio1.mdp.edu.ar\/centro-ventas\/wp-content\/uploads\/sites\/2\/2018\/10\/a00-100x100.jpg",100,100,true]},"uagb_author_info":{"display_name":"Cristina Bernabe","author_link":"https:\/\/biblio1.mdp.edu.ar\/centro-ventas\/author\/"},"uagb_comment_info":0,"uagb_excerpt":"Luego de \u201cEl autor y el int\u00e9rprete\u201d, sobre la casa Curutchet de Le Corbusier, libro que consigui\u00f3 varios premios, Daniel Merro Johnston se interna ahora en la historia de otro gran arquitecto y su relaci\u00f3n con la cultura de su tiempo, relatada a trav\u00e9s de un proyecto genial. El libro incluye documentaci\u00f3n in\u00e9dita del proyecto&hellip;","_links":{"self":[{"href":"https:\/\/biblio1.mdp.edu.ar\/centro-ventas\/wp-json\/wp\/v2\/product\/1270","targetHints":{"allow":["GET"]}}],"collection":[{"href":"https:\/\/biblio1.mdp.edu.ar\/centro-ventas\/wp-json\/wp\/v2\/product"}],"about":[{"href":"https:\/\/biblio1.mdp.edu.ar\/centro-ventas\/wp-json\/wp\/v2\/types\/product"}],"wp:featuredmedia":[{"embeddable":true,"href":"https:\/\/biblio1.mdp.edu.ar\/centro-ventas\/wp-json\/wp\/v2\/media\/1271"}],"wp:attachment":[{"href":"https:\/\/biblio1.mdp.edu.ar\/centro-ventas\/wp-json\/wp\/v2\/media?parent=1270"}],"wp:term":[{"taxonomy":"product_cat","embeddable":true,"href":"https:\/\/biblio1.mdp.edu.ar\/centro-ventas\/wp-json\/wp\/v2\/product_cat?post=1270"},{"taxonomy":"product_tag","embeddable":true,"href":"https:\/\/biblio1.mdp.edu.ar\/centro-ventas\/wp-json\/wp\/v2\/product_tag?post=1270"}],"curies":[{"name":"wp","href":"https:\/\/api.w.org\/{rel}","templated":true}]}}