{"id":1250,"date":"2018-10-10T19:25:06","date_gmt":"2018-10-10T22:25:06","guid":{"rendered":"http:\/\/biblio1.mdp.edu.ar\/centro-ventas\/?post_type=product&#038;p=1250"},"modified":"2025-09-01T17:37:16","modified_gmt":"2025-09-01T20:37:16","slug":"archivos-privados-analisis-y-gestion","status":"publish","type":"product","link":"https:\/\/biblio1.mdp.edu.ar\/centro-ventas\/producto\/archivos-privados-analisis-y-gestion\/","title":{"rendered":"Archivos privados: an\u00e1lisis y gesti\u00f3n"},"content":{"rendered":"<p>Los archivos privados constituyen un campo a\u00fan hoy poco abordado en la literatura t\u00e9cnica archivistica. La autora intenta hacer un aporte en este sentido, a partir de su experiencia en el trabajo concreto de la organizaci\u00f3n de archivos privados. Ha detallado su metodologia a trav\u00e9s del desarrollo de distintas estrategias para implementar la creacion de archivos personales, familiares e institucionales; fundamenta su propuesta en los logros de la actual escuela espa\u00f1ola (Ramon Alberch i Fugueras, Jose Ramon Cruz Mundet y Antonia Heredia Herrera) y en los aportes de la Society of American Archivists (Chicago),en especial los de Fredric Miller y James 0&#8217;Toole. La autora ha tenido en cuenta los aportes contempor\u00e1neos de las asociaciones regionales ALA (Asociacion Latinoamericana de Archivos) y FARA (Federacion de Archiveros de la Republica Argentina), asi como las normas y orientaciones del C\u00cdA (Consejo Internacional de Archivos). De la misma manera, no ha podido olvidar los trabajos de los colegas argentinos V\u00edctor Arevalo Jordan, Liliana L. Pati\u00f1o y Manuel Vazquez Murillo, junto a su formaci\u00f3n profesional en la Universidad de Buenos Aires.<\/p>\n<p>Mastropierro, Mar\u00eda del Carmen. 9789871305056<\/p>\n","protected":false},"excerpt":{"rendered":"<p>Los archivos privados constituyen un campo a\u00fan hoy poco abordado en la literatura t\u00e9cnica archivistica. La autora intenta hacer un aporte en este sentido, a partir de su experiencia en el trabajo concreto de la organizaci\u00f3n de archivos privados. Ha detallado su metodologia a trav\u00e9s del desarrollo de distintas estrategias para implementar la creacion de [&hellip;]<\/p>\n","protected":false},"featured_media":1251,"template":"","meta":{"_acf_changed":false,"_eb_attr":"","_crdt_document":"","_uag_custom_page_level_css":"","_editorskit_title_hidden":false,"_editorskit_reading_time":0,"_editorskit_is_block_options_detached":false,"_editorskit_block_options_position":"{}","site-sidebar-layout":"default","site-content-layout":"","ast-site-content-layout":"default","site-content-style":"default","site-sidebar-style":"default","ast-global-header-display":"","ast-banner-title-visibility":"","ast-main-header-display":"","ast-hfb-above-header-display":"","ast-hfb-below-header-display":"","ast-hfb-mobile-header-display":"","site-post-title":"","ast-breadcrumbs-content":"","ast-featured-img":"","footer-sml-layout":"","ast-disable-related-posts":"","theme-transparent-header-meta":"","adv-header-id-meta":"","stick-header-meta":"","header-above-stick-meta":"","header-main-stick-meta":"","header-below-stick-meta":"","astra-migrate-meta-layouts":"default","ast-page-background-enabled":"default","ast-page-background-meta":{"desktop":{"background-color":"var(--ast-global-color-4)","background-image":"","background-repeat":"repeat","background-position":"center center","background-size":"auto","background-attachment":"scroll","background-type":"","background-media":"","overlay-type":"","overlay-color":"","overlay-opacity":"","overlay-gradient":""},"tablet":{"background-color":"","background-image":"","background-repeat":"repeat","background-position":"center center","background-size":"auto","background-attachment":"scroll","background-type":"","background-media":"","overlay-type":"","overlay-color":"","overlay-opacity":"","overlay-gradient":""},"mobile":{"background-color":"","background-image":"","background-repeat":"repeat","background-position":"center center","background-size":"auto","background-attachment":"scroll","background-type":"","background-media":"","overlay-type":"","overlay-color":"","overlay-opacity":"","overlay-gradient":""}},"ast-content-background-meta":{"desktop":{"background-color":"var(--ast-global-color-5)","background-image":"","background-repeat":"repeat","background-position":"center center","background-size":"auto","background-attachment":"scroll","background-type":"","background-media":"","overlay-type":"","overlay-color":"","overlay-opacity":"","overlay-gradient":""},"tablet":{"background-color":"var(--ast-global-color-5)","background-image":"","background-repeat":"repeat","background-position":"center center","background-size":"auto","background-attachment":"scroll","background-type":"","background-media":"","overlay-type":"","overlay-color":"","overlay-opacity":"","overlay-gradient":""},"mobile":{"background-color":"var(--ast-global-color-5)","background-image":"","background-repeat":"repeat","background-position":"center center","background-size":"auto","background-attachment":"scroll","background-type":"","background-media":"","overlay-type":"","overlay-color":"","overlay-opacity":"","overlay-gradient":""}}},"product_cat":[74,28],"product_tag":[84],"class_list":{"0":"post-1250","1":"product","2":"type-product","3":"status-publish","4":"has-post-thumbnail","6":"product_cat-alfagrama","7":"product_cat-libro","8":"product_tag-bibliotecologia","9":"desktop-align-left","10":"tablet-align-left","11":"mobile-align-left","13":"first","14":"instock","15":"shipping-taxable","16":"purchasable","17":"product-type-simple"},"acf":[],"uagb_featured_image_src":{"full":["https:\/\/biblio1.mdp.edu.ar\/centro-ventas\/wp-content\/uploads\/sites\/2\/2018\/10\/ArchivosPriva9789871305056_T-1.jpg",370,543,false],"thumbnail":["https:\/\/biblio1.mdp.edu.ar\/centro-ventas\/wp-content\/uploads\/sites\/2\/2018\/10\/ArchivosPriva9789871305056_T-1-150x150.jpg",150,150,true],"medium":["https:\/\/biblio1.mdp.edu.ar\/centro-ventas\/wp-content\/uploads\/sites\/2\/2018\/10\/ArchivosPriva9789871305056_T-1-204x300.jpg",204,300,true],"medium_large":["https:\/\/biblio1.mdp.edu.ar\/centro-ventas\/wp-content\/uploads\/sites\/2\/2018\/10\/ArchivosPriva9789871305056_T-1.jpg",370,543,false],"large":["https:\/\/biblio1.mdp.edu.ar\/centro-ventas\/wp-content\/uploads\/sites\/2\/2018\/10\/ArchivosPriva9789871305056_T-1.jpg",370,543,false],"1536x1536":["https:\/\/biblio1.mdp.edu.ar\/centro-ventas\/wp-content\/uploads\/sites\/2\/2018\/10\/ArchivosPriva9789871305056_T-1.jpg",370,543,false],"2048x2048":["https:\/\/biblio1.mdp.edu.ar\/centro-ventas\/wp-content\/uploads\/sites\/2\/2018\/10\/ArchivosPriva9789871305056_T-1.jpg",370,543,false],"woocommerce_thumbnail":["https:\/\/biblio1.mdp.edu.ar\/centro-ventas\/wp-content\/uploads\/sites\/2\/2018\/10\/ArchivosPriva9789871305056_T-1-250x367.jpg",250,367,true],"woocommerce_single":["https:\/\/biblio1.mdp.edu.ar\/centro-ventas\/wp-content\/uploads\/sites\/2\/2018\/10\/ArchivosPriva9789871305056_T-1.jpg",370,543,false],"woocommerce_gallery_thumbnail":["https:\/\/biblio1.mdp.edu.ar\/centro-ventas\/wp-content\/uploads\/sites\/2\/2018\/10\/ArchivosPriva9789871305056_T-1-100x100.jpg",100,100,true]},"uagb_author_info":{"display_name":"Cristina Bernabe","author_link":"https:\/\/biblio1.mdp.edu.ar\/centro-ventas\/author\/"},"uagb_comment_info":0,"uagb_excerpt":"Los archivos privados constituyen un campo a\u00fan hoy poco abordado en la literatura t\u00e9cnica archivistica. La autora intenta hacer un aporte en este sentido, a partir de su experiencia en el trabajo concreto de la organizaci\u00f3n de archivos privados. Ha detallado su metodologia a trav\u00e9s del desarrollo de distintas estrategias para implementar la creacion de&hellip;","_links":{"self":[{"href":"https:\/\/biblio1.mdp.edu.ar\/centro-ventas\/wp-json\/wp\/v2\/product\/1250","targetHints":{"allow":["GET"]}}],"collection":[{"href":"https:\/\/biblio1.mdp.edu.ar\/centro-ventas\/wp-json\/wp\/v2\/product"}],"about":[{"href":"https:\/\/biblio1.mdp.edu.ar\/centro-ventas\/wp-json\/wp\/v2\/types\/product"}],"wp:featuredmedia":[{"embeddable":true,"href":"https:\/\/biblio1.mdp.edu.ar\/centro-ventas\/wp-json\/wp\/v2\/media\/1251"}],"wp:attachment":[{"href":"https:\/\/biblio1.mdp.edu.ar\/centro-ventas\/wp-json\/wp\/v2\/media?parent=1250"}],"wp:term":[{"taxonomy":"product_cat","embeddable":true,"href":"https:\/\/biblio1.mdp.edu.ar\/centro-ventas\/wp-json\/wp\/v2\/product_cat?post=1250"},{"taxonomy":"product_tag","embeddable":true,"href":"https:\/\/biblio1.mdp.edu.ar\/centro-ventas\/wp-json\/wp\/v2\/product_tag?post=1250"}],"curies":[{"name":"wp","href":"https:\/\/api.w.org\/{rel}","templated":true}]}}