{"id":1240,"date":"2018-10-09T22:11:27","date_gmt":"2018-10-10T01:11:27","guid":{"rendered":"http:\/\/biblio1.mdp.edu.ar\/centro-ventas\/?post_type=product&#038;p=1240"},"modified":"2025-09-01T17:33:24","modified_gmt":"2025-09-01T20:33:24","slug":"ambiente-laboral","status":"publish","type":"product","link":"https:\/\/biblio1.mdp.edu.ar\/centro-ventas\/producto\/ambiente-laboral\/","title":{"rendered":"Ambiente laboral. Estrategias para el trabajo efectivo en bibliotecas"},"content":{"rendered":"<p>\u00bfUsted administra una unidad de informaci\u00f3n o se est\u00e1 formando para dirigirla? Esta obra es una compilaci\u00f3n de las ponencias presentadas en la tercera edici\u00f3n del coloquio internacional sobre administraci\u00f3n y liderazgo en el campo informativo. Quince expertos ?de M\u00e9xico, Chile, Canad\u00e1, Brasil? en la direcci\u00f3n de bibliotecas se re\u00fanen para tratar temas como el liderazgo, la importancia del factor humano y el talento, el clima organizacional el estado actual de las relaciones con los gremios y propuestas para mejorarlas, etc. El tratamiento de estos temas la convierte adem\u00e1s en una referencia de valor para directores de instituciones fuera del campo informativo. Por la pertinencia y actualidad de sus temas, este volumen es de valor imprescindible para quienes actualmente dirigen unidades de informaci\u00f3n en Latinoam\u00e9rica. Para estudiantes de bibliotecolog\u00eda, obras como esta vienen a llenar el lamentable hueco que deja la formaci\u00f3n universitaria en cuanto a temas de direcci\u00f3n: el reducido n\u00famero de egresados los coloca casi inevitablemente en puestos directivos a los que se enfrentan con muy pocos conocimientos sobre la realidad (y los retos) de la arena institucional. Este libro representa el esfuerzo que la Unidad de Servicios Bibliotecarios y de informaci\u00f3n de la Universidad Veracruzana hace para difundir temas de la mayor relevancia en el \u00e1rea y para dar a conocer a quienes actualmente trabajan en estas \u00e1reas.<\/p>\n<p>Lau, Jes\u00fas. 9789871305377<\/p>\n","protected":false},"excerpt":{"rendered":"<p>\u00bfUsted administra una unidad de informaci\u00f3n o se est\u00e1 formando para dirigirla? Esta obra es una compilaci\u00f3n de las ponencias presentadas en la tercera edici\u00f3n del coloquio internacional sobre administraci\u00f3n y liderazgo en el campo informativo. Quince expertos ?de M\u00e9xico, Chile, Canad\u00e1, Brasil? en la direcci\u00f3n de bibliotecas se re\u00fanen para tratar temas como el [&hellip;]<\/p>\n","protected":false},"featured_media":1241,"template":"","meta":{"_acf_changed":false,"_eb_attr":"","_crdt_document":"","_uag_custom_page_level_css":"","_editorskit_title_hidden":false,"_editorskit_reading_time":0,"_editorskit_is_block_options_detached":false,"_editorskit_block_options_position":"{}","site-sidebar-layout":"default","site-content-layout":"","ast-site-content-layout":"default","site-content-style":"default","site-sidebar-style":"default","ast-global-header-display":"","ast-banner-title-visibility":"","ast-main-header-display":"","ast-hfb-above-header-display":"","ast-hfb-below-header-display":"","ast-hfb-mobile-header-display":"","site-post-title":"","ast-breadcrumbs-content":"","ast-featured-img":"","footer-sml-layout":"","ast-disable-related-posts":"","theme-transparent-header-meta":"","adv-header-id-meta":"","stick-header-meta":"","header-above-stick-meta":"","header-main-stick-meta":"","header-below-stick-meta":"","astra-migrate-meta-layouts":"default","ast-page-background-enabled":"default","ast-page-background-meta":{"desktop":{"background-color":"var(--ast-global-color-4)","background-image":"","background-repeat":"repeat","background-position":"center center","background-size":"auto","background-attachment":"scroll","background-type":"","background-media":"","overlay-type":"","overlay-color":"","overlay-opacity":"","overlay-gradient":""},"tablet":{"background-color":"","background-image":"","background-repeat":"repeat","background-position":"center center","background-size":"auto","background-attachment":"scroll","background-type":"","background-media":"","overlay-type":"","overlay-color":"","overlay-opacity":"","overlay-gradient":""},"mobile":{"background-color":"","background-image":"","background-repeat":"repeat","background-position":"center center","background-size":"auto","background-attachment":"scroll","background-type":"","background-media":"","overlay-type":"","overlay-color":"","overlay-opacity":"","overlay-gradient":""}},"ast-content-background-meta":{"desktop":{"background-color":"var(--ast-global-color-5)","background-image":"","background-repeat":"repeat","background-position":"center center","background-size":"auto","background-attachment":"scroll","background-type":"","background-media":"","overlay-type":"","overlay-color":"","overlay-opacity":"","overlay-gradient":""},"tablet":{"background-color":"var(--ast-global-color-5)","background-image":"","background-repeat":"repeat","background-position":"center center","background-size":"auto","background-attachment":"scroll","background-type":"","background-media":"","overlay-type":"","overlay-color":"","overlay-opacity":"","overlay-gradient":""},"mobile":{"background-color":"var(--ast-global-color-5)","background-image":"","background-repeat":"repeat","background-position":"center center","background-size":"auto","background-attachment":"scroll","background-type":"","background-media":"","overlay-type":"","overlay-color":"","overlay-opacity":"","overlay-gradient":""}}},"product_cat":[74,28],"product_tag":[84,87,88],"class_list":{"0":"post-1240","1":"product","2":"type-product","3":"status-publish","4":"has-post-thumbnail","6":"product_cat-alfagrama","7":"product_cat-libro","8":"product_tag-bibliotecologia","9":"product_tag-gestion-de-talentos","10":"product_tag-recursos-humanos","11":"desktop-align-left","12":"tablet-align-left","13":"mobile-align-left","15":"first","16":"instock","17":"shipping-taxable","18":"purchasable","19":"product-type-simple"},"acf":[],"uagb_featured_image_src":{"full":["https:\/\/biblio1.mdp.edu.ar\/centro-ventas\/wp-content\/uploads\/sites\/2\/2018\/10\/ambLab9789871305377_T-1.jpg",370,537,false],"thumbnail":["https:\/\/biblio1.mdp.edu.ar\/centro-ventas\/wp-content\/uploads\/sites\/2\/2018\/10\/ambLab9789871305377_T-1-150x150.jpg",150,150,true],"medium":["https:\/\/biblio1.mdp.edu.ar\/centro-ventas\/wp-content\/uploads\/sites\/2\/2018\/10\/ambLab9789871305377_T-1-207x300.jpg",207,300,true],"medium_large":["https:\/\/biblio1.mdp.edu.ar\/centro-ventas\/wp-content\/uploads\/sites\/2\/2018\/10\/ambLab9789871305377_T-1.jpg",370,537,false],"large":["https:\/\/biblio1.mdp.edu.ar\/centro-ventas\/wp-content\/uploads\/sites\/2\/2018\/10\/ambLab9789871305377_T-1.jpg",370,537,false],"1536x1536":["https:\/\/biblio1.mdp.edu.ar\/centro-ventas\/wp-content\/uploads\/sites\/2\/2018\/10\/ambLab9789871305377_T-1.jpg",370,537,false],"2048x2048":["https:\/\/biblio1.mdp.edu.ar\/centro-ventas\/wp-content\/uploads\/sites\/2\/2018\/10\/ambLab9789871305377_T-1.jpg",370,537,false],"woocommerce_thumbnail":["https:\/\/biblio1.mdp.edu.ar\/centro-ventas\/wp-content\/uploads\/sites\/2\/2018\/10\/ambLab9789871305377_T-1-250x363.jpg",250,363,true],"woocommerce_single":["https:\/\/biblio1.mdp.edu.ar\/centro-ventas\/wp-content\/uploads\/sites\/2\/2018\/10\/ambLab9789871305377_T-1.jpg",370,537,false],"woocommerce_gallery_thumbnail":["https:\/\/biblio1.mdp.edu.ar\/centro-ventas\/wp-content\/uploads\/sites\/2\/2018\/10\/ambLab9789871305377_T-1-100x100.jpg",100,100,true]},"uagb_author_info":{"display_name":"Cristina Bernabe","author_link":"https:\/\/biblio1.mdp.edu.ar\/centro-ventas\/author\/"},"uagb_comment_info":0,"uagb_excerpt":"\u00bfUsted administra una unidad de informaci\u00f3n o se est\u00e1 formando para dirigirla? Esta obra es una compilaci\u00f3n de las ponencias presentadas en la tercera edici\u00f3n del coloquio internacional sobre administraci\u00f3n y liderazgo en el campo informativo. Quince expertos ?de M\u00e9xico, Chile, Canad\u00e1, Brasil? en la direcci\u00f3n de bibliotecas se re\u00fanen para tratar temas como el&hellip;","_links":{"self":[{"href":"https:\/\/biblio1.mdp.edu.ar\/centro-ventas\/wp-json\/wp\/v2\/product\/1240","targetHints":{"allow":["GET"]}}],"collection":[{"href":"https:\/\/biblio1.mdp.edu.ar\/centro-ventas\/wp-json\/wp\/v2\/product"}],"about":[{"href":"https:\/\/biblio1.mdp.edu.ar\/centro-ventas\/wp-json\/wp\/v2\/types\/product"}],"wp:featuredmedia":[{"embeddable":true,"href":"https:\/\/biblio1.mdp.edu.ar\/centro-ventas\/wp-json\/wp\/v2\/media\/1241"}],"wp:attachment":[{"href":"https:\/\/biblio1.mdp.edu.ar\/centro-ventas\/wp-json\/wp\/v2\/media?parent=1240"}],"wp:term":[{"taxonomy":"product_cat","embeddable":true,"href":"https:\/\/biblio1.mdp.edu.ar\/centro-ventas\/wp-json\/wp\/v2\/product_cat?post=1240"},{"taxonomy":"product_tag","embeddable":true,"href":"https:\/\/biblio1.mdp.edu.ar\/centro-ventas\/wp-json\/wp\/v2\/product_tag?post=1240"}],"curies":[{"name":"wp","href":"https:\/\/api.w.org\/{rel}","templated":true}]}}