{"id":1238,"date":"2018-10-09T22:08:50","date_gmt":"2018-10-10T01:08:50","guid":{"rendered":"http:\/\/biblio1.mdp.edu.ar\/centro-ventas\/?post_type=product&#038;p=1238"},"modified":"2025-09-01T17:32:51","modified_gmt":"2025-09-01T20:32:51","slug":"alfabetizacion-multiple-desde-la-biblioteca-publica","status":"publish","type":"product","link":"https:\/\/biblio1.mdp.edu.ar\/centro-ventas\/producto\/alfabetizacion-multiple-desde-la-biblioteca-publica\/","title":{"rendered":"Alfabetizaci\u00f3n m\u00faltiple desde la biblioteca p\u00fablica"},"content":{"rendered":"<p>En la actual sociedad de la informaci\u00f3n, que se encamina hacia una verdadera sociedad del conocimiento para tod@s y en la que toda persona requiere una formaci\u00f3n continua, las necesidades de alfabetizaci\u00f3n para la ciudadan\u00eda son m\u00faltiples, desde dimensiones como la informacional-digital, hasta la audiovisual, la multimedia o la intercultural. El potencial de la biblioteca p\u00fablica como catalizadora de propuestas y experiencias y como foro abierto para la alfabetizaci\u00f3n m\u00faltiple es enorme. Este libro se propone abordar las diversas facetas de las nuevas necesidades de alfabetizaci\u00f3n desde una perspectiva conceptual pero eminentemente aplicable y pr\u00e1ctica. La sociedad de la informaci\u00f3n, ligada a las redes y a las tecnolog\u00edas digitales, necesita profesionales y escenarios que articulen la formaci\u00f3n en el uso y en el acceso a la informaci\u00f3n, considerada como un derecho fundamental y b\u00e1sico de la ciudadan\u00eda del siglo XXI. En este entorno se enmarca el papel de las multialfabetiza-ciones, relacionadas con el ciclo global de la informaci\u00f3n y del conocimiento en todas sus formas y formatos, basado en la generaci\u00f3n, gesti\u00f3n, procesamiento, evaluaci\u00f3n, recuperaci\u00f3n y difusi\u00f3n de la informaci\u00f3n, con los contextos de trabajo centrados en el aprendizaje a lo largo de la vida, y con el liderazgo de la biblioteca p\u00fablica como marco de acci\u00f3n (formativo e informativo) de la ciudadan\u00eda. En este orden de cosas, este texto presenta las alfabetizaciones clave para el siglo XXI, en las que la biblioteca p\u00fablica puede y ha de convertirse en agente social de apoyo y dinamizaci\u00f3n. Comenzamos con la alfabetizaci\u00f3n b\u00e1sica desarrollada por la biblioteca p\u00fablica, la lecto-escritora, para adentrarnos despu\u00e9s en la alfabetizaci\u00f3n informativo-digital, la alfabetizaci\u00f3n multimedia, la alfabetizaci\u00f3n intercultural y, finalmente, la alfabetizaci\u00f3n m\u00faltiple, que integra, desde una perspectiva de fusi\u00f3n, aspectos de las alfabetizaciones anteriormente tratadas.<\/p>\n<p>Pinto, Mar\u00eda. 9789871305476<\/p>\n","protected":false},"excerpt":{"rendered":"<p>En la actual sociedad de la informaci\u00f3n, que se encamina hacia una verdadera sociedad del conocimiento para tod@s y en la que toda persona requiere una formaci\u00f3n continua, las necesidades de alfabetizaci\u00f3n para la ciudadan\u00eda son m\u00faltiples, desde dimensiones como la informacional-digital, hasta la audiovisual, la multimedia o la intercultural. El potencial de la biblioteca [&hellip;]<\/p>\n","protected":false},"featured_media":1239,"template":"","meta":{"_acf_changed":false,"_eb_attr":"","_crdt_document":"","_uag_custom_page_level_css":"","_editorskit_title_hidden":false,"_editorskit_reading_time":0,"_editorskit_is_block_options_detached":false,"_editorskit_block_options_position":"{}","site-sidebar-layout":"default","site-content-layout":"","ast-site-content-layout":"default","site-content-style":"default","site-sidebar-style":"default","ast-global-header-display":"","ast-banner-title-visibility":"","ast-main-header-display":"","ast-hfb-above-header-display":"","ast-hfb-below-header-display":"","ast-hfb-mobile-header-display":"","site-post-title":"","ast-breadcrumbs-content":"","ast-featured-img":"","footer-sml-layout":"","ast-disable-related-posts":"","theme-transparent-header-meta":"","adv-header-id-meta":"","stick-header-meta":"","header-above-stick-meta":"","header-main-stick-meta":"","header-below-stick-meta":"","astra-migrate-meta-layouts":"default","ast-page-background-enabled":"default","ast-page-background-meta":{"desktop":{"background-color":"var(--ast-global-color-4)","background-image":"","background-repeat":"repeat","background-position":"center center","background-size":"auto","background-attachment":"scroll","background-type":"","background-media":"","overlay-type":"","overlay-color":"","overlay-opacity":"","overlay-gradient":""},"tablet":{"background-color":"","background-image":"","background-repeat":"repeat","background-position":"center center","background-size":"auto","background-attachment":"scroll","background-type":"","background-media":"","overlay-type":"","overlay-color":"","overlay-opacity":"","overlay-gradient":""},"mobile":{"background-color":"","background-image":"","background-repeat":"repeat","background-position":"center center","background-size":"auto","background-attachment":"scroll","background-type":"","background-media":"","overlay-type":"","overlay-color":"","overlay-opacity":"","overlay-gradient":""}},"ast-content-background-meta":{"desktop":{"background-color":"var(--ast-global-color-5)","background-image":"","background-repeat":"repeat","background-position":"center center","background-size":"auto","background-attachment":"scroll","background-type":"","background-media":"","overlay-type":"","overlay-color":"","overlay-opacity":"","overlay-gradient":""},"tablet":{"background-color":"var(--ast-global-color-5)","background-image":"","background-repeat":"repeat","background-position":"center center","background-size":"auto","background-attachment":"scroll","background-type":"","background-media":"","overlay-type":"","overlay-color":"","overlay-opacity":"","overlay-gradient":""},"mobile":{"background-color":"var(--ast-global-color-5)","background-image":"","background-repeat":"repeat","background-position":"center center","background-size":"auto","background-attachment":"scroll","background-type":"","background-media":"","overlay-type":"","overlay-color":"","overlay-opacity":"","overlay-gradient":""}}},"product_cat":[74,28],"product_tag":[84],"class_list":{"0":"post-1238","1":"product","2":"type-product","3":"status-publish","4":"has-post-thumbnail","6":"product_cat-alfagrama","7":"product_cat-libro","8":"product_tag-bibliotecologia","9":"desktop-align-left","10":"tablet-align-left","11":"mobile-align-left","13":"first","14":"instock","15":"shipping-taxable","16":"purchasable","17":"product-type-simple"},"acf":[],"uagb_featured_image_src":{"full":["https:\/\/biblio1.mdp.edu.ar\/centro-ventas\/wp-content\/uploads\/sites\/2\/2018\/10\/ALF-mULT9789871305476_T-1.jpg",370,541,false],"thumbnail":["https:\/\/biblio1.mdp.edu.ar\/centro-ventas\/wp-content\/uploads\/sites\/2\/2018\/10\/ALF-mULT9789871305476_T-1-150x150.jpg",150,150,true],"medium":["https:\/\/biblio1.mdp.edu.ar\/centro-ventas\/wp-content\/uploads\/sites\/2\/2018\/10\/ALF-mULT9789871305476_T-1-205x300.jpg",205,300,true],"medium_large":["https:\/\/biblio1.mdp.edu.ar\/centro-ventas\/wp-content\/uploads\/sites\/2\/2018\/10\/ALF-mULT9789871305476_T-1.jpg",370,541,false],"large":["https:\/\/biblio1.mdp.edu.ar\/centro-ventas\/wp-content\/uploads\/sites\/2\/2018\/10\/ALF-mULT9789871305476_T-1.jpg",370,541,false],"1536x1536":["https:\/\/biblio1.mdp.edu.ar\/centro-ventas\/wp-content\/uploads\/sites\/2\/2018\/10\/ALF-mULT9789871305476_T-1.jpg",370,541,false],"2048x2048":["https:\/\/biblio1.mdp.edu.ar\/centro-ventas\/wp-content\/uploads\/sites\/2\/2018\/10\/ALF-mULT9789871305476_T-1.jpg",370,541,false],"woocommerce_thumbnail":["https:\/\/biblio1.mdp.edu.ar\/centro-ventas\/wp-content\/uploads\/sites\/2\/2018\/10\/ALF-mULT9789871305476_T-1-250x366.jpg",250,366,true],"woocommerce_single":["https:\/\/biblio1.mdp.edu.ar\/centro-ventas\/wp-content\/uploads\/sites\/2\/2018\/10\/ALF-mULT9789871305476_T-1.jpg",370,541,false],"woocommerce_gallery_thumbnail":["https:\/\/biblio1.mdp.edu.ar\/centro-ventas\/wp-content\/uploads\/sites\/2\/2018\/10\/ALF-mULT9789871305476_T-1-100x100.jpg",100,100,true]},"uagb_author_info":{"display_name":"Cristina Bernabe","author_link":"https:\/\/biblio1.mdp.edu.ar\/centro-ventas\/author\/"},"uagb_comment_info":0,"uagb_excerpt":"En la actual sociedad de la informaci\u00f3n, que se encamina hacia una verdadera sociedad del conocimiento para tod@s y en la que toda persona requiere una formaci\u00f3n continua, las necesidades de alfabetizaci\u00f3n para la ciudadan\u00eda son m\u00faltiples, desde dimensiones como la informacional-digital, hasta la audiovisual, la multimedia o la intercultural. El potencial de la biblioteca&hellip;","_links":{"self":[{"href":"https:\/\/biblio1.mdp.edu.ar\/centro-ventas\/wp-json\/wp\/v2\/product\/1238","targetHints":{"allow":["GET"]}}],"collection":[{"href":"https:\/\/biblio1.mdp.edu.ar\/centro-ventas\/wp-json\/wp\/v2\/product"}],"about":[{"href":"https:\/\/biblio1.mdp.edu.ar\/centro-ventas\/wp-json\/wp\/v2\/types\/product"}],"wp:featuredmedia":[{"embeddable":true,"href":"https:\/\/biblio1.mdp.edu.ar\/centro-ventas\/wp-json\/wp\/v2\/media\/1239"}],"wp:attachment":[{"href":"https:\/\/biblio1.mdp.edu.ar\/centro-ventas\/wp-json\/wp\/v2\/media?parent=1238"}],"wp:term":[{"taxonomy":"product_cat","embeddable":true,"href":"https:\/\/biblio1.mdp.edu.ar\/centro-ventas\/wp-json\/wp\/v2\/product_cat?post=1238"},{"taxonomy":"product_tag","embeddable":true,"href":"https:\/\/biblio1.mdp.edu.ar\/centro-ventas\/wp-json\/wp\/v2\/product_tag?post=1238"}],"curies":[{"name":"wp","href":"https:\/\/api.w.org\/{rel}","templated":true}]}}