{"id":1236,"date":"2018-10-09T22:06:08","date_gmt":"2018-10-10T01:06:08","guid":{"rendered":"http:\/\/biblio1.mdp.edu.ar\/centro-ventas\/?post_type=product&#038;p=1236"},"modified":"2025-09-01T16:14:22","modified_gmt":"2025-09-01T19:14:22","slug":"alfabetizacion-informativa-en-la-educacion","status":"publish","type":"product","link":"https:\/\/biblio1.mdp.edu.ar\/centro-ventas\/producto\/alfabetizacion-informativa-en-la-educacion\/","title":{"rendered":"Alfabetizaci\u00f3n informativa en la educaci\u00f3n para la inclusi\u00f3n"},"content":{"rendered":"<p>En la d\u00e9cada de los 80 lleg\u00f3 a la escena mundial la concepci\u00f3n del t\u00e9rmino brecha digital, como un camino para legitimar el acceso a la informaci\u00f3n y a la tecnolog\u00eda. Desde entonces, los gobiernos de los pa\u00edses y los organismos internacionales enfocados al desarrollo de las sociedades tales como la Organizaci\u00f3n para la Cooperaci\u00f3n y el Desarrollo Econ\u00f3mico (OCDE), la Organizaci\u00f3n de las Naciones Unidas para la Educaci\u00f3n, la Ciencia y la Cultura (Unesco), entre otros, han realizado esfuerzos estrat\u00e9gicos orientados a la medici\u00f3n y disminuci\u00f3n de la brecha digital, en consideraci\u00f3n de los diferentes niveles de absorci\u00f3n que existe con relaci\u00f3n al manejo de las tecnolog\u00edas de la informaci\u00f3n y la comunicaci\u00f3n (TIC). A la par de estas transformaciones, se encuentran otros dos t\u00e9rminos como lo es el de alfabetizaci\u00f3n en informaci\u00f3n (Alfin) e inclusi\u00f3n social. En la Proclamaci\u00f3n de Alejandr\u00eda en la que en 2005 se menciona la importancia de la Alfin dentro del aprendizaje a lo largo de la vida, haci\u00e9ndose alusi\u00f3n a que a trav\u00e9s de este tipo de alfabetizaci\u00f3n se contribuye a la formaci\u00f3n de la gente de toda clase y condici\u00f3n en buscar, evaluar, utilizar y crear informaci\u00f3n orientada a la consecuci\u00f3n de metas de car\u00e1cter personal, social, ocupacional y educativo, estableciendo un derecho humano fundamental en el mundo digital y promoviendo la inclusi\u00f3n social de todas las naciones. El concepto de inclusi\u00f3n social por su parte, se ve rodeado de algunos otros como el de ciudadan\u00eda, democracia y cohesi\u00f3n social. Ante este panorama, son variados los actores que trabajan en beneficio de la inclusi\u00f3n social, tales como: pol\u00edticos, empresarios, investigadores, docentes, profesionales de la informaci\u00f3n, principalmente, quienes desde sus propios \u00e1mbitos de competencia, pugnan por la inclusi\u00f3n social, abonando en la co-construcci\u00f3n de sociedades cada vez m\u00e1s democr\u00e1ticas y libres. Este libro es producto del trabajo llevado a cabo por investigadores y profesionales de la informaci\u00f3n de diferentes latitudes, quienes desde sus propios pa\u00edses (Brasil, Espa\u00f1a, M\u00e9xico, Puerto Rico y Rumania) se esfuerzan por contribuir en la generaci\u00f3n de conocimientos en temas en los que las universidades no han permanecido ajenas, al ser uno de sus principales objetivos, la formaci\u00f3n de ciudadanos cr\u00edticos y comprometidos con su sociedad. Mears Delgado, Berenice; Marzal Garc\u00eda-Quismondo, Miguel \u00c1ngel; Montano, Duran; Lau, Jes\u00fas. 9789871305957<\/p>\n<div class=\"woocommerce-product-rating\">\n<div class=\"star-rating\" title=\"Rated 4.50 out of 5\"><\/div>\n<\/div>\n<p>&nbsp;<\/p>\n<p>&nbsp;<\/p>\n","protected":false},"excerpt":{"rendered":"<p>Alfabetizaci\u00f3n informativa en la educaci\u00f3n para la inclusi\u00f3n social<\/p>\n","protected":false},"featured_media":1237,"template":"","meta":{"_acf_changed":false,"_eb_attr":"","_crdt_document":"","_uag_custom_page_level_css":"","_editorskit_title_hidden":false,"_editorskit_reading_time":0,"_editorskit_is_block_options_detached":false,"_editorskit_block_options_position":"{}","site-sidebar-layout":"default","site-content-layout":"default","ast-site-content-layout":"default","site-content-style":"default","site-sidebar-style":"default","ast-global-header-display":"","ast-banner-title-visibility":"","ast-main-header-display":"","ast-hfb-above-header-display":"","ast-hfb-below-header-display":"","ast-hfb-mobile-header-display":"","site-post-title":"","ast-breadcrumbs-content":"","ast-featured-img":"","footer-sml-layout":"","ast-disable-related-posts":"","theme-transparent-header-meta":"default","adv-header-id-meta":"","stick-header-meta":"","header-above-stick-meta":"","header-main-stick-meta":"","header-below-stick-meta":"","astra-migrate-meta-layouts":"default","ast-page-background-enabled":"default","ast-page-background-meta":{"desktop":{"background-color":"var(--ast-global-color-4)","background-image":"","background-repeat":"repeat","background-position":"center center","background-size":"auto","background-attachment":"scroll","background-type":"","background-media":"","overlay-type":"","overlay-color":"","overlay-opacity":"","overlay-gradient":""},"tablet":{"background-color":"","background-image":"","background-repeat":"repeat","background-position":"center center","background-size":"auto","background-attachment":"scroll","background-type":"","background-media":"","overlay-type":"","overlay-color":"","overlay-opacity":"","overlay-gradient":""},"mobile":{"background-color":"","background-image":"","background-repeat":"repeat","background-position":"center center","background-size":"auto","background-attachment":"scroll","background-type":"","background-media":"","overlay-type":"","overlay-color":"","overlay-opacity":"","overlay-gradient":""}},"ast-content-background-meta":{"desktop":{"background-color":"var(--ast-global-color-5)","background-image":"","background-repeat":"repeat","background-position":"center center","background-size":"auto","background-attachment":"scroll","background-type":"","background-media":"","overlay-type":"","overlay-color":"","overlay-opacity":"","overlay-gradient":""},"tablet":{"background-color":"var(--ast-global-color-5)","background-image":"","background-repeat":"repeat","background-position":"center center","background-size":"auto","background-attachment":"scroll","background-type":"","background-media":"","overlay-type":"","overlay-color":"","overlay-opacity":"","overlay-gradient":""},"mobile":{"background-color":"var(--ast-global-color-5)","background-image":"","background-repeat":"repeat","background-position":"center center","background-size":"auto","background-attachment":"scroll","background-type":"","background-media":"","overlay-type":"","overlay-color":"","overlay-opacity":"","overlay-gradient":""}}},"product_cat":[74,28],"product_tag":[],"class_list":{"0":"post-1236","1":"product","2":"type-product","3":"status-publish","4":"has-post-thumbnail","6":"product_cat-alfagrama","7":"product_cat-libro","8":"desktop-align-left","9":"tablet-align-left","10":"mobile-align-left","12":"first","13":"instock","14":"shipping-taxable","15":"purchasable","16":"product-type-simple"},"acf":[],"uagb_featured_image_src":{"full":["https:\/\/biblio1.mdp.edu.ar\/centro-ventas\/wp-content\/uploads\/sites\/2\/2018\/10\/alfabetizacion-informativa.jpg",370,543,false],"thumbnail":["https:\/\/biblio1.mdp.edu.ar\/centro-ventas\/wp-content\/uploads\/sites\/2\/2018\/10\/alfabetizacion-informativa-150x150.jpg",150,150,true],"medium":["https:\/\/biblio1.mdp.edu.ar\/centro-ventas\/wp-content\/uploads\/sites\/2\/2018\/10\/alfabetizacion-informativa-204x300.jpg",204,300,true],"medium_large":["https:\/\/biblio1.mdp.edu.ar\/centro-ventas\/wp-content\/uploads\/sites\/2\/2018\/10\/alfabetizacion-informativa.jpg",370,543,false],"large":["https:\/\/biblio1.mdp.edu.ar\/centro-ventas\/wp-content\/uploads\/sites\/2\/2018\/10\/alfabetizacion-informativa.jpg",370,543,false],"1536x1536":["https:\/\/biblio1.mdp.edu.ar\/centro-ventas\/wp-content\/uploads\/sites\/2\/2018\/10\/alfabetizacion-informativa.jpg",370,543,false],"2048x2048":["https:\/\/biblio1.mdp.edu.ar\/centro-ventas\/wp-content\/uploads\/sites\/2\/2018\/10\/alfabetizacion-informativa.jpg",370,543,false],"woocommerce_thumbnail":["https:\/\/biblio1.mdp.edu.ar\/centro-ventas\/wp-content\/uploads\/sites\/2\/2018\/10\/alfabetizacion-informativa-250x367.jpg",250,367,true],"woocommerce_single":["https:\/\/biblio1.mdp.edu.ar\/centro-ventas\/wp-content\/uploads\/sites\/2\/2018\/10\/alfabetizacion-informativa.jpg",370,543,false],"woocommerce_gallery_thumbnail":["https:\/\/biblio1.mdp.edu.ar\/centro-ventas\/wp-content\/uploads\/sites\/2\/2018\/10\/alfabetizacion-informativa-100x100.jpg",100,100,true]},"uagb_author_info":{"display_name":"Cristina Bernabe","author_link":"https:\/\/biblio1.mdp.edu.ar\/centro-ventas\/author\/"},"uagb_comment_info":0,"uagb_excerpt":"Alfabetizaci\u00f3n informativa en la educaci\u00f3n para la inclusi\u00f3n social","_links":{"self":[{"href":"https:\/\/biblio1.mdp.edu.ar\/centro-ventas\/wp-json\/wp\/v2\/product\/1236","targetHints":{"allow":["GET"]}}],"collection":[{"href":"https:\/\/biblio1.mdp.edu.ar\/centro-ventas\/wp-json\/wp\/v2\/product"}],"about":[{"href":"https:\/\/biblio1.mdp.edu.ar\/centro-ventas\/wp-json\/wp\/v2\/types\/product"}],"wp:featuredmedia":[{"embeddable":true,"href":"https:\/\/biblio1.mdp.edu.ar\/centro-ventas\/wp-json\/wp\/v2\/media\/1237"}],"wp:attachment":[{"href":"https:\/\/biblio1.mdp.edu.ar\/centro-ventas\/wp-json\/wp\/v2\/media?parent=1236"}],"wp:term":[{"taxonomy":"product_cat","embeddable":true,"href":"https:\/\/biblio1.mdp.edu.ar\/centro-ventas\/wp-json\/wp\/v2\/product_cat?post=1236"},{"taxonomy":"product_tag","embeddable":true,"href":"https:\/\/biblio1.mdp.edu.ar\/centro-ventas\/wp-json\/wp\/v2\/product_tag?post=1236"}],"curies":[{"name":"wp","href":"https:\/\/api.w.org\/{rel}","templated":true}]}}