{"id":1234,"date":"2018-10-09T21:52:26","date_gmt":"2018-10-10T00:52:26","guid":{"rendered":"http:\/\/biblio1.mdp.edu.ar\/centro-ventas\/?post_type=product&#038;p=1234"},"modified":"2025-09-01T16:14:04","modified_gmt":"2025-09-01T19:14:04","slug":"alfabetizacion-informacional","status":"publish","type":"product","link":"https:\/\/biblio1.mdp.edu.ar\/centro-ventas\/producto\/alfabetizacion-informacional\/","title":{"rendered":"Alfabetizaci\u00f3n informacional"},"content":{"rendered":"<div class=\"container\">\n<div class=\"right-detail content-tab col-md-8 col-sm-12 col-xs-12 book-center\">\n<div id=\"over-view\" class=\"book-desc-detail book-tab-show\"><span class=\"detail-desc box-detail-desc\">Los cambios operados a escala global han llevado a muchos especialistas a plantear la necesidad de fraguar una nueva sociedad. As\u00ed, cuando se aborda para su proyecci\u00f3n la nueva sociedad a la que se aspira y se pretende construir, -sea denominada de la Informaci\u00f3n, del Conocimiento o del Aprendizaje-, siempre se hace alusi\u00f3n a la necesidad de garantizar los derechos pol\u00edticos, sociales, econ\u00f3micos y culturales de todos los seres humanos. No obstante, esta garant\u00eda no puede asegurarse si no se crean las condiciones necesarias para el acceso y uso de la informaci\u00f3n y el conocimiento; pues ellos son elementos clave para instaurar la democracia participativa, la responsabilidad social, la transparencia y la protecci\u00f3n social en los escenarios societales contempor\u00e1neos. Las peculiaridades del momento hist\u00f3rico que atraviesa la sociedad le imprimen una din\u00e1mica diferente a la funci\u00f3n educativa de los profesionales e instituciones de la informaci\u00f3n, lo que ha llevado a la emergencia de la Alfabetizaci\u00f3n informacional. As\u00ed se presenta esta obra con la intenci\u00f3n de invitar a la reflexi\u00f3n sobre c\u00f3mo enfrentar el reto de participar y liderar procesos de Alfabetizaci\u00f3n Informacional. Este se considera un proceso formativo que alude no solo a la formaci\u00f3n de valores, la adquisici\u00f3n de habilidades y conocimientos sino adem\u00e1s a la preparaci\u00f3n ciudadana para el ejercicio de sus derechos. Por tanto, en este libro usted encontrar\u00e1 no solo el desarrollo te\u00f3rico alcanzado sino tambi\u00e9n algunas cuestiones pr\u00e1cticas de un proceso que posee como objetivo fundamental el aprendizaje de un conjunto de habilidades y conocimientos que permitan el reconocimiento de la necesidad de informaci\u00f3n, la optimizaci\u00f3n de los procesos de producci\u00f3n, b\u00fasqueda, obtenci\u00f3n, evaluaci\u00f3n, utilizaci\u00f3n de la informaci\u00f3n y la maximizaci\u00f3n de la explotaci\u00f3n de las herramientas y fuentes de informaci\u00f3n, educando en la flexibilidad, en el pensamiento cr\u00edtico y en la capacidad de aprendizaje a aprender durante toda la vida; fomentando el desarrollo de valores \u00e9ticos en la interacci\u00f3n con la informaci\u00f3n. Lahera, Y.M. 9789871305193<\/span><\/div>\n<\/div>\n<\/div>\n<div class=\"container border\"><\/div>\n","protected":false},"excerpt":{"rendered":"<h1 class=\"product_title entry-title\"><\/h1>\n<p>&nbsp;<\/p>\n<p>&nbsp;<\/p>\n","protected":false},"featured_media":1235,"template":"","meta":{"_acf_changed":false,"_eb_attr":"","_crdt_document":"","_uag_custom_page_level_css":"","_editorskit_title_hidden":false,"_editorskit_reading_time":0,"_editorskit_is_block_options_detached":false,"_editorskit_block_options_position":"{}","site-sidebar-layout":"default","site-content-layout":"","ast-site-content-layout":"default","site-content-style":"default","site-sidebar-style":"default","ast-global-header-display":"","ast-banner-title-visibility":"","ast-main-header-display":"","ast-hfb-above-header-display":"","ast-hfb-below-header-display":"","ast-hfb-mobile-header-display":"","site-post-title":"","ast-breadcrumbs-content":"","ast-featured-img":"","footer-sml-layout":"","ast-disable-related-posts":"","theme-transparent-header-meta":"","adv-header-id-meta":"","stick-header-meta":"","header-above-stick-meta":"","header-main-stick-meta":"","header-below-stick-meta":"","astra-migrate-meta-layouts":"default","ast-page-background-enabled":"default","ast-page-background-meta":{"desktop":{"background-color":"var(--ast-global-color-4)","background-image":"","background-repeat":"repeat","background-position":"center center","background-size":"auto","background-attachment":"scroll","background-type":"","background-media":"","overlay-type":"","overlay-color":"","overlay-opacity":"","overlay-gradient":""},"tablet":{"background-color":"","background-image":"","background-repeat":"repeat","background-position":"center center","background-size":"auto","background-attachment":"scroll","background-type":"","background-media":"","overlay-type":"","overlay-color":"","overlay-opacity":"","overlay-gradient":""},"mobile":{"background-color":"","background-image":"","background-repeat":"repeat","background-position":"center center","background-size":"auto","background-attachment":"scroll","background-type":"","background-media":"","overlay-type":"","overlay-color":"","overlay-opacity":"","overlay-gradient":""}},"ast-content-background-meta":{"desktop":{"background-color":"var(--ast-global-color-5)","background-image":"","background-repeat":"repeat","background-position":"center center","background-size":"auto","background-attachment":"scroll","background-type":"","background-media":"","overlay-type":"","overlay-color":"","overlay-opacity":"","overlay-gradient":""},"tablet":{"background-color":"var(--ast-global-color-5)","background-image":"","background-repeat":"repeat","background-position":"center center","background-size":"auto","background-attachment":"scroll","background-type":"","background-media":"","overlay-type":"","overlay-color":"","overlay-opacity":"","overlay-gradient":""},"mobile":{"background-color":"var(--ast-global-color-5)","background-image":"","background-repeat":"repeat","background-position":"center center","background-size":"auto","background-attachment":"scroll","background-type":"","background-media":"","overlay-type":"","overlay-color":"","overlay-opacity":"","overlay-gradient":""}}},"product_cat":[74,28],"product_tag":[89],"class_list":{"0":"post-1234","1":"product","2":"type-product","3":"status-publish","4":"has-post-thumbnail","6":"product_cat-alfagrama","7":"product_cat-libro","8":"product_tag-ciencias-de-la-informacion","9":"desktop-align-left","10":"tablet-align-left","11":"mobile-align-left","13":"first","14":"instock","15":"shipping-taxable","16":"purchasable","17":"product-type-simple"},"acf":[],"uagb_featured_image_src":{"full":["https:\/\/biblio1.mdp.edu.ar\/centro-ventas\/wp-content\/uploads\/sites\/2\/2018\/10\/Alf-inform9789871305193_T-1.jpg",370,535,false],"thumbnail":["https:\/\/biblio1.mdp.edu.ar\/centro-ventas\/wp-content\/uploads\/sites\/2\/2018\/10\/Alf-inform9789871305193_T-1-150x150.jpg",150,150,true],"medium":["https:\/\/biblio1.mdp.edu.ar\/centro-ventas\/wp-content\/uploads\/sites\/2\/2018\/10\/Alf-inform9789871305193_T-1-207x300.jpg",207,300,true],"medium_large":["https:\/\/biblio1.mdp.edu.ar\/centro-ventas\/wp-content\/uploads\/sites\/2\/2018\/10\/Alf-inform9789871305193_T-1.jpg",370,535,false],"large":["https:\/\/biblio1.mdp.edu.ar\/centro-ventas\/wp-content\/uploads\/sites\/2\/2018\/10\/Alf-inform9789871305193_T-1.jpg",370,535,false],"1536x1536":["https:\/\/biblio1.mdp.edu.ar\/centro-ventas\/wp-content\/uploads\/sites\/2\/2018\/10\/Alf-inform9789871305193_T-1.jpg",370,535,false],"2048x2048":["https:\/\/biblio1.mdp.edu.ar\/centro-ventas\/wp-content\/uploads\/sites\/2\/2018\/10\/Alf-inform9789871305193_T-1.jpg",370,535,false],"woocommerce_thumbnail":["https:\/\/biblio1.mdp.edu.ar\/centro-ventas\/wp-content\/uploads\/sites\/2\/2018\/10\/Alf-inform9789871305193_T-1-250x361.jpg",250,361,true],"woocommerce_single":["https:\/\/biblio1.mdp.edu.ar\/centro-ventas\/wp-content\/uploads\/sites\/2\/2018\/10\/Alf-inform9789871305193_T-1.jpg",370,535,false],"woocommerce_gallery_thumbnail":["https:\/\/biblio1.mdp.edu.ar\/centro-ventas\/wp-content\/uploads\/sites\/2\/2018\/10\/Alf-inform9789871305193_T-1-100x100.jpg",100,100,true]},"uagb_author_info":{"display_name":"Cristina Bernabe","author_link":"https:\/\/biblio1.mdp.edu.ar\/centro-ventas\/author\/"},"uagb_comment_info":0,"uagb_excerpt":"&nbsp; &nbsp;","_links":{"self":[{"href":"https:\/\/biblio1.mdp.edu.ar\/centro-ventas\/wp-json\/wp\/v2\/product\/1234","targetHints":{"allow":["GET"]}}],"collection":[{"href":"https:\/\/biblio1.mdp.edu.ar\/centro-ventas\/wp-json\/wp\/v2\/product"}],"about":[{"href":"https:\/\/biblio1.mdp.edu.ar\/centro-ventas\/wp-json\/wp\/v2\/types\/product"}],"wp:featuredmedia":[{"embeddable":true,"href":"https:\/\/biblio1.mdp.edu.ar\/centro-ventas\/wp-json\/wp\/v2\/media\/1235"}],"wp:attachment":[{"href":"https:\/\/biblio1.mdp.edu.ar\/centro-ventas\/wp-json\/wp\/v2\/media?parent=1234"}],"wp:term":[{"taxonomy":"product_cat","embeddable":true,"href":"https:\/\/biblio1.mdp.edu.ar\/centro-ventas\/wp-json\/wp\/v2\/product_cat?post=1234"},{"taxonomy":"product_tag","embeddable":true,"href":"https:\/\/biblio1.mdp.edu.ar\/centro-ventas\/wp-json\/wp\/v2\/product_tag?post=1234"}],"curies":[{"name":"wp","href":"https:\/\/api.w.org\/{rel}","templated":true}]}}