{"id":1231,"date":"2018-10-09T21:45:40","date_gmt":"2018-10-10T00:45:40","guid":{"rendered":"http:\/\/biblio1.mdp.edu.ar\/centro-ventas\/?post_type=product&#038;p=1231"},"modified":"2025-09-01T16:13:51","modified_gmt":"2025-09-01T19:13:51","slug":"administracion-de-documentos-y-archivos","status":"publish","type":"product","link":"https:\/\/biblio1.mdp.edu.ar\/centro-ventas\/producto\/administracion-de-documentos-y-archivos\/","title":{"rendered":"Administraci\u00f3n de documentos y archivos"},"content":{"rendered":"<p><span style=\"font-size: 1rem;line-height: 1.66\">Los documentos que usa nuestra sociedad nos rodean y sumergen. Sin ellos no podemos vivir. Esta caracter\u00edstica, agudizada y en crecimiento continuo despu\u00e9s de la segunda mitad del siglo XX, \u00bfno puede ser usada para elevar el nivel de vida democr\u00e1tica mientras est\u00e1n vigentes y activos? \u00bfPor qu\u00e9 hemos de esperar a que se conviertan en Hist\u00f3ricos para descubrir su utilizaci\u00f3n pr\u00e1ctica? Las sociedades iberoamericanas -en mayor o menor grado- estamos padeciendo enfermedades de nuestros sistemas democr\u00e1ticos. Los llamados \u00abdocumentos de archivo\u00bb, su tramitaci\u00f3n, y la circulaci\u00f3n de la informaci\u00f3n en ellos contenida tienen una vinculaci\u00f3n poco observada con lo que se llama burocracia. \u00bfQu\u00e9 pasar\u00eda si nosotros, los Administradores de Documentos y Archivos, busc\u00e1ramos convertir la tramitaci\u00f3n y la circulaci\u00f3n de informaci\u00f3n en una red de autopistas, en vez de una telara\u00f1a? En este libro se alinean los conceptos y definiciones de los t\u00e9rminos fundamentales de la antigua Archiv\u00edstica -hoy Ciencia de la Administraci\u00f3n de los Documentos y Archivos-en prosecuci\u00f3n de los objetivos arriba sugeridos. De ninguna manera desconocemos o menospreciamos los aportes anteriores. Tomamos de su virtualidad y riqueza lo que nos pide el tiempo y lugar al que nos toca servir. V\u00e1zquez Murillo, Manuel. 9789871305445<\/span><\/p>\n<div class=\"container border\"><\/div>\n","protected":false},"excerpt":{"rendered":"<p>Los documentos que usa nuestra sociedad nos rodean y sumergen. Sin ellos no podemos vivir. Esta caracter\u00edstica, agudizada y en crecimiento continuo despu\u00e9s de la segunda mitad del siglo XX, \u00bfno puede ser usada para elevar el nivel de vida democr\u00e1tica mientras est\u00e1n vigentes y activos? \u00bfPor qu\u00e9 hemos de esperar a que se conviertan [&hellip;]<\/p>\n","protected":false},"featured_media":1232,"template":"","meta":{"_acf_changed":false,"_eb_attr":"","_crdt_document":"","_uag_custom_page_level_css":"","_editorskit_title_hidden":false,"_editorskit_reading_time":0,"_editorskit_is_block_options_detached":false,"_editorskit_block_options_position":"{}","site-sidebar-layout":"default","site-content-layout":"","ast-site-content-layout":"default","site-content-style":"default","site-sidebar-style":"default","ast-global-header-display":"","ast-banner-title-visibility":"","ast-main-header-display":"","ast-hfb-above-header-display":"","ast-hfb-below-header-display":"","ast-hfb-mobile-header-display":"","site-post-title":"","ast-breadcrumbs-content":"","ast-featured-img":"","footer-sml-layout":"","ast-disable-related-posts":"","theme-transparent-header-meta":"","adv-header-id-meta":"","stick-header-meta":"","header-above-stick-meta":"","header-main-stick-meta":"","header-below-stick-meta":"","astra-migrate-meta-layouts":"default","ast-page-background-enabled":"default","ast-page-background-meta":{"desktop":{"background-color":"var(--ast-global-color-4)","background-image":"","background-repeat":"repeat","background-position":"center center","background-size":"auto","background-attachment":"scroll","background-type":"","background-media":"","overlay-type":"","overlay-color":"","overlay-opacity":"","overlay-gradient":""},"tablet":{"background-color":"","background-image":"","background-repeat":"repeat","background-position":"center center","background-size":"auto","background-attachment":"scroll","background-type":"","background-media":"","overlay-type":"","overlay-color":"","overlay-opacity":"","overlay-gradient":""},"mobile":{"background-color":"","background-image":"","background-repeat":"repeat","background-position":"center center","background-size":"auto","background-attachment":"scroll","background-type":"","background-media":"","overlay-type":"","overlay-color":"","overlay-opacity":"","overlay-gradient":""}},"ast-content-background-meta":{"desktop":{"background-color":"var(--ast-global-color-5)","background-image":"","background-repeat":"repeat","background-position":"center center","background-size":"auto","background-attachment":"scroll","background-type":"","background-media":"","overlay-type":"","overlay-color":"","overlay-opacity":"","overlay-gradient":""},"tablet":{"background-color":"var(--ast-global-color-5)","background-image":"","background-repeat":"repeat","background-position":"center center","background-size":"auto","background-attachment":"scroll","background-type":"","background-media":"","overlay-type":"","overlay-color":"","overlay-opacity":"","overlay-gradient":""},"mobile":{"background-color":"var(--ast-global-color-5)","background-image":"","background-repeat":"repeat","background-position":"center center","background-size":"auto","background-attachment":"scroll","background-type":"","background-media":"","overlay-type":"","overlay-color":"","overlay-opacity":"","overlay-gradient":""}}},"product_cat":[74,28],"product_tag":[90],"class_list":{"0":"post-1231","1":"product","2":"type-product","3":"status-publish","4":"has-post-thumbnail","6":"product_cat-alfagrama","7":"product_cat-libro","8":"product_tag-archivistica","9":"desktop-align-left","10":"tablet-align-left","11":"mobile-align-left","13":"first","14":"instock","15":"shipping-taxable","16":"purchasable","17":"product-type-simple"},"acf":[],"uagb_featured_image_src":{"full":["https:\/\/biblio1.mdp.edu.ar\/centro-ventas\/wp-content\/uploads\/sites\/2\/2018\/10\/AdmDeDocyArc-9789871305445_T-1..jpg",370,548,false],"thumbnail":["https:\/\/biblio1.mdp.edu.ar\/centro-ventas\/wp-content\/uploads\/sites\/2\/2018\/10\/AdmDeDocyArc-9789871305445_T-1.-150x150.jpg",150,150,true],"medium":["https:\/\/biblio1.mdp.edu.ar\/centro-ventas\/wp-content\/uploads\/sites\/2\/2018\/10\/AdmDeDocyArc-9789871305445_T-1.-203x300.jpg",203,300,true],"medium_large":["https:\/\/biblio1.mdp.edu.ar\/centro-ventas\/wp-content\/uploads\/sites\/2\/2018\/10\/AdmDeDocyArc-9789871305445_T-1..jpg",370,548,false],"large":["https:\/\/biblio1.mdp.edu.ar\/centro-ventas\/wp-content\/uploads\/sites\/2\/2018\/10\/AdmDeDocyArc-9789871305445_T-1..jpg",370,548,false],"1536x1536":["https:\/\/biblio1.mdp.edu.ar\/centro-ventas\/wp-content\/uploads\/sites\/2\/2018\/10\/AdmDeDocyArc-9789871305445_T-1..jpg",370,548,false],"2048x2048":["https:\/\/biblio1.mdp.edu.ar\/centro-ventas\/wp-content\/uploads\/sites\/2\/2018\/10\/AdmDeDocyArc-9789871305445_T-1..jpg",370,548,false],"woocommerce_thumbnail":["https:\/\/biblio1.mdp.edu.ar\/centro-ventas\/wp-content\/uploads\/sites\/2\/2018\/10\/AdmDeDocyArc-9789871305445_T-1.-250x370.jpg",250,370,true],"woocommerce_single":["https:\/\/biblio1.mdp.edu.ar\/centro-ventas\/wp-content\/uploads\/sites\/2\/2018\/10\/AdmDeDocyArc-9789871305445_T-1..jpg",370,548,false],"woocommerce_gallery_thumbnail":["https:\/\/biblio1.mdp.edu.ar\/centro-ventas\/wp-content\/uploads\/sites\/2\/2018\/10\/AdmDeDocyArc-9789871305445_T-1.-100x100.jpg",100,100,true]},"uagb_author_info":{"display_name":"Cristina Bernabe","author_link":"https:\/\/biblio1.mdp.edu.ar\/centro-ventas\/author\/"},"uagb_comment_info":0,"uagb_excerpt":"Los documentos que usa nuestra sociedad nos rodean y sumergen. Sin ellos no podemos vivir. Esta caracter\u00edstica, agudizada y en crecimiento continuo despu\u00e9s de la segunda mitad del siglo XX, \u00bfno puede ser usada para elevar el nivel de vida democr\u00e1tica mientras est\u00e1n vigentes y activos? \u00bfPor qu\u00e9 hemos de esperar a que se conviertan&hellip;","_links":{"self":[{"href":"https:\/\/biblio1.mdp.edu.ar\/centro-ventas\/wp-json\/wp\/v2\/product\/1231","targetHints":{"allow":["GET"]}}],"collection":[{"href":"https:\/\/biblio1.mdp.edu.ar\/centro-ventas\/wp-json\/wp\/v2\/product"}],"about":[{"href":"https:\/\/biblio1.mdp.edu.ar\/centro-ventas\/wp-json\/wp\/v2\/types\/product"}],"wp:featuredmedia":[{"embeddable":true,"href":"https:\/\/biblio1.mdp.edu.ar\/centro-ventas\/wp-json\/wp\/v2\/media\/1232"}],"wp:attachment":[{"href":"https:\/\/biblio1.mdp.edu.ar\/centro-ventas\/wp-json\/wp\/v2\/media?parent=1231"}],"wp:term":[{"taxonomy":"product_cat","embeddable":true,"href":"https:\/\/biblio1.mdp.edu.ar\/centro-ventas\/wp-json\/wp\/v2\/product_cat?post=1231"},{"taxonomy":"product_tag","embeddable":true,"href":"https:\/\/biblio1.mdp.edu.ar\/centro-ventas\/wp-json\/wp\/v2\/product_tag?post=1231"}],"curies":[{"name":"wp","href":"https:\/\/api.w.org\/{rel}","templated":true}]}}