{"id":1227,"date":"2018-10-09T17:28:42","date_gmt":"2018-10-09T20:28:42","guid":{"rendered":"http:\/\/biblio1.mdp.edu.ar\/centro-ventas\/?post_type=product&#038;p=1227"},"modified":"2025-09-01T16:13:37","modified_gmt":"2025-09-01T19:13:37","slug":"acceso-a-la-informacion-de-las-personas-con-discapacidad-visual","status":"publish","type":"product","link":"https:\/\/biblio1.mdp.edu.ar\/centro-ventas\/producto\/acceso-a-la-informacion-de-las-personas-con-discapacidad-visual\/","title":{"rendered":"Acceso a la informaci\u00f3n de las personas con discapacidad visual."},"content":{"rendered":"<p>La Biblioteca, cuyos or\u00edgenes se pierden en la Antig\u00fcedad m\u00e1s remota, es una de las instituciones sociales clave en el desarrollo y la evoluci\u00f3n cultural de la Humanidad. La expansi\u00f3n y consolidaci\u00f3n de la biblioteca p\u00fablica muestra su papel fundamental en la difusi\u00f3n democr\u00e1tica del conocimiento y la informaci\u00f3n, en tanto que las deficiencias en la dotaci\u00f3n de servicios bibliotecarios p\u00fablicos ponen de manifiesto las consecuencias de esta grave carencia en la organizaci\u00f3n social, educativa y cultural. En un mundo en el que prevalecen y se agudizan las desigualdades econ\u00f3micas y sociales, resultan a\u00fan m\u00e1s contradictorias las que se refieren al libre acceso a la informaci\u00f3n y a la cultura, y afectan a colectivos secularmente marginados, en comunidades tradicionalmente desfavorecidas. En los pa\u00edses m\u00e1s desarrollados, los grupos organizados de personas con discapacidad visual han sabido dotarse de magn\u00edficas bibliotecas, instrumento indispensable para su promoci\u00f3n educativa, cultural y laboral, en definitiva para su integraci\u00f3n en el cuerpo social. Pero, \u00bfcu\u00e1l es la situaci\u00f3n en la Am\u00e9rica Latina? \u00bfc\u00f3mo pueden ayudar las bibliotecas latinoamericanas a la emancipaci\u00f3n de los ciudadanos con discapacidad visual? Este libro de Isabel Pi\u00f1eros, basado en su tesis doctoral, realizada en la Universidad Carlos III de Madrid (Espa\u00f1a), analiza rigurosamente y desde una perspectiva global, la significaci\u00f3n de la biblioteca en las posibilidades de acceso a la informaci\u00f3n de las personas con discapacidad visual, su evoluci\u00f3n tanto en los pa\u00edses m\u00e1s avanzados como en la diversidad de naciones latinoamericanas y, lo que es m\u00e1s importante, realiza un diagn\u00f3stico de las necesidades existentes y propone un modelo din\u00e1mico, flexible, y con las virtualidades necesarias para favorecer su apli- caci\u00f3n en aquellos entornos en los que se requiera potenciar el papel de la biblioteca como elemento nivelador de las necesidades de colectivos injustamente relegados. Pi\u00f1eros, Isabel. 9789871305391<\/p>\n<p>&nbsp;<\/p>\n","protected":false},"excerpt":{"rendered":"<div class=\"product_meta\"><\/div>\n<p>&nbsp;<\/p>\n","protected":false},"featured_media":1228,"template":"","meta":{"_acf_changed":false,"_eb_attr":"","_crdt_document":"","_uag_custom_page_level_css":"","_editorskit_title_hidden":false,"_editorskit_reading_time":0,"_editorskit_is_block_options_detached":false,"_editorskit_block_options_position":"{}","site-sidebar-layout":"default","site-content-layout":"","ast-site-content-layout":"default","site-content-style":"default","site-sidebar-style":"default","ast-global-header-display":"","ast-banner-title-visibility":"","ast-main-header-display":"","ast-hfb-above-header-display":"","ast-hfb-below-header-display":"","ast-hfb-mobile-header-display":"","site-post-title":"","ast-breadcrumbs-content":"","ast-featured-img":"","footer-sml-layout":"","ast-disable-related-posts":"","theme-transparent-header-meta":"","adv-header-id-meta":"","stick-header-meta":"","header-above-stick-meta":"","header-main-stick-meta":"","header-below-stick-meta":"","astra-migrate-meta-layouts":"default","ast-page-background-enabled":"default","ast-page-background-meta":{"desktop":{"background-color":"var(--ast-global-color-4)","background-image":"","background-repeat":"repeat","background-position":"center center","background-size":"auto","background-attachment":"scroll","background-type":"","background-media":"","overlay-type":"","overlay-color":"","overlay-opacity":"","overlay-gradient":""},"tablet":{"background-color":"","background-image":"","background-repeat":"repeat","background-position":"center center","background-size":"auto","background-attachment":"scroll","background-type":"","background-media":"","overlay-type":"","overlay-color":"","overlay-opacity":"","overlay-gradient":""},"mobile":{"background-color":"","background-image":"","background-repeat":"repeat","background-position":"center center","background-size":"auto","background-attachment":"scroll","background-type":"","background-media":"","overlay-type":"","overlay-color":"","overlay-opacity":"","overlay-gradient":""}},"ast-content-background-meta":{"desktop":{"background-color":"var(--ast-global-color-5)","background-image":"","background-repeat":"repeat","background-position":"center center","background-size":"auto","background-attachment":"scroll","background-type":"","background-media":"","overlay-type":"","overlay-color":"","overlay-opacity":"","overlay-gradient":""},"tablet":{"background-color":"var(--ast-global-color-5)","background-image":"","background-repeat":"repeat","background-position":"center center","background-size":"auto","background-attachment":"scroll","background-type":"","background-media":"","overlay-type":"","overlay-color":"","overlay-opacity":"","overlay-gradient":""},"mobile":{"background-color":"var(--ast-global-color-5)","background-image":"","background-repeat":"repeat","background-position":"center center","background-size":"auto","background-attachment":"scroll","background-type":"","background-media":"","overlay-type":"","overlay-color":"","overlay-opacity":"","overlay-gradient":""}}},"product_cat":[74,28],"product_tag":[],"class_list":{"0":"post-1227","1":"product","2":"type-product","3":"status-publish","4":"has-post-thumbnail","6":"product_cat-alfagrama","7":"product_cat-libro","8":"desktop-align-left","9":"tablet-align-left","10":"mobile-align-left","12":"first","13":"instock","14":"shipping-taxable","15":"purchasable","16":"product-type-simple"},"acf":[],"uagb_featured_image_src":{"full":["https:\/\/biblio1.mdp.edu.ar\/centro-ventas\/wp-content\/uploads\/sites\/2\/2018\/10\/AccesoAlaInfoDeLas9789871305391_T-1.jpg",370,543,false],"thumbnail":["https:\/\/biblio1.mdp.edu.ar\/centro-ventas\/wp-content\/uploads\/sites\/2\/2018\/10\/AccesoAlaInfoDeLas9789871305391_T-1-150x150.jpg",150,150,true],"medium":["https:\/\/biblio1.mdp.edu.ar\/centro-ventas\/wp-content\/uploads\/sites\/2\/2018\/10\/AccesoAlaInfoDeLas9789871305391_T-1-204x300.jpg",204,300,true],"medium_large":["https:\/\/biblio1.mdp.edu.ar\/centro-ventas\/wp-content\/uploads\/sites\/2\/2018\/10\/AccesoAlaInfoDeLas9789871305391_T-1.jpg",370,543,false],"large":["https:\/\/biblio1.mdp.edu.ar\/centro-ventas\/wp-content\/uploads\/sites\/2\/2018\/10\/AccesoAlaInfoDeLas9789871305391_T-1.jpg",370,543,false],"1536x1536":["https:\/\/biblio1.mdp.edu.ar\/centro-ventas\/wp-content\/uploads\/sites\/2\/2018\/10\/AccesoAlaInfoDeLas9789871305391_T-1.jpg",370,543,false],"2048x2048":["https:\/\/biblio1.mdp.edu.ar\/centro-ventas\/wp-content\/uploads\/sites\/2\/2018\/10\/AccesoAlaInfoDeLas9789871305391_T-1.jpg",370,543,false],"woocommerce_thumbnail":["https:\/\/biblio1.mdp.edu.ar\/centro-ventas\/wp-content\/uploads\/sites\/2\/2018\/10\/AccesoAlaInfoDeLas9789871305391_T-1-250x367.jpg",250,367,true],"woocommerce_single":["https:\/\/biblio1.mdp.edu.ar\/centro-ventas\/wp-content\/uploads\/sites\/2\/2018\/10\/AccesoAlaInfoDeLas9789871305391_T-1.jpg",370,543,false],"woocommerce_gallery_thumbnail":["https:\/\/biblio1.mdp.edu.ar\/centro-ventas\/wp-content\/uploads\/sites\/2\/2018\/10\/AccesoAlaInfoDeLas9789871305391_T-1-100x100.jpg",100,100,true]},"uagb_author_info":{"display_name":"Cristina Bernabe","author_link":"https:\/\/biblio1.mdp.edu.ar\/centro-ventas\/author\/"},"uagb_comment_info":0,"uagb_excerpt":"&nbsp;","_links":{"self":[{"href":"https:\/\/biblio1.mdp.edu.ar\/centro-ventas\/wp-json\/wp\/v2\/product\/1227","targetHints":{"allow":["GET"]}}],"collection":[{"href":"https:\/\/biblio1.mdp.edu.ar\/centro-ventas\/wp-json\/wp\/v2\/product"}],"about":[{"href":"https:\/\/biblio1.mdp.edu.ar\/centro-ventas\/wp-json\/wp\/v2\/types\/product"}],"wp:featuredmedia":[{"embeddable":true,"href":"https:\/\/biblio1.mdp.edu.ar\/centro-ventas\/wp-json\/wp\/v2\/media\/1228"}],"wp:attachment":[{"href":"https:\/\/biblio1.mdp.edu.ar\/centro-ventas\/wp-json\/wp\/v2\/media?parent=1227"}],"wp:term":[{"taxonomy":"product_cat","embeddable":true,"href":"https:\/\/biblio1.mdp.edu.ar\/centro-ventas\/wp-json\/wp\/v2\/product_cat?post=1227"},{"taxonomy":"product_tag","embeddable":true,"href":"https:\/\/biblio1.mdp.edu.ar\/centro-ventas\/wp-json\/wp\/v2\/product_tag?post=1227"}],"curies":[{"name":"wp","href":"https:\/\/api.w.org\/{rel}","templated":true}]}}